{"id":10845,"date":"2020-07-05T19:48:02","date_gmt":"2020-07-05T17:48:02","guid":{"rendered":"http:\/\/agora.xtec.cat\/institutmartamata\/?page_id=10845"},"modified":"2026-04-08T13:51:49","modified_gmt":"2026-04-08T11:51:49","slug":"matricula-eso","status":"publish","type":"page","link":"https:\/\/agora.xtec.cat\/institutmartamata\/secretaria\/b-preinscripcio-i-matricula\/matricula-eso\/","title":{"rendered":"Matr\u00edcula ESO (alumnes nous)"},"content":{"rendered":"<div class=\"FW_sPregunta FW_sImpacte\">\n<h4 id=\"FW_bloc_4ed92f47-55e7-11e4-aafa-000c29f68999_2\" class=\"FW_ancora\"><span style=\"color: #ff9900;\"><strong>Calendari de matr\u00edcula<\/strong><\/span><\/h4>\n<p>El per\u00edode de matriculaci\u00f3 de l&#8217;ESO \u00e9s del <strong>25 de juny al 3 de juliol de 2025<\/strong>.<\/p>\n<p>Recorda que si no pots fer la matriculaci\u00f3 en aquestes dates, cal que presentis un justificant al m\u00e9s aviat possible a l&#8217;institut, perqu\u00e8 si no es considera que renuncies a la pla\u00e7a i la perds.<\/p>\n<div class=\"FW_sArticleFoto\">\n<div class=\"FW_sEditPro\">\n<hr \/>\n<h4 id=\"FW_bloc_4ed92f47-55e7-11e4-aafa-000c29f68999_2\" class=\"FW_ancora\"><span style=\"color: #ff9900;\"><strong>Procediment telem\u00e0tic: Qu\u00e8 he de fer?<\/strong><\/span><\/h4>\n<ul>\n<li><strong>Prepareu la documentaci\u00f3 de matr\u00edcula:\u00a0<\/strong><\/li>\n<\/ul>\n<ul>\n<li style=\"list-style-type: none;\">\n<ul>\n<li>Fotoc\u00f2pia Targeta sanit\u00e0ria de l&#8217;alumne\/a (escanegeu-la o feu una fotografia).<\/li>\n<li>Carnet de vacunes (escanegeu-lo o feu una fotografia).<\/li>\n<li>Una fotografia mida carnet (lliurar-la a Secretaria posant el nom de l&#8217;alumne\/a pel darrera).<\/li>\n<li><u><a href=\"https:\/\/agora.xtec.cat\/institutmartamata\/wp-content\/uploads\/usu281\/2024\/06\/Carta-compromis.pdf\" target=\"_blank\" rel=\"noopener\">Carta de comprom\u00eds educatiu<\/a>. (<\/u>descarregueu el document, ompliu-lo i guardeu-lo a l&#8217;ordinador amb el nom <em>carta_nom de l&#8217;alumne)<\/em><\/li>\n<li><span style=\"text-decoration: underline;\"><a href=\"https:\/\/drive.google.com\/file\/d\/13pGva8u0qx2F6fpyJxGWtvRySZQwU1HZ\/view?usp=sharing\" target=\"_blank\" rel=\"noopener\">Autoritzacio drets d&#8217;imatge menors 14 anys<\/a> <\/span>o\u00a0<span style=\"text-decoration: underline;\"><a href=\"https:\/\/drive.google.com\/file\/d\/1Eu4CblG5S-LI2RvyglBCGtfoRD3usyLc\/view?usp=sharing\" target=\"_blank\" rel=\"noopener\">Autoritzacio drets d&#8217;imatge majors de 14 anys<\/a> <\/span>segons l&#8217;edat de l&#8217;alumne\/a,(descarregueu el document, ompliu-lo i guardeu-lo a l&#8217;ordinador amb el nom <em>imatge_nom de l&#8217;alumne)<\/em><\/li>\n<li><span style=\"text-decoration: underline;\"><a href=\"https:\/\/drive.google.com\/file\/d\/1zDjJMpxKN0u9WoPqeXjQT3fAOGpiSCO5\/view?usp=sharing\" target=\"_blank\" rel=\"noopener\">Autoritzaci\u00f3 serveis d&#8217;internet menors de14 anys<\/a> <\/span>o\u00a0<span style=\"text-decoration: underline;\"><a href=\"https:\/\/drive.google.com\/file\/d\/1lvPcUKmTfpD1AFleDhuYKgYLbhR2nzVd\/view?usp=sharing\" target=\"_blank\" rel=\"noopener\">Comunicaci\u00f3 \u00fas de recursos digitals majors 14 anys , <\/a><u>(<\/u><\/span>descarregueu el document, ompliu-lo i guardeu-lo a l&#8217;ordinador amb el nom <em>digital_nom de l&#8217;alumne).<\/em><span style=\"text-decoration: underline;\"><br \/>\n<\/span><\/li>\n<li><span style=\"text-decoration: underline;\"><a href=\"https:\/\/drive.google.com\/file\/d\/1tzFsIIAFXIYme2-3MhazVcnNY_NZK73J\/view?usp=sharing\" target=\"_blank\" rel=\"noopener\">Fitxa dades de l&#8217;alumne<\/a>\u00a0<\/span>(descarregueu el document, ompliu-lo i guardeu-lo a l&#8217;ordinador amb el nom <em>fitxa_nom de l&#8217;alumne).<\/em><\/li>\n<li><a href=\"https:\/\/agora.xtec.cat\/institutmartamata\/wp-content\/uploads\/usu281\/2023\/06\/Circular-prestec-pc-1.pdf\" target=\"_blank\" rel=\"noopener\"><span style=\"text-decoration: underline;\">Sol\u00b7licitud de pr\u00e9stec d&#8217;ordinador<\/span><\/a> (descarregueu el document, ompliu-lo i guardeu-lo a l&#8217;ordinador amb el nom ordinador<em>_nom de l&#8217;alumne).<\/em><\/li>\n<li><span style=\"text-decoration: underline;\"><a href=\"https:\/\/agora.xtec.cat\/institutmartamata\/wp-content\/uploads\/usu281\/2021\/06\/Opcio-religio-o-CVE.pdf\" target=\"_blank\" rel=\"noopener noreferrer\">Declaraci\u00f3 d&#8217;opcio de rebre ensenyament de religi\u00f3.<\/a><\/span>(descarregueu el document, ompliu-lo i guardeu-lo a l&#8217;ordinador amb el nom <em>religi\u00f3_nom de l&#8217;alumne).<\/em><\/li>\n<li><a href=\"https:\/\/drive.google.com\/file\/d\/1Z2868dD3AmZGYvy5d3iQCSVtVAeeBT4K\/view?usp=sharing\" target=\"_blank\" rel=\"noopener\"><span style=\"text-decoration: underline;\">Tria d&#8217;optatives 1r ESO<\/span>\u00a0 <\/a>(descarregueu el document, ompliu-lo i guardeu-lo a l&#8217;ordinador amb el nom <em>optatives_nom de l&#8217;alumne).<\/em><\/li>\n<\/ul>\n<\/li>\n<li><strong>Realitzeu el pagament\u00a0 de la quantitat de 40\u20ac en concepte de material escolar, a trav\u00e9s de la plataforma de pagament del centre (cliqueu la imatge de sota i aneu a Activitats\/Matr\u00edcules\/ Curs 25-26 Quota general):<\/strong><\/li>\n<\/ul>\n<p><span style=\"text-decoration: underline;\"><a href=\"https:\/\/tpv.institutmartamata.cat\/\" target=\"_blank\" rel=\"noopener\"><img loading=\"lazy\" decoding=\"async\" class=\"aligncenter wp-image-13720\" src=\"https:\/\/agora.xtec.cat\/institutmartamata\/wp-content\/uploads\/usu281\/2022\/05\/Captura-de-pantalla-570-1024x234.png\" alt=\"\" width=\"188\" height=\"43\" srcset=\"https:\/\/agora.xtec.cat\/institutmartamata\/wp-content\/uploads\/usu281\/2022\/05\/Captura-de-pantalla-570-1024x234.png 1024w, https:\/\/agora.xtec.cat\/institutmartamata\/wp-content\/uploads\/usu281\/2022\/05\/Captura-de-pantalla-570-300x69.png 300w, https:\/\/agora.xtec.cat\/institutmartamata\/wp-content\/uploads\/usu281\/2022\/05\/Captura-de-pantalla-570-768x176.png 768w, https:\/\/agora.xtec.cat\/institutmartamata\/wp-content\/uploads\/usu281\/2022\/05\/Captura-de-pantalla-570.png 1062w\" sizes=\"auto, (max-width: 188px) 100vw, 188px\" \/><\/a><\/span><\/p>\n<ul>\n<li><strong>Finalment, accediu a aquest\u00a0<span style=\"text-decoration: underline;\"><a href=\"https:\/\/forms.gle\/2oNpCMXzGkCWq9Kf7\" target=\"_blank\" rel=\"noopener\">FORMULARI<\/a><\/span> per adjuntar els diferents documents .pdf i les fotografies o documents escanejats.<\/strong><\/li>\n<\/ul>\n<hr \/>\n<h4 id=\"FW_bloc_4ed92f47-55e7-11e4-aafa-000c29f68999_2\" class=\"FW_ancora\"><span style=\"color: #ff9900;\"><strong>Procediment presencial: Qu\u00e8 he de fer?<\/strong><\/span><\/h4>\n<ul>\n<li>Sol\u00b7liciteu cita pr\u00e8via\u00a0 amb l\u2019eina de <a href=\"https:\/\/aplicacions.gestioeducativa.gencat.cat\/ords\/pls\/apex\/f?p=CITA_PREVIA:4::::4:P4_TIPUS_CALENDARI,P4_DOMINI:03_Oblig,43010347\" target=\"_blank\" rel=\"noopener noreferrer\"><span style=\"text-decoration: underline;\">cita pr\u00e8via<\/span><\/a> o trucant al 977 35 32 42 en horari de 9 a 13h.<\/li>\n<li>Veniu al centre el dia acordat a l\u2019hora donada per fer la matr\u00edcula.<\/li>\n<li>Porteu la documentaci\u00f3 per a poder-la escanejar o fotocopiar i els documents, si pot ser, emplenats des de casa.<\/li>\n<li>Realitzeu el pagament\u00a0 de la quantitat de <strong>40\u20ac<\/strong> en concepte de material escolar, a trav\u00e9s de la plataforma de pagament del centre (cliqueu la imatge i aneu a Activitats\/Matr\u00edcules\/ Curs 25-26 Quota general) o b\u00e9 en met\u00e0l\u00b7lic amb l&#8217;import exacte.<\/li>\n<\/ul>\n<p><strong><span style=\"text-decoration: underline;\"><a href=\"https:\/\/tpv.institutmartamata.cat\/\" target=\"_blank\" rel=\"noopener\"><img loading=\"lazy\" decoding=\"async\" class=\"aligncenter wp-image-13720\" src=\"https:\/\/agora.xtec.cat\/institutmartamata\/wp-content\/uploads\/usu281\/2022\/05\/Captura-de-pantalla-570-1024x234.png\" alt=\"\" width=\"188\" height=\"43\" srcset=\"https:\/\/agora.xtec.cat\/institutmartamata\/wp-content\/uploads\/usu281\/2022\/05\/Captura-de-pantalla-570-1024x234.png 1024w, https:\/\/agora.xtec.cat\/institutmartamata\/wp-content\/uploads\/usu281\/2022\/05\/Captura-de-pantalla-570-300x69.png 300w, https:\/\/agora.xtec.cat\/institutmartamata\/wp-content\/uploads\/usu281\/2022\/05\/Captura-de-pantalla-570-768x176.png 768w, https:\/\/agora.xtec.cat\/institutmartamata\/wp-content\/uploads\/usu281\/2022\/05\/Captura-de-pantalla-570.png 1062w\" sizes=\"auto, (max-width: 188px) 100vw, 188px\" \/><\/a><\/span><\/strong><\/p>\n<hr \/>\n<\/div>\n<\/div>\n<\/div>\n<h4 id=\"FW_bloc_4ed92f47-55e7-11e4-aafa-000c29f68999_2\" class=\"FW_ancora\"><span style=\"color: #ff9900;\"><strong>Documentaci\u00f3<\/strong><\/span><\/h4>\n<ul>\n<li>Fotoc\u00f2pia Targeta sanit\u00e0ria de l&#8217;alumne\/a.<\/li>\n<li>Carnet de vacunes.<\/li>\n<li>Una fotografia mida carnet (amb el nom escrit al darrera).<\/li>\n<li><u><a href=\"https:\/\/drive.google.com\/file\/d\/1hxLUyLpozDB7mvSXPsAD81dAX5HQBI69\/view?usp=sharing\" target=\"_blank\" rel=\"noopener\">Carta de comprom\u00eds educatiu<\/a>.<\/u><\/li>\n<li><span style=\"text-decoration: underline;\"><a href=\"https:\/\/drive.google.com\/file\/d\/13pGva8u0qx2F6fpyJxGWtvRySZQwU1HZ\/view?usp=sharing\" target=\"_blank\" rel=\"noopener\">Autoritzaci\u00f3 drets imatge menors de 14 anys<\/a> <\/span>o <span style=\"text-decoration: underline;\"><a href=\"https:\/\/drive.google.com\/file\/d\/1Eu4CblG5S-LI2RvyglBCGtfoRD3usyLc\/view?usp=sharing\" target=\"_blank\" rel=\"noopener\">Autoritzacio drets imatge majors de14-anys <\/a><\/span>segons l&#8217;edat de l&#8217;alumne\/a,<\/li>\n<li><a href=\"https:\/\/drive.google.com\/file\/d\/1zDjJMpxKN0u9WoPqeXjQT3fAOGpiSCO5\/view?usp=sharing\" target=\"_blank\" rel=\"noopener noreferrer\"><span style=\"text-decoration: underline;\">Autortizaci\u00f3 recursos digitals menors 14 anys<\/span><\/a> o<span style=\"text-decoration: underline;\"> <a href=\"https:\/\/drive.google.com\/file\/d\/1lvPcUKmTfpD1AFleDhuYKgYLbhR2nzVd\/view?usp=sharing\" target=\"_blank\" rel=\"noopener\">Comunicaci\u00f3 \u00fas de recursos digitals majors 14 anys.<\/a><br \/>\n<\/span><\/li>\n<li><span style=\"text-decoration: underline;\"><a href=\"https:\/\/drive.google.com\/file\/d\/1tzFsIIAFXIYme2-3MhazVcnNY_NZK73J\/view?usp=sharing\" target=\"_blank\" rel=\"noopener\">Fitxa dades de l&#8217;alumne<\/a><\/span><a href=\"https:\/\/agora.xtec.cat\/institutmartamata\/wp-content\/uploads\/usu281\/2020\/07\/Dades-alumnes-pel-professor-educaci\u00f3-f\u00edsica.pdf\" target=\"_blank\" rel=\"noopener noreferrer\"><span style=\"text-decoration: underline;\">.<\/span><\/a><\/li>\n<li><a href=\"https:\/\/agora.xtec.cat\/institutmartamata\/wp-content\/uploads\/usu281\/2023\/06\/Circular-prestec-pc.pdf\" target=\"_blank\" rel=\"noopener\"><span style=\"text-decoration: underline;\">Sol\u00b7licitud de pr\u00e9stec d&#8217;ordinador<\/span><\/a><\/li>\n<li><span style=\"text-decoration: underline;\"><a href=\"https:\/\/agora.xtec.cat\/institutmartamata\/wp-content\/uploads\/usu281\/2021\/06\/Opcio-religio-o-CVE.pdf\" target=\"_blank\" rel=\"noopener noreferrer\">Declaraci\u00f3 d&#8217;opcio de rebre ensenyament de religi\u00f3.<\/a><\/span><\/li>\n<li><span style=\"text-decoration: underline;\"><a href=\"https:\/\/drive.google.com\/file\/d\/1Z2868dD3AmZGYvy5d3iQCSVtVAeeBT4K\/view?usp=sharing\" target=\"_blank\" rel=\"noopener\">Tria d&#8217;optatives 1r ESO.<\/a><\/span><\/li>\n<\/ul>\n<p style=\"text-align: center;\"><strong>CONSULTES AL CENTRE SOBRE MATR\u00cdCULA:<\/strong> <strong>Per tel\u00e8fon al\u00a0 977 3532\u00a0 42 (de 9 a 13 h) o per mail a gestiosecretaria@institutmartamata.cat<\/strong><\/p>\n<hr \/>\n<h4 style=\"text-align: left;\"><span style=\"color: #ff9900;\">Llistat de llibres i material curs 2025-2026:<\/span> <a href=\"https:\/\/agora.xtec.cat\/institutmartamata\/estudis\/e-llistat-de-llibres\/\" target=\"_blank\" rel=\"noopener\"><strong><span style=\"color: #ff9900;\"><span style=\"text-decoration: underline;\">Aqu\u00ed<\/span><\/span><\/strong><\/a><\/h4>\n<h4><span style=\"color: #ff9900;\"><a style=\"color: #ff9900;\" href=\"https:\/\/agora.xtec.cat\/institutmartamata\/6-ampa\/d-prestec-de-llibres\/\" target=\"_blank\" rel=\"noopener\"><span style=\"color: #ff9900;\">Informaci\u00f3 de l&#8217;AFAMM sobre la compra de llibres: <\/span><\/a><\/span><a href=\"https:\/\/agora.xtec.cat\/institutmartamata\/6-ampa\/d-prestec-de-llibres\/\" target=\"_blank\" rel=\"noopener\"><strong><span style=\"color: #ff9900;\"><span style=\"text-decoration: underline;\">Aqu\u00ed<\/span><\/span><\/strong><\/a><\/h4>\n","protected":false},"excerpt":{"rendered":"<p>Calendari de matr\u00edcula El per\u00edode de matriculaci\u00f3 de l&#8217;ESO \u00e9s del 25 de juny al 3 de juliol de 2025. Recorda que si no pots fer la matriculaci\u00f3 en aquestes dates, cal que presentis un justificant al m\u00e9s aviat possible a l&#8217;institut, perqu\u00e8 si no es considera que renuncies a la pla\u00e7a i la perds. [&hellip;]<\/p>\n","protected":false},"author":4,"featured_media":0,"parent":650,"menu_order":3,"comment_status":"closed","ping_status":"closed","template":"","meta":{"_bbp_topic_count":0,"_bbp_reply_count":0,"_bbp_total_topic_count":0,"_bbp_total_reply_count":0,"_bbp_voice_count":0,"_bbp_anonymous_reply_count":0,"_bbp_topic_count_hidden":0,"_bbp_reply_count_hidden":0,"_bbp_forum_subforum_count":0,"site-sidebar-layout":"default","site-content-layout":"","ast-site-content-layout":"default","site-content-style":"default","site-sidebar-style":"default","ast-global-header-display":"","ast-banner-title-visibility":"","ast-main-header-display":"","ast-hfb-above-header-display":"","ast-hfb-below-header-display":"","ast-hfb-mobile-header-display":"","site-post-title":"","ast-breadcrumbs-content":"","ast-featured-img":"","footer-sml-layout":"","theme-transparent-header-meta":"","adv-header-id-meta":"","stick-header-meta":"","header-above-stick-meta":"","header-main-stick-meta":"","header-below-stick-meta":"","astra-migrate-meta-layouts":"set","ast-page-background-enabled":"default","ast-page-background-meta":{"desktop":{"background-color":"var(--ast-global-color-4)","background-image":"","background-repeat":"repeat","background-position":"center center","background-size":"auto","background-attachment":"scroll","background-type":"","background-media":"","overlay-type":"","overlay-color":"","overlay-opacity":"","overlay-gradient":""},"tablet":{"background-color":"","background-image":"","background-repeat":"repeat","background-position":"center center","background-size":"auto","background-attachment":"scroll","background-type":"","background-media":"","overlay-type":"","overlay-color":"","overlay-opacity":"","overlay-gradient":""},"mobile":{"background-color":"","background-image":"","background-repeat":"repeat","background-position":"center center","background-size":"auto","background-attachment":"scroll","background-type":"","background-media":"","overlay-type":"","overlay-color":"","overlay-opacity":"","overlay-gradient":""}},"ast-content-background-meta":{"desktop":{"background-color":"var(--ast-global-color-5)","background-image":"","background-repeat":"repeat","background-position":"center center","background-size":"auto","background-attachment":"scroll","background-type":"","background-media":"","overlay-type":"","overlay-color":"","overlay-opacity":"","overlay-gradient":""},"tablet":{"background-color":"var(--ast-global-color-5)","background-image":"","background-repeat":"repeat","background-position":"center center","background-size":"auto","background-attachment":"scroll","background-type":"","background-media":"","overlay-type":"","overlay-color":"","overlay-opacity":"","overlay-gradient":""},"mobile":{"background-color":"var(--ast-global-color-5)","background-image":"","background-repeat":"repeat","background-position":"center center","background-size":"auto","background-attachment":"scroll","background-type":"","background-media":"","overlay-type":"","overlay-color":"","overlay-opacity":"","overlay-gradient":""}},"footnotes":""},"class_list":["post-10845","page","type-page","status-publish","hentry"],"post_mailing_queue_ids":[],"_links":{"self":[{"href":"https:\/\/agora.xtec.cat\/institutmartamata\/wp-json\/wp\/v2\/pages\/10845","targetHints":{"allow":["GET"]}}],"collection":[{"href":"https:\/\/agora.xtec.cat\/institutmartamata\/wp-json\/wp\/v2\/pages"}],"about":[{"href":"https:\/\/agora.xtec.cat\/institutmartamata\/wp-json\/wp\/v2\/types\/page"}],"author":[{"embeddable":true,"href":"https:\/\/agora.xtec.cat\/institutmartamata\/wp-json\/wp\/v2\/users\/4"}],"replies":[{"embeddable":true,"href":"https:\/\/agora.xtec.cat\/institutmartamata\/wp-json\/wp\/v2\/comments?post=10845"}],"version-history":[{"count":6,"href":"https:\/\/agora.xtec.cat\/institutmartamata\/wp-json\/wp\/v2\/pages\/10845\/revisions"}],"predecessor-version":[{"id":20151,"href":"https:\/\/agora.xtec.cat\/institutmartamata\/wp-json\/wp\/v2\/pages\/10845\/revisions\/20151"}],"up":[{"embeddable":true,"href":"https:\/\/agora.xtec.cat\/institutmartamata\/wp-json\/wp\/v2\/pages\/650"}],"wp:attachment":[{"href":"https:\/\/agora.xtec.cat\/institutmartamata\/wp-json\/wp\/v2\/media?parent=10845"}],"curies":[{"name":"wp","href":"https:\/\/api.w.org\/{rel}","templated":true}]}}