{"id":10742,"date":"2020-06-24T18:52:31","date_gmt":"2020-06-24T16:52:31","guid":{"rendered":"http:\/\/agora.xtec.cat\/institutmartamata\/?page_id=10742"},"modified":"2026-04-08T13:52:47","modified_gmt":"2026-04-08T11:52:47","slug":"matricula-bat","status":"publish","type":"page","link":"https:\/\/agora.xtec.cat\/institutmartamata\/secretaria\/b-preinscripcio-i-matricula\/matricula-bat\/","title":{"rendered":"Matr\u00edcula Batxillerat"},"content":{"rendered":"<div class=\"FW_sPregunta FW_sImpacte\">\n<h4 id=\"FW_bloc_4ed92f47-55e7-11e4-aafa-000c29f68999_2\" class=\"FW_ancora\"><span style=\"color: #ff9900;\"><strong>Calendari de matr\u00edcula<\/strong><\/span><\/h4>\n<p>Alumnes preinscrits amb pla\u00e7a assignada, alumnat de 4t d&#8217;ESO i 1r de BAT de l&#8217;institut: <strong>del 20 al 30\u00a0 de juny de 2025<\/strong>, ambd\u00f3s inclosos. Recordeu que el dia <strong>24 de juny \u00e9s festa i l&#8217;institut romandr\u00e0 tancat.<\/strong><\/p>\n<div class=\"FW_sArticleFoto\">\n<div class=\"FW_sEditPro\">\n<p>Si no pots fer la matriculaci\u00f3 en aquestes dates, cal que presentis un justificant com m\u00e9s aviat millor al mateix centre, perqu\u00e8 si no es considera que renuncies a la pla\u00e7a i la perds.<\/p>\n<hr \/>\n<h4 id=\"FW_bloc_4ed92f47-55e7-11e4-aafa-000c29f68999_2\" class=\"FW_ancora\"><span style=\"color: #ff9900;\"><strong>Procediment presencial: Qu\u00e8 he de fer?<\/strong><\/span><\/h4>\n<ul>\n<li style=\"list-style-type: none;\">\n<ul>\n<li>Sol\u00b7licita cita pr\u00e8via amb l\u2019eina de <strong><a href=\"https:\/\/aplicacions.gestioeducativa.gencat.cat\/ords\/pls\/apex\/f?p=CITA_PREVIA:4::::4:P4_TIPUS_CALENDARI,P4_DOMINI:03_BATX,43010347\" target=\"_blank\" rel=\"noopener noreferrer\"><span style=\"text-decoration: underline;\">cita pr\u00e8via<\/span><\/a><\/strong> o trucant al 977 35 32 42 en horari de 9 a 13h.<\/li>\n<li>Vine al centre el dia acordat a l\u2019hora donada per fer la matr\u00edcula.<\/li>\n<li>Porta la documentaci\u00f3 per a poder-la escanejar o fotocopiar i, els documents, si pot ser,\u00a0 emplenats des de casa.<\/li>\n<li>Realitzeu el pagament\u00a0 de la quantitat de <strong>40\u20ac<\/strong> en concepte de material escolar amb targeta, a trav\u00e9s de la plataforma de pagament del centre (cliqueu la imatge de sota i aneu a Activitats\/Matr\u00edcules\/ Curs 25-26 Quota general)<\/li>\n<\/ul>\n<\/li>\n<\/ul>\n<p><strong><span style=\"text-decoration: underline;\"><a href=\"https:\/\/tpv.institutmartamata.cat\/\" target=\"_blank\" rel=\"noopener\"><img loading=\"lazy\" decoding=\"async\" class=\"wp-image-13720 aligncenter\" src=\"https:\/\/agora.xtec.cat\/institutmartamata\/wp-content\/uploads\/usu281\/2022\/05\/Captura-de-pantalla-570-1024x234.png\" alt=\"\" width=\"188\" height=\"43\" srcset=\"https:\/\/agora.xtec.cat\/institutmartamata\/wp-content\/uploads\/usu281\/2022\/05\/Captura-de-pantalla-570-1024x234.png 1024w, https:\/\/agora.xtec.cat\/institutmartamata\/wp-content\/uploads\/usu281\/2022\/05\/Captura-de-pantalla-570-300x69.png 300w, https:\/\/agora.xtec.cat\/institutmartamata\/wp-content\/uploads\/usu281\/2022\/05\/Captura-de-pantalla-570-768x176.png 768w, https:\/\/agora.xtec.cat\/institutmartamata\/wp-content\/uploads\/usu281\/2022\/05\/Captura-de-pantalla-570.png 1062w\" sizes=\"auto, (max-width: 188px) 100vw, 188px\" \/><\/a><\/span><\/strong><\/p>\n<hr \/>\n<\/div>\n<\/div>\n<\/div>\n<h4 id=\"FW_bloc_4ed92f47-55e7-11e4-aafa-000c29f68999_2\" class=\"FW_ancora\"><span style=\"color: #ff9900;\"><strong>Documentaci\u00f3<br \/>\n<\/strong><\/span><\/h4>\n<p><span style=\"text-decoration: underline;\"><strong>1r\u00a0 BAT:<\/strong><\/span><\/p>\n<ul>\n<li>Fotoc\u00f2pia Targeta sanit\u00e0ria de l&#8217;alumne\/a <span style=\"color: #ff0000;\">(nom\u00e9s alumnes nous al centre)<\/span>.<\/li>\n<li>Fotoc\u00f2pia resguard t\u00edtol de l&#8217;ESO <span style=\"color: #ff0000;\">(nom\u00e9s alumnes nous al centre).<\/span><\/li>\n<li>Una fotografia mida carnet amb el nom escrit al darrera.<\/li>\n<li><a href=\"https:\/\/agora.xtec.cat\/institutmartamata\/wp-content\/uploads\/usu281\/2021\/06\/autoritzaci\u00f3-sortidesBAT.pdf\" target=\"_blank\" rel=\"noopener noreferrer\"><span style=\"text-decoration: underline;\">Autoritzaci\u00f3 sortides a l&#8217;hora del pati<\/span><\/a><span style=\"text-decoration: underline;\">.<\/span><\/li>\n<li><span style=\"text-decoration: underline;\"><a href=\"https:\/\/drive.google.com\/file\/d\/1tzFsIIAFXIYme2-3MhazVcnNY_NZK73J\/view?usp=sharing\" target=\"_blank\" rel=\"noopener\">Fitxa dades alumne<\/a><\/span><\/li>\n<li><span style=\"text-decoration: underline;\"><a href=\"https:\/\/drive.google.com\/file\/d\/1Eu4CblG5S-LI2RvyglBCGtfoRD3usyLc\/view?usp=sharing\" target=\"_blank\" rel=\"noopener\">Autoritzacio drets imatge majors de 14 anys<\/a><\/span><\/li>\n<li><a href=\"https:\/\/drive.google.com\/file\/d\/1lvPcUKmTfpD1AFleDhuYKgYLbhR2nzVd\/view?usp=sharing\" target=\"_blank\" rel=\"noopener\"><span style=\"text-decoration: underline;\">Comunicaci\u00f3 \u00fas de recursos digitals majors 14 anys<\/span><\/a><span style=\"text-decoration: underline;\">.<\/span><\/li>\n<\/ul>\n<p><span style=\"text-decoration: underline;\"><strong>2n BAT:<\/strong><\/span><\/p>\n<ul>\n<li style=\"list-style-type: none;\">\n<ul>\n<li>Fotoc\u00f2pia Targeta sanit\u00e0ria de l&#8217;alumne\/a <span style=\"color: #ff0000;\">(nom\u00e9s alumnes nous al centre)<\/span>.<\/li>\n<li>Fotoc\u00f2pia resguard t\u00edtol de l&#8217;ESO <span style=\"color: #ff0000;\">(nom\u00e9s alumnes nous al centre).<\/span><\/li>\n<li>Fotoc\u00f2pia notes finals o d&#8217;avaluaci\u00f3 extraordin\u00e0ria <span style=\"color: #ff0000;\">(nom\u00e9s alumnes nous al centre).<\/span><\/li>\n<li>Una fotografia mida carnet amb el nom pel darrera <span style=\"color: #ff0000;\">(nom\u00e9s alumnes nous al centre)<\/span><\/li>\n<li><a href=\"https:\/\/agora.xtec.cat\/institutmartamata\/wp-content\/uploads\/usu281\/2021\/06\/autoritzaci\u00f3-sortidesBAT.pdf\"><span style=\"text-decoration: underline;\">Autoritzaci\u00f3 de sortides al&#8217;hora del pati.<\/span><\/a><\/li>\n<li><span style=\"text-decoration: underline;\"><a href=\"https:\/\/drive.google.com\/file\/d\/1tzFsIIAFXIYme2-3MhazVcnNY_NZK73J\/view?usp=sharing\" target=\"_blank\" rel=\"noopener\">Fitxa dades alumne.<\/a><\/span><\/li>\n<li><span style=\"text-decoration: underline;\"><a href=\"https:\/\/drive.google.com\/file\/d\/1Eu4CblG5S-LI2RvyglBCGtfoRD3usyLc\/view?usp=sharing\" target=\"_blank\" rel=\"noopener\">Autoritzacio drets imatge majors de 14 anys<\/a><\/span><\/li>\n<li><span style=\"text-decoration: underline;\"><a href=\"https:\/\/drive.google.com\/file\/d\/1lvPcUKmTfpD1AFleDhuYKgYLbhR2nzVd\/view?usp=sharing\" target=\"_blank\" rel=\"noopener\">Comunicaci\u00f3 \u00fas de recursos digitals majors 14 anys<\/a>.<\/span><\/li>\n<\/ul>\n<\/li>\n<\/ul>\n<h4><\/h4>\n<h4 style=\"text-align: center;\"><span style=\"color: #000000;\">\u00a0<\/span><\/h4>\n<h4 style=\"text-align: center;\">\u00a0En aquests enlla\u00e7os podeu accedir al <span style=\"text-decoration: underline;\"><strong><a href=\"https:\/\/agora.xtec.cat\/institutmartamata\/estudis\/e-llistat-de-llibres\/\" target=\"_blank\" rel=\"noopener\">llistat de llibres curs 2025-2026<\/a>\u00a0<\/strong><\/span> i la <a href=\"https:\/\/agora.xtec.cat\/institutmartamata\/6-ampa\/d-prestec-de-llibres\/\" target=\"_blank\" rel=\"noopener\"><span style=\"text-decoration: underline;\">informaci\u00f3 de l&#8217;AFAMM sobre llibres<\/span><\/a><\/h4>\n<h4>Consultes per mail a<em> gestiosecretaria@institutmartamata.cat<\/em> o trucant al 977 35 32 42 en horari de 9 a 13 h.<\/h4>\n","protected":false},"excerpt":{"rendered":"<p>Calendari de matr\u00edcula Alumnes preinscrits amb pla\u00e7a assignada, alumnat de 4t d&#8217;ESO i 1r de BAT de l&#8217;institut: del 20 al 30\u00a0 de juny de 2025, ambd\u00f3s inclosos. Recordeu que el dia 24 de juny \u00e9s festa i l&#8217;institut romandr\u00e0 tancat. Si no pots fer la matriculaci\u00f3 en aquestes dates, cal que presentis un justificant [&hellip;]<\/p>\n","protected":false},"author":4,"featured_media":0,"parent":650,"menu_order":5,"comment_status":"closed","ping_status":"closed","template":"","meta":{"_bbp_topic_count":0,"_bbp_reply_count":0,"_bbp_total_topic_count":0,"_bbp_total_reply_count":0,"_bbp_voice_count":0,"_bbp_anonymous_reply_count":0,"_bbp_topic_count_hidden":0,"_bbp_reply_count_hidden":0,"_bbp_forum_subforum_count":0,"site-sidebar-layout":"default","site-content-layout":"","ast-site-content-layout":"default","site-content-style":"default","site-sidebar-style":"default","ast-global-header-display":"","ast-banner-title-visibility":"","ast-main-header-display":"","ast-hfb-above-header-display":"","ast-hfb-below-header-display":"","ast-hfb-mobile-header-display":"","site-post-title":"","ast-breadcrumbs-content":"","ast-featured-img":"","footer-sml-layout":"","theme-transparent-header-meta":"","adv-header-id-meta":"","stick-header-meta":"","header-above-stick-meta":"","header-main-stick-meta":"","header-below-stick-meta":"","astra-migrate-meta-layouts":"set","ast-page-background-enabled":"default","ast-page-background-meta":{"desktop":{"background-color":"var(--ast-global-color-4)","background-image":"","background-repeat":"repeat","background-position":"center center","background-size":"auto","background-attachment":"scroll","background-type":"","background-media":"","overlay-type":"","overlay-color":"","overlay-opacity":"","overlay-gradient":""},"tablet":{"background-color":"","background-image":"","background-repeat":"repeat","background-position":"center center","background-size":"auto","background-attachment":"scroll","background-type":"","background-media":"","overlay-type":"","overlay-color":"","overlay-opacity":"","overlay-gradient":""},"mobile":{"background-color":"","background-image":"","background-repeat":"repeat","background-position":"center center","background-size":"auto","background-attachment":"scroll","background-type":"","background-media":"","overlay-type":"","overlay-color":"","overlay-opacity":"","overlay-gradient":""}},"ast-content-background-meta":{"desktop":{"background-color":"var(--ast-global-color-5)","background-image":"","background-repeat":"repeat","background-position":"center center","background-size":"auto","background-attachment":"scroll","background-type":"","background-media":"","overlay-type":"","overlay-color":"","overlay-opacity":"","overlay-gradient":""},"tablet":{"background-color":"var(--ast-global-color-5)","background-image":"","background-repeat":"repeat","background-position":"center center","background-size":"auto","background-attachment":"scroll","background-type":"","background-media":"","overlay-type":"","overlay-color":"","overlay-opacity":"","overlay-gradient":""},"mobile":{"background-color":"var(--ast-global-color-5)","background-image":"","background-repeat":"repeat","background-position":"center center","background-size":"auto","background-attachment":"scroll","background-type":"","background-media":"","overlay-type":"","overlay-color":"","overlay-opacity":"","overlay-gradient":""}},"footnotes":""},"class_list":["post-10742","page","type-page","status-publish","hentry"],"post_mailing_queue_ids":[],"_links":{"self":[{"href":"https:\/\/agora.xtec.cat\/institutmartamata\/wp-json\/wp\/v2\/pages\/10742","targetHints":{"allow":["GET"]}}],"collection":[{"href":"https:\/\/agora.xtec.cat\/institutmartamata\/wp-json\/wp\/v2\/pages"}],"about":[{"href":"https:\/\/agora.xtec.cat\/institutmartamata\/wp-json\/wp\/v2\/types\/page"}],"author":[{"embeddable":true,"href":"https:\/\/agora.xtec.cat\/institutmartamata\/wp-json\/wp\/v2\/users\/4"}],"replies":[{"embeddable":true,"href":"https:\/\/agora.xtec.cat\/institutmartamata\/wp-json\/wp\/v2\/comments?post=10742"}],"version-history":[{"count":6,"href":"https:\/\/agora.xtec.cat\/institutmartamata\/wp-json\/wp\/v2\/pages\/10742\/revisions"}],"predecessor-version":[{"id":20152,"href":"https:\/\/agora.xtec.cat\/institutmartamata\/wp-json\/wp\/v2\/pages\/10742\/revisions\/20152"}],"up":[{"embeddable":true,"href":"https:\/\/agora.xtec.cat\/institutmartamata\/wp-json\/wp\/v2\/pages\/650"}],"wp:attachment":[{"href":"https:\/\/agora.xtec.cat\/institutmartamata\/wp-json\/wp\/v2\/media?parent=10742"}],"curies":[{"name":"wp","href":"https:\/\/api.w.org\/{rel}","templated":true}]}}