{"id":10732,"date":"2020-06-24T16:54:26","date_gmt":"2020-06-24T14:54:26","guid":{"rendered":"http:\/\/agora.xtec.cat\/institutmartamata\/?page_id=10732"},"modified":"2026-04-29T14:35:55","modified_gmt":"2026-04-29T12:35:55","slug":"eso-2","status":"publish","type":"page","link":"https:\/\/agora.xtec.cat\/institutmartamata\/secretaria\/b-preinscripcio-i-matricula\/eso-2\/","title":{"rendered":"Preinscripci\u00f3 ESO"},"content":{"rendered":"\n<p class=\"has-text-align-left\"><span style=\"text-decoration: underline;\"><a href=\"https:\/\/preinscripcio.gencat.cat\/ca\/estudis\/eso\/inici\/\" target=\"_blank\" rel=\"noopener\"><span style=\"color: #ff9900; text-decoration: underline;\"><strong><span style=\"color: #ff9900; text-decoration: underline;\">Informaci\u00f3 i pas a pas del proc\u00e9s (cliqueu aqu\u00ed)<\/span><\/strong><\/span><\/a><\/span><\/p>\n\n\n\n<p><strong>CALENDARI:<\/strong><\/p>\n\n\n\n<p>&nbsp;<\/p>\n\n\n\n<figure class=\"wp-block-table  aligncenter\"><table class=\"has-fixed-layout\"><tbody><tr><td>\n<h6><span style=\"text-decoration: underline; color: #008000;\"><a style=\"color: #008000;\" href=\"https:\/\/drive.google.com\/file\/d\/17o2LHXYmtR8mm5S0CdV9snKTgUUPwIV7\/view?usp=sharing\" target=\"_blank\" rel=\"noopener\">Oferta inicial de places (cliqueu aqu\u00ed)<\/a><\/span><\/h6>\n<\/td><td>3 mar\u00e7 de 2026<\/td><\/tr><tr><td><span style=\"text-decoration: underline; color: #339966;\"><a style=\"color: #339966;\" href=\"https:\/\/preinscripcio.gencat.cat\/ca\/estudis\/eso\/preinscriute\/sollicitud\/\" target=\"_blank\" rel=\"noopener\"><span style=\"text-decoration: underline;\">Presentaci\u00f3 de sol\u00b7licituds(cliqueu aqu\u00ed)<\/span><\/a><\/span><\/td><td>del 6 al 18 de mar\u00e7&nbsp; de 2026<\/td><\/tr><tr><td><span style=\"color: #000000;\">Presentaci\u00f3 de documentaci\u00f3<\/span><\/td><td>fins el 19 de mar\u00e7 de 2026<\/td><\/tr><tr><td><span style=\"color: #000000;\"><a href=\"https:\/\/drive.google.com\/file\/d\/1R6AyvGctjoYsq_djPv6JwRxxfitZ4qZ6\/view?usp=sharing\" target=\"_blank\" rel=\"noreferrer noopener\">Llistat de sol\u00b7licituds ordenata amb puntuaci\u00f3 provisional (aqu\u00ed)<\/a><\/span><\/td><td>15 d&#8217;abril de 2026<\/td><\/tr><tr><td><span style=\"color: #000000;\">Presentaci\u00f3 de reclamacions<\/span><\/td><td>del 15 al 20 d&#8217;abril de 2026<\/td><\/tr><tr><td><span style=\"color: #000000;\"><a href=\"https:\/\/drive.google.com\/file\/d\/1r9gz5JHfFbn1Galx0TMO9XrSv-AUhraf\/view?usp=sharing\" target=\"_blank\" rel=\"noreferrer noopener\">Llistat de sol\u00b7licituds un cop resoltes les reclamacions (aqu\u00ed)<\/a><\/span><\/td><td>23 d&#8217;abril de 2026<\/td><\/tr><tr><td><span style=\"color: #000000;\">Sorteig per resoldre les sol\u00b7licituds de preinscripci\u00f3 empatades en punts<\/span><\/td><td>28 d&#8217;abril de 2026 a les 11 h<\/td><\/tr><tr><td><span style=\"color: #000000;\"><a href=\"https:\/\/drive.google.com\/file\/d\/1r9gz5JHfFbn1Galx0TMO9XrSv-AUhraf\/view?usp=sharing\" target=\"_blank\" rel=\"noreferrer noopener\">Llistat de sol\u00b7licituds ordenada amb puntuaci\u00f3 definitiva (aqu\u00ed)<\/a><\/span><\/td><td>29 d&#8217;abril de 2026<\/td><\/tr><tr><td><span style=\"color: #000000;\">Ampliaci\u00f3 de peticions de preinscripci\u00f3 per a l&#8217;alumnat sense pla\u00e7a<\/span><\/td><td>de l&#8217;1 al 3 de juny de 2026<\/td><\/tr><tr><td><span style=\"color: #000000;\">Oferta final de places escolars<\/span><\/td><td>10 de juny de 2026<\/td><\/tr><tr><td><span style=\"color: #000000;\">Llistat d&#8217;admesos i en Llistat d&#8217;espera<\/span><\/td><td>10 de juny de 2026<\/td><\/tr><tr><td><span style=\"color: #008000;\"><strong>MATR\u00cdCULACI\u00d3 AL CENTRE ASSIGNAT<\/strong><\/span><\/td><td>del 22 al 30 de juny de 2026<\/td><\/tr><\/tbody><\/table><\/figure>\n\n\n\n<p>&nbsp;<\/p>\n\n\n\n<p>&nbsp;<\/p>\n\n\n\n<hr class=\"wp-block-separator has-alpha-channel-opacity\"\/>\n\n\n\n<p><span style=\"color: #ff9900;\"><strong>Presentaci\u00f3 de sol\u00b7licituds:&nbsp;<\/strong><\/span><\/p>\n\n\n\n<p><span style=\"text-decoration: underline;\"><strong><a href=\"https:\/\/preinscripcio.gencat.cat\/ca\/estudis\/eso\/preinscriute\/sollicitud\/\" target=\"_blank\" rel=\"noopener noreferrer\">Acc\u00e9s a la presentaci\u00f3 telem\u00e1tica.<\/a><\/strong><\/span><\/p>\n\n\n\n<p><strong>IMPORTANT:&nbsp;<\/strong><\/p>\n\n\n\n<ul class=\"wp-block-list\">\n<li>Totes les sol\u00b7licituds s\u00f3n en format telem\u00e0tic.<strong> No hi ha la possibilitat de full de preinscripci\u00f3 en paper<\/strong>.<\/li>\n\n\n\n<li>No cal lliurar cap documentaci\u00f3 presencialment al centre educatiu que indiqueu en primera opci\u00f3.<\/li>\n<\/ul>\n\n\n\n<p><strong><span style=\"color: #ff9900;\">Qu\u00e8 cal per omplir la sol\u00b7licitud?<\/span><\/strong><\/p>\n\n\n\n<ul class=\"wp-block-list\">\n<li>El<span style=\"font-family: inherit; font-size: 1em;\">&nbsp;codi de l&#8217;INS Marta Mata \u00e9s<\/span><strong style=\"font-family: inherit; font-size: 1em;\"> 43010347, <\/strong>el necessitareu per indicar a quin centre us voleu preinscriure.<\/li>\n\n\n\n<li><span style=\"font-family: inherit; font-size: 1em;\">Demanar al vostre centre, on l&#8217;alumne est\u00e0 estudiant, el <em>n\u00famero d&#8217;identificaci\u00f3 de l&#8217;alumne\/a a RALC.<\/em><\/span><\/li>\n\n\n\n<li>Tenir fotografiada\/escanejada la <span style=\"text-decoration: underline;\"><strong><a title=\"documentaci\u00f3n\" href=\"https:\/\/preinscripcio.gencat.cat\/ca\/estudis\/eso\/informat\/prepara-documentacio\/\" target=\"_blank\" rel=\"noopener noreferrer\">documentaci\u00f3<\/a><\/strong><\/span> en el mateix dispositiu des d&#8217;on es fa la sol\u00b7licitud.<\/li>\n\n\n\n<li>Cenyir-vos al calendari establert. Lliurar la sol\u00b7licitud o la documentaci\u00f3 fora de termini us fa perdre drets amb el risc que comporta de quedar-vos sense pla\u00e7a al centre desitjat.<\/li>\n<\/ul>\n\n\n\n<p>&nbsp;<\/p>\n\n\n\n<hr class=\"wp-block-separator has-alpha-channel-opacity\"\/>\n\n\n\n<p><strong><span style=\"color: #ff9900;\">Procediment<\/span><\/strong><\/p>\n\n\n\n<p><strong>SOL\u00b7LICITUD AMB IDENTIFICACI\u00d3 DIGITAL:<\/strong><\/p>\n\n\n\n<p>Mitjan\u00e7ant certificat digital com DNI electr\u00f2nic, Cl@ve, idCAT,&#8230; Si no es disposa de cap certificat, us en podeu generar un de forma f\u00e0cil, l&#8217;idCat M\u00f2bil. Us expliquem com:<\/p>\n\n\n\n<ul class=\"wp-block-list\">\n<li>Cal omplir els requisits seg\u00fcents:\n<ul class=\"wp-block-list\">\n<li>Ser major de 16 anys.<\/li>\n\n\n\n<li>Disposar de DNI\/NIE\/Passaport\/Document identificador d&#8217;un pa\u00eds de la UE o targeta de resid\u00e8ncia comunit\u00e0ria.<\/li>\n\n\n\n<li>Disposar d&#8217;adre\u00e7a de correu electr\u00f2nic i un tel\u00e8fon m\u00f2bil a efectes d&#8217;identificaci\u00f3 i contacte.<\/li>\n\n\n\n<li>Targeta sanit\u00e0ria per la teva identificaci\u00f3.<\/li>\n<\/ul>\n<\/li>\n\n\n\n<li>Accedir a l&#8217;adre\u00e7a&nbsp;<span style=\"text-decoration: underline;\"><a href=\"https:\/\/idcatmobil.seu.cat\/\" target=\"_blank\" rel=\"noopener noreferrer\">https:\/\/idcatmobil.seu.cat\/ <\/a><\/span>i seguir les instruccions pas a pas.<\/li>\n<\/ul>\n\n\n\n<p>Passos a seguir:<\/p>\n\n\n\n<ol class=\"wp-block-list\">\n<li>Per utilitzar l&#8217;idcat M\u00f2bil nom\u00e9s cal introduir el n\u00famero de document d&#8217;identitat i el n\u00famero de tel\u00e8fon m\u00f2bil en el web on calgui indentificar-se electr\u00f2nicament per fer un tr\u00e0mit. Tot seguit es rep un missatge al tel\u00e8fon, que cont\u00e9 una clau d&#8217;acc\u00e9s per introduir-la al web. En aquest cas, al tr\u00e0mit&nbsp; de <span style=\"text-decoration: underline;\"><a href=\"https:\/\/preinscripcio.gencat.cat\/ca\/estudis\/eso\/preinscriute\/sollicitud\/\" target=\"_blank\" rel=\"noopener noreferrer\">sol\u00b7licitud de preinscripci\u00f3.<\/a><\/span><\/li>\n\n\n\n<li>Una vegada identificats, entrar el <em>n\u00famero d&#8217;identificaci\u00f3 de l&#8217;alumne\/a a RALC,&nbsp;<\/em>que us proporcionar\u00e0 l&#8217;escola on el vostre fill\/a est\u00e0 estudiant aquest curs.<\/li>\n\n\n\n<li>Omplir les prefer\u00e8ncies dels centres.&nbsp;El codi de l&#8217;INS Marta Mata \u00e9s<strong> 43010347.<\/strong><\/li>\n\n\n\n<li>Enviar la sol\u00b7licitud.<\/li>\n<\/ol>\n\n\n\n<p>En la majoria de casos NO caldr\u00e0 fer res m\u00e9s ni adjuntar cap tipus de documentaci\u00f3, donat que es far\u00e0 un intercanvi de dades amb totes les administracions implicades.<\/p>\n\n\n\n<p>&nbsp;<\/p>\n\n\n\n<p><strong>SOL\u00b7LICITUD SENSE IDENTIFICACI\u00d3 DIGITAL:<\/strong><\/p>\n\n\n\n<p>Passos a seguir:<\/p>\n\n\n\n<ol class=\"wp-block-list\">\n<li>Identificar l&#8217;alumne\/a amb el seu&nbsp;<em>n\u00famero d&#8217;identificaci\u00f3 de l&#8217;alumne\/a a RALC,&nbsp;<\/em>que us proporcionar\u00e0 l&#8217;escola on est\u00e0 matriculat aquest curs.<\/li>\n\n\n\n<li>Omplir el formulari.<\/li>\n\n\n\n<li>Adjuntar escanejada o fotografiada la documentaci\u00f3 d&#8217;identificaci\u00f3 i filiaci\u00f3 que us demani l&#8217;aplicaci\u00f3:\n<ul class=\"wp-block-list\">\n<li>\n<ul class=\"wp-block-list\">\n<li>Llibre de fam\u00edlia (p\u00e0gina 2, on hi ha les dades dels pares, i p\u00e0gina on estigui inscrit l&#8217;alumne\/a).<\/li>\n\n\n\n<li>El DNI de la persona sol\u00b7licitant (pare, mare, tutor o tutora) o, si el sol\u00b7licitant \u00e9s estranger, de la targeta de resid\u00e8ncia on consta el NIE o el passaport. Si es tracta d&#8217;estrangers comunitaris, document d&#8217;identitat del pa\u00eds d&#8217;origen.<\/li>\n\n\n\n<li>El DNI de l&#8217;alumne\/a major de 14 anys o si el t\u00e9, DNI encara que sigui menor de 14 anys.<\/li>\n<\/ul>\n<\/li>\n<\/ul>\n<\/li>\n\n\n\n<li>Enviar el formulari.<\/li>\n\n\n\n<li>Les persones&nbsp;que a la sol\u00b7licitud han al\u00b7legat&nbsp; un o m\u00e9s <span style=\"text-decoration: underline;\"><strong><a title=\"criterios de prioridad\" href=\"https:\/\/preinscripcio.gencat.cat\/ca\/estudis\/eso\/informat\/criteris-assignacio\/\" target=\"_blank\" rel=\"noopener noreferrer\">criteris de prioritat<\/a><\/strong> <\/span>han d&#8217;adjuntar a l&#8217;aplicaci\u00f3 la <span style=\"text-decoration: underline;\"><strong><a title=\"documentaci\u00f3n\" href=\"https:\/\/preinscripcio.gencat.cat\/ca\/estudis\/eso\/informat\/prepara-documentacio\/\" target=\"_blank\" rel=\"noopener noreferrer\">documentaci\u00f3 escanejada o fotografiada<\/a><\/strong><\/span> que els acredita i que no s&#8217;hagi pogut validar per l&#8217;administraci\u00f3.\n<ul class=\"wp-block-list\">\n<li>&nbsp;<\/li>\n<\/ul>\n<\/li>\n<\/ol>\n\n\n\n<p>&nbsp;<\/p>\n\n\n\n<p><strong>PROCEDIMENT AMB CITA PR\u00c8VIA (NOM\u00c9S CASOS EXCEPCIONALS):&nbsp;<\/strong><\/p>\n\n\n\n<p><span style=\"text-decoration: underline;\">Nom\u00e9s per a consultes i suport que no es puguin fer telef\u00f2nicament o per mail. Recordeu que no hi ha sol\u00b7licituds en format paper.<\/span><\/p>\n\n\n\n<p>Passos a seguir:<\/p>\n\n\n\n<ul class=\"wp-block-list\">\n<li>Sol\u00b7licitar cita pr\u00e8via a <span style=\"text-decoration: underline;\"><strong><a href=\"https:\/\/aplicacions.gestioeducativa.gencat.cat\/pls\/apex\/f?p=CITA_PREVIA:4::::4:P4_TIPUS_CALENDARI,P4_DOMINI:01_Oblig,43010347\" target=\"_blank\" rel=\"noopener\">l&#8217;institut,<\/a><\/strong><\/span>&nbsp;a &nbsp;a l&#8217; <span style=\"text-decoration: underline;\"><strong><a href=\"https:\/\/www.salou.cat\/guide\/markers\/oficina-municipal-descolaritzacio-ome\" target=\"_blank\" rel=\"noopener noreferrer\">OME de l&#8217;Ajuntament de Salou<\/a> <\/strong><\/span>o trucant al 977 309 204.\n<ul class=\"wp-block-list\">\n<li>\n<ul class=\"wp-block-list\">\n<li>&nbsp;<\/li>\n<\/ul>\n<\/li>\n<\/ul>\n<\/li>\n<\/ul>\n\n\n\n<hr class=\"wp-block-separator has-alpha-channel-opacity\"\/>\n\n\n\n<p class=\"has-text-align-center\"><strong>CONSULTES AL CENTRE SOBRE LA PREINSCRIPCI\u00d3:<\/strong> <strong>Per tel\u00e8fon al&nbsp; 977 3532&nbsp; 42 (de 9 a 13 h) o per mail a gestiosecretaria@institutmartamata.cat<\/strong><\/p>\n","protected":false},"excerpt":{"rendered":"<p>Informaci\u00f3 i pas a pas del proc\u00e9s (cliqueu aqu\u00ed) CALENDARI: &nbsp; Oferta inicial de places (cliqueu aqu\u00ed) 3 mar\u00e7 de 2026 Presentaci\u00f3 de sol\u00b7licituds(cliqueu aqu\u00ed) del 6 al 18 de mar\u00e7&nbsp; de 2026 Presentaci\u00f3 de documentaci\u00f3 fins el 19 de mar\u00e7 de 2026 Llistat de sol\u00b7licituds ordenata amb puntuaci\u00f3 provisional (aqu\u00ed) 15 d&#8217;abril de 2026 [&hellip;]<\/p>\n","protected":false},"author":4,"featured_media":0,"parent":650,"menu_order":1,"comment_status":"closed","ping_status":"closed","template":"","meta":{"_bbp_topic_count":0,"_bbp_reply_count":0,"_bbp_total_topic_count":0,"_bbp_total_reply_count":0,"_bbp_voice_count":0,"_bbp_anonymous_reply_count":0,"_bbp_topic_count_hidden":0,"_bbp_reply_count_hidden":0,"_bbp_forum_subforum_count":0,"site-sidebar-layout":"default","site-content-layout":"","ast-site-content-layout":"default","site-content-style":"default","site-sidebar-style":"default","ast-global-header-display":"","ast-banner-title-visibility":"","ast-main-header-display":"","ast-hfb-above-header-display":"","ast-hfb-below-header-display":"","ast-hfb-mobile-header-display":"","site-post-title":"","ast-breadcrumbs-content":"","ast-featured-img":"","footer-sml-layout":"","theme-transparent-header-meta":"default","adv-header-id-meta":"","stick-header-meta":"","header-above-stick-meta":"","header-main-stick-meta":"","header-below-stick-meta":"","astra-migrate-meta-layouts":"set","ast-page-background-enabled":"default","ast-page-background-meta":{"desktop":{"background-color":"var(--ast-global-color-4)","background-image":"","background-repeat":"repeat","background-position":"center center","background-size":"auto","background-attachment":"scroll","background-type":"","background-media":"","overlay-type":"","overlay-color":"","overlay-opacity":"","overlay-gradient":""},"tablet":{"background-color":"","background-image":"","background-repeat":"repeat","background-position":"center center","background-size":"auto","background-attachment":"scroll","background-type":"","background-media":"","overlay-type":"","overlay-color":"","overlay-opacity":"","overlay-gradient":""},"mobile":{"background-color":"","background-image":"","background-repeat":"repeat","background-position":"center center","background-size":"auto","background-attachment":"scroll","background-type":"","background-media":"","overlay-type":"","overlay-color":"","overlay-opacity":"","overlay-gradient":""}},"ast-content-background-meta":{"desktop":{"background-color":"var(--ast-global-color-5)","background-image":"","background-repeat":"repeat","background-position":"center center","background-size":"auto","background-attachment":"scroll","background-type":"","background-media":"","overlay-type":"","overlay-color":"","overlay-opacity":"","overlay-gradient":""},"tablet":{"background-color":"var(--ast-global-color-5)","background-image":"","background-repeat":"repeat","background-position":"center center","background-size":"auto","background-attachment":"scroll","background-type":"","background-media":"","overlay-type":"","overlay-color":"","overlay-opacity":"","overlay-gradient":""},"mobile":{"background-color":"var(--ast-global-color-5)","background-image":"","background-repeat":"repeat","background-position":"center center","background-size":"auto","background-attachment":"scroll","background-type":"","background-media":"","overlay-type":"","overlay-color":"","overlay-opacity":"","overlay-gradient":""}},"footnotes":""},"class_list":["post-10732","page","type-page","status-publish","hentry"],"post_mailing_queue_ids":[],"_links":{"self":[{"href":"https:\/\/agora.xtec.cat\/institutmartamata\/wp-json\/wp\/v2\/pages\/10732","targetHints":{"allow":["GET"]}}],"collection":[{"href":"https:\/\/agora.xtec.cat\/institutmartamata\/wp-json\/wp\/v2\/pages"}],"about":[{"href":"https:\/\/agora.xtec.cat\/institutmartamata\/wp-json\/wp\/v2\/types\/page"}],"author":[{"embeddable":true,"href":"https:\/\/agora.xtec.cat\/institutmartamata\/wp-json\/wp\/v2\/users\/4"}],"replies":[{"embeddable":true,"href":"https:\/\/agora.xtec.cat\/institutmartamata\/wp-json\/wp\/v2\/comments?post=10732"}],"version-history":[{"count":6,"href":"https:\/\/agora.xtec.cat\/institutmartamata\/wp-json\/wp\/v2\/pages\/10732\/revisions"}],"predecessor-version":[{"id":20443,"href":"https:\/\/agora.xtec.cat\/institutmartamata\/wp-json\/wp\/v2\/pages\/10732\/revisions\/20443"}],"up":[{"embeddable":true,"href":"https:\/\/agora.xtec.cat\/institutmartamata\/wp-json\/wp\/v2\/pages\/650"}],"wp:attachment":[{"href":"https:\/\/agora.xtec.cat\/institutmartamata\/wp-json\/wp\/v2\/media?parent=10732"}],"curies":[{"name":"wp","href":"https:\/\/api.w.org\/{rel}","templated":true}]}}