{"id":10665,"date":"2020-06-16T18:07:37","date_gmt":"2020-06-16T16:07:37","guid":{"rendered":"http:\/\/agora.xtec.cat\/institutmartamata\/?page_id=10665"},"modified":"2024-02-27T23:32:35","modified_gmt":"2024-02-27T22:32:35","slug":"ieduca","status":"publish","type":"page","link":"https:\/\/agora.xtec.cat\/institutmartamata\/7-altres\/ieduca\/","title":{"rendered":"ieduca"},"content":{"rendered":"<p>L&#8217;institut disposa d&#8217;un nou mitj\u00e0 de comunicaci\u00f3 amb les fam\u00edlies: l&#8217;APP\u00a0Ieduca Tokapp. A partir d&#8217;ara podeu rebre les informacions que necessiteu (avisos, notificacions,&#8230;) al vostre m\u00f2bil o tauleta. A <span style=\"text-decoration: underline;\"><strong><a href=\"https:\/\/agora.xtec.cat\/institutmartamata\/wp-content\/uploads\/usu281\/2021\/09\/Guia-aplicacio-iEduca-Tokapp-v.04.pdf\" target=\"_blank\" rel=\"noopener\">Guia aplicaci\u00f3 iEduca Tokapp v.04<\/a><\/strong><\/span> teniu les instruccions per descarregar-vos de manera gratu\u00efta l&#8217;aplicaci\u00f3.\u00a0 A l&#8217;apartat domini s&#8217;ha d&#8217;escriure <strong>institutmartamata<\/strong>.<\/p>\n<p>Us adjuntem una gu\u00eda sobre l&#8217;\u00fas de la intranet per a fam\u00edlies i uns videotutorials sobre com descarregar l&#8217;aplicaci\u00f3, com recuperar la contrassenya i la informaci\u00f3 que veureu com a pares.<\/p>\n<p>Esperem que\u00a0us siguin de molta utilitat i que\u00a0ens ajudi a tenir una comunicaci\u00f3 m\u00e9s flu\u00efda i efica\u00e7.<\/p>\n<p><a href=\"http:\/\/agora.xtec.cat\/institutmartamata\/wp-content\/uploads\/usu281\/2017\/09\/Guia-iEduca-per-les-fam\u00edlies.pdf\">Guia iEduca per les fam\u00edlies<\/a><\/p>\n<p>\u00cd<strong>NDEX de videotutorials:<\/strong><\/p>\n<ul>\n<li>Com instal\u00b7lar l&#8217;APP?<\/li>\n<li>Qu\u00e8 veureu com a pares a l&#8217;APP?<\/li>\n<li>Com veure les notes dels meus fills?<\/li>\n<li>Ieduca: el bot\u00f3 XAT.<\/li>\n<\/ul>\n<hr \/>\n<h3 style=\"text-align: center;\">VIDEOTUTORIALS<\/h3>\n<p style=\"text-align: center;\">COM INSTAL\u00b7LAR L&#8217;APP?<\/p>\n<p style=\"text-align: center;\"><iframe loading=\"lazy\" title=\"YouTube video player\" src=\"\/\/www.youtube.com\/embed\/J1A1eLSb450\" width=\"560\" height=\"315\" frameborder=\"0\" allowfullscreen=\"allowfullscreen\"><\/iframe><\/p>\n<p style=\"text-align: center;\">QU\u00c8 VEUREU COM A PARES A L&#8217;APP?<\/p>\n<p style=\"text-align: center;\"><iframe loading=\"lazy\" title=\"YouTube video player\" src=\"\/\/www.youtube.com\/embed\/GAn35JAEc8o?si=h3IOqlr2GGZ7ApEh\" width=\"560\" height=\"315\" frameborder=\"0\" allowfullscreen=\"allowfullscreen\"><\/iframe><\/p>\n<p style=\"text-align: center;\">COM VEURE LES NOTES DELS MEUS FILLS?<\/p>\n<p style=\"text-align: center;\"><iframe loading=\"lazy\" src=\"\/\/www.youtube.com\/embed\/FI2hzoF8w50\" width=\"560\" height=\"315\" frameborder=\"0\" data-mce-fragment=\"1\"><\/iframe><\/p>\n<p style=\"text-align: center;\">IEDUCA TOKAPP: EL BOT\u00d3 XAT<\/p>\n<p style=\"text-align: center;\"><iframe loading=\"lazy\" src=\"\/\/www.youtube.com\/embed\/K-ODZENCFq8\" width=\"250\" height=\"150\" frameborder=\"0\"><\/iframe><\/p>\n<p>&nbsp;<\/p>\n","protected":false},"excerpt":{"rendered":"<p>L&#8217;institut disposa d&#8217;un nou mitj\u00e0 de comunicaci\u00f3 amb les fam\u00edlies: l&#8217;APP\u00a0Ieduca Tokapp. A partir d&#8217;ara podeu rebre les informacions que necessiteu (avisos, notificacions,&#8230;) al vostre m\u00f2bil o tauleta. A Guia aplicaci\u00f3 iEduca Tokapp v.04 teniu les instruccions per descarregar-vos de manera gratu\u00efta l&#8217;aplicaci\u00f3.\u00a0 A l&#8217;apartat domini s&#8217;ha d&#8217;escriure institutmartamata. Us adjuntem una gu\u00eda sobre l&#8217;\u00fas [&hellip;]<\/p>\n","protected":false},"author":4,"featured_media":0,"parent":582,"menu_order":0,"comment_status":"closed","ping_status":"closed","template":"page-templates\/side-menu.php","meta":{"_bbp_topic_count":0,"_bbp_reply_count":0,"_bbp_total_topic_count":0,"_bbp_total_reply_count":0,"_bbp_voice_count":0,"_bbp_anonymous_reply_count":0,"_bbp_topic_count_hidden":0,"_bbp_reply_count_hidden":0,"_bbp_forum_subforum_count":0,"site-sidebar-layout":"default","site-content-layout":"","ast-site-content-layout":"","site-content-style":"default","site-sidebar-style":"default","ast-global-header-display":"","ast-banner-title-visibility":"","ast-main-header-display":"","ast-hfb-above-header-display":"","ast-hfb-below-header-display":"","ast-hfb-mobile-header-display":"","site-post-title":"","ast-breadcrumbs-content":"","ast-featured-img":"","footer-sml-layout":"","theme-transparent-header-meta":"","adv-header-id-meta":"","stick-header-meta":"","header-above-stick-meta":"","header-main-stick-meta":"","header-below-stick-meta":"","astra-migrate-meta-layouts":"default","ast-page-background-enabled":"default","ast-page-background-meta":{"desktop":{"background-color":"var(--ast-global-color-4)","background-image":"","background-repeat":"repeat","background-position":"center center","background-size":"auto","background-attachment":"scroll","background-type":"","background-media":"","overlay-type":"","overlay-color":"","overlay-opacity":"","overlay-gradient":""},"tablet":{"background-color":"","background-image":"","background-repeat":"repeat","background-position":"center center","background-size":"auto","background-attachment":"scroll","background-type":"","background-media":"","overlay-type":"","overlay-color":"","overlay-opacity":"","overlay-gradient":""},"mobile":{"background-color":"","background-image":"","background-repeat":"repeat","background-position":"center center","background-size":"auto","background-attachment":"scroll","background-type":"","background-media":"","overlay-type":"","overlay-color":"","overlay-opacity":"","overlay-gradient":""}},"ast-content-background-meta":{"desktop":{"background-color":"var(--ast-global-color-5)","background-image":"","background-repeat":"repeat","background-position":"center center","background-size":"auto","background-attachment":"scroll","background-type":"","background-media":"","overlay-type":"","overlay-color":"","overlay-opacity":"","overlay-gradient":""},"tablet":{"background-color":"var(--ast-global-color-5)","background-image":"","background-repeat":"repeat","background-position":"center center","background-size":"auto","background-attachment":"scroll","background-type":"","background-media":"","overlay-type":"","overlay-color":"","overlay-opacity":"","overlay-gradient":""},"mobile":{"background-color":"var(--ast-global-color-5)","background-image":"","background-repeat":"repeat","background-position":"center center","background-size":"auto","background-attachment":"scroll","background-type":"","background-media":"","overlay-type":"","overlay-color":"","overlay-opacity":"","overlay-gradient":""}},"footnotes":""},"class_list":["post-10665","page","type-page","status-publish","hentry"],"post_mailing_queue_ids":[],"_links":{"self":[{"href":"https:\/\/agora.xtec.cat\/institutmartamata\/wp-json\/wp\/v2\/pages\/10665","targetHints":{"allow":["GET"]}}],"collection":[{"href":"https:\/\/agora.xtec.cat\/institutmartamata\/wp-json\/wp\/v2\/pages"}],"about":[{"href":"https:\/\/agora.xtec.cat\/institutmartamata\/wp-json\/wp\/v2\/types\/page"}],"author":[{"embeddable":true,"href":"https:\/\/agora.xtec.cat\/institutmartamata\/wp-json\/wp\/v2\/users\/4"}],"replies":[{"embeddable":true,"href":"https:\/\/agora.xtec.cat\/institutmartamata\/wp-json\/wp\/v2\/comments?post=10665"}],"version-history":[{"count":6,"href":"https:\/\/agora.xtec.cat\/institutmartamata\/wp-json\/wp\/v2\/pages\/10665\/revisions"}],"predecessor-version":[{"id":16357,"href":"https:\/\/agora.xtec.cat\/institutmartamata\/wp-json\/wp\/v2\/pages\/10665\/revisions\/16357"}],"up":[{"embeddable":true,"href":"https:\/\/agora.xtec.cat\/institutmartamata\/wp-json\/wp\/v2\/pages\/582"}],"wp:attachment":[{"href":"https:\/\/agora.xtec.cat\/institutmartamata\/wp-json\/wp\/v2\/media?parent=10665"}],"curies":[{"name":"wp","href":"https:\/\/api.w.org\/{rel}","templated":true}]}}