{"id":10207,"date":"2020-03-15T11:35:12","date_gmt":"2020-03-15T10:35:12","guid":{"rendered":"http:\/\/agora.xtec.cat\/institutmartamata\/?page_id=10207"},"modified":"2026-03-28T13:35:53","modified_gmt":"2026-03-28T12:35:53","slug":"model-competencial-orientador","status":"publish","type":"page","link":"https:\/\/agora.xtec.cat\/institutmartamata\/model-competencial-orientador\/","title":{"rendered":"Model competencial orientador"},"content":{"rendered":"<p><strong><img loading=\"lazy\" decoding=\"async\" class=\"alignleft\" src=\"https:\/\/serveiseducatius.xtec.cat\/montsia\/wp-content\/uploads\/usu1125\/2016\/12\/Captura-de-2016-12-02-165157.png\" width=\"417\" height=\"314\" \/>\u00a0(PROGRAMA D\u2019INNOVACI\u00d3)<\/strong><\/p>\n<p>El nostre Projecte educatiu de centre (PEC) formula com a missi\u00f3, entre d\u2019altres aspectes, l\u2019orientaci\u00f3 i acompanyament del nostre alumnat. \u00c9s per aix\u00f2, que tot el professorat de l\u2019institut Marta Mata est\u00e0 treballant conjuntament per aprofundir en aquesta vessant essencial de l\u2019acci\u00f3 educativa i ho fa de la m\u00e0 del Programa d\u2019Orientaci\u00f3 educativa del Departament d\u2019Educaci\u00f3.<\/p>\n<p>La finalitat d\u2019aquest programa \u00e9s la reflexi\u00f3 i l&#8217;acci\u00f3 pedag\u00f2gica de centre per a la millora cont\u00ednua de l&#8217;orientaci\u00f3 educativa i l&#8217;acci\u00f3 tutorial per tal de promoure l&#8217;equitat i la qualitat del sistema educatiu, cosa que s\u2019ha de veure reflectida en la millora de les compet\u00e8ncies de l&#8217;alumnat.<\/p>\n<p>El Programa Orientaci\u00f3 implementa un model competencial orientador com a eina que permet un desenvolupament professional i pedag\u00f2gic en tres dimensions fonamentals: les mat\u00e8ries, l\u2019acci\u00f3 tutorial i el treball en equip.<\/p>\n<p>Per aix\u00f2 el professorat de l\u2019Institut Marta Mata est\u00e0 fent formaci\u00f3 continua amb acompanyament del Departament d\u2019Educaci\u00f3 per aconseguir els seg\u00fcents objectius:<\/p>\n<ul>\n<li>Identificar eines de reflexi\u00f3 i d\u2019avaluaci\u00f3 per a la pr\u00e0ctica docent orientadora.<\/li>\n<li>Aplicar els criteris i indicadors del model competencial orientador: significativitat, acci\u00f3, comunicaci\u00f3 i projecci\u00f3 (SCAP) com a eina per aprofundir en el desenvolupament professional, pedag\u00f2gic i d\u2019avaluaci\u00f3 cont\u00ednua per a la millora d\u2019escola i de centre.<\/li>\n<li>Millorar i transferir pr\u00e0ctiques educatives d\u2019aula i de centre competencials i orientadores.<\/li>\n<li>Garantir estructures organitzatives de centre per afavorir la reflexi\u00f3 pedag\u00f2gica i la construcci\u00f3 de cultura col\u00b7laborativa de la comunitat educativa del centre.<\/li>\n<li>Acompanyar\u00a0 l\u2019alumnat en la seva traject\u00f2ria formativa.<a href=\"https:\/\/agora.xtec.cat\/institutmartamata\/wp-content\/uploads\/usu281\/2024\/12\/1733304125465.jpg\"><img loading=\"lazy\" decoding=\"async\" class=\"alignnone size-large wp-image-17643\" src=\"https:\/\/agora.xtec.cat\/institutmartamata\/wp-content\/uploads\/usu281\/2024\/12\/1733304125465-1024x768.jpg\" alt=\"\" width=\"1024\" height=\"768\" srcset=\"https:\/\/agora.xtec.cat\/institutmartamata\/wp-content\/uploads\/usu281\/2024\/12\/1733304125465-1024x768.jpg 1024w, https:\/\/agora.xtec.cat\/institutmartamata\/wp-content\/uploads\/usu281\/2024\/12\/1733304125465-300x225.jpg 300w, https:\/\/agora.xtec.cat\/institutmartamata\/wp-content\/uploads\/usu281\/2024\/12\/1733304125465-768x576.jpg 768w, https:\/\/agora.xtec.cat\/institutmartamata\/wp-content\/uploads\/usu281\/2024\/12\/1733304125465-1536x1152.jpg 1536w, https:\/\/agora.xtec.cat\/institutmartamata\/wp-content\/uploads\/usu281\/2024\/12\/1733304125465-200x150.jpg 200w, https:\/\/agora.xtec.cat\/institutmartamata\/wp-content\/uploads\/usu281\/2024\/12\/1733304125465.jpg 1600w\" sizes=\"auto, (max-width: 1024px) 100vw, 1024px\" \/><\/a>\n<p><a href=\"https:\/\/agora.xtec.cat\/institutmartamata\/wp-content\/uploads\/usu281\/2020\/03\/Model-competencial-2.jpg\"><img loading=\"lazy\" decoding=\"async\" class=\"size-large wp-image-10212\" src=\"https:\/\/agora.xtec.cat\/institutmartamata\/wp-content\/uploads\/usu281\/2020\/03\/Model-competencial-2-1024x660.jpg\" alt=\"\" width=\"1024\" height=\"660\" srcset=\"https:\/\/agora.xtec.cat\/institutmartamata\/wp-content\/uploads\/usu281\/2020\/03\/Model-competencial-2-1024x660.jpg 1024w, https:\/\/agora.xtec.cat\/institutmartamata\/wp-content\/uploads\/usu281\/2020\/03\/Model-competencial-2-300x193.jpg 300w, https:\/\/agora.xtec.cat\/institutmartamata\/wp-content\/uploads\/usu281\/2020\/03\/Model-competencial-2-768x495.jpg 768w\" sizes=\"auto, (max-width: 1024px) 100vw, 1024px\" \/><\/a><\/li>\n<\/ul>\n","protected":false},"excerpt":{"rendered":"<p>\u00a0(PROGRAMA D\u2019INNOVACI\u00d3) El nostre Projecte educatiu de centre (PEC) formula com a missi\u00f3, entre d\u2019altres aspectes, l\u2019orientaci\u00f3 i acompanyament del nostre alumnat. \u00c9s per aix\u00f2, que tot el professorat de l\u2019institut Marta Mata est\u00e0 treballant conjuntament per aprofundir en aquesta vessant essencial de l\u2019acci\u00f3 educativa i ho fa de la m\u00e0 del Programa d\u2019Orientaci\u00f3 educativa [&hellip;]<\/p>\n","protected":false},"author":4,"featured_media":0,"parent":0,"menu_order":0,"comment_status":"closed","ping_status":"closed","template":"","meta":{"_bbp_topic_count":0,"_bbp_reply_count":0,"_bbp_total_topic_count":0,"_bbp_total_reply_count":0,"_bbp_voice_count":0,"_bbp_anonymous_reply_count":0,"_bbp_topic_count_hidden":0,"_bbp_reply_count_hidden":0,"_bbp_forum_subforum_count":0,"site-sidebar-layout":"default","site-content-layout":"","ast-site-content-layout":"default","site-content-style":"default","site-sidebar-style":"default","ast-global-header-display":"","ast-banner-title-visibility":"","ast-main-header-display":"","ast-hfb-above-header-display":"","ast-hfb-below-header-display":"","ast-hfb-mobile-header-display":"","site-post-title":"","ast-breadcrumbs-content":"","ast-featured-img":"","footer-sml-layout":"","theme-transparent-header-meta":"default","adv-header-id-meta":"","stick-header-meta":"","header-above-stick-meta":"","header-main-stick-meta":"","header-below-stick-meta":"","astra-migrate-meta-layouts":"set","ast-page-background-enabled":"default","ast-page-background-meta":{"desktop":{"background-color":"var(--ast-global-color-4)","background-image":"","background-repeat":"repeat","background-position":"center center","background-size":"auto","background-attachment":"scroll","background-type":"","background-media":"","overlay-type":"","overlay-color":"","overlay-opacity":"","overlay-gradient":""},"tablet":{"background-color":"","background-image":"","background-repeat":"repeat","background-position":"center center","background-size":"auto","background-attachment":"scroll","background-type":"","background-media":"","overlay-type":"","overlay-color":"","overlay-opacity":"","overlay-gradient":""},"mobile":{"background-color":"","background-image":"","background-repeat":"repeat","background-position":"center center","background-size":"auto","background-attachment":"scroll","background-type":"","background-media":"","overlay-type":"","overlay-color":"","overlay-opacity":"","overlay-gradient":""}},"ast-content-background-meta":{"desktop":{"background-color":"var(--ast-global-color-5)","background-image":"","background-repeat":"repeat","background-position":"center center","background-size":"auto","background-attachment":"scroll","background-type":"","background-media":"","overlay-type":"","overlay-color":"","overlay-opacity":"","overlay-gradient":""},"tablet":{"background-color":"var(--ast-global-color-5)","background-image":"","background-repeat":"repeat","background-position":"center center","background-size":"auto","background-attachment":"scroll","background-type":"","background-media":"","overlay-type":"","overlay-color":"","overlay-opacity":"","overlay-gradient":""},"mobile":{"background-color":"var(--ast-global-color-5)","background-image":"","background-repeat":"repeat","background-position":"center center","background-size":"auto","background-attachment":"scroll","background-type":"","background-media":"","overlay-type":"","overlay-color":"","overlay-opacity":"","overlay-gradient":""}},"footnotes":""},"class_list":["post-10207","page","type-page","status-publish","hentry"],"post_mailing_queue_ids":[],"_links":{"self":[{"href":"https:\/\/agora.xtec.cat\/institutmartamata\/wp-json\/wp\/v2\/pages\/10207","targetHints":{"allow":["GET"]}}],"collection":[{"href":"https:\/\/agora.xtec.cat\/institutmartamata\/wp-json\/wp\/v2\/pages"}],"about":[{"href":"https:\/\/agora.xtec.cat\/institutmartamata\/wp-json\/wp\/v2\/types\/page"}],"author":[{"embeddable":true,"href":"https:\/\/agora.xtec.cat\/institutmartamata\/wp-json\/wp\/v2\/users\/4"}],"replies":[{"embeddable":true,"href":"https:\/\/agora.xtec.cat\/institutmartamata\/wp-json\/wp\/v2\/comments?post=10207"}],"version-history":[{"count":6,"href":"https:\/\/agora.xtec.cat\/institutmartamata\/wp-json\/wp\/v2\/pages\/10207\/revisions"}],"predecessor-version":[{"id":20066,"href":"https:\/\/agora.xtec.cat\/institutmartamata\/wp-json\/wp\/v2\/pages\/10207\/revisions\/20066"}],"wp:attachment":[{"href":"https:\/\/agora.xtec.cat\/institutmartamata\/wp-json\/wp\/v2\/media?parent=10207"}],"curies":[{"name":"wp","href":"https:\/\/api.w.org\/{rel}","templated":true}]}}