{"id":75,"date":"2014-09-18T10:21:02","date_gmt":"2014-09-18T09:21:02","guid":{"rendered":"http:\/\/agora.xtec.cat\/institutlesmargues\/?page_id=75"},"modified":"2024-04-25T11:48:59","modified_gmt":"2024-04-25T09:48:59","slug":"activitats-extraescolars","status":"publish","type":"page","link":"https:\/\/agora.xtec.cat\/institutlesmargues\/afa\/activitats-extraescolars\/","title":{"rendered":"Activitats extraescolars per a alumnat i fam\u00edlies"},"content":{"rendered":"<p>L\u2019Associaci\u00f3 de Fam\u00edlies del Institut Les Margues de Calldetenes organitza les seg\u00fcents activitats extraescolars per a <strong>alumnat<\/strong>:<\/p>\n<p><a href=\"https:\/\/agora.xtec.cat\/institutlesmargues\/wp-content\/uploads\/usu540\/2020\/09\/extraescolar-2.jpg\"><img loading=\"lazy\" decoding=\"async\" class=\"alignnone wp-image-2805\" src=\"https:\/\/agora.xtec.cat\/institutlesmargues\/wp-content\/uploads\/usu540\/2020\/09\/extraescolar-2.jpg\" alt=\"\" width=\"670\" height=\"214\" srcset=\"https:\/\/agora.xtec.cat\/institutlesmargues\/wp-content\/uploads\/usu540\/2020\/09\/extraescolar-2.jpg 927w, https:\/\/agora.xtec.cat\/institutlesmargues\/wp-content\/uploads\/usu540\/2020\/09\/extraescolar-2-300x96.jpg 300w, https:\/\/agora.xtec.cat\/institutlesmargues\/wp-content\/uploads\/usu540\/2020\/09\/extraescolar-2-768x245.jpg 768w\" sizes=\"auto, (max-width: 670px) 100vw, 670px\" \/><\/a><\/p>\n<ul>\n<li>Les activitats extraescolars <strong>van comen\u00e7ar el dia 5 i 6 d\u2019octubre<\/strong> i es duen a terme cada dilluns i dimarts en horari compr\u00e8s <strong>entre les 15\u201900h i les 17\u201930h<\/strong>.<\/li>\n<li>Per aquest proper curs<strong>, la inscripci\u00f3 es far\u00e0 directament a les empreses<\/strong> que realitzaran les activitats a trav\u00e9s del correu electr\u00f2nic de cadascuna.<\/li>\n<li>La configuraci\u00f3 dels grups quedar\u00e0 subjecte al n\u00famero d\u2019inscripcions.<\/li>\n<li>Es preveu que les activitats puguin continuar duent-se a terme de manera no presencial\/telem\u00e0tica en cas que les circumst\u00e0ncies sanit\u00e0ries ho precisin.<\/li>\n<\/ul>\n<p><strong>ROBOTIC<\/strong><\/p>\n<p style=\"text-align: justify;\"><span style=\"font-weight: 400;\">A l\u2019extraescolar de rob\u00f2tica de RoboTIC s&#8217;aborda la rob\u00f2tica i la programaci\u00f3 inform\u00e0tica.<\/span><\/p>\n<p style=\"text-align: justify;\"><span style=\"font-weight: 400;\">Han comen\u00e7at el curs treballant la programaci\u00f3 fent programaci\u00f3 de v\u00eddeojocs. Per fer-ho han utilitzat dues plataformes: d&#8217;una banda, el programa Scratch, dissenyat pel MIT per introduir la programaci\u00f3 als infants i joves; i de l&#8217;altre, han utilitzat Game Maker Studio, un programa dissenyat per programar jocs en 2D.<\/span><\/p>\n<p style=\"text-align: justify;\"><span style=\"font-weight: 400;\">A finals de trimestre han comen\u00e7at a treballar la rob\u00f2tica amb el Kit de LEGO Mindstorms. Els alumnes amb m\u00e9s coneixements han programat un seguidor de l\u00ednia i els que s\u2019inicien en la rob\u00f2tica estan aprenent a programar moviments amb el robot.<\/span><\/p>\n<p>&nbsp;<\/p>\n<p><strong>ANGL\u00c8S EXTRAESCOLAR. PREPARACI\u00d3 EX\u00c0MENS DE CAMBRIDGE ENGLISH<\/strong><\/p>\n<p style=\"text-align: justify;\"><span style=\"font-weight: 400;\">Amb aquesta extraescolar es pret\u00e9n desenvolupar <\/span><b>l\u2019escolta i les habilitats d\u2019escriptura, lectura i parla<\/b><span style=\"font-weight: 400;\">. A m\u00e9s, p<\/span><span style=\"font-weight: 400;\">reparar-los, gradualment, pels ex\u00e0mens oficials de Cambridge English durant aquesta <\/span><span style=\"font-weight: 400;\">fase d\u2019aprenentatge de l\u2019idioma: A2 Key (KET), B1 Preliminary (PET) i aix\u00ed anar fent\u00a0\u00a0<\/span><span style=\"font-weight: 400;\">cam\u00ed cap el Cambridge English B2 First (FCE) que podran aconseguir m\u00e9s endavant en <\/span><span style=\"font-weight: 400;\">els seus estudis.\u00a0<\/span><\/p>\n<p><b>Metodologia<\/b><b>\u00a0<\/b><\/p>\n<p style=\"text-align: justify;\"><span style=\"font-weight: 400;\">A les classes, els <\/span><b>professors parlen nom\u00e9s angl\u00e8s<\/b><span style=\"font-weight: 400;\">, per tant durant tota la classe <\/span><span style=\"font-weight: 400;\">es estan desenvolupant l\u2019habilitat d\u2019entendre l\u2019angl\u00e8s real. \u00c9s com estar <\/span><span style=\"font-weight: 400;\">immers en el pa\u00eds durant la classe i s\u2019espera que l\u2019alumne s\u2019esforci a comunicar-se fent\u00a0<\/span><span style=\"font-weight: 400;\">frases i preguntes en angl\u00e8s perqu\u00e8 el professor l\u2019entengui, per tal de millorar l\u2019angl\u00e8s\u00a0<\/span><span style=\"font-weight: 400;\">parlat.\u00a0<\/span><\/p>\n<p style=\"text-align: justify;\"><span style=\"font-weight: 400;\">A cada classe s\u2019apr\u00e8n vocabulari, gram\u00e0tica, etc. per\u00f2 la prioritat \u00e9s posar-ho a la <\/span><span style=\"font-weight: 400;\">pr\u00e0ctica i ajudar l\u2019alumne a parlar i entendre l\u2019angl\u00e8s.\u00a0<\/span><\/p>\n<p><b>Avaluaci\u00f3 i seguiment<\/b><b>\u00a0<\/b><\/p>\n<p style=\"text-align: justify;\"><span style=\"font-weight: 400;\">El progr\u00e9s dels alumnes \u00e9s controlat regularment per mitj\u00e0 de tasques escrites, i amb\u00a0<\/span><span style=\"font-weight: 400;\">ex\u00e0mens semestrals.\u00a0<\/span><span style=\"font-weight: 400;\">Els pares reben un informe escrit cada semestre sobre el progr\u00e9s i comportament dels <\/span><span style=\"font-weight: 400;\">seus fills.\u00a0<\/span><\/p>\n<p style=\"text-align: justify;\">Tamb\u00e9 l\u2019Associaci\u00f3 de Fam\u00edlies del Institut Les Margues de Calldetenes organitza les seg\u00fcents <a href=\"https:\/\/agora.xtec.cat\/institutlesmargues\/wp-content\/uploads\/usu540\/2023\/10\/Extraescolars-AFA-curs-2023-2024.pdf\" target=\"_blank\" rel=\"noopener\">activitats extraescolars per a <strong>fam\u00edlies<\/strong><\/a>:<\/p>\n<p><a href=\"https:\/\/agora.xtec.cat\/institutlesmargues\/wp-content\/uploads\/usu540\/2023\/10\/image0-3.jpeg\"><img loading=\"lazy\" decoding=\"async\" class=\"alignleft size-large wp-image-6444\" src=\"https:\/\/agora.xtec.cat\/institutlesmargues\/wp-content\/uploads\/usu540\/2023\/10\/image0-3-746x1024.jpeg\" alt=\"\" width=\"746\" height=\"1024\" srcset=\"https:\/\/agora.xtec.cat\/institutlesmargues\/wp-content\/uploads\/usu540\/2023\/10\/image0-3-746x1024.jpeg 746w, https:\/\/agora.xtec.cat\/institutlesmargues\/wp-content\/uploads\/usu540\/2023\/10\/image0-3-219x300.jpeg 219w, https:\/\/agora.xtec.cat\/institutlesmargues\/wp-content\/uploads\/usu540\/2023\/10\/image0-3-768x1054.jpeg 768w, https:\/\/agora.xtec.cat\/institutlesmargues\/wp-content\/uploads\/usu540\/2023\/10\/image0-3-1119x1536.jpeg 1119w, https:\/\/agora.xtec.cat\/institutlesmargues\/wp-content\/uploads\/usu540\/2023\/10\/image0-3.jpeg 1170w\" sizes=\"auto, (max-width: 746px) 100vw, 746px\" \/><\/a><\/p>\n<p>&nbsp;<\/p>\n","protected":false},"excerpt":{"rendered":"<p>L\u2019Associaci\u00f3 de Fam\u00edlies del Institut Les Margues de Calldetenes organitza les seg\u00fcents activitats extraescolars per a alumnat: Les activitats extraescolars van comen\u00e7ar el dia 5 i 6 d\u2019octubre i es duen a terme cada dilluns i dimarts en horari compr\u00e8s entre les 15\u201900h i les 17\u201930h. Per aquest proper curs, la inscripci\u00f3 es far\u00e0 directament [&hellip;]<\/p>\n","protected":false},"author":1,"featured_media":0,"parent":2345,"menu_order":40,"comment_status":"closed","ping_status":"closed","template":"page-templates\/side-menu.php","meta":{"_bbp_topic_count":0,"_bbp_reply_count":0,"_bbp_total_topic_count":0,"_bbp_total_reply_count":0,"_bbp_voice_count":0,"_bbp_anonymous_reply_count":0,"_bbp_topic_count_hidden":0,"_bbp_reply_count_hidden":0,"_bbp_forum_subforum_count":0,"site-sidebar-layout":"default","site-content-layout":"","ast-site-content-layout":"","site-content-style":"default","site-sidebar-style":"default","ast-global-header-display":"","ast-banner-title-visibility":"","ast-main-header-display":"","ast-hfb-above-header-display":"","ast-hfb-below-header-display":"","ast-hfb-mobile-header-display":"","site-post-title":"","ast-breadcrumbs-content":"","ast-featured-img":"","footer-sml-layout":"","theme-transparent-header-meta":"","adv-header-id-meta":"","stick-header-meta":"","header-above-stick-meta":"","header-main-stick-meta":"","header-below-stick-meta":"","astra-migrate-meta-layouts":"default","ast-page-background-enabled":"default","ast-page-background-meta":{"desktop":{"background-color":"var(--ast-global-color-4)","background-image":"","background-repeat":"repeat","background-position":"center center","background-size":"auto","background-attachment":"scroll","background-type":"","background-media":"","overlay-type":"","overlay-color":"","overlay-opacity":"","overlay-gradient":""},"tablet":{"background-color":"","background-image":"","background-repeat":"repeat","background-position":"center center","background-size":"auto","background-attachment":"scroll","background-type":"","background-media":"","overlay-type":"","overlay-color":"","overlay-opacity":"","overlay-gradient":""},"mobile":{"background-color":"","background-image":"","background-repeat":"repeat","background-position":"center center","background-size":"auto","background-attachment":"scroll","background-type":"","background-media":"","overlay-type":"","overlay-color":"","overlay-opacity":"","overlay-gradient":""}},"ast-content-background-meta":{"desktop":{"background-color":"var(--ast-global-color-5)","background-image":"","background-repeat":"repeat","background-position":"center center","background-size":"auto","background-attachment":"scroll","background-type":"","background-media":"","overlay-type":"","overlay-color":"","overlay-opacity":"","overlay-gradient":""},"tablet":{"background-color":"var(--ast-global-color-5)","background-image":"","background-repeat":"repeat","background-position":"center center","background-size":"auto","background-attachment":"scroll","background-type":"","background-media":"","overlay-type":"","overlay-color":"","overlay-opacity":"","overlay-gradient":""},"mobile":{"background-color":"var(--ast-global-color-5)","background-image":"","background-repeat":"repeat","background-position":"center center","background-size":"auto","background-attachment":"scroll","background-type":"","background-media":"","overlay-type":"","overlay-color":"","overlay-opacity":"","overlay-gradient":""}},"footnotes":""},"class_list":["post-75","page","type-page","status-publish","hentry"],"post_mailing_queue_ids":[],"_links":{"self":[{"href":"https:\/\/agora.xtec.cat\/institutlesmargues\/wp-json\/wp\/v2\/pages\/75","targetHints":{"allow":["GET"]}}],"collection":[{"href":"https:\/\/agora.xtec.cat\/institutlesmargues\/wp-json\/wp\/v2\/pages"}],"about":[{"href":"https:\/\/agora.xtec.cat\/institutlesmargues\/wp-json\/wp\/v2\/types\/page"}],"author":[{"embeddable":true,"href":"https:\/\/agora.xtec.cat\/institutlesmargues\/wp-json\/wp\/v2\/users\/1"}],"replies":[{"embeddable":true,"href":"https:\/\/agora.xtec.cat\/institutlesmargues\/wp-json\/wp\/v2\/comments?post=75"}],"version-history":[{"count":6,"href":"https:\/\/agora.xtec.cat\/institutlesmargues\/wp-json\/wp\/v2\/pages\/75\/revisions"}],"predecessor-version":[{"id":6724,"href":"https:\/\/agora.xtec.cat\/institutlesmargues\/wp-json\/wp\/v2\/pages\/75\/revisions\/6724"}],"up":[{"embeddable":true,"href":"https:\/\/agora.xtec.cat\/institutlesmargues\/wp-json\/wp\/v2\/pages\/2345"}],"wp:attachment":[{"href":"https:\/\/agora.xtec.cat\/institutlesmargues\/wp-json\/wp\/v2\/media?parent=75"}],"curies":[{"name":"wp","href":"https:\/\/api.w.org\/{rel}","templated":true}]}}