{"id":7171,"date":"2025-02-27T14:01:47","date_gmt":"2025-02-27T13:01:47","guid":{"rendered":"https:\/\/agora.xtec.cat\/institutlesmargues\/?page_id=7171"},"modified":"2025-02-27T14:15:56","modified_gmt":"2025-02-27T13:15:56","slug":"sortides-sense-pernoctacio","status":"publish","type":"page","link":"https:\/\/agora.xtec.cat\/institutlesmargues\/sortides-sense-pernoctacio\/","title":{"rendered":"Sortides sense pernoctaci\u00f3"},"content":{"rendered":"<table style=\"border-collapse: collapse; width: 103.376%;\">\n<tbody>\n<tr>\n<td style=\"width: 8.33335%;\"><\/td>\n<td style=\"width: 8.33335%;\">1r ESO<\/td>\n<td style=\"width: 16.6667%;\">2n ESO<\/td>\n<td style=\"width: 16.6667%;\">3r ESO<\/td>\n<td style=\"width: 16.6667%;\">4t ESO<\/td>\n<td style=\"width: 16.6667%;\">1r batx<\/td>\n<td style=\"width: 16.6667%;\">2n batx<\/td>\n<\/tr>\n<tr>\n<td style=\"width: 8.33335%;\">1r trimestre<\/td>\n<td style=\"width: 8.33335%;\">Sortida de cohesi\u00f3:<\/p>\n<p>Projecte Cims<\/p>\n<p>Bellmunt<\/td>\n<td style=\"width: 16.6667%;\">Sortida de cohesi\u00f3:<\/p>\n<p>Projecte Cims<\/p>\n<p>Creu de Gurb<\/td>\n<td style=\"width: 16.6667%;\">Sortida de cohesi\u00f3:<\/p>\n<p>Projecte Cims<\/p>\n<p>Matagalls<\/td>\n<td style=\"width: 16.6667%;\">Sortida de cohesi\u00f3:<\/p>\n<p>Projecte Cims<\/p>\n<p>Puigsacalm<\/td>\n<td style=\"width: 16.6667%;\">Sortida de cohesi\u00f3:<\/p>\n<p>Projecte Cims<\/p>\n<p>___________<\/p>\n<p>Tecnocampus<\/td>\n<td style=\"width: 16.6667%;\">Sortida de cohesi\u00f3:<\/p>\n<p>Projecte Cims<\/p>\n<p>&nbsp;<\/td>\n<\/tr>\n<tr>\n<td style=\"width: 8.33335%;\">2n trimestre<\/td>\n<td style=\"width: 8.33335%;\">Interescolar Atletisme<\/td>\n<td style=\"width: 16.6667%;\">Interescolar. Activitats cooperatives<\/td>\n<td style=\"width: 16.6667%;\">Interescolar Rugby<\/td>\n<td style=\"width: 16.6667%;\">Interescolar Korfball<\/p>\n<p>_________<\/p>\n<p>C\u00e0psula<\/td>\n<td style=\"width: 16.6667%;\">\u00a0Interescolar Multiesport<\/p>\n<p>___________<\/p>\n<p>UVic (Biologia)<\/p>\n<p>___________<\/p>\n<p>Tallers UVic + orientaci\u00f3 universit\u00e0ria<\/td>\n<td style=\"width: 16.6667%;\">Portes Obertes UAB<\/p>\n<p>_________<\/p>\n<p>UVic (Biologia)<\/td>\n<\/tr>\n<tr>\n<td style=\"width: 8.33335%;\">3r trimestre<\/td>\n<td style=\"width: 8.33335%;\">Sant Joan de les Abadesses &#8211; anellament (Biologia)<\/td>\n<td style=\"width: 16.6667%;\"><\/td>\n<td style=\"width: 16.6667%;\">Mar i cel &#8211; Teatre Vict\u00f2ria (Barcelona)<\/td>\n<td style=\"width: 16.6667%;\">Indoorwall<\/p>\n<p>_________<\/p>\n<p>Mar i cel &#8211; Teatre Vict\u00f2ria (Barcelona)<\/td>\n<td style=\"width: 16.6667%;\">ExpoJove Girona<\/p>\n<p>___________<\/p>\n<p>Mar i cel &#8211; Teatre Vict\u00f2ria (Barcelona)<\/p>\n<p>___________<\/p>\n<p>Teatre en castell\u00e0. Auditori Calldetenes<\/td>\n<td style=\"width: 16.6667%;\">&nbsp;<\/p>\n<p>Sal\u00f3 de l&#8217;Ensenyament<\/p>\n<p>____________<\/p>\n<p>Mar i cel &#8211; Teatre Vict\u00f2ria (Barcelona)<\/p>\n<p>_____________<\/p>\n<p>Teatre en castell\u00e0. Auditori Calldetenes<\/td>\n<\/tr>\n<tr>\n<td style=\"width: 8.33335%;\">Darrera setmana de curs<\/td>\n<td style=\"width: 8.33335%;\">Piscina<\/td>\n<td style=\"width: 16.6667%;\">Piscina<\/td>\n<td style=\"width: 16.6667%;\">Piscina<\/td>\n<td style=\"width: 16.6667%;\">Piscina<\/td>\n<td style=\"width: 16.6667%;\"><\/td>\n<td style=\"width: 16.6667%;\"><\/td>\n<\/tr>\n<\/tbody>\n<\/table>\n","protected":false},"excerpt":{"rendered":"<p>1r ESO 2n ESO 3r ESO 4t ESO 1r batx 2n batx 1r trimestre Sortida de cohesi\u00f3: Projecte Cims Bellmunt Sortida de cohesi\u00f3: Projecte Cims Creu de Gurb Sortida de cohesi\u00f3: Projecte Cims Matagalls Sortida de cohesi\u00f3: Projecte Cims Puigsacalm Sortida de cohesi\u00f3: Projecte Cims ___________ Tecnocampus Sortida de cohesi\u00f3: Projecte Cims &nbsp; 2n trimestre [&hellip;]<\/p>\n","protected":false},"author":1,"featured_media":0,"parent":0,"menu_order":0,"comment_status":"closed","ping_status":"closed","template":"","meta":{"_bbp_topic_count":0,"_bbp_reply_count":0,"_bbp_total_topic_count":0,"_bbp_total_reply_count":0,"_bbp_voice_count":0,"_bbp_anonymous_reply_count":0,"_bbp_topic_count_hidden":0,"_bbp_reply_count_hidden":0,"_bbp_forum_subforum_count":0,"site-sidebar-layout":"default","site-content-layout":"","ast-site-content-layout":"","site-content-style":"default","site-sidebar-style":"default","ast-global-header-display":"","ast-banner-title-visibility":"","ast-main-header-display":"","ast-hfb-above-header-display":"","ast-hfb-below-header-display":"","ast-hfb-mobile-header-display":"","site-post-title":"","ast-breadcrumbs-content":"","ast-featured-img":"","footer-sml-layout":"","theme-transparent-header-meta":"","adv-header-id-meta":"","stick-header-meta":"","header-above-stick-meta":"","header-main-stick-meta":"","header-below-stick-meta":"","astra-migrate-meta-layouts":"default","ast-page-background-enabled":"default","ast-page-background-meta":{"desktop":{"background-color":"var(--ast-global-color-4)","background-image":"","background-repeat":"repeat","background-position":"center center","background-size":"auto","background-attachment":"scroll","background-type":"","background-media":"","overlay-type":"","overlay-color":"","overlay-opacity":"","overlay-gradient":""},"tablet":{"background-color":"","background-image":"","background-repeat":"repeat","background-position":"center center","background-size":"auto","background-attachment":"scroll","background-type":"","background-media":"","overlay-type":"","overlay-color":"","overlay-opacity":"","overlay-gradient":""},"mobile":{"background-color":"","background-image":"","background-repeat":"repeat","background-position":"center center","background-size":"auto","background-attachment":"scroll","background-type":"","background-media":"","overlay-type":"","overlay-color":"","overlay-opacity":"","overlay-gradient":""}},"ast-content-background-meta":{"desktop":{"background-color":"var(--ast-global-color-5)","background-image":"","background-repeat":"repeat","background-position":"center center","background-size":"auto","background-attachment":"scroll","background-type":"","background-media":"","overlay-type":"","overlay-color":"","overlay-opacity":"","overlay-gradient":""},"tablet":{"background-color":"var(--ast-global-color-5)","background-image":"","background-repeat":"repeat","background-position":"center center","background-size":"auto","background-attachment":"scroll","background-type":"","background-media":"","overlay-type":"","overlay-color":"","overlay-opacity":"","overlay-gradient":""},"mobile":{"background-color":"var(--ast-global-color-5)","background-image":"","background-repeat":"repeat","background-position":"center center","background-size":"auto","background-attachment":"scroll","background-type":"","background-media":"","overlay-type":"","overlay-color":"","overlay-opacity":"","overlay-gradient":""}},"footnotes":""},"class_list":["post-7171","page","type-page","status-publish","hentry"],"post_mailing_queue_ids":[],"_links":{"self":[{"href":"https:\/\/agora.xtec.cat\/institutlesmargues\/wp-json\/wp\/v2\/pages\/7171","targetHints":{"allow":["GET"]}}],"collection":[{"href":"https:\/\/agora.xtec.cat\/institutlesmargues\/wp-json\/wp\/v2\/pages"}],"about":[{"href":"https:\/\/agora.xtec.cat\/institutlesmargues\/wp-json\/wp\/v2\/types\/page"}],"author":[{"embeddable":true,"href":"https:\/\/agora.xtec.cat\/institutlesmargues\/wp-json\/wp\/v2\/users\/1"}],"replies":[{"embeddable":true,"href":"https:\/\/agora.xtec.cat\/institutlesmargues\/wp-json\/wp\/v2\/comments?post=7171"}],"version-history":[{"count":5,"href":"https:\/\/agora.xtec.cat\/institutlesmargues\/wp-json\/wp\/v2\/pages\/7171\/revisions"}],"predecessor-version":[{"id":7178,"href":"https:\/\/agora.xtec.cat\/institutlesmargues\/wp-json\/wp\/v2\/pages\/7171\/revisions\/7178"}],"wp:attachment":[{"href":"https:\/\/agora.xtec.cat\/institutlesmargues\/wp-json\/wp\/v2\/media?parent=7171"}],"curies":[{"name":"wp","href":"https:\/\/api.w.org\/{rel}","templated":true}]}}