{"id":7134,"date":"2025-02-21T13:22:41","date_gmt":"2025-02-21T12:22:41","guid":{"rendered":"https:\/\/agora.xtec.cat\/institutlesmargues\/?page_id=7134"},"modified":"2025-05-05T12:39:46","modified_gmt":"2025-05-05T10:39:46","slug":"pressupost","status":"publish","type":"page","link":"https:\/\/agora.xtec.cat\/institutlesmargues\/pressupost\/","title":{"rendered":"Pressupost"},"content":{"rendered":"<div class=\"adn ads\" data-message-id=\"#msg-f:1824669847813799303\" data-legacy-message-id=\"1952878f1f4ebd87\">\n<div class=\"gs\">\n<div class=\"\">\n<div id=\":mb\" class=\"ii gt\">\n<div id=\":mc\" class=\"a3s aiL \">\n<div dir=\"ltr\">\n<p style=\"text-align: justify;\">D\u2019acord amb la normativa en mat\u00e8ria de\u00a0transpar\u00e8ncia i acc\u00e9s a la informaci\u00f3 p\u00fablica,\u00a0 en aquest apartat hi trobareu el pressupost vigent.<\/p>\n<p style=\"text-align: justify;\">El pressupost est\u00e0 subjecte a modificacions al llarg del curs que s\u2019aproven per consell escolar de centre.<\/p>\n<p style=\"text-align: justify;\"><a href=\"https:\/\/agora.xtec.cat\/institutlesmargues\/wp-content\/uploads\/usu540\/2025\/05\/Pressupost-aprovat-2025.pdf\" target=\"_blank\" rel=\"noopener\">Dades del pressupost 2025 aprovat el 31 de gener de 2025.<\/a><\/p>\n<p style=\"text-align: justify;\"><a href=\"https:\/\/agora.xtec.cat\/institutlesmargues\/wp-content\/uploads\/usu540\/2025\/05\/Liquidacio-pressupost-2024.pdf\" target=\"_blank\" rel=\"noopener\">Liquidaci\u00f3 del pressupost 2024 aprovat el 31 de gener de 2025.<\/a><\/p>\n<\/div>\n<div class=\"yj6qo\"><\/div>\n<div class=\"adL\"><\/div>\n<\/div>\n<\/div>\n<div class=\"WhmR8e\" data-hash=\"0\"><\/div>\n<\/div>\n<\/div>\n<div class=\"ajx\"><\/div>\n<\/div>\n<div class=\"gA gt acV\">\n<div class=\"gB xu\">\n<div class=\"ip iq\"><\/div>\n<\/div>\n<\/div>\n","protected":false},"excerpt":{"rendered":"<p>D\u2019acord amb la normativa en mat\u00e8ria de\u00a0transpar\u00e8ncia i acc\u00e9s a la informaci\u00f3 p\u00fablica,\u00a0 en aquest apartat hi trobareu el pressupost vigent. El pressupost est\u00e0 subjecte a modificacions al llarg del curs que s\u2019aproven per consell escolar de centre. Dades del pressupost 2025 aprovat el 31 de gener de 2025. Liquidaci\u00f3 del pressupost 2024 aprovat el [&hellip;]<\/p>\n","protected":false},"author":1,"featured_media":0,"parent":0,"menu_order":0,"comment_status":"closed","ping_status":"closed","template":"","meta":{"_bbp_topic_count":0,"_bbp_reply_count":0,"_bbp_total_topic_count":0,"_bbp_total_reply_count":0,"_bbp_voice_count":0,"_bbp_anonymous_reply_count":0,"_bbp_topic_count_hidden":0,"_bbp_reply_count_hidden":0,"_bbp_forum_subforum_count":0,"site-sidebar-layout":"default","site-content-layout":"","ast-site-content-layout":"","site-content-style":"default","site-sidebar-style":"default","ast-global-header-display":"","ast-banner-title-visibility":"","ast-main-header-display":"","ast-hfb-above-header-display":"","ast-hfb-below-header-display":"","ast-hfb-mobile-header-display":"","site-post-title":"","ast-breadcrumbs-content":"","ast-featured-img":"","footer-sml-layout":"","theme-transparent-header-meta":"","adv-header-id-meta":"","stick-header-meta":"","header-above-stick-meta":"","header-main-stick-meta":"","header-below-stick-meta":"","astra-migrate-meta-layouts":"default","ast-page-background-enabled":"default","ast-page-background-meta":{"desktop":{"background-color":"var(--ast-global-color-4)","background-image":"","background-repeat":"repeat","background-position":"center center","background-size":"auto","background-attachment":"scroll","background-type":"","background-media":"","overlay-type":"","overlay-color":"","overlay-opacity":"","overlay-gradient":""},"tablet":{"background-color":"","background-image":"","background-repeat":"repeat","background-position":"center center","background-size":"auto","background-attachment":"scroll","background-type":"","background-media":"","overlay-type":"","overlay-color":"","overlay-opacity":"","overlay-gradient":""},"mobile":{"background-color":"","background-image":"","background-repeat":"repeat","background-position":"center center","background-size":"auto","background-attachment":"scroll","background-type":"","background-media":"","overlay-type":"","overlay-color":"","overlay-opacity":"","overlay-gradient":""}},"ast-content-background-meta":{"desktop":{"background-color":"var(--ast-global-color-5)","background-image":"","background-repeat":"repeat","background-position":"center center","background-size":"auto","background-attachment":"scroll","background-type":"","background-media":"","overlay-type":"","overlay-color":"","overlay-opacity":"","overlay-gradient":""},"tablet":{"background-color":"var(--ast-global-color-5)","background-image":"","background-repeat":"repeat","background-position":"center center","background-size":"auto","background-attachment":"scroll","background-type":"","background-media":"","overlay-type":"","overlay-color":"","overlay-opacity":"","overlay-gradient":""},"mobile":{"background-color":"var(--ast-global-color-5)","background-image":"","background-repeat":"repeat","background-position":"center center","background-size":"auto","background-attachment":"scroll","background-type":"","background-media":"","overlay-type":"","overlay-color":"","overlay-opacity":"","overlay-gradient":""}},"footnotes":""},"class_list":["post-7134","page","type-page","status-publish","hentry"],"post_mailing_queue_ids":[],"_links":{"self":[{"href":"https:\/\/agora.xtec.cat\/institutlesmargues\/wp-json\/wp\/v2\/pages\/7134","targetHints":{"allow":["GET"]}}],"collection":[{"href":"https:\/\/agora.xtec.cat\/institutlesmargues\/wp-json\/wp\/v2\/pages"}],"about":[{"href":"https:\/\/agora.xtec.cat\/institutlesmargues\/wp-json\/wp\/v2\/types\/page"}],"author":[{"embeddable":true,"href":"https:\/\/agora.xtec.cat\/institutlesmargues\/wp-json\/wp\/v2\/users\/1"}],"replies":[{"embeddable":true,"href":"https:\/\/agora.xtec.cat\/institutlesmargues\/wp-json\/wp\/v2\/comments?post=7134"}],"version-history":[{"count":5,"href":"https:\/\/agora.xtec.cat\/institutlesmargues\/wp-json\/wp\/v2\/pages\/7134\/revisions"}],"predecessor-version":[{"id":7331,"href":"https:\/\/agora.xtec.cat\/institutlesmargues\/wp-json\/wp\/v2\/pages\/7134\/revisions\/7331"}],"wp:attachment":[{"href":"https:\/\/agora.xtec.cat\/institutlesmargues\/wp-json\/wp\/v2\/media?parent=7134"}],"curies":[{"name":"wp","href":"https:\/\/api.w.org\/{rel}","templated":true}]}}