{"id":7102,"date":"2025-02-16T08:54:18","date_gmt":"2025-02-16T07:54:18","guid":{"rendered":"https:\/\/agora.xtec.cat\/institutlesmargues\/?page_id=7102"},"modified":"2025-03-14T12:55:19","modified_gmt":"2025-03-14T11:55:19","slug":"projectes-dinnovacio-danys-anteriors","status":"publish","type":"page","link":"https:\/\/agora.xtec.cat\/institutlesmargues\/projectes-dinnovacio-danys-anteriors\/","title":{"rendered":"Programes i projectes d&#8217;innovaci\u00f3 d&#8217;anys anteriors"},"content":{"rendered":"<ul>\n<li><a href=\"https:\/\/agora.xtec.cat\/institutlesmargues\/projecte-educatiu\/projecte-cristal%c2%b7litzacio\/\" target=\"_blank\" rel=\"noopener\">Programa Cristal\u00b7litzaci\u00f3<\/a><\/li>\n<li><a href=\"https:\/\/agora.xtec.cat\/institutlesmargues\/projecte-educatiu\/etwinning-2\/\" target=\"_blank\" rel=\"noopener\">e-Twinning<\/a><\/li>\n<li><a href=\"https:\/\/agora.xtec.cat\/institutlesmargues\/projecte-educatiu\/xarxa-de-competencies-basiques\/\" target=\"_blank\" rel=\"noopener\">Xarxa compet\u00e8ncies<\/a><\/li>\n<li><a href=\"https:\/\/agora.xtec.cat\/institutlesmargues\/projecte-educatiu\/programa-dinnovacio-pedagogica-recerca-creacio-i-servei\/\" target=\"_blank\" rel=\"noopener\">Recerca, creaci\u00f3 i servei<\/a><\/li>\n<li><a href=\"https:\/\/agora.xtec.cat\/institutlesmargues\/aquiproubullying\/\" target=\"_blank\" rel=\"noopener\">#aqu\u00edproubullying<\/a><\/li>\n<li><a href=\"https:\/\/agora.xtec.cat\/institutlesmargues\/steamcat-2\/\" target=\"_blank\" rel=\"noopener\">STEAMCAT<\/a><\/li>\n<li>Art i Escola<\/li>\n<\/ul>\n","protected":false},"excerpt":{"rendered":"<p>Programa Cristal\u00b7litzaci\u00f3 e-Twinning Xarxa compet\u00e8ncies Recerca, creaci\u00f3 i servei #aqu\u00edproubullying STEAMCAT Art i Escola<\/p>\n","protected":false},"author":1,"featured_media":0,"parent":0,"menu_order":0,"comment_status":"closed","ping_status":"closed","template":"","meta":{"_bbp_topic_count":0,"_bbp_reply_count":0,"_bbp_total_topic_count":0,"_bbp_total_reply_count":0,"_bbp_voice_count":0,"_bbp_anonymous_reply_count":0,"_bbp_topic_count_hidden":0,"_bbp_reply_count_hidden":0,"_bbp_forum_subforum_count":0,"site-sidebar-layout":"default","site-content-layout":"","ast-site-content-layout":"","site-content-style":"default","site-sidebar-style":"default","ast-global-header-display":"","ast-banner-title-visibility":"","ast-main-header-display":"","ast-hfb-above-header-display":"","ast-hfb-below-header-display":"","ast-hfb-mobile-header-display":"","site-post-title":"","ast-breadcrumbs-content":"","ast-featured-img":"","footer-sml-layout":"","theme-transparent-header-meta":"","adv-header-id-meta":"","stick-header-meta":"","header-above-stick-meta":"","header-main-stick-meta":"","header-below-stick-meta":"","astra-migrate-meta-layouts":"default","ast-page-background-enabled":"default","ast-page-background-meta":{"desktop":{"background-color":"var(--ast-global-color-4)","background-image":"","background-repeat":"repeat","background-position":"center center","background-size":"auto","background-attachment":"scroll","background-type":"","background-media":"","overlay-type":"","overlay-color":"","overlay-opacity":"","overlay-gradient":""},"tablet":{"background-color":"","background-image":"","background-repeat":"repeat","background-position":"center center","background-size":"auto","background-attachment":"scroll","background-type":"","background-media":"","overlay-type":"","overlay-color":"","overlay-opacity":"","overlay-gradient":""},"mobile":{"background-color":"","background-image":"","background-repeat":"repeat","background-position":"center center","background-size":"auto","background-attachment":"scroll","background-type":"","background-media":"","overlay-type":"","overlay-color":"","overlay-opacity":"","overlay-gradient":""}},"ast-content-background-meta":{"desktop":{"background-color":"var(--ast-global-color-5)","background-image":"","background-repeat":"repeat","background-position":"center center","background-size":"auto","background-attachment":"scroll","background-type":"","background-media":"","overlay-type":"","overlay-color":"","overlay-opacity":"","overlay-gradient":""},"tablet":{"background-color":"var(--ast-global-color-5)","background-image":"","background-repeat":"repeat","background-position":"center center","background-size":"auto","background-attachment":"scroll","background-type":"","background-media":"","overlay-type":"","overlay-color":"","overlay-opacity":"","overlay-gradient":""},"mobile":{"background-color":"var(--ast-global-color-5)","background-image":"","background-repeat":"repeat","background-position":"center center","background-size":"auto","background-attachment":"scroll","background-type":"","background-media":"","overlay-type":"","overlay-color":"","overlay-opacity":"","overlay-gradient":""}},"footnotes":""},"class_list":["post-7102","page","type-page","status-publish","hentry"],"post_mailing_queue_ids":[],"_links":{"self":[{"href":"https:\/\/agora.xtec.cat\/institutlesmargues\/wp-json\/wp\/v2\/pages\/7102","targetHints":{"allow":["GET"]}}],"collection":[{"href":"https:\/\/agora.xtec.cat\/institutlesmargues\/wp-json\/wp\/v2\/pages"}],"about":[{"href":"https:\/\/agora.xtec.cat\/institutlesmargues\/wp-json\/wp\/v2\/types\/page"}],"author":[{"embeddable":true,"href":"https:\/\/agora.xtec.cat\/institutlesmargues\/wp-json\/wp\/v2\/users\/1"}],"replies":[{"embeddable":true,"href":"https:\/\/agora.xtec.cat\/institutlesmargues\/wp-json\/wp\/v2\/comments?post=7102"}],"version-history":[{"count":6,"href":"https:\/\/agora.xtec.cat\/institutlesmargues\/wp-json\/wp\/v2\/pages\/7102\/revisions"}],"predecessor-version":[{"id":7209,"href":"https:\/\/agora.xtec.cat\/institutlesmargues\/wp-json\/wp\/v2\/pages\/7102\/revisions\/7209"}],"wp:attachment":[{"href":"https:\/\/agora.xtec.cat\/institutlesmargues\/wp-json\/wp\/v2\/media?parent=7102"}],"curies":[{"name":"wp","href":"https:\/\/api.w.org\/{rel}","templated":true}]}}