{"id":7060,"date":"2025-02-11T18:15:49","date_gmt":"2025-02-11T17:15:49","guid":{"rendered":"https:\/\/agora.xtec.cat\/institutlesmargues\/?page_id=7060"},"modified":"2025-02-11T18:15:49","modified_gmt":"2025-02-11T17:15:49","slug":"protocol-de-comunicacio","status":"publish","type":"page","link":"https:\/\/agora.xtec.cat\/institutlesmargues\/protocol-de-comunicacio\/","title":{"rendered":"Protocol de comunicaci\u00f3"},"content":{"rendered":"<p style=\"text-align: justify;\">Per tal de facilitar la gesti\u00f3 dels correus electr\u00f2nics, caldria enviar els correus al centre de la seg\u00fcent manera:<\/p>\n<p><b><u>Assumpte:<\/u><\/b>\u00a0tema del correu electr\u00f2nic (per exemple: entrevista tutor, dubte sobre la sortida amb pernoctaci\u00f3&#8230;)<\/p>\n<p><b><u>Signatura:<\/u><\/b>\u00a0identificar-se com a pare, mare, tutor legal de l&#8217;alumne\/a i el curs que est\u00e0 cursant.<\/p>\n<p><span style=\"font-family: inherit; font-size: 1em;\">Aprofitem tamb\u00e9 per recordar els passos a seguir per comunicar-se amb el personal del centre:<\/span><\/p>\n<div>\n<div><a href=\"https:\/\/agora.xtec.cat\/institutlesmargues\/wp-content\/uploads\/usu540\/2025\/02\/Comunicacio-families.png\"><img loading=\"lazy\" decoding=\"async\" class=\"alignleft size-medium wp-image-7061\" src=\"https:\/\/agora.xtec.cat\/institutlesmargues\/wp-content\/uploads\/usu540\/2025\/02\/Comunicacio-families-300x216.png\" alt=\"\" width=\"300\" height=\"216\" srcset=\"https:\/\/agora.xtec.cat\/institutlesmargues\/wp-content\/uploads\/usu540\/2025\/02\/Comunicacio-families-300x216.png 300w, https:\/\/agora.xtec.cat\/institutlesmargues\/wp-content\/uploads\/usu540\/2025\/02\/Comunicacio-families-1024x737.png 1024w, https:\/\/agora.xtec.cat\/institutlesmargues\/wp-content\/uploads\/usu540\/2025\/02\/Comunicacio-families-768x553.png 768w, https:\/\/agora.xtec.cat\/institutlesmargues\/wp-content\/uploads\/usu540\/2025\/02\/Comunicacio-families.png 1472w\" sizes=\"auto, (max-width: 300px) 100vw, 300px\" \/><\/a><\/div>\n<\/div>\n","protected":false},"excerpt":{"rendered":"<p>Per tal de facilitar la gesti\u00f3 dels correus electr\u00f2nics, caldria enviar els correus al centre de la seg\u00fcent manera: Assumpte:\u00a0tema del correu electr\u00f2nic (per exemple: entrevista tutor, dubte sobre la sortida amb pernoctaci\u00f3&#8230;) Signatura:\u00a0identificar-se com a pare, mare, tutor legal de l&#8217;alumne\/a i el curs que est\u00e0 cursant. Aprofitem tamb\u00e9 per recordar els passos a [&hellip;]<\/p>\n","protected":false},"author":1,"featured_media":0,"parent":0,"menu_order":0,"comment_status":"closed","ping_status":"closed","template":"","meta":{"_bbp_topic_count":0,"_bbp_reply_count":0,"_bbp_total_topic_count":0,"_bbp_total_reply_count":0,"_bbp_voice_count":0,"_bbp_anonymous_reply_count":0,"_bbp_topic_count_hidden":0,"_bbp_reply_count_hidden":0,"_bbp_forum_subforum_count":0,"site-sidebar-layout":"default","site-content-layout":"","ast-site-content-layout":"","site-content-style":"default","site-sidebar-style":"default","ast-global-header-display":"","ast-banner-title-visibility":"","ast-main-header-display":"","ast-hfb-above-header-display":"","ast-hfb-below-header-display":"","ast-hfb-mobile-header-display":"","site-post-title":"","ast-breadcrumbs-content":"","ast-featured-img":"","footer-sml-layout":"","theme-transparent-header-meta":"","adv-header-id-meta":"","stick-header-meta":"","header-above-stick-meta":"","header-main-stick-meta":"","header-below-stick-meta":"","astra-migrate-meta-layouts":"default","ast-page-background-enabled":"default","ast-page-background-meta":{"desktop":{"background-color":"var(--ast-global-color-4)","background-image":"","background-repeat":"repeat","background-position":"center center","background-size":"auto","background-attachment":"scroll","background-type":"","background-media":"","overlay-type":"","overlay-color":"","overlay-opacity":"","overlay-gradient":""},"tablet":{"background-color":"","background-image":"","background-repeat":"repeat","background-position":"center center","background-size":"auto","background-attachment":"scroll","background-type":"","background-media":"","overlay-type":"","overlay-color":"","overlay-opacity":"","overlay-gradient":""},"mobile":{"background-color":"","background-image":"","background-repeat":"repeat","background-position":"center center","background-size":"auto","background-attachment":"scroll","background-type":"","background-media":"","overlay-type":"","overlay-color":"","overlay-opacity":"","overlay-gradient":""}},"ast-content-background-meta":{"desktop":{"background-color":"var(--ast-global-color-5)","background-image":"","background-repeat":"repeat","background-position":"center center","background-size":"auto","background-attachment":"scroll","background-type":"","background-media":"","overlay-type":"","overlay-color":"","overlay-opacity":"","overlay-gradient":""},"tablet":{"background-color":"var(--ast-global-color-5)","background-image":"","background-repeat":"repeat","background-position":"center center","background-size":"auto","background-attachment":"scroll","background-type":"","background-media":"","overlay-type":"","overlay-color":"","overlay-opacity":"","overlay-gradient":""},"mobile":{"background-color":"var(--ast-global-color-5)","background-image":"","background-repeat":"repeat","background-position":"center center","background-size":"auto","background-attachment":"scroll","background-type":"","background-media":"","overlay-type":"","overlay-color":"","overlay-opacity":"","overlay-gradient":""}},"footnotes":""},"class_list":["post-7060","page","type-page","status-publish","hentry"],"post_mailing_queue_ids":[],"_links":{"self":[{"href":"https:\/\/agora.xtec.cat\/institutlesmargues\/wp-json\/wp\/v2\/pages\/7060","targetHints":{"allow":["GET"]}}],"collection":[{"href":"https:\/\/agora.xtec.cat\/institutlesmargues\/wp-json\/wp\/v2\/pages"}],"about":[{"href":"https:\/\/agora.xtec.cat\/institutlesmargues\/wp-json\/wp\/v2\/types\/page"}],"author":[{"embeddable":true,"href":"https:\/\/agora.xtec.cat\/institutlesmargues\/wp-json\/wp\/v2\/users\/1"}],"replies":[{"embeddable":true,"href":"https:\/\/agora.xtec.cat\/institutlesmargues\/wp-json\/wp\/v2\/comments?post=7060"}],"version-history":[{"count":1,"href":"https:\/\/agora.xtec.cat\/institutlesmargues\/wp-json\/wp\/v2\/pages\/7060\/revisions"}],"predecessor-version":[{"id":7063,"href":"https:\/\/agora.xtec.cat\/institutlesmargues\/wp-json\/wp\/v2\/pages\/7060\/revisions\/7063"}],"wp:attachment":[{"href":"https:\/\/agora.xtec.cat\/institutlesmargues\/wp-json\/wp\/v2\/media?parent=7060"}],"curies":[{"name":"wp","href":"https:\/\/api.w.org\/{rel}","templated":true}]}}