{"id":7051,"date":"2025-02-11T17:56:15","date_gmt":"2025-02-11T16:56:15","guid":{"rendered":"https:\/\/agora.xtec.cat\/institutlesmargues\/?page_id=7051"},"modified":"2025-02-17T12:56:52","modified_gmt":"2025-02-17T11:56:52","slug":"eso","status":"publish","type":"page","link":"https:\/\/agora.xtec.cat\/institutlesmargues\/eso\/","title":{"rendered":"ESO"},"content":{"rendered":"<p style=\"text-align: justify;\"><span style=\"font-weight: 400;\">A l\u2019Institut Les Margues oferim una Educaci\u00f3 Secund\u00e0ria Obligat\u00f2ria de qualitat, din\u00e0mica i participativa, basada en l\u2019aprenentatge actiu i el creixement personal. Acompanyem l\u2019alumnat en el seu desenvolupament acad\u00e8mic i emocional, fomentant valors com l\u2019esfor\u00e7, la curiositat i la responsabilitat.\u00a0<\/span><\/p>\n<p style=\"text-align: justify;\"><span style=\"font-weight: 400;\">Oferim una atenci\u00f3 personalitzada en un entorn acollidor i motivador, fomentem la participaci\u00f3 activa i l\u2019autonomia dels nostres alumnes. Per aquest motiu, comptem amb desdoblaments en diverses mat\u00e8ries, que permeten treballar en grups redu\u00efts i millorar l\u2019atenci\u00f3 individualitzada. Aquest enfocament afavoreix la comprensi\u00f3 dels continguts i la consolidaci\u00f3 dels aprenentatges, adaptant-nos als diferents ritmes i necessitats de cada alumne.\u00a0<\/span><\/p>\n<p style=\"text-align: justify;\"><span style=\"font-weight: 400;\">Complementem la formaci\u00f3 acad\u00e8mica amb activitats culturals, esportives i de servei comunitari per potenciar el desenvolupament personal i social dels nostres estudiants. Amb aquest ensenyament proper i basat en valors podem preparar els nostres estudiants per cr\u00e9ixer acad\u00e8micament i personalment alhora que aprenen a afrontar amb seguretat els reptes d\u2019un futur ple d\u2019oportunitats.\u00a0<\/span><\/p>\n<p style=\"text-align: justify;\"><span style=\"font-weight: 400;\">A l\u2019Institut Les Margues, treballem per oferir una experi\u00e8ncia educativa enriquidora i motivadora, ajudant cada alumne a assolir el seu m\u00e0xim potencial.<\/span><\/p>\n<p><span style=\"font-weight: 400;\">Junts fem cam\u00ed cap al futur!<\/span><\/p>\n<p><a href=\"https:\/\/agora.xtec.cat\/institutlesmargues\/wp-content\/uploads\/usu540\/2025\/02\/Carta-de-compromis-educatiu_ESO.pdf\">Carta de comprom\u00eds educatiu_ESO<\/a><\/p>\n","protected":false},"excerpt":{"rendered":"<p>A l\u2019Institut Les Margues oferim una Educaci\u00f3 Secund\u00e0ria Obligat\u00f2ria de qualitat, din\u00e0mica i participativa, basada en l\u2019aprenentatge actiu i el creixement personal. Acompanyem l\u2019alumnat en el seu desenvolupament acad\u00e8mic i emocional, fomentant valors com l\u2019esfor\u00e7, la curiositat i la responsabilitat.\u00a0 Oferim una atenci\u00f3 personalitzada en un entorn acollidor i motivador, fomentem la participaci\u00f3 activa i [&hellip;]<\/p>\n","protected":false},"author":1,"featured_media":0,"parent":0,"menu_order":0,"comment_status":"closed","ping_status":"closed","template":"","meta":{"_bbp_topic_count":0,"_bbp_reply_count":0,"_bbp_total_topic_count":0,"_bbp_total_reply_count":0,"_bbp_voice_count":0,"_bbp_anonymous_reply_count":0,"_bbp_topic_count_hidden":0,"_bbp_reply_count_hidden":0,"_bbp_forum_subforum_count":0,"site-sidebar-layout":"default","site-content-layout":"","ast-site-content-layout":"","site-content-style":"default","site-sidebar-style":"default","ast-global-header-display":"","ast-banner-title-visibility":"","ast-main-header-display":"","ast-hfb-above-header-display":"","ast-hfb-below-header-display":"","ast-hfb-mobile-header-display":"","site-post-title":"","ast-breadcrumbs-content":"","ast-featured-img":"","footer-sml-layout":"","theme-transparent-header-meta":"","adv-header-id-meta":"","stick-header-meta":"","header-above-stick-meta":"","header-main-stick-meta":"","header-below-stick-meta":"","astra-migrate-meta-layouts":"default","ast-page-background-enabled":"default","ast-page-background-meta":{"desktop":{"background-color":"var(--ast-global-color-4)","background-image":"","background-repeat":"repeat","background-position":"center center","background-size":"auto","background-attachment":"scroll","background-type":"","background-media":"","overlay-type":"","overlay-color":"","overlay-opacity":"","overlay-gradient":""},"tablet":{"background-color":"","background-image":"","background-repeat":"repeat","background-position":"center center","background-size":"auto","background-attachment":"scroll","background-type":"","background-media":"","overlay-type":"","overlay-color":"","overlay-opacity":"","overlay-gradient":""},"mobile":{"background-color":"","background-image":"","background-repeat":"repeat","background-position":"center center","background-size":"auto","background-attachment":"scroll","background-type":"","background-media":"","overlay-type":"","overlay-color":"","overlay-opacity":"","overlay-gradient":""}},"ast-content-background-meta":{"desktop":{"background-color":"var(--ast-global-color-5)","background-image":"","background-repeat":"repeat","background-position":"center center","background-size":"auto","background-attachment":"scroll","background-type":"","background-media":"","overlay-type":"","overlay-color":"","overlay-opacity":"","overlay-gradient":""},"tablet":{"background-color":"var(--ast-global-color-5)","background-image":"","background-repeat":"repeat","background-position":"center center","background-size":"auto","background-attachment":"scroll","background-type":"","background-media":"","overlay-type":"","overlay-color":"","overlay-opacity":"","overlay-gradient":""},"mobile":{"background-color":"var(--ast-global-color-5)","background-image":"","background-repeat":"repeat","background-position":"center center","background-size":"auto","background-attachment":"scroll","background-type":"","background-media":"","overlay-type":"","overlay-color":"","overlay-opacity":"","overlay-gradient":""}},"footnotes":""},"class_list":["post-7051","page","type-page","status-publish","hentry"],"post_mailing_queue_ids":[],"_links":{"self":[{"href":"https:\/\/agora.xtec.cat\/institutlesmargues\/wp-json\/wp\/v2\/pages\/7051","targetHints":{"allow":["GET"]}}],"collection":[{"href":"https:\/\/agora.xtec.cat\/institutlesmargues\/wp-json\/wp\/v2\/pages"}],"about":[{"href":"https:\/\/agora.xtec.cat\/institutlesmargues\/wp-json\/wp\/v2\/types\/page"}],"author":[{"embeddable":true,"href":"https:\/\/agora.xtec.cat\/institutlesmargues\/wp-json\/wp\/v2\/users\/1"}],"replies":[{"embeddable":true,"href":"https:\/\/agora.xtec.cat\/institutlesmargues\/wp-json\/wp\/v2\/comments?post=7051"}],"version-history":[{"count":6,"href":"https:\/\/agora.xtec.cat\/institutlesmargues\/wp-json\/wp\/v2\/pages\/7051\/revisions"}],"predecessor-version":[{"id":7116,"href":"https:\/\/agora.xtec.cat\/institutlesmargues\/wp-json\/wp\/v2\/pages\/7051\/revisions\/7116"}],"wp:attachment":[{"href":"https:\/\/agora.xtec.cat\/institutlesmargues\/wp-json\/wp\/v2\/media?parent=7051"}],"curies":[{"name":"wp","href":"https:\/\/api.w.org\/{rel}","templated":true}]}}