{"id":65,"date":"2014-09-18T10:12:22","date_gmt":"2014-09-18T10:12:22","guid":{"rendered":"http:\/\/agora.xtec.cat\/institutlesmargues\/?page_id=65"},"modified":"2020-09-02T10:52:28","modified_gmt":"2020-09-02T08:52:28","slug":"serveis-digitals","status":"publish","type":"page","link":"https:\/\/agora.xtec.cat\/institutlesmargues\/serveis\/serveis-digitals\/","title":{"rendered":"Serveis digitals"},"content":{"rendered":"<p><strong><u>Comunicaci\u00f3 i Xarxes Socials<\/u><\/strong><\/p>\n<p>L\u2019institut disposa d\u2019un espai web d\u2019Xtec-\u00c0gora, d\u2019acc\u00e9s p\u00fablic adre\u00e7at amb el domini <a href=\"http:\/\/agora.xtec.cat\/institutlesmargues\/\">http:\/\/agora.xtec.cat\/institutlesmargues\/<\/a>, que el representa a la xarxa i serveix de portal de comunicaci\u00f3 i informaci\u00f3 a la seva comunitat educativa.<\/p>\n<p>Tamb\u00e9 disposa d\u2019un compte a Twitter, on es publiquen les informacions immediates i tamb\u00e9 activitats i sortides realitzades amb els diferents grups-classe. L\u2019adre\u00e7a \u00e9s <a href=\"https:\/\/twitter.com\/MarguesSi\">https:\/\/twitter.com\/MarguesSi<\/a><\/p>\n<p>L\u2019aplicaci\u00f3 i-Educa (<a href=\"https:\/\/login.ieduca.com\/\">https:\/\/login.ieduca.com\/<\/a><span style=\"font-family: inherit; font-size: 1em;\">) \u00e9s la plataforma utilitzada per establir una via de comunicaci\u00f3 entre els professors-tutors-fam\u00edlies que permeten efectuar la gesti\u00f3 de comunicaci\u00f3 entre centre i fam\u00edlies, tutor i fam\u00edlies: faltes d\u2019assist\u00e8ncia, observacions, incid\u00e8ncies, missatges, informaci\u00f3 de sortides\u2026<\/span><\/p>\n<p>Tamb\u00e9 la gesti\u00f3 de recursos del centre per als professors (reserva d\u2019aules, de material, correu intern\u2026).<\/p>\n<p>Tamb\u00e9 es pot descarregar al m\u00f2bil des de la botiga virtual: iEduca TokApp (<a href=\"https:\/\/ieduca.com\/ca\/ieduca-tokapp-aplicaci%C3%B3-m%C3%B2bil\/\">https:\/\/ieduca.com\/ca\/ieduca-tokapp-aplicaci%C3%B3-m%C3%B2bil\/<\/a>).<\/p>\n<p>&nbsp;<\/p>\n<p><strong><u>Entorn virtual d\u2019aprenentatge (EVA)<\/u><\/strong><\/p>\n<p>Actualment l\u2019institut disposa d\u2019un entorn EVA format pel seg\u00fcent programari, ubicat als servidors interns o externs de l\u2019institut en funci\u00f3 del cas.<\/p>\n<ul>\n<li>Aula Virtual Moodle (servei \u00c0gora): <a href=\"http:\/\/agora.xtec.cat\/institutlesmargues\/moodle\/\">http:\/\/agora.xtec.cat\/institutlesmargues\/moodle\/<\/a><\/li>\n<li>Espai de documentaci\u00f3 i comunicaci\u00f3 intern (compartit i personal): <strong>Intraweb<\/strong> de centre.<\/li>\n<li>Espai de documentaci\u00f3 i comunicaci\u00f3 compartit: <strong>Google<\/strong> <strong>Drive<\/strong> de centre.<\/li>\n<\/ul>\n","protected":false},"excerpt":{"rendered":"<p>Comunicaci\u00f3 i Xarxes Socials L\u2019institut disposa d\u2019un espai web d\u2019Xtec-\u00c0gora, d\u2019acc\u00e9s p\u00fablic adre\u00e7at amb el domini http:\/\/agora.xtec.cat\/institutlesmargues\/, que el representa a la xarxa i serveix de portal de comunicaci\u00f3 i informaci\u00f3 a la seva comunitat educativa. Tamb\u00e9 disposa d\u2019un compte a Twitter, on es publiquen les informacions immediates i tamb\u00e9 activitats i sortides realitzades amb [&hellip;]<\/p>\n","protected":false},"author":1,"featured_media":0,"parent":63,"menu_order":10,"comment_status":"closed","ping_status":"closed","template":"page-templates\/side-menu.php","meta":{"_bbp_topic_count":0,"_bbp_reply_count":0,"_bbp_total_topic_count":0,"_bbp_total_reply_count":0,"_bbp_voice_count":0,"_bbp_anonymous_reply_count":0,"_bbp_topic_count_hidden":0,"_bbp_reply_count_hidden":0,"_bbp_forum_subforum_count":0,"site-sidebar-layout":"default","site-content-layout":"","ast-site-content-layout":"","site-content-style":"default","site-sidebar-style":"default","ast-global-header-display":"","ast-banner-title-visibility":"","ast-main-header-display":"","ast-hfb-above-header-display":"","ast-hfb-below-header-display":"","ast-hfb-mobile-header-display":"","site-post-title":"","ast-breadcrumbs-content":"","ast-featured-img":"","footer-sml-layout":"","theme-transparent-header-meta":"","adv-header-id-meta":"","stick-header-meta":"","header-above-stick-meta":"","header-main-stick-meta":"","header-below-stick-meta":"","astra-migrate-meta-layouts":"default","ast-page-background-enabled":"default","ast-page-background-meta":{"desktop":{"background-color":"var(--ast-global-color-4)","background-image":"","background-repeat":"repeat","background-position":"center center","background-size":"auto","background-attachment":"scroll","background-type":"","background-media":"","overlay-type":"","overlay-color":"","overlay-opacity":"","overlay-gradient":""},"tablet":{"background-color":"","background-image":"","background-repeat":"repeat","background-position":"center center","background-size":"auto","background-attachment":"scroll","background-type":"","background-media":"","overlay-type":"","overlay-color":"","overlay-opacity":"","overlay-gradient":""},"mobile":{"background-color":"","background-image":"","background-repeat":"repeat","background-position":"center center","background-size":"auto","background-attachment":"scroll","background-type":"","background-media":"","overlay-type":"","overlay-color":"","overlay-opacity":"","overlay-gradient":""}},"ast-content-background-meta":{"desktop":{"background-color":"var(--ast-global-color-5)","background-image":"","background-repeat":"repeat","background-position":"center center","background-size":"auto","background-attachment":"scroll","background-type":"","background-media":"","overlay-type":"","overlay-color":"","overlay-opacity":"","overlay-gradient":""},"tablet":{"background-color":"var(--ast-global-color-5)","background-image":"","background-repeat":"repeat","background-position":"center center","background-size":"auto","background-attachment":"scroll","background-type":"","background-media":"","overlay-type":"","overlay-color":"","overlay-opacity":"","overlay-gradient":""},"mobile":{"background-color":"var(--ast-global-color-5)","background-image":"","background-repeat":"repeat","background-position":"center center","background-size":"auto","background-attachment":"scroll","background-type":"","background-media":"","overlay-type":"","overlay-color":"","overlay-opacity":"","overlay-gradient":""}},"footnotes":""},"class_list":["post-65","page","type-page","status-publish","hentry"],"post_mailing_queue_ids":[],"_links":{"self":[{"href":"https:\/\/agora.xtec.cat\/institutlesmargues\/wp-json\/wp\/v2\/pages\/65","targetHints":{"allow":["GET"]}}],"collection":[{"href":"https:\/\/agora.xtec.cat\/institutlesmargues\/wp-json\/wp\/v2\/pages"}],"about":[{"href":"https:\/\/agora.xtec.cat\/institutlesmargues\/wp-json\/wp\/v2\/types\/page"}],"author":[{"embeddable":true,"href":"https:\/\/agora.xtec.cat\/institutlesmargues\/wp-json\/wp\/v2\/users\/1"}],"replies":[{"embeddable":true,"href":"https:\/\/agora.xtec.cat\/institutlesmargues\/wp-json\/wp\/v2\/comments?post=65"}],"version-history":[{"count":3,"href":"https:\/\/agora.xtec.cat\/institutlesmargues\/wp-json\/wp\/v2\/pages\/65\/revisions"}],"predecessor-version":[{"id":2808,"href":"https:\/\/agora.xtec.cat\/institutlesmargues\/wp-json\/wp\/v2\/pages\/65\/revisions\/2808"}],"up":[{"embeddable":true,"href":"https:\/\/agora.xtec.cat\/institutlesmargues\/wp-json\/wp\/v2\/pages\/63"}],"wp:attachment":[{"href":"https:\/\/agora.xtec.cat\/institutlesmargues\/wp-json\/wp\/v2\/media?parent=65"}],"curies":[{"name":"wp","href":"https:\/\/api.w.org\/{rel}","templated":true}]}}