{"id":5993,"date":"2023-05-09T09:52:09","date_gmt":"2023-05-09T07:52:09","guid":{"rendered":"https:\/\/agora.xtec.cat\/institutlesmargues\/?page_id=5993"},"modified":"2026-04-15T10:36:00","modified_gmt":"2026-04-15T08:36:00","slug":"beques-i-ajuts","status":"publish","type":"page","link":"https:\/\/agora.xtec.cat\/institutlesmargues\/beques-i-ajuts\/","title":{"rendered":"Beques i ajuts"},"content":{"rendered":"<p>El Consorci d&#8217;Osona de Serveis Social ha obert la convocat\u00f2ria d&#8217;ajuts d&#8217;activitats educatives en el lleure a l&#8217;estiu 2025:<\/p>\n<div style=\"text-align: justify;\"><\/div>\n<div style=\"text-align: justify;\">Lloc de presentaci\u00f3 de les sol\u00b7licituds:<\/div>\n<div style=\"text-align: justify;\"><\/div>\n<div style=\"text-align: justify;\">&#8211; per Internet a trav\u00e9s de la web <a href=\"https:\/\/ajuts.osonaacciosocial.cat\/\" target=\"_blank\" rel=\"noopener\" data-saferedirecturl=\"https:\/\/www.google.com\/url?q=https:\/\/ajuts.osonaacciosocial.cat\/&amp;source=gmail&amp;ust=1747133477542000&amp;usg=AOvVaw2bYmrTvDyNvJc-sefinlD6\">https:\/\/ajuts.<wbr \/>osonaacciosocial.cat\/<\/a><\/div>\n<div style=\"text-align: justify;\"><\/div>\n<div style=\"text-align: justify;\">&#8211; a l&#8217;Ajuntament del municipi (horari d&#8217;atenci\u00f3 al p\u00fablic de l&#8217;Ajuntament)<\/div>\n<div style=\"text-align: justify;\"><\/div>\n<p>&#8211; al Consorci d&#8217;Osona de Serveis Socials (horari d&#8217;atenci\u00f3: de dilluns a divendres de 09:00h a 14:00h).<\/p>\n<div style=\"text-align: justify;\"><\/div>\n<p style=\"text-align: justify;\">Edifici Auditorium<\/p>\n<p style=\"text-align: justify;\">C\/Mol\u00ed d&#8217;en Saborit, 2, 1 planta, Porta 3<\/p>\n<p style=\"text-align: justify;\">08500 Vic<\/p>\n<div style=\"text-align: justify;\"><\/div>\n<p style=\"text-align: justify;\">El termini per presentar les sol\u00b7licituds, juntament amb la documentaci\u00f3, \u00e9s del 24 d&#8217;abril al 8 de maig del 2025<\/p>\n<div style=\"text-align: justify;\"><\/div>\n<div style=\"text-align: justify;\">L&#8217;import m\u00e0xim en despeses d&#8217;activitats \u00e9s de 250,00 \u20ac.<\/div>\n<div style=\"text-align: justify;\"><\/div>\n<div style=\"text-align: justify;\">\u00a0Per m\u00e9s informaci\u00f3 podeu:<\/div>\n<div style=\"text-align: justify;\"><\/div>\n<div style=\"text-align: justify;\">&#8211; Consultar la web del Consorci <a href=\"https:\/\/ajuts.osonaacciosocial.cat\/\" target=\"_blank\" rel=\"noopener\" data-saferedirecturl=\"https:\/\/www.google.com\/url?q=https:\/\/ajuts.osonaacciosocial.cat\/&amp;source=gmail&amp;ust=1747133477542000&amp;usg=AOvVaw2bYmrTvDyNvJc-sefinlD6\">https:\/\/ajuts.<wbr \/>osonaacciosocial.cat\/<\/a><\/div>\n<div style=\"text-align: justify;\"><\/div>\n<p style=\"text-align: justify;\">&#8211; Contactar amb el Consorci d&#8217;Osona de Serveis Socials al tel\u00e8fon 93 171 00 73 (de dilluns a dijous de 9.00h a 14:00h i 16:00h a 18:00h i els divendres de 9.00 a 14.00h) i a trav\u00e9s del correu electr\u00f2nic \u00a0<a href=\"mailto:ajuts@cssosona.cat\" target=\"_blank\" rel=\"noopener\">ajuts@cssosona.cat<\/a><\/p>\n<p>Podeu consultar m\u00e9s informaci\u00f3 <a href=\"https:\/\/agora.xtec.cat\/institutlesmargues\/wp-content\/uploads\/usu540\/2025\/05\/CARTELL-ESTIU-2025.pdf\" target=\"_blank\" rel=\"noopener\">aqu\u00ed<\/a>.<\/p>\n<div>\n<div style=\"text-align: justify;\"><\/div>\n<\/div>\n<p><strong>Beques per alumnat amb necessitat espec\u00edfica de suport educatiu:<\/strong><\/p>\n<p style=\"text-align: justify;\">El termini per presentar la sol\u00b7licitud \u00e9s del 30 d\u2019abril al 11 de setembre de 2025. Tot el proc\u00e9s de sol\u00b7licitud de la beca es fa a trav\u00e9s de la seu electr\u00f2nica del Ministeri d\u2019Educaci\u00f3, Formaci\u00f3 Professional i Esports.<u><\/u><u><\/u><\/p>\n<p style=\"text-align: justify;\">Enguany com a novetat, la sol\u00b7licitud es considera presentada en emplenar el formulari en l\u00ednia i obtenir el resguard de presentaci\u00f3. La sol\u00b7licitud no s\u2019ha de lliurar al centre educatiu com en convocat\u00f2ries anteriors i al fer la presentaci\u00f3 no es generen els certificats A, B, C i D.<u><\/u><u><\/u><\/p>\n<p style=\"text-align: justify;\">Quan es genera el resguard de presentaci\u00f3, si el sol\u00b7licitant es troba en algun dels casos que es detallen en el document generat, s\u2019haur\u00e0 de presentar la documentaci\u00f3 que s\u2019especifica. Aquesta documentaci\u00f3 es pot presentar en el centre educatiu o b\u00e9 a qualsevol Oficina d\u2019Atenci\u00f3 Ciutadana (OAC) juntament amb un c\u00f2pia del resguard de presentaci\u00f3.<u><\/u><u><\/u><\/p>\n<p style=\"text-align: justify;\">Finalitzat el termini de presentaci\u00f3, us farem arribar un llistat amb la relaci\u00f3 d\u2019alumnes sol\u00b7licitants d\u2019ajuts NEE (previsi\u00f3 del 15 al 19 de setembre) amb els models dels certificats: certificat que signa el centre (A), certificat de l\u2019EAP (B) i certificat del centre reeducador (D). El centre recollir\u00e0 i far\u00e0 arribar als Serveis Territorials els certificats complimentats abans del 10 d\u2019octubre. Us avancem els models dels certificats\u00a0 A, B i D per als casos que ja teniu const\u00e0ncia que han sol\u00b7licitat l\u2019ajut, per si voleu agilitzar en aquestes gestions.<u><\/u><u><\/u><\/p>\n<p style=\"text-align: justify;\">Est\u00e0 previst que aquests models estiguin accessibles al Portal de Centres i a la web del Departament d\u2019Educaci\u00f3, per si les fam\u00edlies volen avan\u00e7ar en la gesti\u00f3 del certificat del centre reeducador (D).<u><\/u><u><\/u><\/p>\n<p style=\"text-align: justify;\">En el certificat del centre (A) s\u2019ha afegit l\u2019opci\u00f3 J. NO PROCEDE NINGUNA DE LAS ANTERIORES. Quan es marqui \u00fanicament aquesta opci\u00f3, sempre que l\u2019alumne\/a tingui acreditada una necessitat espec\u00edfica de suport educatiu, es proposar\u00e0 pel subsidi de quantia fixa per despeses addicionals de car\u00e0cter general.<u><\/u><u><\/u><\/p>\n<p style=\"text-align: justify;\">Trobareu tota la informaci\u00f3 a: Ajuts per a alumnes amb necessitat espec\u00edfica de suport educatiu. Departament d&#8217;Educaci\u00f3 i Formaci\u00f3 Professional.<\/p>\n<p><strong>Beques i ajuts per alumnat de nivells postobligatoris (presentaci\u00f3 de sol\u00b7licituds d<b>el 7 d&#8217;abril al 18 de maig de\u200b 2026):<\/b><\/strong><\/p>\n<p><span style=\"font-weight: 400;\">S\u00f3n les beques per als estudiants d&#8217;estudis no universitaris, que convoca el Departament d&#8217;Educaci\u00f3 i Formaci\u00f3 Professional\u200b\u200b. <b>Els estudiants i les fam\u00edlies han de fer la sol\u00b7licitud mitjan\u00e7ant el web del Departament:\u00a0<\/b><a href=\"https:\/\/tramits.gencat.cat\/ca\/tramits\/tramits-temes\/beques-ministeri-postobligatoris?category=7449fd1c-a82c-11e3-a972-000c29052e2c\" target=\"_blank\" rel=\"noopener\"><b>Beques \u200bp\u200ber a estudis no universitaris<\/b><\/a>.<\/span><\/p>\n","protected":false},"excerpt":{"rendered":"<p>El Consorci d&#8217;Osona de Serveis Social ha obert la convocat\u00f2ria d&#8217;ajuts d&#8217;activitats educatives en el lleure a l&#8217;estiu 2025: Lloc de presentaci\u00f3 de les sol\u00b7licituds: &#8211; per Internet a trav\u00e9s de la web https:\/\/ajuts.osonaacciosocial.cat\/ &#8211; a l&#8217;Ajuntament del municipi (horari d&#8217;atenci\u00f3 al p\u00fablic de l&#8217;Ajuntament) &#8211; al Consorci d&#8217;Osona de Serveis Socials (horari d&#8217;atenci\u00f3: de [&hellip;]<\/p>\n","protected":false},"author":1,"featured_media":0,"parent":0,"menu_order":0,"comment_status":"closed","ping_status":"closed","template":"","meta":{"_bbp_topic_count":0,"_bbp_reply_count":0,"_bbp_total_topic_count":0,"_bbp_total_reply_count":0,"_bbp_voice_count":0,"_bbp_anonymous_reply_count":0,"_bbp_topic_count_hidden":0,"_bbp_reply_count_hidden":0,"_bbp_forum_subforum_count":0,"site-sidebar-layout":"default","site-content-layout":"","ast-site-content-layout":"default","site-content-style":"default","site-sidebar-style":"default","ast-global-header-display":"","ast-banner-title-visibility":"","ast-main-header-display":"","ast-hfb-above-header-display":"","ast-hfb-below-header-display":"","ast-hfb-mobile-header-display":"","site-post-title":"","ast-breadcrumbs-content":"","ast-featured-img":"","footer-sml-layout":"","theme-transparent-header-meta":"default","adv-header-id-meta":"","stick-header-meta":"","header-above-stick-meta":"","header-main-stick-meta":"","header-below-stick-meta":"","astra-migrate-meta-layouts":"set","ast-page-background-enabled":"default","ast-page-background-meta":{"desktop":{"background-color":"var(--ast-global-color-4)","background-image":"","background-repeat":"repeat","background-position":"center center","background-size":"auto","background-attachment":"scroll","background-type":"","background-media":"","overlay-type":"","overlay-color":"","overlay-opacity":"","overlay-gradient":""},"tablet":{"background-color":"","background-image":"","background-repeat":"repeat","background-position":"center center","background-size":"auto","background-attachment":"scroll","background-type":"","background-media":"","overlay-type":"","overlay-color":"","overlay-opacity":"","overlay-gradient":""},"mobile":{"background-color":"","background-image":"","background-repeat":"repeat","background-position":"center center","background-size":"auto","background-attachment":"scroll","background-type":"","background-media":"","overlay-type":"","overlay-color":"","overlay-opacity":"","overlay-gradient":""}},"ast-content-background-meta":{"desktop":{"background-color":"var(--ast-global-color-5)","background-image":"","background-repeat":"repeat","background-position":"center center","background-size":"auto","background-attachment":"scroll","background-type":"","background-media":"","overlay-type":"","overlay-color":"","overlay-opacity":"","overlay-gradient":""},"tablet":{"background-color":"var(--ast-global-color-5)","background-image":"","background-repeat":"repeat","background-position":"center center","background-size":"auto","background-attachment":"scroll","background-type":"","background-media":"","overlay-type":"","overlay-color":"","overlay-opacity":"","overlay-gradient":""},"mobile":{"background-color":"var(--ast-global-color-5)","background-image":"","background-repeat":"repeat","background-position":"center center","background-size":"auto","background-attachment":"scroll","background-type":"","background-media":"","overlay-type":"","overlay-color":"","overlay-opacity":"","overlay-gradient":""}},"footnotes":""},"class_list":["post-5993","page","type-page","status-publish","hentry"],"post_mailing_queue_ids":[],"_links":{"self":[{"href":"https:\/\/agora.xtec.cat\/institutlesmargues\/wp-json\/wp\/v2\/pages\/5993","targetHints":{"allow":["GET"]}}],"collection":[{"href":"https:\/\/agora.xtec.cat\/institutlesmargues\/wp-json\/wp\/v2\/pages"}],"about":[{"href":"https:\/\/agora.xtec.cat\/institutlesmargues\/wp-json\/wp\/v2\/types\/page"}],"author":[{"embeddable":true,"href":"https:\/\/agora.xtec.cat\/institutlesmargues\/wp-json\/wp\/v2\/users\/1"}],"replies":[{"embeddable":true,"href":"https:\/\/agora.xtec.cat\/institutlesmargues\/wp-json\/wp\/v2\/comments?post=5993"}],"version-history":[{"count":7,"href":"https:\/\/agora.xtec.cat\/institutlesmargues\/wp-json\/wp\/v2\/pages\/5993\/revisions"}],"predecessor-version":[{"id":7639,"href":"https:\/\/agora.xtec.cat\/institutlesmargues\/wp-json\/wp\/v2\/pages\/5993\/revisions\/7639"}],"wp:attachment":[{"href":"https:\/\/agora.xtec.cat\/institutlesmargues\/wp-json\/wp\/v2\/media?parent=5993"}],"curies":[{"name":"wp","href":"https:\/\/api.w.org\/{rel}","templated":true}]}}