{"id":4717,"date":"2022-07-10T09:58:21","date_gmt":"2022-07-10T07:58:21","guid":{"rendered":"https:\/\/agora.xtec.cat\/institutlesmargues\/?page_id=4717"},"modified":"2022-07-11T10:09:27","modified_gmt":"2022-07-11T08:09:27","slug":"programa-dinnovacio-pedagogica-recerca-creacio-i-servei","status":"publish","type":"page","link":"https:\/\/agora.xtec.cat\/institutlesmargues\/projecte-educatiu\/programa-dinnovacio-pedagogica-recerca-creacio-i-servei\/","title":{"rendered":"Recerca, creaci\u00f3 i servei"},"content":{"rendered":"<p><img loading=\"lazy\" decoding=\"async\" class=\"size-full wp-image-4702 aligncenter\" src=\"https:\/\/agora.xtec.cat\/institutlesmargues\/wp-content\/uploads\/usu540\/2022\/07\/Recerca-creacio-i-servei.jpg\" alt=\"\" width=\"290\" height=\"116\" \/><\/p>\n<p>Aquest programa<strong> t\u00e9 com a finalitat la millora i l&#8217;aprofundiment en l&#8217;aprenentatge competencial de l&#8217;alumnat de l&#8217;ESO<\/strong>, especialment pel que fa a les compet\u00e8ncies clau, mitjan\u00e7ant el foment de l&#8217;inter\u00e8s i el comprom\u00eds dels joves pel que passa al seu entorn, amb un aprenentatge que fomenta l&#8217;autonomia i els capacita per interpretar i intervenir en el m\u00f3n, a trav\u00e9s del desenvolupament competencial i cultural. Es plantegen a l\u2019alumnat diferents tipus de reptes proposats per entitats socials, culturals i altres, procedents de l&#8217;entorn dels centres educatius, com associacions de ve\u00efns i ve\u00efnes, museus, ONG&#8230;Aix\u00f2 permet oferir projectes globalitzadors, en la franja de gesti\u00f3 aut\u00f2noma del nou curr\u00edculum.<\/p>\n<p>Al llarg del curs l&#8217;alumnat ha\u00a0<strong>d&#8217;escollir\u00a0tres projectes, repartits de manera successiva en cadascuna de les tres avaluacions.<\/strong>\u00a0Els projectes pertanyen als tres \u00e0mbits seg\u00fcents: social i art\u00edstic, cient\u00edfic i tecnol\u00f2gic, i comunicatiu. Aix\u00f2 permet que cada alumne pugui desenvolupar un itinerari curricular personal. Cada \u00e0mbit correspon a un professor o professora responsable de cadascun dels grups que es formen per a cada projecte.<\/p>\n","protected":false},"excerpt":{"rendered":"<p>Aquest programa t\u00e9 com a finalitat la millora i l&#8217;aprofundiment en l&#8217;aprenentatge competencial de l&#8217;alumnat de l&#8217;ESO, especialment pel que fa a les compet\u00e8ncies clau, mitjan\u00e7ant el foment de l&#8217;inter\u00e8s i el comprom\u00eds dels joves pel que passa al seu entorn, amb un aprenentatge que fomenta l&#8217;autonomia i els capacita per interpretar i intervenir en [&hellip;]<\/p>\n","protected":false},"author":1,"featured_media":0,"parent":57,"menu_order":0,"comment_status":"closed","ping_status":"closed","template":"","meta":{"_bbp_topic_count":0,"_bbp_reply_count":0,"_bbp_total_topic_count":0,"_bbp_total_reply_count":0,"_bbp_voice_count":0,"_bbp_anonymous_reply_count":0,"_bbp_topic_count_hidden":0,"_bbp_reply_count_hidden":0,"_bbp_forum_subforum_count":0,"site-sidebar-layout":"default","site-content-layout":"","ast-site-content-layout":"","site-content-style":"default","site-sidebar-style":"default","ast-global-header-display":"","ast-banner-title-visibility":"","ast-main-header-display":"","ast-hfb-above-header-display":"","ast-hfb-below-header-display":"","ast-hfb-mobile-header-display":"","site-post-title":"","ast-breadcrumbs-content":"","ast-featured-img":"","footer-sml-layout":"","theme-transparent-header-meta":"","adv-header-id-meta":"","stick-header-meta":"","header-above-stick-meta":"","header-main-stick-meta":"","header-below-stick-meta":"","astra-migrate-meta-layouts":"default","ast-page-background-enabled":"default","ast-page-background-meta":{"desktop":{"background-color":"var(--ast-global-color-4)","background-image":"","background-repeat":"repeat","background-position":"center center","background-size":"auto","background-attachment":"scroll","background-type":"","background-media":"","overlay-type":"","overlay-color":"","overlay-opacity":"","overlay-gradient":""},"tablet":{"background-color":"","background-image":"","background-repeat":"repeat","background-position":"center center","background-size":"auto","background-attachment":"scroll","background-type":"","background-media":"","overlay-type":"","overlay-color":"","overlay-opacity":"","overlay-gradient":""},"mobile":{"background-color":"","background-image":"","background-repeat":"repeat","background-position":"center center","background-size":"auto","background-attachment":"scroll","background-type":"","background-media":"","overlay-type":"","overlay-color":"","overlay-opacity":"","overlay-gradient":""}},"ast-content-background-meta":{"desktop":{"background-color":"var(--ast-global-color-5)","background-image":"","background-repeat":"repeat","background-position":"center center","background-size":"auto","background-attachment":"scroll","background-type":"","background-media":"","overlay-type":"","overlay-color":"","overlay-opacity":"","overlay-gradient":""},"tablet":{"background-color":"var(--ast-global-color-5)","background-image":"","background-repeat":"repeat","background-position":"center center","background-size":"auto","background-attachment":"scroll","background-type":"","background-media":"","overlay-type":"","overlay-color":"","overlay-opacity":"","overlay-gradient":""},"mobile":{"background-color":"var(--ast-global-color-5)","background-image":"","background-repeat":"repeat","background-position":"center center","background-size":"auto","background-attachment":"scroll","background-type":"","background-media":"","overlay-type":"","overlay-color":"","overlay-opacity":"","overlay-gradient":""}},"footnotes":""},"class_list":["post-4717","page","type-page","status-publish","hentry"],"post_mailing_queue_ids":[],"_links":{"self":[{"href":"https:\/\/agora.xtec.cat\/institutlesmargues\/wp-json\/wp\/v2\/pages\/4717","targetHints":{"allow":["GET"]}}],"collection":[{"href":"https:\/\/agora.xtec.cat\/institutlesmargues\/wp-json\/wp\/v2\/pages"}],"about":[{"href":"https:\/\/agora.xtec.cat\/institutlesmargues\/wp-json\/wp\/v2\/types\/page"}],"author":[{"embeddable":true,"href":"https:\/\/agora.xtec.cat\/institutlesmargues\/wp-json\/wp\/v2\/users\/1"}],"replies":[{"embeddable":true,"href":"https:\/\/agora.xtec.cat\/institutlesmargues\/wp-json\/wp\/v2\/comments?post=4717"}],"version-history":[{"count":2,"href":"https:\/\/agora.xtec.cat\/institutlesmargues\/wp-json\/wp\/v2\/pages\/4717\/revisions"}],"predecessor-version":[{"id":4725,"href":"https:\/\/agora.xtec.cat\/institutlesmargues\/wp-json\/wp\/v2\/pages\/4717\/revisions\/4725"}],"up":[{"embeddable":true,"href":"https:\/\/agora.xtec.cat\/institutlesmargues\/wp-json\/wp\/v2\/pages\/57"}],"wp:attachment":[{"href":"https:\/\/agora.xtec.cat\/institutlesmargues\/wp-json\/wp\/v2\/media?parent=4717"}],"curies":[{"name":"wp","href":"https:\/\/api.w.org\/{rel}","templated":true}]}}