{"id":4708,"date":"2022-07-10T09:04:14","date_gmt":"2022-07-10T07:04:14","guid":{"rendered":"https:\/\/agora.xtec.cat\/institutlesmargues\/?page_id=4708"},"modified":"2024-03-22T16:38:23","modified_gmt":"2024-03-22T15:38:23","slug":"oferta-educativa-complementaria-batxillerat-dual-america","status":"publish","type":"page","link":"https:\/\/agora.xtec.cat\/institutlesmargues\/linstitut\/oferta-educativa-complementaria-batxillerat-dual-america\/","title":{"rendered":"Batxillerat Dual Americ\u00e0"},"content":{"rendered":"<ol>\n<li>L\u2019organitzaci\u00f3 nord-americana <em>Language Kingdom<\/em>\u00a0permet cursar el que s\u2019anomena batxillerat Diploma Dual. Aquest \u00e9s un programa oficial de convalidaci\u00f3 internacional.<\/li>\n<li>A trav\u00e9s d\u2019aquest programa de Diploma Dual, l\u2019alumnat pot cursar i obtenir de manera simult\u00e0nia una doble titulaci\u00f3: el t\u00edtol de batxiller i una titulaci\u00f3 reconeguda internacionalment que \u00e9s la mateixa que obtenen els alumnes estatunidencs al finalitzar el High School.<\/li>\n<li>El programa es desenvolupa de forma telem\u00e0tica, en un entorn digital, i permet una immersi\u00f3 tecnol\u00f2gica constant i profunda.<\/li>\n<li>L\u2019alumnat cursa dos estudis alhora: estan matriculats al nostre institut en l\u2019horari lectiu normal de classe i, simult\u00e0niament, cursen assignatures en una High School dels Estats Units, en el seu temps lliure, des de casa.<\/li>\n<li>El curs \u00e9s en angl\u00e8s, la qual cosa permet un contacte regular i directe amb els Estats Units i una immersi\u00f3 ling\u00fc\u00edstica total.<\/li>\n<li>A la vegada, el programa afavoreix l\u2019assoliment de compet\u00e8ncies personals a trav\u00e9s de l\u2019esfor\u00e7, la responsabilitat, la gesti\u00f3 de tasques i l\u2019autonomia. Aquests s\u00f3n aspectes fonamentals per garantir l\u2019\u00e8xit educatiu de l\u2019alumnat en el marc del programa. Aix\u00ed doncs, l\u2019alumnat \u00e9s responsable de la construcci\u00f3 dels seus coneixements i protagonista del seu propi proc\u00e9s formatiu.<\/li>\n<li>El programa per assolir del Diploma Dual \u00e9s complementari i sincr\u00f2nic als estudis de batxillerat.<\/li>\n<li>Per afavorir-ne l\u2019assoliment i reduir la c\u00e0rrega lectiva, el programa es pot iniciar a partir de 2n d\u2019ESO, d\u2019aquesta manera , l\u2019alumnat nom\u00e9s hauria de cursar 1 o 2 assignatures per curs.<\/li>\n<li>Per obtenir el t\u00edtol, l\u2019alumnat no ha d\u2019estudiar les mat\u00e8ries (matem\u00e0tiques, qu\u00edmica, literatura, etc.) dues vegades, en angl\u00e8s i catal\u00e0, perqu\u00e8 aquestes assignatures ja es convaliden pel fet d\u2019haver-les fet en catal\u00e0. Nom\u00e9s cal que cursin les mat\u00e8ries espec\u00edfiques dels Estats Units (llengua anglesa, hist\u00f2ria dels Estats Units i Cultura i economia americanes).<\/li>\n<li>A Espanya i Portugal, hi ha m\u00e9s de 900 escoles adherides al programa que ofereixen el Diploma Dual. A Catalunya, molts centres concertats i privats ho ofereixen.<\/li>\n<\/ol>\n","protected":false},"excerpt":{"rendered":"<p>L\u2019organitzaci\u00f3 nord-americana Language Kingdom\u00a0permet cursar el que s\u2019anomena batxillerat Diploma Dual. Aquest \u00e9s un programa oficial de convalidaci\u00f3 internacional. A trav\u00e9s d\u2019aquest programa de Diploma Dual, l\u2019alumnat pot cursar i obtenir de manera simult\u00e0nia una doble titulaci\u00f3: el t\u00edtol de batxiller i una titulaci\u00f3 reconeguda internacionalment que \u00e9s la mateixa que obtenen els alumnes estatunidencs [&hellip;]<\/p>\n","protected":false},"author":1,"featured_media":0,"parent":19,"menu_order":0,"comment_status":"closed","ping_status":"closed","template":"","meta":{"_bbp_topic_count":0,"_bbp_reply_count":0,"_bbp_total_topic_count":0,"_bbp_total_reply_count":0,"_bbp_voice_count":0,"_bbp_anonymous_reply_count":0,"_bbp_topic_count_hidden":0,"_bbp_reply_count_hidden":0,"_bbp_forum_subforum_count":0,"site-sidebar-layout":"default","site-content-layout":"","ast-site-content-layout":"","site-content-style":"default","site-sidebar-style":"default","ast-global-header-display":"","ast-banner-title-visibility":"","ast-main-header-display":"","ast-hfb-above-header-display":"","ast-hfb-below-header-display":"","ast-hfb-mobile-header-display":"","site-post-title":"","ast-breadcrumbs-content":"","ast-featured-img":"","footer-sml-layout":"","theme-transparent-header-meta":"","adv-header-id-meta":"","stick-header-meta":"","header-above-stick-meta":"","header-main-stick-meta":"","header-below-stick-meta":"","astra-migrate-meta-layouts":"default","ast-page-background-enabled":"default","ast-page-background-meta":{"desktop":{"background-color":"var(--ast-global-color-4)","background-image":"","background-repeat":"repeat","background-position":"center center","background-size":"auto","background-attachment":"scroll","background-type":"","background-media":"","overlay-type":"","overlay-color":"","overlay-opacity":"","overlay-gradient":""},"tablet":{"background-color":"","background-image":"","background-repeat":"repeat","background-position":"center center","background-size":"auto","background-attachment":"scroll","background-type":"","background-media":"","overlay-type":"","overlay-color":"","overlay-opacity":"","overlay-gradient":""},"mobile":{"background-color":"","background-image":"","background-repeat":"repeat","background-position":"center center","background-size":"auto","background-attachment":"scroll","background-type":"","background-media":"","overlay-type":"","overlay-color":"","overlay-opacity":"","overlay-gradient":""}},"ast-content-background-meta":{"desktop":{"background-color":"var(--ast-global-color-5)","background-image":"","background-repeat":"repeat","background-position":"center center","background-size":"auto","background-attachment":"scroll","background-type":"","background-media":"","overlay-type":"","overlay-color":"","overlay-opacity":"","overlay-gradient":""},"tablet":{"background-color":"var(--ast-global-color-5)","background-image":"","background-repeat":"repeat","background-position":"center center","background-size":"auto","background-attachment":"scroll","background-type":"","background-media":"","overlay-type":"","overlay-color":"","overlay-opacity":"","overlay-gradient":""},"mobile":{"background-color":"var(--ast-global-color-5)","background-image":"","background-repeat":"repeat","background-position":"center center","background-size":"auto","background-attachment":"scroll","background-type":"","background-media":"","overlay-type":"","overlay-color":"","overlay-opacity":"","overlay-gradient":""}},"footnotes":""},"class_list":["post-4708","page","type-page","status-publish","hentry"],"post_mailing_queue_ids":[],"_links":{"self":[{"href":"https:\/\/agora.xtec.cat\/institutlesmargues\/wp-json\/wp\/v2\/pages\/4708","targetHints":{"allow":["GET"]}}],"collection":[{"href":"https:\/\/agora.xtec.cat\/institutlesmargues\/wp-json\/wp\/v2\/pages"}],"about":[{"href":"https:\/\/agora.xtec.cat\/institutlesmargues\/wp-json\/wp\/v2\/types\/page"}],"author":[{"embeddable":true,"href":"https:\/\/agora.xtec.cat\/institutlesmargues\/wp-json\/wp\/v2\/users\/1"}],"replies":[{"embeddable":true,"href":"https:\/\/agora.xtec.cat\/institutlesmargues\/wp-json\/wp\/v2\/comments?post=4708"}],"version-history":[{"count":4,"href":"https:\/\/agora.xtec.cat\/institutlesmargues\/wp-json\/wp\/v2\/pages\/4708\/revisions"}],"predecessor-version":[{"id":6662,"href":"https:\/\/agora.xtec.cat\/institutlesmargues\/wp-json\/wp\/v2\/pages\/4708\/revisions\/6662"}],"up":[{"embeddable":true,"href":"https:\/\/agora.xtec.cat\/institutlesmargues\/wp-json\/wp\/v2\/pages\/19"}],"wp:attachment":[{"href":"https:\/\/agora.xtec.cat\/institutlesmargues\/wp-json\/wp\/v2\/media?parent=4708"}],"curies":[{"name":"wp","href":"https:\/\/api.w.org\/{rel}","templated":true}]}}