{"id":4704,"date":"2022-07-09T21:05:01","date_gmt":"2022-07-09T19:05:01","guid":{"rendered":"https:\/\/agora.xtec.cat\/institutlesmargues\/?page_id=4704"},"modified":"2022-07-10T09:41:43","modified_gmt":"2022-07-10T07:41:43","slug":"seleccionats-per-formar-part-del-programa-dinnovacio-global-scholars","status":"publish","type":"page","link":"https:\/\/agora.xtec.cat\/institutlesmargues\/projecte-educatiu\/seleccionats-per-formar-part-del-programa-dinnovacio-global-scholars\/","title":{"rendered":"Programa d\u2019innovaci\u00f3 Global Scholars"},"content":{"rendered":"<p><strong><img loading=\"lazy\" decoding=\"async\" class=\"size-medium wp-image-4682 alignright\" src=\"https:\/\/agora.xtec.cat\/institutlesmargues\/wp-content\/uploads\/usu540\/2022\/07\/Global-Scholars-300x212.jpg\" alt=\"\" width=\"300\" height=\"212\" srcset=\"https:\/\/agora.xtec.cat\/institutlesmargues\/wp-content\/uploads\/usu540\/2022\/07\/Global-Scholars-300x212.jpg 300w, https:\/\/agora.xtec.cat\/institutlesmargues\/wp-content\/uploads\/usu540\/2022\/07\/Global-Scholars.jpg 421w\" sizes=\"auto, (max-width: 300px) 100vw, 300px\" \/>QU\u00c8 \u00c9S?\u00a0\u00a0<\/strong><a href=\"https:\/\/www.globalcities.org\/global-scholars\">Global Scholars<\/a>\u00a0\u00e9s un programa internacional d\u2019aprenentatge en l\u00ednia que connecta estudiants d\u2019escoles situades en ciutats d\u2019arreu del m\u00f3n amb l\u2019objectiu de preparar-los per esdevenir ciutadans globals. La iniciativa, adre\u00e7ada a estudiants d\u2019entre 10 i 13 anys, facilita la interacci\u00f3 i el debat a trav\u00e9s de f\u00f2rums en l\u00ednia, permet que els joves comparteixin idees i experi\u00e8ncies, i promou el desenvolupament de projectes multim\u00e8dia a l\u2019entorn de temes d\u2019inter\u00e8s general. Per al professorat dels centres que hi participen, Global Scholars \u00e9s tamb\u00e9 una oportunitat per entrar en contacte amb una xarxa internacional de docents, que els permet actualitzar coneixements i cr\u00e9ixer professionalment.<\/p>\n<p><strong>QUI EL GESTIONA?\u00a0<\/strong>Global Scholars \u00e9s un projecte que impulsa\u00a0<a href=\"https:\/\/www.globalcities.org\/\">Global Cities Inc.<\/a>, un programa de Bloomberg Philanthropies, organitzaci\u00f3 sense \u00e0nim de lucre amb seu a Nova York. Global Cities t\u00e9 una basta experi\u00e8ncia en fer servir la tecnologia per forjar connexions entre alumnes i docents que promouen l\u2019aprenentatge. Global Scholars, n\u2019\u00e9s el seu projecte ins\u00edgnia. L\u2019objectiu d\u2019aquest projecte transnacional i interactiu \u00e9s que els alumnes desenvolupin les compet\u00e8ncies necess\u00e0ries, a trav\u00e9s del di\u00e0leg i la col\u00b7laboraci\u00f3,\u00a0per tal de convertir-se en ciutadans globals i poder interactuar amb \u00e8xit en el m\u00f3n globalitzat actual.<\/p>\n","protected":false},"excerpt":{"rendered":"<p>QU\u00c8 \u00c9S?\u00a0\u00a0Global Scholars\u00a0\u00e9s un programa internacional d\u2019aprenentatge en l\u00ednia que connecta estudiants d\u2019escoles situades en ciutats d\u2019arreu del m\u00f3n amb l\u2019objectiu de preparar-los per esdevenir ciutadans globals. La iniciativa, adre\u00e7ada a estudiants d\u2019entre 10 i 13 anys, facilita la interacci\u00f3 i el debat a trav\u00e9s de f\u00f2rums en l\u00ednia, permet que els joves comparteixin idees [&hellip;]<\/p>\n","protected":false},"author":1,"featured_media":0,"parent":57,"menu_order":0,"comment_status":"closed","ping_status":"closed","template":"","meta":{"_bbp_topic_count":0,"_bbp_reply_count":0,"_bbp_total_topic_count":0,"_bbp_total_reply_count":0,"_bbp_voice_count":0,"_bbp_anonymous_reply_count":0,"_bbp_topic_count_hidden":0,"_bbp_reply_count_hidden":0,"_bbp_forum_subforum_count":0,"site-sidebar-layout":"default","site-content-layout":"","ast-site-content-layout":"","site-content-style":"default","site-sidebar-style":"default","ast-global-header-display":"","ast-banner-title-visibility":"","ast-main-header-display":"","ast-hfb-above-header-display":"","ast-hfb-below-header-display":"","ast-hfb-mobile-header-display":"","site-post-title":"","ast-breadcrumbs-content":"","ast-featured-img":"","footer-sml-layout":"","theme-transparent-header-meta":"","adv-header-id-meta":"","stick-header-meta":"","header-above-stick-meta":"","header-main-stick-meta":"","header-below-stick-meta":"","astra-migrate-meta-layouts":"default","ast-page-background-enabled":"default","ast-page-background-meta":{"desktop":{"background-color":"var(--ast-global-color-4)","background-image":"","background-repeat":"repeat","background-position":"center center","background-size":"auto","background-attachment":"scroll","background-type":"","background-media":"","overlay-type":"","overlay-color":"","overlay-opacity":"","overlay-gradient":""},"tablet":{"background-color":"","background-image":"","background-repeat":"repeat","background-position":"center center","background-size":"auto","background-attachment":"scroll","background-type":"","background-media":"","overlay-type":"","overlay-color":"","overlay-opacity":"","overlay-gradient":""},"mobile":{"background-color":"","background-image":"","background-repeat":"repeat","background-position":"center center","background-size":"auto","background-attachment":"scroll","background-type":"","background-media":"","overlay-type":"","overlay-color":"","overlay-opacity":"","overlay-gradient":""}},"ast-content-background-meta":{"desktop":{"background-color":"var(--ast-global-color-5)","background-image":"","background-repeat":"repeat","background-position":"center center","background-size":"auto","background-attachment":"scroll","background-type":"","background-media":"","overlay-type":"","overlay-color":"","overlay-opacity":"","overlay-gradient":""},"tablet":{"background-color":"var(--ast-global-color-5)","background-image":"","background-repeat":"repeat","background-position":"center center","background-size":"auto","background-attachment":"scroll","background-type":"","background-media":"","overlay-type":"","overlay-color":"","overlay-opacity":"","overlay-gradient":""},"mobile":{"background-color":"var(--ast-global-color-5)","background-image":"","background-repeat":"repeat","background-position":"center center","background-size":"auto","background-attachment":"scroll","background-type":"","background-media":"","overlay-type":"","overlay-color":"","overlay-opacity":"","overlay-gradient":""}},"footnotes":""},"class_list":["post-4704","page","type-page","status-publish","hentry"],"post_mailing_queue_ids":[],"_links":{"self":[{"href":"https:\/\/agora.xtec.cat\/institutlesmargues\/wp-json\/wp\/v2\/pages\/4704","targetHints":{"allow":["GET"]}}],"collection":[{"href":"https:\/\/agora.xtec.cat\/institutlesmargues\/wp-json\/wp\/v2\/pages"}],"about":[{"href":"https:\/\/agora.xtec.cat\/institutlesmargues\/wp-json\/wp\/v2\/types\/page"}],"author":[{"embeddable":true,"href":"https:\/\/agora.xtec.cat\/institutlesmargues\/wp-json\/wp\/v2\/users\/1"}],"replies":[{"embeddable":true,"href":"https:\/\/agora.xtec.cat\/institutlesmargues\/wp-json\/wp\/v2\/comments?post=4704"}],"version-history":[{"count":2,"href":"https:\/\/agora.xtec.cat\/institutlesmargues\/wp-json\/wp\/v2\/pages\/4704\/revisions"}],"predecessor-version":[{"id":4715,"href":"https:\/\/agora.xtec.cat\/institutlesmargues\/wp-json\/wp\/v2\/pages\/4704\/revisions\/4715"}],"up":[{"embeddable":true,"href":"https:\/\/agora.xtec.cat\/institutlesmargues\/wp-json\/wp\/v2\/pages\/57"}],"wp:attachment":[{"href":"https:\/\/agora.xtec.cat\/institutlesmargues\/wp-json\/wp\/v2\/media?parent=4704"}],"curies":[{"name":"wp","href":"https:\/\/api.w.org\/{rel}","templated":true}]}}