{"id":4685,"date":"2022-07-09T18:37:50","date_gmt":"2022-07-09T16:37:50","guid":{"rendered":"https:\/\/agora.xtec.cat\/institutlesmargues\/?page_id=4685"},"modified":"2023-06-23T09:37:41","modified_gmt":"2023-06-23T07:37:41","slug":"programa-dinnovacio-global-scholars","status":"publish","type":"page","link":"https:\/\/agora.xtec.cat\/institutlesmargues\/projecte-educatiu\/programa-dinnovacio-global-scholars\/","title":{"rendered":"Global Scholars"},"content":{"rendered":"<p><img loading=\"lazy\" decoding=\"async\" class=\"size-medium wp-image-4682 aligncenter\" src=\"https:\/\/agora.xtec.cat\/institutlesmargues\/wp-content\/uploads\/usu540\/2022\/07\/Global-Scholars-300x212.jpg\" alt=\"\" width=\"300\" height=\"212\" srcset=\"https:\/\/agora.xtec.cat\/institutlesmargues\/wp-content\/uploads\/usu540\/2022\/07\/Global-Scholars-300x212.jpg 300w, https:\/\/agora.xtec.cat\/institutlesmargues\/wp-content\/uploads\/usu540\/2022\/07\/Global-Scholars.jpg 421w\" sizes=\"auto, (max-width: 300px) 100vw, 300px\" \/><\/p>\n<p>&nbsp;<\/p>\n<p><strong><u>SELECCIONATS PER FORMAR PART DEL PROGRAMA D\u2019INNOVACI\u00d3 GLOBAL SCHOLARS<\/u><\/strong><\/p>\n<p style=\"text-align: justify;\"><strong>QU\u00c8 \u00c9S?\u00a0\u00a0<\/strong><a href=\"https:\/\/www.globalcities.org\/global-scholars\">Global Scholars<\/a> \u00e9s un programa internacional d\u2019aprenentatge en l\u00ednia que connecta estudiants de centres educatius situats en ciutats d\u2019arreu del m\u00f3n amb l\u2019objectiu de preparar-los per esdevenir ciutadans globals. La iniciativa, adre\u00e7ada a estudiants d\u2019entre 10 i 13 anys, facilita la interacci\u00f3 i el debat a trav\u00e9s de f\u00f2rums en l\u00ednia, permet que els joves comparteixin idees i experi\u00e8ncies, i promou el desenvolupament de projectes multim\u00e8dia a l\u2019entorn de temes d\u2019inter\u00e8s general. Per al professorat dels centres que hi participen, Global Scholars \u00e9s tamb\u00e9 una oportunitat per entrar en contacte amb una xarxa internacional de docents, que els permet actualitzar coneixements i cr\u00e9ixer professionalment.<\/p>\n<p style=\"text-align: justify;\"><strong>QUI EL GESTIONA?\u00a0<\/strong>Global Scholars \u00e9s un projecte que impulsa\u00a0<a href=\"https:\/\/www.globalcities.org\/\">Global Cities Inc.<\/a>, un programa de Bloomberg Philanthropies, organitzaci\u00f3 sense \u00e0nim de lucre amb seu a Nova York. Global Cities t\u00e9 una basta experi\u00e8ncia en fer servir la tecnologia per forjar connexions entre alumnes i docents que promouen l\u2019aprenentatge. Global Scholars, n\u2019\u00e9s el seu projecte ins\u00edgnia. L\u2019objectiu d\u2019aquest projecte transnacional i interactiu \u00e9s que els alumnes desenvolupin les compet\u00e8ncies necess\u00e0ries, a trav\u00e9s del di\u00e0leg i la col\u00b7laboraci\u00f3,\u00a0per tal de convertir-se en ciutadans globals i poder interactuar amb \u00e8xit en el m\u00f3n globalitzat actual.<\/p>\n<p><strong>QU\u00c8 FEM?<\/strong><\/p>\n<p style=\"text-align: justify;\">A <em>Introduction to Global Scholars<\/em>, els alumnes van preparar un v\u00eddeo mostrant l&#8217;institut, els seus pobles i entorn. <a href=\"https:\/\/www.youtube.com\/watch?v=FC3Bydds5CA\" target=\"_blank\" rel=\"noopener\" data-saferedirecturl=\"https:\/\/www.google.com\/url?q=https:\/\/www.youtube.com\/watch?v%3DFC3Bydds5CA&amp;source=gmail&amp;ust=1677352556162000&amp;usg=AOvVaw2_MhjFHVHSn3VlrXAHqX9S\">https:\/\/www.youtube.com\/watch?<wbr \/>v=FC3Bydds5CA<\/a><\/p>\n<p style=\"text-align: justify;\">A <em>Water Every Day<\/em>, els alumnes van preparar una presentaci\u00f3 digital mostrant els diferents punts d&#8217;aigua de l&#8217;institut i les possibles propostes de millora &#8220;Our School Water Guide&#8221;.<\/p>\n<p style=\"text-align: justify;\">A <em>Water in Our Cities<\/em>, els alumnes van investigar els possibles problemes de contaminaci\u00f3 que ens podem trobar a la nostra zona i van proposar m\u00e8todes per a posar-hi soluci\u00f3. Van crear un diari digital amb la informaci\u00f3 obtinguda per grups.<\/p>\n<p>A <em>Community Action Project,<\/em> els alumnes van decidir quina acci\u00f3 realitzaven per a millor una zona aqu\u00e0tica. Van decidir netejar diferents \u00e0rees com Les Set Fonts i el Pant\u00e0 de Sau.<\/p>\n<p style=\"text-align: justify;\">Us deixem unes petites mostres del contingut:<\/p>\n<p><a href=\"https:\/\/agora.xtec.cat\/institutlesmargues\/wp-content\/uploads\/usu540\/2023\/02\/Presentacio_global_scholars_compressed.pdf\">PRESENTACI\u00d3<\/a><\/p>\n<p><a href=\"https:\/\/agora.xtec.cat\/institutlesmargues\/wp-content\/uploads\/usu540\/2023\/02\/OUR-SCHOOL-WATER-GUIDE.pdf\">OUR SCHOOL WATER GUIDE<\/a><\/p>\n<p><a href=\"https:\/\/agora.xtec.cat\/institutlesmargues\/wp-content\/uploads\/usu540\/2023\/06\/Community_Action_Project_-_Presentation.pdf\" target=\"_blank\" rel=\"noopener\">COMMUNITY ACTION PROJECT<\/a><\/p>\n","protected":false},"excerpt":{"rendered":"<p>&nbsp; SELECCIONATS PER FORMAR PART DEL PROGRAMA D\u2019INNOVACI\u00d3 GLOBAL SCHOLARS QU\u00c8 \u00c9S?\u00a0\u00a0Global Scholars \u00e9s un programa internacional d\u2019aprenentatge en l\u00ednia que connecta estudiants de centres educatius situats en ciutats d\u2019arreu del m\u00f3n amb l\u2019objectiu de preparar-los per esdevenir ciutadans globals. La iniciativa, adre\u00e7ada a estudiants d\u2019entre 10 i 13 anys, facilita la interacci\u00f3 i el [&hellip;]<\/p>\n","protected":false},"author":1,"featured_media":0,"parent":57,"menu_order":0,"comment_status":"closed","ping_status":"closed","template":"","meta":{"_bbp_topic_count":0,"_bbp_reply_count":0,"_bbp_total_topic_count":0,"_bbp_total_reply_count":0,"_bbp_voice_count":0,"_bbp_anonymous_reply_count":0,"_bbp_topic_count_hidden":0,"_bbp_reply_count_hidden":0,"_bbp_forum_subforum_count":0,"site-sidebar-layout":"default","site-content-layout":"","ast-site-content-layout":"","site-content-style":"default","site-sidebar-style":"default","ast-global-header-display":"","ast-banner-title-visibility":"","ast-main-header-display":"","ast-hfb-above-header-display":"","ast-hfb-below-header-display":"","ast-hfb-mobile-header-display":"","site-post-title":"","ast-breadcrumbs-content":"","ast-featured-img":"","footer-sml-layout":"","theme-transparent-header-meta":"","adv-header-id-meta":"","stick-header-meta":"","header-above-stick-meta":"","header-main-stick-meta":"","header-below-stick-meta":"","astra-migrate-meta-layouts":"default","ast-page-background-enabled":"default","ast-page-background-meta":{"desktop":{"background-color":"var(--ast-global-color-4)","background-image":"","background-repeat":"repeat","background-position":"center center","background-size":"auto","background-attachment":"scroll","background-type":"","background-media":"","overlay-type":"","overlay-color":"","overlay-opacity":"","overlay-gradient":""},"tablet":{"background-color":"","background-image":"","background-repeat":"repeat","background-position":"center center","background-size":"auto","background-attachment":"scroll","background-type":"","background-media":"","overlay-type":"","overlay-color":"","overlay-opacity":"","overlay-gradient":""},"mobile":{"background-color":"","background-image":"","background-repeat":"repeat","background-position":"center center","background-size":"auto","background-attachment":"scroll","background-type":"","background-media":"","overlay-type":"","overlay-color":"","overlay-opacity":"","overlay-gradient":""}},"ast-content-background-meta":{"desktop":{"background-color":"var(--ast-global-color-5)","background-image":"","background-repeat":"repeat","background-position":"center center","background-size":"auto","background-attachment":"scroll","background-type":"","background-media":"","overlay-type":"","overlay-color":"","overlay-opacity":"","overlay-gradient":""},"tablet":{"background-color":"var(--ast-global-color-5)","background-image":"","background-repeat":"repeat","background-position":"center center","background-size":"auto","background-attachment":"scroll","background-type":"","background-media":"","overlay-type":"","overlay-color":"","overlay-opacity":"","overlay-gradient":""},"mobile":{"background-color":"var(--ast-global-color-5)","background-image":"","background-repeat":"repeat","background-position":"center center","background-size":"auto","background-attachment":"scroll","background-type":"","background-media":"","overlay-type":"","overlay-color":"","overlay-opacity":"","overlay-gradient":""}},"footnotes":""},"class_list":["post-4685","page","type-page","status-publish","hentry"],"post_mailing_queue_ids":[],"_links":{"self":[{"href":"https:\/\/agora.xtec.cat\/institutlesmargues\/wp-json\/wp\/v2\/pages\/4685","targetHints":{"allow":["GET"]}}],"collection":[{"href":"https:\/\/agora.xtec.cat\/institutlesmargues\/wp-json\/wp\/v2\/pages"}],"about":[{"href":"https:\/\/agora.xtec.cat\/institutlesmargues\/wp-json\/wp\/v2\/types\/page"}],"author":[{"embeddable":true,"href":"https:\/\/agora.xtec.cat\/institutlesmargues\/wp-json\/wp\/v2\/users\/1"}],"replies":[{"embeddable":true,"href":"https:\/\/agora.xtec.cat\/institutlesmargues\/wp-json\/wp\/v2\/comments?post=4685"}],"version-history":[{"count":3,"href":"https:\/\/agora.xtec.cat\/institutlesmargues\/wp-json\/wp\/v2\/pages\/4685\/revisions"}],"predecessor-version":[{"id":6242,"href":"https:\/\/agora.xtec.cat\/institutlesmargues\/wp-json\/wp\/v2\/pages\/4685\/revisions\/6242"}],"up":[{"embeddable":true,"href":"https:\/\/agora.xtec.cat\/institutlesmargues\/wp-json\/wp\/v2\/pages\/57"}],"wp:attachment":[{"href":"https:\/\/agora.xtec.cat\/institutlesmargues\/wp-json\/wp\/v2\/media?parent=4685"}],"curies":[{"name":"wp","href":"https:\/\/api.w.org\/{rel}","templated":true}]}}