{"id":43,"date":"2014-09-17T16:45:07","date_gmt":"2014-09-17T16:45:07","guid":{"rendered":"http:\/\/agora.xtec.cat\/institutlesmargues\/?page_id=43"},"modified":"2025-09-09T13:06:24","modified_gmt":"2025-09-09T11:06:24","slug":"consell-escolar","status":"publish","type":"page","link":"https:\/\/agora.xtec.cat\/institutlesmargues\/linstitut\/organigrama\/consell-escolar\/","title":{"rendered":"Consell escolar"},"content":{"rendered":"<p><strong>CONSELL ESCOLAR<\/strong><\/p>\n<table style=\"width: 892px;\">\n<tbody>\n<tr>\n<td style=\"width: 279px;\">Directora<\/td>\n<td style=\"width: 605px;\">N\u00faria Saborit<\/td>\n<\/tr>\n<tr>\n<td style=\"width: 279px;\">Cap d&#8217;estudis<\/td>\n<td style=\"width: 605px;\">Montse Safont<\/td>\n<\/tr>\n<tr>\n<td style=\"width: 279px;\">Representant de l&#8217;Ajuntament<\/td>\n<td style=\"width: 605px;\">Jaume Mas<\/td>\n<\/tr>\n<tr>\n<td style=\"width: 279px;\">Representants del professorat<\/td>\n<td style=\"width: 605px;\">Lourdes Baena, Rossend Costa, David Prat, M.Rosa \u00c1lvarez, Sara Aligu\u00e9<\/td>\n<\/tr>\n<tr>\n<td style=\"width: 279px;\">Representants de l&#8217;alumnat<\/td>\n<td style=\"width: 605px;\">Roger Mercader, Carmela Jim\u00e9nez<\/td>\n<\/tr>\n<tr>\n<td style=\"width: 279px;\">Representants de pares i mares<\/td>\n<td style=\"width: 605px;\">Jordi Sol\u00e0 i Cristina Barnils<\/td>\n<\/tr>\n<tr>\n<td style=\"width: 279px;\">Representant de l&#8217;AFA<\/td>\n<td style=\"width: 605px;\">Al\u00edcia Mart\u00ednez<\/td>\n<\/tr>\n<tr>\n<td style=\"width: 279px;\">Representant del PAS<\/td>\n<td style=\"width: 605px;\">Joan Urbano<\/td>\n<\/tr>\n<tr>\n<td style=\"width: 279px;\">Secretari<\/td>\n<td style=\"width: 605px;\">Albert Soler<\/td>\n<\/tr>\n<\/tbody>\n<\/table>\n<p>&nbsp;<\/p>\n<p><span style=\"color: #008000;\"><em><strong>ACORDS DEL CONSELL ESCOLAR<\/strong><\/em><\/span><\/p>\n<p><span style=\"color: #000000;\"><strong>Acords de la sessi\u00f3 1\/2025-2026 (15 de setembre, 2025)<\/strong><\/span><\/p>\n<ol>\n<li><\/li>\n<\/ol>\n","protected":false},"excerpt":{"rendered":"<p>CONSELL ESCOLAR Directora N\u00faria Saborit Cap d&#8217;estudis Montse Safont Representant de l&#8217;Ajuntament Jaume Mas Representants del professorat Lourdes Baena, Rossend Costa, David Prat, M.Rosa \u00c1lvarez, Sara Aligu\u00e9 Representants de l&#8217;alumnat Roger Mercader, Carmela Jim\u00e9nez Representants de pares i mares Jordi Sol\u00e0 i Cristina Barnils Representant de l&#8217;AFA Al\u00edcia Mart\u00ednez Representant del PAS Joan Urbano Secretari [&hellip;]<\/p>\n","protected":false},"author":1,"featured_media":0,"parent":46,"menu_order":40,"comment_status":"closed","ping_status":"closed","template":"page-templates\/side-menu.php","meta":{"_bbp_topic_count":0,"_bbp_reply_count":0,"_bbp_total_topic_count":0,"_bbp_total_reply_count":0,"_bbp_voice_count":0,"_bbp_anonymous_reply_count":0,"_bbp_topic_count_hidden":0,"_bbp_reply_count_hidden":0,"_bbp_forum_subforum_count":0,"site-sidebar-layout":"default","site-content-layout":"","ast-site-content-layout":"","site-content-style":"default","site-sidebar-style":"default","ast-global-header-display":"","ast-banner-title-visibility":"","ast-main-header-display":"","ast-hfb-above-header-display":"","ast-hfb-below-header-display":"","ast-hfb-mobile-header-display":"","site-post-title":"","ast-breadcrumbs-content":"","ast-featured-img":"","footer-sml-layout":"","theme-transparent-header-meta":"","adv-header-id-meta":"","stick-header-meta":"","header-above-stick-meta":"","header-main-stick-meta":"","header-below-stick-meta":"","astra-migrate-meta-layouts":"default","ast-page-background-enabled":"default","ast-page-background-meta":{"desktop":{"background-color":"var(--ast-global-color-4)","background-image":"","background-repeat":"repeat","background-position":"center center","background-size":"auto","background-attachment":"scroll","background-type":"","background-media":"","overlay-type":"","overlay-color":"","overlay-opacity":"","overlay-gradient":""},"tablet":{"background-color":"","background-image":"","background-repeat":"repeat","background-position":"center center","background-size":"auto","background-attachment":"scroll","background-type":"","background-media":"","overlay-type":"","overlay-color":"","overlay-opacity":"","overlay-gradient":""},"mobile":{"background-color":"","background-image":"","background-repeat":"repeat","background-position":"center center","background-size":"auto","background-attachment":"scroll","background-type":"","background-media":"","overlay-type":"","overlay-color":"","overlay-opacity":"","overlay-gradient":""}},"ast-content-background-meta":{"desktop":{"background-color":"var(--ast-global-color-5)","background-image":"","background-repeat":"repeat","background-position":"center center","background-size":"auto","background-attachment":"scroll","background-type":"","background-media":"","overlay-type":"","overlay-color":"","overlay-opacity":"","overlay-gradient":""},"tablet":{"background-color":"var(--ast-global-color-5)","background-image":"","background-repeat":"repeat","background-position":"center center","background-size":"auto","background-attachment":"scroll","background-type":"","background-media":"","overlay-type":"","overlay-color":"","overlay-opacity":"","overlay-gradient":""},"mobile":{"background-color":"var(--ast-global-color-5)","background-image":"","background-repeat":"repeat","background-position":"center center","background-size":"auto","background-attachment":"scroll","background-type":"","background-media":"","overlay-type":"","overlay-color":"","overlay-opacity":"","overlay-gradient":""}},"footnotes":""},"class_list":["post-43","page","type-page","status-publish","hentry"],"post_mailing_queue_ids":[],"_links":{"self":[{"href":"https:\/\/agora.xtec.cat\/institutlesmargues\/wp-json\/wp\/v2\/pages\/43","targetHints":{"allow":["GET"]}}],"collection":[{"href":"https:\/\/agora.xtec.cat\/institutlesmargues\/wp-json\/wp\/v2\/pages"}],"about":[{"href":"https:\/\/agora.xtec.cat\/institutlesmargues\/wp-json\/wp\/v2\/types\/page"}],"author":[{"embeddable":true,"href":"https:\/\/agora.xtec.cat\/institutlesmargues\/wp-json\/wp\/v2\/users\/1"}],"replies":[{"embeddable":true,"href":"https:\/\/agora.xtec.cat\/institutlesmargues\/wp-json\/wp\/v2\/comments?post=43"}],"version-history":[{"count":7,"href":"https:\/\/agora.xtec.cat\/institutlesmargues\/wp-json\/wp\/v2\/pages\/43\/revisions"}],"predecessor-version":[{"id":7445,"href":"https:\/\/agora.xtec.cat\/institutlesmargues\/wp-json\/wp\/v2\/pages\/43\/revisions\/7445"}],"up":[{"embeddable":true,"href":"https:\/\/agora.xtec.cat\/institutlesmargues\/wp-json\/wp\/v2\/pages\/46"}],"wp:attachment":[{"href":"https:\/\/agora.xtec.cat\/institutlesmargues\/wp-json\/wp\/v2\/media?parent=43"}],"curies":[{"name":"wp","href":"https:\/\/api.w.org\/{rel}","templated":true}]}}