{"id":4025,"date":"2022-02-17T09:54:36","date_gmt":"2022-02-17T08:54:36","guid":{"rendered":"https:\/\/agora.xtec.cat\/institutlesmargues\/?page_id=4025"},"modified":"2025-02-21T13:12:21","modified_gmt":"2025-02-21T12:12:21","slug":"steamcat-2","status":"publish","type":"page","link":"https:\/\/agora.xtec.cat\/institutlesmargues\/steamcat-2\/","title":{"rendered":"SteamCAT"},"content":{"rendered":"<p>L\u2019institut Les Margues ha participat al programa d\u2019innovaci\u00f3 pedag\u00f2gica \u201cSTEAM_CAT\u201d, per a l\u2019edici\u00f3 2021-2024.<\/p>\n<p><strong><span style=\"color: #ff9900;\">Quina \u00e9s la finalitat del programa?<\/span><\/strong><\/p>\n<p>La finalitat del Programa d&#8217;innovaci\u00f3 pedag\u00f2gica STEAMcat \u00e9s generar i potenciar l&#8217;inter\u00e8s de l&#8217;alumnat d&#8217;Educaci\u00f3 Infantil i Prim\u00e0ria i d&#8217;Educaci\u00f3 Secund\u00e0ria Obligat\u00f2ria vers les ci\u00e8ncies, la tecnologia, l&#8217;enginyeria, les matem\u00e0tiques, i la creativitat en aquests \u00e0mbits a trav\u00e9s del disseny i l&#8217;art, i incrementar la pres\u00e8ncia de dones i de l&#8217;alumnat socialment desafavorit en els estudis i professions STEM. El Programa d&#8217;innovaci\u00f3 pedag\u00f2gica STEAMcat pret\u00e9n promoure l&#8217;equitat i la qualitat del sistema educatiu reflectida en la millora de les capacitats i compet\u00e8ncies de l&#8217;alumnat participant.<\/p>\n<p><strong><span style=\"color: #ff9900;\">Quins s\u00f3n els objectius del programa?<\/span><\/strong><\/p>\n<ul>\n<li>Augmentar les vocacions cientificotecnol\u00f2giques i matem\u00e0tiques especialment en dones i contextos socials desafavorits.<\/li>\n<li>Refor\u00e7ar el proc\u00e9s d\u2019orientaci\u00f3 de l\u2019alumnat envers als estudis i professions de l\u2019\u00e0mbit STEM en termes d\u2019equitat i en totes les etapes educatives.<\/li>\n<li>Millorar l\u2019habilitat per entendre i interpretar un m\u00f3n cientificotecnol\u00f2gic i matem\u00e0tic.<\/li>\n<li>Millorar la percepci\u00f3 social de les \u00e0rees STEAM.<\/li>\n<li>Millorar l\u2019actitud personal cap a l\u2019aprenentatge de les \u00e0rees cientificot\u00e8cniques i matem\u00e0tiques, en el conjunt de l\u2019alumnat des de l\u2019educaci\u00f3 infantil fins a batxillerat.<\/li>\n<li>Incrementar l\u2019aplicaci\u00f3 de metodologies d\u00b4aprenentatge transversal, generadores i vehiculars de coneixement compartit entre els diferents \u00e0mbits cient\u00edfic, tecnol\u00f2gic, art\u00edstic i matem\u00e0tic que fomentin el pensament cr\u00edtic i la creativitat.<\/li>\n<li>Promoure la creaci\u00f3 d\u2019aliances entre els centres educatius, els agents de l\u2019\u00e0mbit cientificotecnol\u00f2gic i l\u2019entorn proper mitjan\u00e7ant la realitzaci\u00f3 d\u2019activitats relacionades amb problemes socialment rellevants.<\/li>\n<li>Compartir la investigaci\u00f3 com a docents i la pr\u00e0ctica reflexiva entre els membres de la comunitat STEAMcat.<\/li>\n<\/ul>\n<p><strong><span style=\"color: #ff9900;\">Quins s\u00f3n els principals objectius del centre?<\/span><\/strong><\/p>\n<ul>\n<li>Crear i dur a terme activitats o projectes transversals on es treballin punts en com\u00fa del curriculum.<\/li>\n<li>Augmentar la motivaci\u00f3 de les noies per escollir mat\u00e8ries de l\u2019\u00e0mbit cientificotecnol\u00f2gic i aix\u00ed no perdre el seu coneixement, visi\u00f3 i aportaci\u00f3.<\/li>\n<li>Connectar l\u2019entorn del centre amb les mat\u00e8ries STEAM per tal que l\u2019alumnat comprengui la relaci\u00f3 existent entre els continguts treballats a l\u2019aula i la repercussi\u00f3 a la seva vida quotidiana.<\/li>\n<\/ul>\n<p>&nbsp;<\/p>\n<p>L\u2019aplicaci\u00f3 del programa es dur\u00e0 a terme l\u2019\u00faltim trimestre del curs 22-23 a 1r d\u2019ESO, engegant el projecte <span style=\"color: #339966;\"><strong>\u201cLa llavor del saber\u201d<\/strong><\/span>.<\/p>\n","protected":false},"excerpt":{"rendered":"<p>L\u2019institut Les Margues ha participat al programa d\u2019innovaci\u00f3 pedag\u00f2gica \u201cSTEAM_CAT\u201d, per a l\u2019edici\u00f3 2021-2024. Quina \u00e9s la finalitat del programa? La finalitat del Programa d&#8217;innovaci\u00f3 pedag\u00f2gica STEAMcat \u00e9s generar i potenciar l&#8217;inter\u00e8s de l&#8217;alumnat d&#8217;Educaci\u00f3 Infantil i Prim\u00e0ria i d&#8217;Educaci\u00f3 Secund\u00e0ria Obligat\u00f2ria vers les ci\u00e8ncies, la tecnologia, l&#8217;enginyeria, les matem\u00e0tiques, i la creativitat en aquests [&hellip;]<\/p>\n","protected":false},"author":1,"featured_media":0,"parent":0,"menu_order":0,"comment_status":"closed","ping_status":"closed","template":"","meta":{"_bbp_topic_count":0,"_bbp_reply_count":0,"_bbp_total_topic_count":0,"_bbp_total_reply_count":0,"_bbp_voice_count":0,"_bbp_anonymous_reply_count":0,"_bbp_topic_count_hidden":0,"_bbp_reply_count_hidden":0,"_bbp_forum_subforum_count":0,"site-sidebar-layout":"default","site-content-layout":"","ast-site-content-layout":"","site-content-style":"default","site-sidebar-style":"default","ast-global-header-display":"","ast-banner-title-visibility":"","ast-main-header-display":"","ast-hfb-above-header-display":"","ast-hfb-below-header-display":"","ast-hfb-mobile-header-display":"","site-post-title":"","ast-breadcrumbs-content":"","ast-featured-img":"","footer-sml-layout":"","theme-transparent-header-meta":"","adv-header-id-meta":"","stick-header-meta":"","header-above-stick-meta":"","header-main-stick-meta":"","header-below-stick-meta":"","astra-migrate-meta-layouts":"default","ast-page-background-enabled":"default","ast-page-background-meta":{"desktop":{"background-color":"var(--ast-global-color-4)","background-image":"","background-repeat":"repeat","background-position":"center center","background-size":"auto","background-attachment":"scroll","background-type":"","background-media":"","overlay-type":"","overlay-color":"","overlay-opacity":"","overlay-gradient":""},"tablet":{"background-color":"","background-image":"","background-repeat":"repeat","background-position":"center center","background-size":"auto","background-attachment":"scroll","background-type":"","background-media":"","overlay-type":"","overlay-color":"","overlay-opacity":"","overlay-gradient":""},"mobile":{"background-color":"","background-image":"","background-repeat":"repeat","background-position":"center center","background-size":"auto","background-attachment":"scroll","background-type":"","background-media":"","overlay-type":"","overlay-color":"","overlay-opacity":"","overlay-gradient":""}},"ast-content-background-meta":{"desktop":{"background-color":"var(--ast-global-color-5)","background-image":"","background-repeat":"repeat","background-position":"center center","background-size":"auto","background-attachment":"scroll","background-type":"","background-media":"","overlay-type":"","overlay-color":"","overlay-opacity":"","overlay-gradient":""},"tablet":{"background-color":"var(--ast-global-color-5)","background-image":"","background-repeat":"repeat","background-position":"center center","background-size":"auto","background-attachment":"scroll","background-type":"","background-media":"","overlay-type":"","overlay-color":"","overlay-opacity":"","overlay-gradient":""},"mobile":{"background-color":"var(--ast-global-color-5)","background-image":"","background-repeat":"repeat","background-position":"center center","background-size":"auto","background-attachment":"scroll","background-type":"","background-media":"","overlay-type":"","overlay-color":"","overlay-opacity":"","overlay-gradient":""}},"footnotes":""},"class_list":["post-4025","page","type-page","status-publish","hentry"],"post_mailing_queue_ids":[],"_links":{"self":[{"href":"https:\/\/agora.xtec.cat\/institutlesmargues\/wp-json\/wp\/v2\/pages\/4025","targetHints":{"allow":["GET"]}}],"collection":[{"href":"https:\/\/agora.xtec.cat\/institutlesmargues\/wp-json\/wp\/v2\/pages"}],"about":[{"href":"https:\/\/agora.xtec.cat\/institutlesmargues\/wp-json\/wp\/v2\/types\/page"}],"author":[{"embeddable":true,"href":"https:\/\/agora.xtec.cat\/institutlesmargues\/wp-json\/wp\/v2\/users\/1"}],"replies":[{"embeddable":true,"href":"https:\/\/agora.xtec.cat\/institutlesmargues\/wp-json\/wp\/v2\/comments?post=4025"}],"version-history":[{"count":3,"href":"https:\/\/agora.xtec.cat\/institutlesmargues\/wp-json\/wp\/v2\/pages\/4025\/revisions"}],"predecessor-version":[{"id":7130,"href":"https:\/\/agora.xtec.cat\/institutlesmargues\/wp-json\/wp\/v2\/pages\/4025\/revisions\/7130"}],"wp:attachment":[{"href":"https:\/\/agora.xtec.cat\/institutlesmargues\/wp-json\/wp\/v2\/media?parent=4025"}],"curies":[{"name":"wp","href":"https:\/\/api.w.org\/{rel}","templated":true}]}}