{"id":4024,"date":"2022-02-17T09:54:36","date_gmt":"2022-02-17T08:54:36","guid":{"rendered":"https:\/\/agora.xtec.cat\/institutlesmargues\/?page_id=4024"},"modified":"2025-03-14T12:54:00","modified_gmt":"2025-03-14T11:54:00","slug":"aquiproubullying","status":"publish","type":"page","link":"https:\/\/agora.xtec.cat\/institutlesmargues\/aquiproubullying\/","title":{"rendered":"#aqu\u00edproubullying"},"content":{"rendered":"<div style=\"text-align: justify;\">\n<p>Aquest ja \u00e9s el tercer any del projecte d&#8217;innovaci\u00f3 educativa #aqu\u00edproubullying, que t\u00e9 l&#8217;objectiu de prevenir, detectar i intervenir davant l&#8217;assetjament.<\/p>\n<p>El programa contempla la creaci\u00f3 d\u2019un equip de refer\u00e8ncia format per membres de la comunitat escolar (alumnat, docents, personal no docent i fam\u00edlies) i d\u2019un projecte de servei comunitari, els Guaites, per promoure la implicaci\u00f3 de l\u2019alumnat a fi de detectar i aturar situacions de possible assetjament, aix\u00ed com la formaci\u00f3 de l\u2019alumnat i les fam\u00edlies.<\/p>\n<p>Un dels elements innovadors \u00e9s la incorporaci\u00f3 de l\u2019alumnat com a agent actiu, amb capacitat de comprometre\u2019s en la detecci\u00f3 i la intervenci\u00f3 en processos d\u2019assetjament alhora que adquireix amb aquesta acci\u00f3 les actituds i els valors propis de la compet\u00e8ncia social i ciutadana.<\/p>\n<p>Els principals objectius del projecte s\u00f3n les seg\u00fcents:<\/p>\n<ul>\n<li>Implicar la comunitat escolar davant els casos d\u2019assetjament.<\/li>\n<li>Potenciar el comprom\u00eds actiu de l\u2019alumnat en la prevenci\u00f3 i detecci\u00f3 dels casos d\u2019assetjament.<\/li>\n<li>Fomentar la gesti\u00f3 positiva dels conflictes.<\/li>\n<li>Contribuir al desenvolupament personal i social de l\u2019alumnat.<\/li>\n<li>Implicar la comunitat escolar davant els casos d\u2019assetjament.<\/li>\n<li>Potenciar el comprom\u00eds actiu de l\u2019alumnat en la prevenci\u00f3 i detecci\u00f3 dels casos d\u2019assetjament.<\/li>\n<li>Fomentar la gesti\u00f3 positiva dels conflictes.<\/li>\n<li>Contribuir al desenvolupament personal i social de l\u2019alumnat.<\/li>\n<\/ul>\n<p>&nbsp;<\/p>\n<\/div>\n","protected":false},"excerpt":{"rendered":"<p>Aquest ja \u00e9s el tercer any del projecte d&#8217;innovaci\u00f3 educativa #aqu\u00edproubullying, que t\u00e9 l&#8217;objectiu de prevenir, detectar i intervenir davant l&#8217;assetjament. El programa contempla la creaci\u00f3 d\u2019un equip de refer\u00e8ncia format per membres de la comunitat escolar (alumnat, docents, personal no docent i fam\u00edlies) i d\u2019un projecte de servei comunitari, els Guaites, per promoure la [&hellip;]<\/p>\n","protected":false},"author":1,"featured_media":0,"parent":0,"menu_order":0,"comment_status":"closed","ping_status":"closed","template":"","meta":{"_bbp_topic_count":0,"_bbp_reply_count":0,"_bbp_total_topic_count":0,"_bbp_total_reply_count":0,"_bbp_voice_count":0,"_bbp_anonymous_reply_count":0,"_bbp_topic_count_hidden":0,"_bbp_reply_count_hidden":0,"_bbp_forum_subforum_count":0,"site-sidebar-layout":"default","site-content-layout":"","ast-site-content-layout":"","site-content-style":"default","site-sidebar-style":"default","ast-global-header-display":"","ast-banner-title-visibility":"","ast-main-header-display":"","ast-hfb-above-header-display":"","ast-hfb-below-header-display":"","ast-hfb-mobile-header-display":"","site-post-title":"","ast-breadcrumbs-content":"","ast-featured-img":"","footer-sml-layout":"","theme-transparent-header-meta":"","adv-header-id-meta":"","stick-header-meta":"","header-above-stick-meta":"","header-main-stick-meta":"","header-below-stick-meta":"","astra-migrate-meta-layouts":"default","ast-page-background-enabled":"default","ast-page-background-meta":{"desktop":{"background-color":"var(--ast-global-color-4)","background-image":"","background-repeat":"repeat","background-position":"center center","background-size":"auto","background-attachment":"scroll","background-type":"","background-media":"","overlay-type":"","overlay-color":"","overlay-opacity":"","overlay-gradient":""},"tablet":{"background-color":"","background-image":"","background-repeat":"repeat","background-position":"center center","background-size":"auto","background-attachment":"scroll","background-type":"","background-media":"","overlay-type":"","overlay-color":"","overlay-opacity":"","overlay-gradient":""},"mobile":{"background-color":"","background-image":"","background-repeat":"repeat","background-position":"center center","background-size":"auto","background-attachment":"scroll","background-type":"","background-media":"","overlay-type":"","overlay-color":"","overlay-opacity":"","overlay-gradient":""}},"ast-content-background-meta":{"desktop":{"background-color":"var(--ast-global-color-5)","background-image":"","background-repeat":"repeat","background-position":"center center","background-size":"auto","background-attachment":"scroll","background-type":"","background-media":"","overlay-type":"","overlay-color":"","overlay-opacity":"","overlay-gradient":""},"tablet":{"background-color":"var(--ast-global-color-5)","background-image":"","background-repeat":"repeat","background-position":"center center","background-size":"auto","background-attachment":"scroll","background-type":"","background-media":"","overlay-type":"","overlay-color":"","overlay-opacity":"","overlay-gradient":""},"mobile":{"background-color":"var(--ast-global-color-5)","background-image":"","background-repeat":"repeat","background-position":"center center","background-size":"auto","background-attachment":"scroll","background-type":"","background-media":"","overlay-type":"","overlay-color":"","overlay-opacity":"","overlay-gradient":""}},"footnotes":""},"class_list":["post-4024","page","type-page","status-publish","hentry"],"post_mailing_queue_ids":[],"_links":{"self":[{"href":"https:\/\/agora.xtec.cat\/institutlesmargues\/wp-json\/wp\/v2\/pages\/4024","targetHints":{"allow":["GET"]}}],"collection":[{"href":"https:\/\/agora.xtec.cat\/institutlesmargues\/wp-json\/wp\/v2\/pages"}],"about":[{"href":"https:\/\/agora.xtec.cat\/institutlesmargues\/wp-json\/wp\/v2\/types\/page"}],"author":[{"embeddable":true,"href":"https:\/\/agora.xtec.cat\/institutlesmargues\/wp-json\/wp\/v2\/users\/1"}],"replies":[{"embeddable":true,"href":"https:\/\/agora.xtec.cat\/institutlesmargues\/wp-json\/wp\/v2\/comments?post=4024"}],"version-history":[{"count":4,"href":"https:\/\/agora.xtec.cat\/institutlesmargues\/wp-json\/wp\/v2\/pages\/4024\/revisions"}],"predecessor-version":[{"id":6539,"href":"https:\/\/agora.xtec.cat\/institutlesmargues\/wp-json\/wp\/v2\/pages\/4024\/revisions\/6539"}],"wp:attachment":[{"href":"https:\/\/agora.xtec.cat\/institutlesmargues\/wp-json\/wp\/v2\/media?parent=4024"}],"curies":[{"name":"wp","href":"https:\/\/api.w.org\/{rel}","templated":true}]}}