{"id":3944,"date":"2026-02-02T13:20:33","date_gmt":"2026-02-02T12:20:33","guid":{"rendered":"https:\/\/agora.xtec.cat\/institutlesmargues\/?page_id=3944"},"modified":"2026-04-15T10:36:33","modified_gmt":"2026-04-15T08:36:33","slug":"preinscripcio-i-matricula-curs-2023-2024","status":"publish","type":"page","link":"https:\/\/agora.xtec.cat\/institutlesmargues\/preinscripcio-i-matricula-curs-2023-2024\/","title":{"rendered":"Preinscripci\u00f3 i matr\u00edcula pel curs 2026-2027"},"content":{"rendered":"<p>JORNADES DE PORTES OBERTES (ESO i BATXILLERAT)<\/p>\n<ul>\n<li>Jornada de Portes Obertes <strong>ESO <\/strong>(2 de mar\u00e7 de 2026, 18.30h)<\/li>\n<li>Jornada de Portes Obertes <strong>BATXILLERAT<\/strong> <span style=\"color: #000000;\">(23<\/span> de mar\u00e7 2026, 18.30h<\/li>\n<\/ul>\n<p>Podeu consultar tota la informaci\u00f3 sobre la preinscripci\u00f3 i matr\u00edcula pel curs 2026-2027 <a href=\"https:\/\/preinscripcio.gencat.cat\/ca\/inici\/index.html\" target=\"_blank\" rel=\"noopener\"><strong>aqu\u00ed<\/strong><\/a>.<\/p>\n<p>SEGUIMENT I ASSIGNACI\u00d3 DE PLACES. ESO<\/p>\n<ul>\n<li style=\"list-style-type: none;\">\n<ul>\n<li><a href=\"https:\/\/agora.xtec.cat\/institutlesmargues\/wp-content\/uploads\/usu540\/2026\/03\/20260301_OFERTA_ESO.pdf\" target=\"_blank\" rel=\"noopener\">Oferta inicial places ESO.<\/a><\/li>\n<li>Oferta inicial places Batxillerat.<\/li>\n<\/ul>\n<\/li>\n<\/ul>\n","protected":false},"excerpt":{"rendered":"<p>JORNADES DE PORTES OBERTES (ESO i BATXILLERAT) Jornada de Portes Obertes ESO (2 de mar\u00e7 de 2026, 18.30h) Jornada de Portes Obertes BATXILLERAT (23 de mar\u00e7 2026, 18.30h Podeu consultar tota la informaci\u00f3 sobre la preinscripci\u00f3 i matr\u00edcula pel curs 2026-2027 aqu\u00ed. SEGUIMENT I ASSIGNACI\u00d3 DE PLACES. ESO Oferta inicial places ESO. Oferta inicial places [&hellip;]<\/p>\n","protected":false},"author":1,"featured_media":0,"parent":0,"menu_order":0,"comment_status":"closed","ping_status":"closed","template":"","meta":{"_bbp_topic_count":0,"_bbp_reply_count":0,"_bbp_total_topic_count":0,"_bbp_total_reply_count":0,"_bbp_voice_count":0,"_bbp_anonymous_reply_count":0,"_bbp_topic_count_hidden":0,"_bbp_reply_count_hidden":0,"_bbp_forum_subforum_count":0,"site-sidebar-layout":"default","site-content-layout":"","ast-site-content-layout":"default","site-content-style":"default","site-sidebar-style":"default","ast-global-header-display":"","ast-banner-title-visibility":"","ast-main-header-display":"","ast-hfb-above-header-display":"","ast-hfb-below-header-display":"","ast-hfb-mobile-header-display":"","site-post-title":"","ast-breadcrumbs-content":"","ast-featured-img":"","footer-sml-layout":"","theme-transparent-header-meta":"default","adv-header-id-meta":"","stick-header-meta":"","header-above-stick-meta":"","header-main-stick-meta":"","header-below-stick-meta":"","astra-migrate-meta-layouts":"set","ast-page-background-enabled":"default","ast-page-background-meta":{"desktop":{"background-color":"var(--ast-global-color-4)","background-image":"","background-repeat":"repeat","background-position":"center center","background-size":"auto","background-attachment":"scroll","background-type":"","background-media":"","overlay-type":"","overlay-color":"","overlay-opacity":"","overlay-gradient":""},"tablet":{"background-color":"","background-image":"","background-repeat":"repeat","background-position":"center center","background-size":"auto","background-attachment":"scroll","background-type":"","background-media":"","overlay-type":"","overlay-color":"","overlay-opacity":"","overlay-gradient":""},"mobile":{"background-color":"","background-image":"","background-repeat":"repeat","background-position":"center center","background-size":"auto","background-attachment":"scroll","background-type":"","background-media":"","overlay-type":"","overlay-color":"","overlay-opacity":"","overlay-gradient":""}},"ast-content-background-meta":{"desktop":{"background-color":"var(--ast-global-color-5)","background-image":"","background-repeat":"repeat","background-position":"center center","background-size":"auto","background-attachment":"scroll","background-type":"","background-media":"","overlay-type":"","overlay-color":"","overlay-opacity":"","overlay-gradient":""},"tablet":{"background-color":"var(--ast-global-color-5)","background-image":"","background-repeat":"repeat","background-position":"center center","background-size":"auto","background-attachment":"scroll","background-type":"","background-media":"","overlay-type":"","overlay-color":"","overlay-opacity":"","overlay-gradient":""},"mobile":{"background-color":"var(--ast-global-color-5)","background-image":"","background-repeat":"repeat","background-position":"center center","background-size":"auto","background-attachment":"scroll","background-type":"","background-media":"","overlay-type":"","overlay-color":"","overlay-opacity":"","overlay-gradient":""}},"footnotes":""},"class_list":["post-3944","page","type-page","status-publish","hentry"],"post_mailing_queue_ids":[],"_links":{"self":[{"href":"https:\/\/agora.xtec.cat\/institutlesmargues\/wp-json\/wp\/v2\/pages\/3944","targetHints":{"allow":["GET"]}}],"collection":[{"href":"https:\/\/agora.xtec.cat\/institutlesmargues\/wp-json\/wp\/v2\/pages"}],"about":[{"href":"https:\/\/agora.xtec.cat\/institutlesmargues\/wp-json\/wp\/v2\/types\/page"}],"author":[{"embeddable":true,"href":"https:\/\/agora.xtec.cat\/institutlesmargues\/wp-json\/wp\/v2\/users\/1"}],"replies":[{"embeddable":true,"href":"https:\/\/agora.xtec.cat\/institutlesmargues\/wp-json\/wp\/v2\/comments?post=3944"}],"version-history":[{"count":7,"href":"https:\/\/agora.xtec.cat\/institutlesmargues\/wp-json\/wp\/v2\/pages\/3944\/revisions"}],"predecessor-version":[{"id":7640,"href":"https:\/\/agora.xtec.cat\/institutlesmargues\/wp-json\/wp\/v2\/pages\/3944\/revisions\/7640"}],"wp:attachment":[{"href":"https:\/\/agora.xtec.cat\/institutlesmargues\/wp-json\/wp\/v2\/media?parent=3944"}],"curies":[{"name":"wp","href":"https:\/\/api.w.org\/{rel}","templated":true}]}}