{"id":3709,"date":"2021-12-16T10:59:11","date_gmt":"2021-12-16T09:59:11","guid":{"rendered":"https:\/\/agora.xtec.cat\/institutlesmargues\/?page_id=3709"},"modified":"2022-02-16T12:55:14","modified_gmt":"2022-02-16T11:55:14","slug":"comissions-alumnat","status":"publish","type":"page","link":"https:\/\/agora.xtec.cat\/institutlesmargues\/linstitut\/organigrama\/comissions-alumnat\/","title":{"rendered":"Comissions alumnat"},"content":{"rendered":"<p style=\"text-align: justify;\">Des de la comissi\u00f3 d&#8217;activitats, es dinamitzen els patis perqu\u00e8 siguin actius. Per aix\u00f2, s&#8217;han creat les seg\u00fcents comissions d&#8217;alumnat, on la participaci\u00f3 \u00e9s totalment volunt\u00e0ria:<\/p>\n<p><strong>Comissi\u00f3 esportiva:<\/strong> s&#8217;organitzen i es dinamitzen activitats l\u00fadiques i esportives amb l&#8217;alumnat (torneigs esportius, jocs i activitats diverses).<\/p>\n<p style=\"text-align: justify;\"><strong>Comissi\u00f3 de lectura:<\/strong> es comparteixen lectures, llibres, autors&#8230; entre els i les alumnes i fer les seves pr\u00f2pies recomanacions. Tamb\u00e9, es fomenta la lectura a tot el centre.<\/p>\n<p><strong>Comissi\u00f3 hort:<\/strong> es t\u00e9 cura de l&#8217;hort del centre i s&#8217;adquireixen coneixements relacionats amb l&#8217;agricultura.<\/p>\n<p><strong>Comissi\u00f3 art\u00edstica:<\/strong> es fomenta la vessant art\u00edstica de l&#8217;alumnat del centre (dibuix, m\u00fasica, ball, etc.).<\/p>\n<p><strong>Comissi\u00f3 de fons social:<\/strong> es promouen activitats dins i fora del centre, amb l&#8217;objectiu de recaptar fons econ\u00f2mics per tal d&#8217;ajudar les fam\u00edlies vulnerables.<\/p>\n<p><strong>Comissi\u00f3 de g\u00e8nere:<\/strong>\u00a0 es fan activitats per fomentar la igualtat de g\u00e8nere.<\/p>\n<p>&nbsp;<\/p>\n","protected":false},"excerpt":{"rendered":"<p>Des de la comissi\u00f3 d&#8217;activitats, es dinamitzen els patis perqu\u00e8 siguin actius. Per aix\u00f2, s&#8217;han creat les seg\u00fcents comissions d&#8217;alumnat, on la participaci\u00f3 \u00e9s totalment volunt\u00e0ria: Comissi\u00f3 esportiva: s&#8217;organitzen i es dinamitzen activitats l\u00fadiques i esportives amb l&#8217;alumnat (torneigs esportius, jocs i activitats diverses). Comissi\u00f3 de lectura: es comparteixen lectures, llibres, autors&#8230; entre els i [&hellip;]<\/p>\n","protected":false},"author":1,"featured_media":0,"parent":46,"menu_order":0,"comment_status":"closed","ping_status":"closed","template":"","meta":{"_bbp_topic_count":0,"_bbp_reply_count":0,"_bbp_total_topic_count":0,"_bbp_total_reply_count":0,"_bbp_voice_count":0,"_bbp_anonymous_reply_count":0,"_bbp_topic_count_hidden":0,"_bbp_reply_count_hidden":0,"_bbp_forum_subforum_count":0,"site-sidebar-layout":"default","site-content-layout":"","ast-site-content-layout":"","site-content-style":"default","site-sidebar-style":"default","ast-global-header-display":"","ast-banner-title-visibility":"","ast-main-header-display":"","ast-hfb-above-header-display":"","ast-hfb-below-header-display":"","ast-hfb-mobile-header-display":"","site-post-title":"","ast-breadcrumbs-content":"","ast-featured-img":"","footer-sml-layout":"","theme-transparent-header-meta":"","adv-header-id-meta":"","stick-header-meta":"","header-above-stick-meta":"","header-main-stick-meta":"","header-below-stick-meta":"","astra-migrate-meta-layouts":"default","ast-page-background-enabled":"default","ast-page-background-meta":{"desktop":{"background-color":"var(--ast-global-color-4)","background-image":"","background-repeat":"repeat","background-position":"center center","background-size":"auto","background-attachment":"scroll","background-type":"","background-media":"","overlay-type":"","overlay-color":"","overlay-opacity":"","overlay-gradient":""},"tablet":{"background-color":"","background-image":"","background-repeat":"repeat","background-position":"center center","background-size":"auto","background-attachment":"scroll","background-type":"","background-media":"","overlay-type":"","overlay-color":"","overlay-opacity":"","overlay-gradient":""},"mobile":{"background-color":"","background-image":"","background-repeat":"repeat","background-position":"center center","background-size":"auto","background-attachment":"scroll","background-type":"","background-media":"","overlay-type":"","overlay-color":"","overlay-opacity":"","overlay-gradient":""}},"ast-content-background-meta":{"desktop":{"background-color":"var(--ast-global-color-5)","background-image":"","background-repeat":"repeat","background-position":"center center","background-size":"auto","background-attachment":"scroll","background-type":"","background-media":"","overlay-type":"","overlay-color":"","overlay-opacity":"","overlay-gradient":""},"tablet":{"background-color":"var(--ast-global-color-5)","background-image":"","background-repeat":"repeat","background-position":"center center","background-size":"auto","background-attachment":"scroll","background-type":"","background-media":"","overlay-type":"","overlay-color":"","overlay-opacity":"","overlay-gradient":""},"mobile":{"background-color":"var(--ast-global-color-5)","background-image":"","background-repeat":"repeat","background-position":"center center","background-size":"auto","background-attachment":"scroll","background-type":"","background-media":"","overlay-type":"","overlay-color":"","overlay-opacity":"","overlay-gradient":""}},"footnotes":""},"class_list":["post-3709","page","type-page","status-publish","hentry"],"post_mailing_queue_ids":[],"_links":{"self":[{"href":"https:\/\/agora.xtec.cat\/institutlesmargues\/wp-json\/wp\/v2\/pages\/3709","targetHints":{"allow":["GET"]}}],"collection":[{"href":"https:\/\/agora.xtec.cat\/institutlesmargues\/wp-json\/wp\/v2\/pages"}],"about":[{"href":"https:\/\/agora.xtec.cat\/institutlesmargues\/wp-json\/wp\/v2\/types\/page"}],"author":[{"embeddable":true,"href":"https:\/\/agora.xtec.cat\/institutlesmargues\/wp-json\/wp\/v2\/users\/1"}],"replies":[{"embeddable":true,"href":"https:\/\/agora.xtec.cat\/institutlesmargues\/wp-json\/wp\/v2\/comments?post=3709"}],"version-history":[{"count":3,"href":"https:\/\/agora.xtec.cat\/institutlesmargues\/wp-json\/wp\/v2\/pages\/3709\/revisions"}],"predecessor-version":[{"id":3968,"href":"https:\/\/agora.xtec.cat\/institutlesmargues\/wp-json\/wp\/v2\/pages\/3709\/revisions\/3968"}],"up":[{"embeddable":true,"href":"https:\/\/agora.xtec.cat\/institutlesmargues\/wp-json\/wp\/v2\/pages\/46"}],"wp:attachment":[{"href":"https:\/\/agora.xtec.cat\/institutlesmargues\/wp-json\/wp\/v2\/media?parent=3709"}],"curies":[{"name":"wp","href":"https:\/\/api.w.org\/{rel}","templated":true}]}}