{"id":3570,"date":"2021-10-05T10:53:19","date_gmt":"2021-10-05T08:53:19","guid":{"rendered":"https:\/\/agora.xtec.cat\/institutlesmargues\/?page_id=3570"},"modified":"2022-02-24T09:34:37","modified_gmt":"2022-02-24T08:34:37","slug":"erasmus","status":"publish","type":"page","link":"https:\/\/agora.xtec.cat\/institutlesmargues\/erasmus-2\/erasmus\/","title":{"rendered":"Erasmus +"},"content":{"rendered":"<p style=\"text-align: justify;\"><span style=\"font-weight: 400;\">El nostre projecte <a href=\"https:\/\/sites.google.com\/xtec.cat\/erasmus-lesmargues20-22\/home?authuser=2\" target=\"_blank\" rel=\"noopener\">Erasmus+ <\/a><\/span><i><span style=\"font-weight: 400;\">Improving School Involvement and Participation <\/span><\/i><span style=\"font-weight: 400;\">t\u00e9 una duraci\u00f3 de dos anys, des del desembre del 2020 fins al desembre del 2022. Durant aquest per\u00edode es faran les formacions de professorat i les visites a centres educatius programats, aix\u00ed com tamb\u00e9 les activitats d\u2019aula que se\u2019n derivin.<\/span><\/p>\n<p><span style=\"font-weight: 400;\">El fet de presentar el projecte va sorgir la l\u2019an\u00e0lisi de les necessitats i fortaleses del nostre institut. Es va concloure que calia millorar les seg\u00fcents \u00e0rees:<\/span><\/p>\n<ul>\n<li style=\"font-weight: 400;\" aria-level=\"1\"><span style=\"font-weight: 400;\">La cohesi\u00f3 social i la implicaci\u00f3 de l\u2019alumnat i professorat en el proc\u00e9s d\u2019aprenentatge.<\/span><\/li>\n<li style=\"font-weight: 400;\" aria-level=\"1\"><span style=\"font-weight: 400;\">El coneixement i \u00fas de metodologies per projectes i facilitar la modernitzaci\u00f3 metodol\u00f2gica del centre per tal de millorar la pr\u00e0ctica docent.<\/span><\/li>\n<li style=\"font-weight: 400;\" aria-level=\"1\"><span style=\"font-weight: 400;\">El coneixement i \u00fas de la llengua anglesa tant de l\u2019alumnat com del professorat en general.<\/span><\/li>\n<\/ul>\n<p><span style=\"font-weight: 400;\">Per tant, els objectius a assolir i que seran avaluats al final del projecte s\u00f3n:<\/span><\/p>\n<ol>\n<li style=\"font-weight: 400; text-align: justify;\" aria-level=\"1\"><span style=\"font-weight: 400;\">Millorar la vinculaci\u00f3 de l\u2019alumnat i el professorat en el centre educatiu per tal que augmenti la cohesi\u00f3 social i es redueixin els problemes de disciplina.<\/span><\/li>\n<li style=\"font-weight: 400; text-align: justify;\" aria-level=\"1\"><span style=\"font-weight: 400;\">Augmentar el nombre de professors\/es que inclouen la metodologia per projectes en les seves programacions, aix\u00ed com altres metodologies innovadores com <a href=\"https:\/\/www.erasmustrainingcourses.com\/outdoor-education.html\" target=\"_blank\" rel=\"noopener\">\u201cOutdoor Learning\u201d<\/a> i de gesti\u00f3 d\u2019aula.<\/span><\/li>\n<li style=\"font-weight: 400; text-align: justify;\" aria-level=\"1\">Augmentar el nombre de professors\/es fora del Departament de Lleng\u00fces Estrangeres que inclouen activitats en llengua anglesa que impliquin la internacionalitzaci\u00f3 i coordinaci\u00f3 amb altres centres educatius de la Uni\u00f3 Europea.<\/li>\n<\/ol>\n<p><a href=\"https:\/\/agora.xtec.cat\/institutlesmargues\/wp-content\/uploads\/usu540\/2021\/10\/ISIP-Julia-C..png\"><img loading=\"lazy\" decoding=\"async\" class=\"alignnone size-full wp-image-3564\" src=\"https:\/\/agora.xtec.cat\/institutlesmargues\/wp-content\/uploads\/usu540\/2021\/10\/ISIP-Julia-C..png\" alt=\"\" width=\"1024\" height=\"768\" srcset=\"https:\/\/agora.xtec.cat\/institutlesmargues\/wp-content\/uploads\/usu540\/2021\/10\/ISIP-Julia-C..png 1024w, https:\/\/agora.xtec.cat\/institutlesmargues\/wp-content\/uploads\/usu540\/2021\/10\/ISIP-Julia-C.-300x225.png 300w, https:\/\/agora.xtec.cat\/institutlesmargues\/wp-content\/uploads\/usu540\/2021\/10\/ISIP-Julia-C.-768x576.png 768w, https:\/\/agora.xtec.cat\/institutlesmargues\/wp-content\/uploads\/usu540\/2021\/10\/ISIP-Julia-C.-200x150.png 200w\" sizes=\"auto, (max-width: 1024px) 100vw, 1024px\" \/><\/a><\/p>\n","protected":false},"excerpt":{"rendered":"<p>El nostre projecte Erasmus+ Improving School Involvement and Participation t\u00e9 una duraci\u00f3 de dos anys, des del desembre del 2020 fins al desembre del 2022. Durant aquest per\u00edode es faran les formacions de professorat i les visites a centres educatius programats, aix\u00ed com tamb\u00e9 les activitats d\u2019aula que se\u2019n derivin. El fet de presentar el [&hellip;]<\/p>\n","protected":false},"author":1,"featured_media":0,"parent":3571,"menu_order":0,"comment_status":"closed","ping_status":"closed","template":"","meta":{"_bbp_topic_count":0,"_bbp_reply_count":0,"_bbp_total_topic_count":0,"_bbp_total_reply_count":0,"_bbp_voice_count":0,"_bbp_anonymous_reply_count":0,"_bbp_topic_count_hidden":0,"_bbp_reply_count_hidden":0,"_bbp_forum_subforum_count":0,"site-sidebar-layout":"default","site-content-layout":"","ast-site-content-layout":"","site-content-style":"default","site-sidebar-style":"default","ast-global-header-display":"","ast-banner-title-visibility":"","ast-main-header-display":"","ast-hfb-above-header-display":"","ast-hfb-below-header-display":"","ast-hfb-mobile-header-display":"","site-post-title":"","ast-breadcrumbs-content":"","ast-featured-img":"","footer-sml-layout":"","theme-transparent-header-meta":"","adv-header-id-meta":"","stick-header-meta":"","header-above-stick-meta":"","header-main-stick-meta":"","header-below-stick-meta":"","astra-migrate-meta-layouts":"default","ast-page-background-enabled":"default","ast-page-background-meta":{"desktop":{"background-color":"var(--ast-global-color-4)","background-image":"","background-repeat":"repeat","background-position":"center center","background-size":"auto","background-attachment":"scroll","background-type":"","background-media":"","overlay-type":"","overlay-color":"","overlay-opacity":"","overlay-gradient":""},"tablet":{"background-color":"","background-image":"","background-repeat":"repeat","background-position":"center center","background-size":"auto","background-attachment":"scroll","background-type":"","background-media":"","overlay-type":"","overlay-color":"","overlay-opacity":"","overlay-gradient":""},"mobile":{"background-color":"","background-image":"","background-repeat":"repeat","background-position":"center center","background-size":"auto","background-attachment":"scroll","background-type":"","background-media":"","overlay-type":"","overlay-color":"","overlay-opacity":"","overlay-gradient":""}},"ast-content-background-meta":{"desktop":{"background-color":"var(--ast-global-color-5)","background-image":"","background-repeat":"repeat","background-position":"center center","background-size":"auto","background-attachment":"scroll","background-type":"","background-media":"","overlay-type":"","overlay-color":"","overlay-opacity":"","overlay-gradient":""},"tablet":{"background-color":"var(--ast-global-color-5)","background-image":"","background-repeat":"repeat","background-position":"center center","background-size":"auto","background-attachment":"scroll","background-type":"","background-media":"","overlay-type":"","overlay-color":"","overlay-opacity":"","overlay-gradient":""},"mobile":{"background-color":"var(--ast-global-color-5)","background-image":"","background-repeat":"repeat","background-position":"center center","background-size":"auto","background-attachment":"scroll","background-type":"","background-media":"","overlay-type":"","overlay-color":"","overlay-opacity":"","overlay-gradient":""}},"footnotes":""},"class_list":["post-3570","page","type-page","status-publish","hentry"],"post_mailing_queue_ids":[],"_links":{"self":[{"href":"https:\/\/agora.xtec.cat\/institutlesmargues\/wp-json\/wp\/v2\/pages\/3570","targetHints":{"allow":["GET"]}}],"collection":[{"href":"https:\/\/agora.xtec.cat\/institutlesmargues\/wp-json\/wp\/v2\/pages"}],"about":[{"href":"https:\/\/agora.xtec.cat\/institutlesmargues\/wp-json\/wp\/v2\/types\/page"}],"author":[{"embeddable":true,"href":"https:\/\/agora.xtec.cat\/institutlesmargues\/wp-json\/wp\/v2\/users\/1"}],"replies":[{"embeddable":true,"href":"https:\/\/agora.xtec.cat\/institutlesmargues\/wp-json\/wp\/v2\/comments?post=3570"}],"version-history":[{"count":3,"href":"https:\/\/agora.xtec.cat\/institutlesmargues\/wp-json\/wp\/v2\/pages\/3570\/revisions"}],"predecessor-version":[{"id":4159,"href":"https:\/\/agora.xtec.cat\/institutlesmargues\/wp-json\/wp\/v2\/pages\/3570\/revisions\/4159"}],"up":[{"embeddable":true,"href":"https:\/\/agora.xtec.cat\/institutlesmargues\/wp-json\/wp\/v2\/pages\/3571"}],"wp:attachment":[{"href":"https:\/\/agora.xtec.cat\/institutlesmargues\/wp-json\/wp\/v2\/media?parent=3570"}],"curies":[{"name":"wp","href":"https:\/\/api.w.org\/{rel}","templated":true}]}}