{"id":3554,"date":"2021-09-27T11:45:44","date_gmt":"2021-09-27T09:45:44","guid":{"rendered":"https:\/\/agora.xtec.cat\/institutlesmargues\/?page_id=3554"},"modified":"2021-09-27T15:44:09","modified_gmt":"2021-09-27T13:44:09","slug":"pla-dorganitzacio-2","status":"publish","type":"page","link":"https:\/\/agora.xtec.cat\/institutlesmargues\/linstitut\/documents-de-centre\/pla-dorganitzacio-2\/","title":{"rendered":"Pla d&#8217;organitzaci\u00f3"},"content":{"rendered":"<p>&#8211; <a href=\"https:\/\/agora.xtec.cat\/institutlesmargues\/wp-content\/uploads\/usu540\/2021\/09\/Pla-dorganitzacio_Insitut-les-Margues-_v-4_9_21.pdf\">Pla d&#8217;organitzaci\u00f3_Institut Les Margues:<\/a><\/p>\n<p>&#8211; <a href=\"https:\/\/agora.xtec.cat\/institutlesmargues\/wp-content\/uploads\/usu540\/2021\/09\/Annex-1-Organtizacio-de-grups-estables.pdf\">Annex 1 del Pla d&#8217;organitzaci\u00f3: organitzaci\u00f3 de grups estables.\u00a0<\/a><\/p>\n<p>&#8211; <a href=\"https:\/\/agora.xtec.cat\/institutlesmargues\/wp-content\/uploads\/usu540\/2021\/09\/annex-2-Punts-de-trobada-i-circulacio-21_22-v2-1.pdf\">Annex 2 del Pla d&#8217;organitzaci\u00f3: punts de trobada i circulaci\u00f3.<\/a><\/p>\n<p>&#8211;<a href=\"https:\/\/agora.xtec.cat\/institutlesmargues\/wp-content\/uploads\/usu540\/2021\/09\/annex-3-Declaracio-responsable-families-menors-de-18-anys.pdf\"> Annex 3 del pla d&#8217;organitzaci\u00f3: declaraci\u00f3 responsable de fam\u00edlies menors de 18 anys.\u00a0<\/a><\/p>\n<p>&#8211; <a href=\"https:\/\/agora.xtec.cat\/institutlesmargues\/wp-content\/uploads\/usu540\/2021\/09\/Annex-4-Llista-comprovacio-simptomes-1.pdf\">Annex 4 del pla d&#8217;organitzaci\u00f3: llista comprovaci\u00f3 de s\u00edmptomes.<\/a><\/p>\n<p>&#8211; <a href=\"https:\/\/agora.xtec.cat\/institutlesmargues\/wp-content\/uploads\/usu540\/2021\/09\/recomanacions-vacunacio-contra-covid-19-adolescents12-15-anys.pdf\">Recomanacions vacunaci\u00f3 adolescents contra la COVID.\u00a0<\/a><\/p>\n","protected":false},"excerpt":{"rendered":"<p>&#8211; Pla d&#8217;organitzaci\u00f3_Institut Les Margues: &#8211; Annex 1 del Pla d&#8217;organitzaci\u00f3: organitzaci\u00f3 de grups estables.\u00a0 &#8211; Annex 2 del Pla d&#8217;organitzaci\u00f3: punts de trobada i circulaci\u00f3. &#8211; Annex 3 del pla d&#8217;organitzaci\u00f3: declaraci\u00f3 responsable de fam\u00edlies menors de 18 anys.\u00a0 &#8211; Annex 4 del pla d&#8217;organitzaci\u00f3: llista comprovaci\u00f3 de s\u00edmptomes. &#8211; Recomanacions vacunaci\u00f3 adolescents contra [&hellip;]<\/p>\n","protected":false},"author":1,"featured_media":0,"parent":3063,"menu_order":0,"comment_status":"closed","ping_status":"closed","template":"","meta":{"_bbp_topic_count":0,"_bbp_reply_count":0,"_bbp_total_topic_count":0,"_bbp_total_reply_count":0,"_bbp_voice_count":0,"_bbp_anonymous_reply_count":0,"_bbp_topic_count_hidden":0,"_bbp_reply_count_hidden":0,"_bbp_forum_subforum_count":0,"site-sidebar-layout":"default","site-content-layout":"","ast-site-content-layout":"","site-content-style":"default","site-sidebar-style":"default","ast-global-header-display":"","ast-banner-title-visibility":"","ast-main-header-display":"","ast-hfb-above-header-display":"","ast-hfb-below-header-display":"","ast-hfb-mobile-header-display":"","site-post-title":"","ast-breadcrumbs-content":"","ast-featured-img":"","footer-sml-layout":"","theme-transparent-header-meta":"","adv-header-id-meta":"","stick-header-meta":"","header-above-stick-meta":"","header-main-stick-meta":"","header-below-stick-meta":"","astra-migrate-meta-layouts":"default","ast-page-background-enabled":"default","ast-page-background-meta":{"desktop":{"background-color":"var(--ast-global-color-4)","background-image":"","background-repeat":"repeat","background-position":"center center","background-size":"auto","background-attachment":"scroll","background-type":"","background-media":"","overlay-type":"","overlay-color":"","overlay-opacity":"","overlay-gradient":""},"tablet":{"background-color":"","background-image":"","background-repeat":"repeat","background-position":"center center","background-size":"auto","background-attachment":"scroll","background-type":"","background-media":"","overlay-type":"","overlay-color":"","overlay-opacity":"","overlay-gradient":""},"mobile":{"background-color":"","background-image":"","background-repeat":"repeat","background-position":"center center","background-size":"auto","background-attachment":"scroll","background-type":"","background-media":"","overlay-type":"","overlay-color":"","overlay-opacity":"","overlay-gradient":""}},"ast-content-background-meta":{"desktop":{"background-color":"var(--ast-global-color-5)","background-image":"","background-repeat":"repeat","background-position":"center center","background-size":"auto","background-attachment":"scroll","background-type":"","background-media":"","overlay-type":"","overlay-color":"","overlay-opacity":"","overlay-gradient":""},"tablet":{"background-color":"var(--ast-global-color-5)","background-image":"","background-repeat":"repeat","background-position":"center center","background-size":"auto","background-attachment":"scroll","background-type":"","background-media":"","overlay-type":"","overlay-color":"","overlay-opacity":"","overlay-gradient":""},"mobile":{"background-color":"var(--ast-global-color-5)","background-image":"","background-repeat":"repeat","background-position":"center center","background-size":"auto","background-attachment":"scroll","background-type":"","background-media":"","overlay-type":"","overlay-color":"","overlay-opacity":"","overlay-gradient":""}},"footnotes":""},"class_list":["post-3554","page","type-page","status-publish","hentry"],"post_mailing_queue_ids":[],"_links":{"self":[{"href":"https:\/\/agora.xtec.cat\/institutlesmargues\/wp-json\/wp\/v2\/pages\/3554","targetHints":{"allow":["GET"]}}],"collection":[{"href":"https:\/\/agora.xtec.cat\/institutlesmargues\/wp-json\/wp\/v2\/pages"}],"about":[{"href":"https:\/\/agora.xtec.cat\/institutlesmargues\/wp-json\/wp\/v2\/types\/page"}],"author":[{"embeddable":true,"href":"https:\/\/agora.xtec.cat\/institutlesmargues\/wp-json\/wp\/v2\/users\/1"}],"replies":[{"embeddable":true,"href":"https:\/\/agora.xtec.cat\/institutlesmargues\/wp-json\/wp\/v2\/comments?post=3554"}],"version-history":[{"count":3,"href":"https:\/\/agora.xtec.cat\/institutlesmargues\/wp-json\/wp\/v2\/pages\/3554\/revisions"}],"predecessor-version":[{"id":3561,"href":"https:\/\/agora.xtec.cat\/institutlesmargues\/wp-json\/wp\/v2\/pages\/3554\/revisions\/3561"}],"up":[{"embeddable":true,"href":"https:\/\/agora.xtec.cat\/institutlesmargues\/wp-json\/wp\/v2\/pages\/3063"}],"wp:attachment":[{"href":"https:\/\/agora.xtec.cat\/institutlesmargues\/wp-json\/wp\/v2\/media?parent=3554"}],"curies":[{"name":"wp","href":"https:\/\/api.w.org\/{rel}","templated":true}]}}