{"id":3295,"date":"2021-04-23T10:45:47","date_gmt":"2021-04-23T08:45:47","guid":{"rendered":"http:\/\/agora.xtec.cat\/institutlesmargues\/?page_id=3295"},"modified":"2021-04-23T10:48:51","modified_gmt":"2021-04-23T08:48:51","slug":"internacionalitzacio-i-plurilinguisme","status":"publish","type":"page","link":"https:\/\/agora.xtec.cat\/institutlesmargues\/estudis\/batxillerat\/internacionalitzacio-i-plurilinguisme\/","title":{"rendered":"Internacionalitzaci\u00f3 i pluriling\u00fcisme"},"content":{"rendered":"<ol>\n<li><strong>LES LLENG\u00dcES ESTRANGERES EN EL PROJECTE DE DIRECCI\u00d3<\/strong><\/li>\n<\/ol>\n<p style=\"text-align: justify;\">Un dels objectius principals del Projecte de Direcci\u00f3 \u00e9s l\u2019adquisici\u00f3 per part de l\u2019alumnat d\u2019un nivell avan\u00e7at en la compet\u00e8ncia comunicativa en llengua anglesa. Seguint aquest objectiu, en acabar el batxillerat, els nostres alumnes no nom\u00e9s haurien de ser capa\u00e7os d\u2019adquirir un nivell adequat per a tenir uns bons resultats a les PAU en l\u2019assignatura de llengua anglesa, sin\u00f3 que tamb\u00e9 tindran la possibilitat d\u2019adquirir i acreditar un nivell avan\u00e7at en aquesta llengua en altres proves i certificats internacionals. A m\u00e9s, l\u2019objectiu \u00e9s que assoleixin uns coneixements b\u00e0sics per afrontar els reptes de la vida i del m\u00f3n laboral en un context global.<\/p>\n<p style=\"text-align: justify;\">A m\u00e9s, en un marc m\u00e9s ampli, un nivell avan\u00e7at d\u2019angl\u00e8s facilitar\u00e0 a l\u2019alumnat poder cursar estudis superiors en angl\u00e8s -tant en universitats catalanes com estrangeres- o perfeccionar i acreditar la seva compet\u00e8ncia comunicativa. \u00c9s evident que el pluriling\u00fcisme ofereix oportunitats acad\u00e8miques i laborals. A m\u00e9s, permet tenir una mirada \u00e0mplia, oberta i global envers la realitat que ens envolta.<\/p>\n<p style=\"text-align: justify;\">L\u2019institut Les Margues participa en diferents projectes i programes relacionats amb les lleng\u00fces estrangeres: Generaci\u00f3 pluriling\u00fce (GEP), Erasmus +, eTwinning i el Programa experimental de suport a la certificaci\u00f3 dels coneixements de lleng\u00fces estrangeres. Aix\u00ed mateix, a part de l\u2019angl\u00e8s, tamb\u00e9 s\u2019ofereix la possibilitat d\u2019estudiar Franc\u00e8s com a segona llengua estrangera. Per tant, s\u2019aposta pel multiling\u00fcisme i la internacionalitzaci\u00f3.<\/p>\n<ol start=\"2\">\n<li><strong>GENERACI\u00d3 PLURILING\u00dcE (GEP)<\/strong><\/li>\n<\/ol>\n<p style=\"text-align: justify;\">L\u2019institut Les Margues forma part del programa d\u2019innovaci\u00f3 pedag\u00f2gica \u201cGeneraci\u00f3 Pluriling\u00fce (GEP): aprendre lleng\u00fces estrangeres a trav\u00e9s de les mat\u00e8ries\u201d des del curs 2019-2020. La finalitat d\u2019aquest programa del Departament d\u2019Educaci\u00f3 de la Generalitat de Catalunya \u00e9s millorar la compet\u00e8ncia en lleng\u00fces estrangeres de l\u2019alumnat, afavorint el seu creixement acad\u00e8mic i posterior inserci\u00f3 laboral, i capacitant-lo per interactuar amb el m\u00f3n en diverses lleng\u00fces i de manera cr\u00edtica.<\/p>\n<p style=\"text-align: justify;\">En el nostre centre, a l\u2019ESO, es duen a terme diferents\u00a0 activitats puntuals en angl\u00e8s a diverses mat\u00e8ries no ling\u00fc\u00edstiques: Ci\u00e8ncies Socials a 1r i 4t d\u2019ESO, F\u00edsica i Qu\u00edmica a 2n i Cultura Cl\u00e0ssica a 4t. Les classes en angl\u00e8s es desenvolupen a trav\u00e9s de les metodologies AICLE (Aprenentatge Integrat de Contingut i Llengua Estrangera).<\/p>\n<p>&nbsp;<\/p>\n<ol start=\"3\">\n<li><strong>ERASMUS +<\/strong><\/li>\n<\/ol>\n<p style=\"text-align: justify;\">El projecte de l\u2019Institut Les Margues \u201cISIP: Improving School Involvement and Participation\u201d va ser seleccionat per formar part del programa Erasmus+ KA101 (Mobilitat de les persones per motiu d\u2019aprenentatge en el sector de l\u2019Educaci\u00f3 Escolar). L\u2019objectiu del projecte \u00e9s millorar la implicaci\u00f3 i participaci\u00f3 tant de l\u2019alumnat com del professorat a trav\u00e9s d\u2019activitats i projectes desenvolupats a partir dels recursos metodol\u00f2gics adquirits durant les formacions i visites a centres escolars dins de la Uni\u00f3 Europea.<\/p>\n<p style=\"text-align: justify;\">El professorat que hi participa millora la seva compet\u00e8ncia en lleng\u00fces estrangeres i transmet els seus nous coneixements a la resta del professorat. Les formacions de professorat previstes estan relacionades amb les metodologies Outdoor Learning i Project-Based Learning, aix\u00ed com tamb\u00e9 en gesti\u00f3 d\u2019aula. Les visites a centres escolars previstes es desenvolupen dins del context d\u2019Escoles Verdes.<\/p>\n<p style=\"text-align: justify;\">La selecci\u00f3 del projecte \u00e9s una oportunitat per a tota la comunitat educativa del nostre centre, no nom\u00e9s per al professorat implicat. A trav\u00e9s de la internacionalitzaci\u00f3 i millora de la pr\u00e0ctica educativa, l\u2019alumnat utilitza la llengua estrangera en situacions reals i se sent m\u00e9s implicat i participatiu en el desenvolupament del seu propi aprenentatge.<\/p>\n<p>&nbsp;<\/p>\n<ol start=\"4\">\n<li><strong>PROGRAMA EXPERIMENTAL DE SUPORT A LA CERTIFICACI\u00d3 DELS CONEIXEMENTS DE LLENG\u00dcES ESTRANGERES<\/strong><\/li>\n<\/ol>\n<p style=\"text-align: justify;\">L\u2019Institut Les Margues va ser seleccionat per formar part d\u2019aquest programa, que t\u00e9 una durada de 3 anys: del 2019 al 2022 (RESOLUCI\u00d3 EDU\/2367\/2019, de 10 de setembre). Es tracta d\u2019una iniciativa del Departament d\u2019Educaci\u00f3 que t\u00e9 com a objectiu millorar la compet\u00e8ncia en lleng\u00fces estrangeres de l\u2019alumnat d\u2019ensenyaments obligatoris i postobligatoris.<\/p>\n<p style=\"text-align: justify;\">A trav\u00e9s d\u2019aquest programa, els alumnes que hi participen poden certificar els nivells B1 i B2 d\u2019angl\u00e8s. A m\u00e9s a m\u00e9s, l\u2019institut participa en una xarxa de col\u00b7laboraci\u00f3 amb altres centres del territori i l\u2019EOI d\u2019Osona.<\/p>\n<p>&nbsp;<\/p>\n<ol start=\"5\">\n<li><strong>L\u2019ANGL\u00c8S COM A LLENGUA VEHICULAR EN MAT\u00c8RIES NO LING\u00dc\u00cdSTIQUES<\/strong><\/li>\n<\/ol>\n<p style=\"text-align: justify;\">Amb la implantaci\u00f3 del batxillerat al nostre centre, es vol ampliar l\u2019oferta educativa vinculada al programa GEP i impartir \u00edntegrament en angl\u00e8s assignatures no ling\u00fc\u00edstiques. Amb aquest objectiu, s\u2019ofereix la possibilitat de cursar dues mat\u00e8ries de modalitat a 1r de batxillerat en angl\u00e8s (a m\u00e9s de poder-les cursar en catal\u00e0). Aquestes assignatures s\u00f3n: <em>Literatura universal<\/em> i <em>Hist\u00f2ria del m\u00f3n contemporani<\/em>. Aix\u00ed doncs, cada mat\u00e8ria s\u2019impartir\u00e0 a trav\u00e9s d\u2019una llengua estrangera, amb el doble objectiu de potenciar l\u2019aprenentatge dels continguts de les dues mat\u00e8ries i de l\u2019angl\u00e8s.<\/p>\n<p style=\"text-align: justify;\">Es vol potenciar el pluriling\u00fcisme i utilitzar l\u2019angl\u00e8s com a llengua vehicular en aquestes mat\u00e8ries per impulsar l\u2019\u00fas de m\u00e9s d\u2019una llengua per transmetre i crear coneixement. L\u2019\u00fas de l\u2019angl\u00e8s com a mitj\u00e0 de comunicaci\u00f3 en l\u2019\u00e0mbit educatiu i en el m\u00f3n laboral ha augmentat de forma considerable. En un m\u00f3n globalitzat i, sobretot, amb la construcci\u00f3 de l\u2019espai europeu d\u2019educaci\u00f3 superior (EEES), les universitats catalanes estan apostant per la internacionalitzaci\u00f3 dels seus estudis i l\u2019angl\u00e8s n\u2019ha esdevingut la llengua franca. Preparar el nostre alumnat per a aquesta realitat esdev\u00e9 un repte i una necessitat.<\/p>\n<p style=\"text-align: justify;\">La introducci\u00f3 de l\u2019angl\u00e8s a les aules \u00e9s un desafiament seri\u00f3s i complex. Per aquest motiu, s\u2019ha plantejat una estrat\u00e8gia que en garanteixi una implantaci\u00f3 adequada, efectiva i de qualitat. El professorat que impartir\u00e0 aquestes classes t\u00e9 els coneixements ling\u00fc\u00edstics necessaris per fer-ho amb solv\u00e8ncia. En aquest sentit, l\u2019alumnat disposar\u00e0 d\u2019ajuda per poder adquirir els coneixements propis de la mat\u00e8ria i millorar les seves habilitats en el domini de la llengua anglesa. A <em>Hist\u00f2ria del m\u00f3n contemporani<\/em>, a trav\u00e9s de la metodologia AICLE, s\u2019utilitzaran recursos i materials (textuals, auditius, manipulatius&#8230;) que facilitaran que l\u2019alumnat se senti c\u00f2mode i pugui avan\u00e7ar en el seu proc\u00e9s d\u2019aprenentatge. En tot cas, \u00e9s necessari que es tinguin uns coneixements previs en llengua anglesa per poder seguir les classes amb normalitat, poder realitzar les activitats i avan\u00e7ar. \u00c9s recomanable, doncs, que l\u2019alumnat que esculli l\u2019opci\u00f3 de cursar una mat\u00e8ria no ling\u00fc\u00edstica en angl\u00e8s tingui un Assoliment Notable o superior de la mat\u00e8ria d\u2019Angl\u00e8s a 4t d\u2019ESO. Malgrat aquesta recomanaci\u00f3, qualsevol alumne\/a pot matricular-se en aquestes mat\u00e8ries perqu\u00e8 rebr\u00e0 l\u2019atenci\u00f3 adequada per poder superar les dificultats i assolir el repte de cursar una mat\u00e8ria no ling\u00fc\u00edstica en angl\u00e8s. La metodologia AICLE, de fet, permet atendre la diversitat.<\/p>\n<p style=\"text-align: justify;\">Per facilitar la tasca docent, el departament de lleng\u00fces estrangeres t\u00e9 un pes important en aquesta implantaci\u00f3. Col\u00b7labora i dona suport al professorat que imparteix les mat\u00e8ries no ling\u00fc\u00edstiques en angl\u00e8s.<\/p>\n<p><strong>\u00a0<\/strong><\/p>\n<ol start=\"6\">\n<li><strong>BATXILLERAT HUMAN\u00cdSTIC MULTILING\u00dcE<\/strong><\/li>\n<\/ol>\n<p style=\"text-align: justify;\">Lligat amb l\u2019\u00fas de l\u2019angl\u00e8s com a llengua vehicular en mat\u00e8ries no ling\u00fc\u00edstiques, el centre ofereix la possibilitat de cursar un itinerari human\u00edstic on es vol potenciar el pluriling\u00fcisme. \u00c9s el que hem anomenat \u201cBatxillerat Human\u00edstic Multiling\u00fce\u201d (BAHM!). Si es vol fer aquest itinerari, s\u2019han d\u2019escollir les seg\u00fcents mat\u00e8ries optatives de modalitat i espec\u00edfiques a 1r de Batxillerat :<\/p>\n<ul style=\"text-align: justify;\">\n<li>Llat\u00ed I<\/li>\n<li>Literatura Universal (en angl\u00e8s)<\/li>\n<li>Hist\u00f2ria del m\u00f3n contemporani (en angl\u00e8s)<\/li>\n<li>Franc\u00e8s com a segona llengua estrangera<\/li>\n<\/ul>\n<p style=\"text-align: justify;\">L\u2019aprenentatge de les lleng\u00fces \u00e9s present en tota l\u2019estructura, ja que hi ha mat\u00e8ries ling\u00fc\u00edstiques com el Llat\u00ed i el Franc\u00e8s, combinades amb mat\u00e8ries no ling\u00fc\u00edstiques que utilitzen l\u2019angl\u00e8s com a llengua vehicular.<\/p>\n<p style=\"text-align: justify;\">L\u2019objectiu d\u2019aquest itinerari \u00e9s formar persones interessades en l\u2019aprenentatge i el coneixement human\u00edstic (art, hist\u00f2ria, literatura i pensament) que vulguin potenciar l\u2019adquisici\u00f3 de compet\u00e8ncies ling\u00fc\u00edstiques. Prendre consci\u00e8ncia de la diversitat ling\u00fc\u00edstica, con\u00e8ixer diferents punts de vista, estudiar la llengua mare de les lleng\u00fces rom\u00e0niques actuals, valorar els or\u00edgens culturals de la nostra societat, millorar el domini de lleng\u00fces estrangeres, a m\u00e9s del catal\u00e0 i del castell\u00e0, potenciar el pluriling\u00fcisme o fomentar la comunicaci\u00f3 oral i escrita tamb\u00e9 s\u00f3n altres de les fites que planteja cursar aquest itinerari. En definitiva, es volen formar persones que estiguin interessades en estudis superiors o sortides laborals en entorns ling\u00fc\u00edstics diversos.<\/p>\n<p>&nbsp;<\/p>\n<ol start=\"7\">\n<li><strong>RESUM DELS PUNTS FORTS DE LA INTERNACIONALITZACI\u00d3 I PLURILING\u00dcISME AL BATXILLERAT<\/strong><\/li>\n<\/ol>\n<p style=\"text-align: justify;\"><strong>\u00a0<\/strong>Per tal d\u2019implementar el pluriling\u00fcisme en el nostre batxillerat i fomentar la internacionalitzaci\u00f3 dels aprenentatges, oferim:<\/p>\n<ul style=\"text-align: justify;\">\n<li>Assignatures impartides totalment en angl\u00e8s en l\u2019\u00e0mbit human\u00edstic i social. S\u2019ofereix la possibilitat de cursar les assignatures de primer curs<em> Literatura Universal<\/em> i <em>Hist\u00f2ria Contempor\u00e0nia<\/em> totalment en angl\u00e8s, amb un professorat acreditat per a poder oferir-les en aquesta llengua.<\/li>\n<li>Assignatures amb continguts i activitats en llengua anglesa. Dins del marc del programa GEP (Generaci\u00f3 Pluriling\u00fce), s\u2019impartiran activitats en llengua anglesa dins d\u2019algunes assignatures de l\u2019\u00e0mbit cient\u00edficotecnol\u00f2gic.<\/li>\n<li>Acreditaci\u00f3 del nivell d\u2019assoliment de llengua anglesa. Oferim assessorament i acompanyament per tal que els alumnes que ho desitgin puguin presentar-se a les proves oficials de l\u2019Escola Oficial d\u2019Idiomes de Catalunya (B2) i a les proves acreditatives de Cambridge (First Certificate o Advanced).<\/li>\n<li>Assessorament per acreditar assignatures impartides en angl\u00e8s. Oferim assessorament i acompanyament en la presentaci\u00f3 a les proves GCSE i A Levels a trav\u00e9s del British Council de Barcelona. La superaci\u00f3 d\u2019aquestes proves \u00e9s reconeguda internacionalment.<\/li>\n<li>Assessorament a aquells alumnes interessats en cursar estudis universitaris al Regne Unit, EUA o Canad\u00e0.<\/li>\n<li>Organitzaci\u00f3 d\u2019intercanvis (virtuals i\/o presencials) amb alumnes d\u2019altres centres educatius europeus. Dins de les assignatures impartides en llengua anglesa, es potenciar\u00e0 la participaci\u00f3 en activitats d\u2019aula conjuntament amb altres alumnes europeus i s\u2019oferir\u00e0 la possibilitat de participar en un intercanvi cultural durant el primer curs de batxillerat.<\/li>\n<li>Participaci\u00f3 en activitats acad\u00e8miques en llengua anglesa dins de la plataforma eTwinning.<\/li>\n<\/ul>\n<p>&nbsp;<\/p>\n<p>Tamb\u00e9 podeu trobar la informaci\u00f3 en el seg\u00fcent document: <a href=\"https:\/\/agora.xtec.cat\/institutlesmargues\/wp-content\/uploads\/usu540\/2021\/04\/4a-entrega-DOSSIER-BATXILLERAT-2020-2021_INTERNACIONALITZACIO-I-PLURILINGUISME.pdf\">Internacionalitzaci\u00f3 i pluriling\u00fcisme<\/a><\/p>\n<p>&nbsp;<\/p>\n<p>&nbsp;<\/p>\n","protected":false},"excerpt":{"rendered":"<p>LES LLENG\u00dcES ESTRANGERES EN EL PROJECTE DE DIRECCI\u00d3 Un dels objectius principals del Projecte de Direcci\u00f3 \u00e9s l\u2019adquisici\u00f3 per part de l\u2019alumnat d\u2019un nivell avan\u00e7at en la compet\u00e8ncia comunicativa en llengua anglesa. Seguint aquest objectiu, en acabar el batxillerat, els nostres alumnes no nom\u00e9s haurien de ser capa\u00e7os d\u2019adquirir un nivell adequat per a tenir [&hellip;]<\/p>\n","protected":false},"author":1,"featured_media":0,"parent":3155,"menu_order":4,"comment_status":"closed","ping_status":"closed","template":"page-templates\/side-menu.php","meta":{"_bbp_topic_count":0,"_bbp_reply_count":0,"_bbp_total_topic_count":0,"_bbp_total_reply_count":0,"_bbp_voice_count":0,"_bbp_anonymous_reply_count":0,"_bbp_topic_count_hidden":0,"_bbp_reply_count_hidden":0,"_bbp_forum_subforum_count":0,"site-sidebar-layout":"default","site-content-layout":"","ast-site-content-layout":"","site-content-style":"default","site-sidebar-style":"default","ast-global-header-display":"","ast-banner-title-visibility":"","ast-main-header-display":"","ast-hfb-above-header-display":"","ast-hfb-below-header-display":"","ast-hfb-mobile-header-display":"","site-post-title":"","ast-breadcrumbs-content":"","ast-featured-img":"","footer-sml-layout":"","theme-transparent-header-meta":"","adv-header-id-meta":"","stick-header-meta":"","header-above-stick-meta":"","header-main-stick-meta":"","header-below-stick-meta":"","astra-migrate-meta-layouts":"default","ast-page-background-enabled":"default","ast-page-background-meta":{"desktop":{"background-color":"var(--ast-global-color-4)","background-image":"","background-repeat":"repeat","background-position":"center center","background-size":"auto","background-attachment":"scroll","background-type":"","background-media":"","overlay-type":"","overlay-color":"","overlay-opacity":"","overlay-gradient":""},"tablet":{"background-color":"","background-image":"","background-repeat":"repeat","background-position":"center center","background-size":"auto","background-attachment":"scroll","background-type":"","background-media":"","overlay-type":"","overlay-color":"","overlay-opacity":"","overlay-gradient":""},"mobile":{"background-color":"","background-image":"","background-repeat":"repeat","background-position":"center center","background-size":"auto","background-attachment":"scroll","background-type":"","background-media":"","overlay-type":"","overlay-color":"","overlay-opacity":"","overlay-gradient":""}},"ast-content-background-meta":{"desktop":{"background-color":"var(--ast-global-color-5)","background-image":"","background-repeat":"repeat","background-position":"center center","background-size":"auto","background-attachment":"scroll","background-type":"","background-media":"","overlay-type":"","overlay-color":"","overlay-opacity":"","overlay-gradient":""},"tablet":{"background-color":"var(--ast-global-color-5)","background-image":"","background-repeat":"repeat","background-position":"center center","background-size":"auto","background-attachment":"scroll","background-type":"","background-media":"","overlay-type":"","overlay-color":"","overlay-opacity":"","overlay-gradient":""},"mobile":{"background-color":"var(--ast-global-color-5)","background-image":"","background-repeat":"repeat","background-position":"center center","background-size":"auto","background-attachment":"scroll","background-type":"","background-media":"","overlay-type":"","overlay-color":"","overlay-opacity":"","overlay-gradient":""}},"footnotes":""},"class_list":["post-3295","page","type-page","status-publish","hentry"],"post_mailing_queue_ids":[],"_links":{"self":[{"href":"https:\/\/agora.xtec.cat\/institutlesmargues\/wp-json\/wp\/v2\/pages\/3295","targetHints":{"allow":["GET"]}}],"collection":[{"href":"https:\/\/agora.xtec.cat\/institutlesmargues\/wp-json\/wp\/v2\/pages"}],"about":[{"href":"https:\/\/agora.xtec.cat\/institutlesmargues\/wp-json\/wp\/v2\/types\/page"}],"author":[{"embeddable":true,"href":"https:\/\/agora.xtec.cat\/institutlesmargues\/wp-json\/wp\/v2\/users\/1"}],"replies":[{"embeddable":true,"href":"https:\/\/agora.xtec.cat\/institutlesmargues\/wp-json\/wp\/v2\/comments?post=3295"}],"version-history":[{"count":2,"href":"https:\/\/agora.xtec.cat\/institutlesmargues\/wp-json\/wp\/v2\/pages\/3295\/revisions"}],"predecessor-version":[{"id":3298,"href":"https:\/\/agora.xtec.cat\/institutlesmargues\/wp-json\/wp\/v2\/pages\/3295\/revisions\/3298"}],"up":[{"embeddable":true,"href":"https:\/\/agora.xtec.cat\/institutlesmargues\/wp-json\/wp\/v2\/pages\/3155"}],"wp:attachment":[{"href":"https:\/\/agora.xtec.cat\/institutlesmargues\/wp-json\/wp\/v2\/media?parent=3295"}],"curies":[{"name":"wp","href":"https:\/\/api.w.org\/{rel}","templated":true}]}}