{"id":3158,"date":"2021-03-02T14:04:16","date_gmt":"2021-03-02T13:04:16","guid":{"rendered":"http:\/\/agora.xtec.cat\/institutlesmargues\/?page_id=3158"},"modified":"2024-03-25T10:23:43","modified_gmt":"2024-03-25T09:23:43","slug":"presentacio-del-batxillerat","status":"publish","type":"page","link":"https:\/\/agora.xtec.cat\/institutlesmargues\/estudis\/batxillerat\/presentacio-del-batxillerat\/","title":{"rendered":"Presentaci\u00f3 del Batxillerat"},"content":{"rendered":"<p>&nbsp;<\/p>\n<p><span style=\"font-weight: 400;\">El batxillerat \u00e9s l&#8217;etapa d\u2019estudis postobligatoris que es cursa normalment entre els 16 i els 18 anys. \u00c9s un cicle format per dos cursos de trenta hores lectives setmanals. El batxillerat prepara els alumnes per a la seva incorporaci\u00f3 a estudis posteriors, tant professionals com universitaris, i per a l&#8217;acc\u00e9s al m\u00f3n laboral.<\/span><\/p>\n<p><span style=\"font-weight: 400;\">Per a m\u00e9s informaci\u00f3: <\/span><a href=\"http:\/\/queestudiar.gencat.cat\/ca\/estudis\/batxillerat\/\"><span style=\"font-weight: 400;\">http:\/\/queestudiar.gencat.cat\/ca\/estudis\/batxillerat\/<\/span><\/a><\/p>\n<p><b>Modalitats<\/b><\/p>\n<p><span style=\"font-weight: 400;\">L\u2019Institut Les Margues ofereix les modalitats de batxillerat seg\u00fcents: ci\u00e8ncies i tecnologia, humanitats i ci\u00e8ncies socials. El curr\u00edculum de batxillerat consta d&#8217;una part comuna (les mat\u00e8ries comunes) i una part diversificada (la mat\u00e8ria obligat\u00f2ria de modalitat, les mat\u00e8ries de modalitat, les mat\u00e8ries optatives i el treball de recerca). A m\u00e9s, els alumnes tenen assignada una hora setmanal de tutoria. En cada curs, de les trenta hores lectives setmanals, dotze hores a 1r de batxillerat i catorze a 2n de batxillerat es dediquen a les mat\u00e8ries comunes i a la tutoria, i les hores restants a la part diversificada.<\/span><\/p>\n<p><span style=\"font-weight: 400;\">Aix\u00ed doncs, les mat\u00e8ries de batxillerat queden distribu\u00efdes de la seg\u00fcent manera:<\/span><\/p>\n<p><span style=\"color: #008000;\"><b>MAT\u00c8RIES COMUNES<\/b><\/span><\/p>\n<table style=\"height: 405px;\" width=\"738\">\n<tbody>\n<tr style=\"height: 33px;\">\n<td style=\"width: 435px; height: 33px;\" colspan=\"2\"><b>1r BATXILLERAT<\/b><\/td>\n<td style=\"width: 295px; height: 33px;\" colspan=\"2\"><b>2n BATXILLERAT<\/b><\/td>\n<\/tr>\n<tr style=\"height: 52px;\">\n<td style=\"width: 391px; height: 52px;\"><span style=\"font-weight: 400;\">Llengua Catalana i Literatura I<\/span><\/td>\n<td style=\"width: 42px; height: 52px;\"><span style=\"font-weight: 400;\">2 h<\/span><\/td>\n<td style=\"width: 248px; height: 52px;\"><span style=\"font-weight: 400;\">Llengua Catalana i Literatura II<\/span><\/td>\n<td style=\"width: 45px; height: 52px;\"><span style=\"font-weight: 400;\">2 h<\/span><\/td>\n<\/tr>\n<tr style=\"height: 55px;\">\n<td style=\"width: 391px; height: 55px;\"><span style=\"font-weight: 400;\">Llengua Castellana i Literatura I<\/span><\/td>\n<td style=\"width: 42px; height: 55px;\"><span style=\"font-weight: 400;\">2 h<\/span><\/td>\n<td style=\"width: 248px; height: 55px;\"><span style=\"font-weight: 400;\">Llengua Castellana i Literatura II<\/span><\/td>\n<td style=\"width: 45px; height: 55px;\"><span style=\"font-weight: 400;\">2 h<\/span><\/td>\n<\/tr>\n<tr style=\"height: 53px;\">\n<td style=\"width: 391px; height: 53px;\"><span style=\"font-weight: 400;\">Llengua Estrangera (angl\u00e8s) I<\/span><\/td>\n<td style=\"width: 42px; height: 53px;\"><span style=\"font-weight: 400;\">3 h<\/span><\/td>\n<td style=\"width: 248px; height: 53px;\"><span style=\"font-weight: 400;\">Llengua Estrangera (angl\u00e8s) II<\/span><\/td>\n<td style=\"width: 45px; height: 53px;\"><span style=\"font-weight: 400;\">3 h<\/span><\/td>\n<\/tr>\n<tr style=\"height: 39px;\">\n<td style=\"width: 391px; height: 39px;\"><span style=\"font-weight: 400;\">Educaci\u00f3 f\u00edsica<\/span><\/td>\n<td style=\"width: 42px; height: 39px;\"><span style=\"font-weight: 400;\">2 h<\/span><\/td>\n<td style=\"width: 248px; height: 39px;\"><span style=\"font-weight: 400;\">&#8211;<\/span><\/td>\n<td style=\"width: 45px; height: 39px;\"><span style=\"font-weight: 400;\">&#8211;<\/span><\/td>\n<\/tr>\n<tr style=\"height: 48px;\">\n<td style=\"width: 391px; height: 48px;\"><span style=\"font-weight: 400;\">Filosofia<\/span><\/td>\n<td style=\"width: 42px; height: 48px;\"><span style=\"font-weight: 400;\">2 h<\/span><\/td>\n<td style=\"width: 248px; height: 48px;\"><span style=\"font-weight: 400;\">Hist\u00f2ria de la filosofia<\/span><\/td>\n<td style=\"width: 45px; height: 48px;\"><span style=\"font-weight: 400;\">3 h<\/span><\/td>\n<\/tr>\n<tr style=\"height: 56px;\">\n<td style=\"width: 391px; height: 56px;\"><\/td>\n<td style=\"width: 42px; height: 56px;\"><span style=\"font-weight: 400;\">\u00a0<\/span><\/td>\n<td style=\"width: 248px; height: 56px;\"><span style=\"font-weight: 400;\">Hist\u00f2ria<\/span><\/td>\n<td style=\"width: 45px; height: 56px;\"><span style=\"font-weight: 400;\">3 h<\/span><\/td>\n<\/tr>\n<tr style=\"height: 54px;\">\n<td style=\"width: 391px; height: 54px;\"><\/td>\n<td style=\"width: 42px; height: 54px;\"><\/td>\n<td style=\"width: 248px; height: 54px;\"><span style=\"font-weight: 400;\">Treball de recerca<\/span><\/td>\n<td style=\"width: 45px; height: 54px;\"><span style=\"font-weight: 400;\">(*)<\/span><\/td>\n<\/tr>\n<tr style=\"height: 15px;\">\n<td style=\"width: 391px; height: 15px;\"><span style=\"font-weight: 400;\">Tutoria<\/span><\/td>\n<td style=\"width: 42px; height: 15px;\"><span style=\"font-weight: 400;\">1 h<\/span><\/td>\n<td style=\"width: 248px; height: 15px;\"><span style=\"font-weight: 400;\">Tutoria<\/span><\/td>\n<td style=\"width: 45px; height: 15px;\"><span style=\"font-weight: 400;\">1 h<\/span><\/td>\n<\/tr>\n<\/tbody>\n<\/table>\n<p><span style=\"font-weight: 400;\">(*) Sense assignaci\u00f3 hor\u00e0ria<\/span><\/p>\n<p>&nbsp;<\/p>\n<p><b><span style=\"color: #008000;\">MAT\u00c8RIA OBLIGAT\u00d2RIA DE MODALITAT:\u00a0 1r BATXILLERAT (3h) i 2n BATXILLERAT (4h)<\/span><br \/>\n<\/b><\/p>\n<table style=\"height: 177px;\">\n<tbody>\n<tr style=\"height: 55px;\">\n<td style=\"height: 55px; width: 172px;\"><b>Modalitat de batxillerat<\/b><\/td>\n<td style=\"height: 55px; width: 338px;\"><b>Mat\u00e8ria obligat\u00f2ria de modalitat<br \/>\n<\/b><\/td>\n<\/tr>\n<tr style=\"height: 43px;\">\n<td style=\"height: 43px; width: 172px;\"><span style=\"font-weight: 400;\">Ci\u00e8ncies i tecnologia<\/span><\/td>\n<td style=\"height: 43px; width: 338px;\"><span style=\"font-weight: 400;\">Matem\u00e0tiques I i II<\/span><\/td>\n<\/tr>\n<tr style=\"height: 39px;\">\n<td style=\"height: 39px; width: 172px;\"><span style=\"font-weight: 400;\">Humanitats<\/span><\/td>\n<td style=\"height: 39px; width: 338px;\"><span style=\"font-weight: 400;\">Llengua i Cultura Llatines I i II<\/span><\/td>\n<\/tr>\n<tr style=\"height: 40px;\">\n<td style=\"height: 40px; width: 172px;\"><span style=\"font-weight: 400;\">Ci\u00e8ncies socials<\/span><\/td>\n<td style=\"height: 40px; width: 338px;\"><span style=\"font-weight: 400;\">Matem\u00e0tiques de les Ci\u00e8ncies Socials I i II<\/span><\/td>\n<\/tr>\n<\/tbody>\n<\/table>\n<p>&nbsp;<\/p>\n<p><b><span style=\"color: #008000;\">MAT\u00c8RIES DE MODALITAT<\/span><br \/>\n<\/b><\/p>\n<p>S&#8217;han d&#8217;escollir dues mat\u00e8ries de modalitat d&#8217;entre les seg\u00fcents:<\/p>\n<p><b>1r BATXILLERAT (6h)<br \/>\n<\/b><\/p>\n<table style=\"width: 43.0245%;\">\n<tbody>\n<tr>\n<td style=\"width: 43.2093%;\"><b>Modalitat de batxillerat<\/b><\/td>\n<td style=\"width: 65.8605%;\"><b>Mat\u00e8ries de modalitat<br \/>\n<\/b><\/td>\n<\/tr>\n<tr>\n<td style=\"width: 43.2093%;\"><span style=\"font-weight: 400;\">Ci\u00e8ncies i tecnologia<\/span><\/td>\n<td style=\"width: 65.8605%;\"><span style=\"font-weight: 400;\">Tecnologia i Enginyeria I<\/span><\/p>\n<p><span style=\"font-weight: 400;\">F\u00edsica I<\/span><\/p>\n<p><span style=\"font-weight: 400;\">Dibuix t\u00e8cnic I<\/span><\/p>\n<p><span style=\"font-weight: 400;\">Biologia I<\/span><\/p>\n<p><span style=\"font-weight: 400;\">Geologia i Ci\u00e8ncies Ambientals I<\/span><\/p>\n<p><span style=\"font-weight: 400;\">Qu\u00edmica I<\/span><\/td>\n<\/tr>\n<tr>\n<td style=\"width: 43.2093%;\"><span style=\"font-weight: 400;\">Humanitats i Ci\u00e8ncies Socials<\/span><\/td>\n<td style=\"width: 65.8605%;\"><span style=\"font-weight: 400;\">Llengua i Cultura Gregues I<br \/>\n<\/span><span style=\"font-weight: 400;\">Economia<br \/>\n<\/span><\/p>\n<p><span style=\"font-weight: 400;\">Literatura universal\u00a0<\/span><\/p>\n<p><span style=\"font-weight: 400;\">Hist\u00f2ria del M\u00f3n Contemporani<\/span><\/p>\n<p>Llengua i Cultura Llatines I (*)<\/p>\n<p>Matem\u00e0tiques CCSS (*)<\/td>\n<\/tr>\n<\/tbody>\n<\/table>\n<p>(*) Si no es cursa com a mat\u00e8ria obligada de modalitat<\/p>\n<p><b>2n BATXILLERAT (8h)<br \/>\n<\/b><\/p>\n<table style=\"width: 43.462%;\">\n<tbody>\n<tr>\n<td style=\"width: 43.2577%;\"><b>Modalitat de batxillerat<\/b><\/td>\n<td style=\"width: 72.2034%;\"><b>Mat\u00e8ries de modalitat<\/b><\/td>\n<\/tr>\n<tr>\n<td style=\"width: 43.2577%;\"><span style=\"font-weight: 400;\">Ci\u00e8ncies i tecnologia<\/span><\/td>\n<td style=\"width: 72.2034%;\"><span style=\"font-weight: 400;\">Tecnologia i Enginyeria II<\/span><\/p>\n<p><span style=\"font-weight: 400;\">F\u00edsica II<\/span><\/p>\n<p><span style=\"font-weight: 400;\">Dibuix t\u00e8cnic II<\/span><\/p>\n<p><span style=\"font-weight: 400;\">Biologia II<\/span><\/p>\n<p><span style=\"font-weight: 400;\">Geologia i Ci\u00e8ncies Ambientals II<\/span><\/p>\n<p><span style=\"font-weight: 400;\">Qu\u00edmica II<\/span><\/td>\n<\/tr>\n<tr>\n<td style=\"width: 43.2577%;\"><span style=\"font-weight: 400;\">Humanitats i Ci\u00e8ncies Socials<\/span><\/td>\n<td style=\"width: 72.2034%;\">Llengua i Cultura Gregues II<\/p>\n<p><span style=\"font-weight: 400;\">Funcionament de l&#8217;Empresa i Dissenys de Models de Negoci<br \/>\n<\/span><\/p>\n<p><span style=\"font-weight: 400;\">Literatura catalana<\/span><\/p>\n<p><span style=\"font-weight: 400;\">Literatura castellana<\/span><\/p>\n<p><span style=\"font-weight: 400;\">Geografia<\/span><\/p>\n<p><span style=\"font-weight: 400;\">Hist\u00f2ria de l\u2019Art<\/span><\/p>\n<p>Llengua i Cultura Llatines I (*)<\/p>\n<p>Matem\u00e0tiques CCSS (*)<\/td>\n<\/tr>\n<\/tbody>\n<\/table>\n<p>(*) Si no es cursa com a mat\u00e8ria obligada de modalitat<\/p>\n<p>&nbsp;<\/p>\n<p><span style=\"color: #008000;\"><b>MAT\u00c8RIES OPTATIVES<\/b><\/span><\/p>\n<p><strong>1r BATXILLERAT (9h)<\/strong><\/p>\n<p>S&#8217;ha d&#8217;escollir una opci\u00f3 per a cada franja:<\/p>\n<table style=\"border-collapse: collapse; width: 62.8286%; height: 72px;\">\n<tbody>\n<tr>\n<td style=\"width: 33.3333%;\"><strong>Optativa franja 1 (3h)<\/strong><\/td>\n<td style=\"width: 33.3333%;\"><strong>Optativa franja 2 (3h)<\/strong><\/td>\n<td style=\"width: 33.3333%;\"><strong>Optativa franja 3 (3h)<\/strong><\/td>\n<\/tr>\n<tr>\n<td style=\"width: 33.3333%;\">Mat\u00e8ria de Modalitat (no escollida com a mat\u00e8ria de modalitat)<\/p>\n<p>Segona Llengua Estrangera<\/p>\n<p>Biomedicina<\/p>\n<p>Funcionament de l&#8217;Empresa<\/p>\n<p>M\u00f3n Cl\u00e0ssic<\/p>\n<p>Programaci\u00f3<\/p>\n<p>Psicologia<\/p>\n<p>Formaci\u00f3 i Orientaci\u00f3 Personal i Laboral<\/td>\n<td style=\"width: 33.3333%;\">Creaci\u00f3 Liter\u00e0ria<\/p>\n<p>Matem\u00e0tica Aplicada<\/p>\n<p>Problem\u00e0tiques Socials<\/p>\n<p>Reptes Cient\u00edfics Actuals (Biologia i Geologia)<\/td>\n<td style=\"width: 33.3333%;\">Ciutadania, Pol\u00edtica i Dret<\/p>\n<p>Comunicaci\u00f3 Audiovisual<\/p>\n<p>Reptes Cient\u00edfics Actuals (F\u00edsica i Qu\u00edmica)<\/p>\n<p>Rob\u00f2tica<\/td>\n<\/tr>\n<\/tbody>\n<\/table>\n<p><strong>2n BATXILLERAT (4h)<\/strong><\/p>\n<p>S&#8217;ha d&#8217;escollir una mat\u00e8ria d&#8217;entre les seg\u00fcents:<\/p>\n<table style=\"border-collapse: collapse; width: 26.5636%;\">\n<tbody>\n<tr>\n<td style=\"width: 100%;\"><strong>Optativa franja 1 (4h)<\/strong><\/td>\n<\/tr>\n<tr>\n<td style=\"width: 100%;\">Mat\u00e8ria de Modalitat (no escollida com a mat\u00e8ria de modalitat)<\/p>\n<p>Segona Llengua Estrangera<\/p>\n<p>Entorn Sostenible<\/p>\n<p>Pau, Just\u00edcia i Corresponsabilitat<\/p>\n<p>Poblaci\u00f3 i Prosperitat<\/td>\n<\/tr>\n<\/tbody>\n<\/table>\n<p>&nbsp;<\/p>\n<ul>\n<li aria-level=\"1\"><span style=\"color: #008000;\"><b>LES PAU I L\u2019ACC\u00c9S A LA UNIVERSITAT<\/b><\/span><\/li>\n<\/ul>\n<p><span style=\"font-weight: 400;\">La <\/span><a href=\"https:\/\/universitats.gencat.cat\/ca\/proves-acces-PAU-PAP\/index.html\"><span style=\"font-weight: 400;\">prova d\u2019acc\u00e9s a la universitat<\/span><\/a><span style=\"font-weight: 400;\"> \u00e9s un requisit per a l\u2019alumnat que t\u00e9 el t\u00edtol de batxillerat o equivalent per accedir a les universitats.\u00a0<\/span><\/p>\n<p><span style=\"font-weight: 400;\">La prova d&#8217;avaluaci\u00f3 de batxillerat per a l\u2019acc\u00e9s a la universitat (PAU) s&#8217;estructura en dues fases:<\/span><\/p>\n<p><b>-Fase general<\/b><span style=\"font-weight: 400;\"> obligat\u00f2ria que consta de cinc exercicis:<\/span><\/p>\n<ul>\n<li style=\"font-weight: 400;\" aria-level=\"1\"><span style=\"font-weight: 400;\">Llengua catalana i literatura<\/span><\/li>\n<li style=\"font-weight: 400;\" aria-level=\"1\"><span style=\"font-weight: 400;\">Llengua castellana i literatura<\/span><\/li>\n<li style=\"font-weight: 400;\" aria-level=\"1\"><span style=\"font-weight: 400;\">Llengua estrangera<\/span><\/li>\n<li style=\"font-weight: 400;\" aria-level=\"1\"><span style=\"font-weight: 400;\">Hist\u00f2ria<\/span><\/li>\n<li style=\"font-weight: 400;\" aria-level=\"1\"><span style=\"font-weight: 400;\">I una mat\u00e8ria obligat\u00f2ria de modalitat a triar entre:<\/span><\/li>\n<\/ul>\n<p><span style=\"font-weight: 400;\">Llengua i Cultura Llatines<br \/>\n<\/span><\/p>\n<p><span style=\"font-weight: 400;\">Matem\u00e0tiques<\/span><\/p>\n<p><span style=\"font-weight: 400;\">Matem\u00e0tiques CCSS<\/span><\/p>\n<p><span style=\"font-weight: 400;\">Fonaments de les arts<\/span><\/p>\n<p><b>-Fase espec\u00edfica<\/b><span style=\"font-weight: 400;\"> de car\u00e0cter voluntari:<\/span><\/p>\n<p><span style=\"font-weight: 400;\">Pots examinar-te d\u2019un m\u00e0xim de tres mat\u00e8ries de modalitat d\u2019entre les seg\u00fcents:\u00a0<\/span><\/p>\n<p><span style=\"font-weight: 400;\">Biologia, Geologia i Ci\u00e8ncies Ambientals, Dibuix t\u00e8cnic, Disseny, Economia, F\u00edsica, Geografia, Llengua i Cultura Gregues, Hist\u00f2ria de l\u2019art, Literatura castellana, Literatura catalana, Llengua i Cultura Llatines, Matem\u00e0tiques, Matem\u00e0tiques CCSS, Qu\u00edmica i Tecnologia i Enginyeria.<\/span><\/p>\n<p><span style=\"font-weight: 400;\">Les mat\u00e8ries obligat\u00f2ries de modalitat tamb\u00e9 poden ser objecte d\u2019examen en la fase espec\u00edfica, sempre que no hagin estat triades a la fase general.<\/span><\/p>\n<p><span style=\"font-weight: 400;\">Pel que fa a les ponderacions, la mat\u00e8ria obligat\u00f2ria de modalitat examinada en fase general tamb\u00e9 ser\u00e0 tinguda en compte per al c\u00e0lcul de la nota d\u2019admissi\u00f3, sempre que la qualificaci\u00f3 sigui igual o superior a 5.<\/span><\/p>\n<p><span style=\"font-weight: 400;\">&#8211;&gt; Les mat\u00e8ries examinades no han d\u2019haver estat necess\u00e0riament cursades al batxillerat.<\/span><\/p>\n<p>&nbsp;<\/p>\n<p><span style=\"color: #008000;\"><b>RELACI\u00d3 ENTRE LES BRANQUES DE CONEIXEMENT DELS GRAUS UNIVERSITARIS I LES PONDERACIONS DE LES MAT\u00c8RIES DE MODALITAT DEL BATXILLERAT<\/b><\/span><\/p>\n<p><span style=\"font-weight: 400;\">L\u2019acc\u00e9s als estudis universitaris est\u00e0 relacionat amb les mat\u00e8ries de modalitat de batxillerat en tant que segons el grau universitari escollit per l\u2019alumne\/a, dins de la fase espec\u00edfica de les PAU, unes mat\u00e8ries de modalitat ponderen i altres no.<\/span><\/p>\n<p><span style=\"font-weight: 400;\">\u00c9s per aix\u00f2 que per fer una bona tria de les mat\u00e8ries de modalitat, cal que consulteu <\/span><a href=\"https:\/\/universitats.gencat.cat\/ca\/preinscripcions\/sobre-preinscripcio\/ponderacions\/index.html\"><span style=\"font-weight: 400;\"><strong>els par\u00e0metres de ponderaci\u00f3<\/strong><\/span><\/a><span style=\"font-weight: 400;\"> de les mat\u00e8ries de modalitat de batxillerat que s&#8217;aplicaran per a l&#8217;admissi\u00f3 a la universitat.<\/span><\/p>\n","protected":false},"excerpt":{"rendered":"<p>&nbsp; El batxillerat \u00e9s l&#8217;etapa d\u2019estudis postobligatoris que es cursa normalment entre els 16 i els 18 anys. \u00c9s un cicle format per dos cursos de trenta hores lectives setmanals. El batxillerat prepara els alumnes per a la seva incorporaci\u00f3 a estudis posteriors, tant professionals com universitaris, i per a l&#8217;acc\u00e9s al m\u00f3n laboral. Per [&hellip;]<\/p>\n","protected":false},"author":1,"featured_media":0,"parent":3155,"menu_order":1,"comment_status":"closed","ping_status":"closed","template":"page-templates\/side-menu.php","meta":{"_bbp_topic_count":0,"_bbp_reply_count":0,"_bbp_total_topic_count":0,"_bbp_total_reply_count":0,"_bbp_voice_count":0,"_bbp_anonymous_reply_count":0,"_bbp_topic_count_hidden":0,"_bbp_reply_count_hidden":0,"_bbp_forum_subforum_count":0,"site-sidebar-layout":"default","site-content-layout":"","ast-site-content-layout":"","site-content-style":"default","site-sidebar-style":"default","ast-global-header-display":"","ast-banner-title-visibility":"","ast-main-header-display":"","ast-hfb-above-header-display":"","ast-hfb-below-header-display":"","ast-hfb-mobile-header-display":"","site-post-title":"","ast-breadcrumbs-content":"","ast-featured-img":"","footer-sml-layout":"","theme-transparent-header-meta":"","adv-header-id-meta":"","stick-header-meta":"","header-above-stick-meta":"","header-main-stick-meta":"","header-below-stick-meta":"","astra-migrate-meta-layouts":"default","ast-page-background-enabled":"default","ast-page-background-meta":{"desktop":{"background-color":"var(--ast-global-color-4)","background-image":"","background-repeat":"repeat","background-position":"center center","background-size":"auto","background-attachment":"scroll","background-type":"","background-media":"","overlay-type":"","overlay-color":"","overlay-opacity":"","overlay-gradient":""},"tablet":{"background-color":"","background-image":"","background-repeat":"repeat","background-position":"center center","background-size":"auto","background-attachment":"scroll","background-type":"","background-media":"","overlay-type":"","overlay-color":"","overlay-opacity":"","overlay-gradient":""},"mobile":{"background-color":"","background-image":"","background-repeat":"repeat","background-position":"center center","background-size":"auto","background-attachment":"scroll","background-type":"","background-media":"","overlay-type":"","overlay-color":"","overlay-opacity":"","overlay-gradient":""}},"ast-content-background-meta":{"desktop":{"background-color":"var(--ast-global-color-5)","background-image":"","background-repeat":"repeat","background-position":"center center","background-size":"auto","background-attachment":"scroll","background-type":"","background-media":"","overlay-type":"","overlay-color":"","overlay-opacity":"","overlay-gradient":""},"tablet":{"background-color":"var(--ast-global-color-5)","background-image":"","background-repeat":"repeat","background-position":"center center","background-size":"auto","background-attachment":"scroll","background-type":"","background-media":"","overlay-type":"","overlay-color":"","overlay-opacity":"","overlay-gradient":""},"mobile":{"background-color":"var(--ast-global-color-5)","background-image":"","background-repeat":"repeat","background-position":"center center","background-size":"auto","background-attachment":"scroll","background-type":"","background-media":"","overlay-type":"","overlay-color":"","overlay-opacity":"","overlay-gradient":""}},"footnotes":""},"class_list":["post-3158","page","type-page","status-publish","hentry"],"post_mailing_queue_ids":[],"_links":{"self":[{"href":"https:\/\/agora.xtec.cat\/institutlesmargues\/wp-json\/wp\/v2\/pages\/3158","targetHints":{"allow":["GET"]}}],"collection":[{"href":"https:\/\/agora.xtec.cat\/institutlesmargues\/wp-json\/wp\/v2\/pages"}],"about":[{"href":"https:\/\/agora.xtec.cat\/institutlesmargues\/wp-json\/wp\/v2\/types\/page"}],"author":[{"embeddable":true,"href":"https:\/\/agora.xtec.cat\/institutlesmargues\/wp-json\/wp\/v2\/users\/1"}],"replies":[{"embeddable":true,"href":"https:\/\/agora.xtec.cat\/institutlesmargues\/wp-json\/wp\/v2\/comments?post=3158"}],"version-history":[{"count":5,"href":"https:\/\/agora.xtec.cat\/institutlesmargues\/wp-json\/wp\/v2\/pages\/3158\/revisions"}],"predecessor-version":[{"id":3163,"href":"https:\/\/agora.xtec.cat\/institutlesmargues\/wp-json\/wp\/v2\/pages\/3158\/revisions\/3163"}],"up":[{"embeddable":true,"href":"https:\/\/agora.xtec.cat\/institutlesmargues\/wp-json\/wp\/v2\/pages\/3155"}],"wp:attachment":[{"href":"https:\/\/agora.xtec.cat\/institutlesmargues\/wp-json\/wp\/v2\/media?parent=3158"}],"curies":[{"name":"wp","href":"https:\/\/api.w.org\/{rel}","templated":true}]}}