{"id":3155,"date":"2021-03-02T13:59:16","date_gmt":"2021-03-02T12:59:16","guid":{"rendered":"http:\/\/agora.xtec.cat\/institutlesmargues\/?page_id=3155"},"modified":"2025-02-17T13:05:20","modified_gmt":"2025-02-17T12:05:20","slug":"batxillerat","status":"publish","type":"page","link":"https:\/\/agora.xtec.cat\/institutlesmargues\/estudis\/batxillerat\/","title":{"rendered":"Batxillerat"},"content":{"rendered":"<p style=\"text-align: justify;\"><span style=\"font-weight: 400;\">El batxillerat a l\u2019Institut Les Margues \u00e9s una oportunitat i una etapa de creixement, aprofundiment i preparaci\u00f3 per als reptes acad\u00e8mics, personals i professionals del futur. Oferim un ensenyament de qualitat, rigor\u00f3s i proper, amb un equip docent comprom\u00e8s i amb itineraris adaptats als interessos i objectius de cada estudiant.<\/span><\/p>\n<p style=\"text-align: justify;\"><span style=\"font-weight: 400;\">Treballem per fomentar l\u2019esperit cr\u00edtic, l\u2019autonomia, l\u2019excel\u00b7l\u00e8ncia i la preparaci\u00f3 per als estudis superiors en un entorn familiar i de suport perqu\u00e8 cada estudiant pugui assolir els seus objectius amb confian\u00e7a i determinaci\u00f3.\u00a0<\/span><\/p>\n<p style=\"text-align: justify;\"><span style=\"font-weight: 400;\">Comptem amb grups redu\u00efts d\u2019alumnes, fet que ens permet oferir una atenci\u00f3 personalitzada i un seguiment constant per garantir el m\u00e0xim rendiment acad\u00e8mic i personal de cada estudiant.<\/span><\/p>\n<p style=\"text-align: justify;\"><span style=\"font-weight: 400;\">El batxillerat a l\u2019institut \u00e9s un cam\u00ed cap al futur. Amb una formaci\u00f3 exigent i propera, ajudem l\u2019alumnat a consolidar coneixements, desenvolupar habilitats, despertar curiositats en un entorn que impulsa l\u2019excel\u00b7l\u00e8ncia i el creixement personal.<\/span><\/p>\n<p><a href=\"https:\/\/agora.xtec.cat\/institutlesmargues\/wp-content\/uploads\/usu540\/2025\/02\/Carta-de-compromis-educatiu_Batxillerat-1.pdf\">Carta de comprom\u00eds educatiu_Batxillerat<\/a><\/p>\n<p><a href=\"https:\/\/agora.xtec.cat\/institutlesmargues\/wp-content\/uploads\/usu540\/2023\/04\/Projecte-Educatiu-Batxillerat-2023-2024.pdf\">Projecte Educatiu Batxillerat<\/a><\/p>\n<p><a href=\"https:\/\/agora.xtec.cat\/institutlesmargues\/wp-content\/uploads\/usu540\/2024\/03\/TRIPTIC-BATX-2024-9-1.pdf\" target=\"_blank\" rel=\"noopener\">Tr\u00edptic de batxillerat<\/a><\/p>\n<p style=\"font-weight: 400;\">En els seg\u00fcents enlla\u00e7os podeu trobar informacions diverses relacionades amb la planificaci\u00f3 d&#8217;aquesta etapa postobligat\u00f2ria en el nostre centre:<\/p>\n<p style=\"font-weight: 400;\">&#8211;<a href=\"https:\/\/agora.xtec.cat\/institutlesmargues\/estudis\/batxillerat\/presentacio-del-batxillerat\/\">Presentaci\u00f3 del Batxillerat.<\/a><\/p>\n<p>&#8211;<a href=\"https:\/\/agora.xtec.cat\/institutlesmargues\/estudis\/batxillerat\/organitzacio-i-descripcio-de-les-materies\/\">Organitzaci\u00f3 de les mat\u00e8ries.<\/a><\/p>\n<p>&#8211;<a href=\"https:\/\/agora.xtec.cat\/institutlesmargues\/estudis\/batxillerat\/seguiment-individual-i-tutoritzacio-de-lalumnat\/\">Seguiment individual i tutoritzaci\u00f3 de l&#8217;alumnat.<\/a><\/p>\n<p>-Portes Obertes &#8211; Presentaci\u00f3 curs 2025-2026<\/p>\n<p><a href=\"https:\/\/agora.xtec.cat\/institutlesmargues\/estudis\/batxillerat\/criteris-davaluacio-1r-i-2n-bat\/\" target=\"_blank\" rel=\"noopener\">&#8211; Criteris d&#8217;avaluaci\u00f3 de les mat\u00e8ries de batxillerat.<\/a><\/p>\n<p style=\"font-weight: 400;\">\n","protected":false},"excerpt":{"rendered":"<p>El batxillerat a l\u2019Institut Les Margues \u00e9s una oportunitat i una etapa de creixement, aprofundiment i preparaci\u00f3 per als reptes acad\u00e8mics, personals i professionals del futur. Oferim un ensenyament de qualitat, rigor\u00f3s i proper, amb un equip docent comprom\u00e8s i amb itineraris adaptats als interessos i objectius de cada estudiant. Treballem per fomentar l\u2019esperit cr\u00edtic, [&hellip;]<\/p>\n","protected":false},"author":1,"featured_media":0,"parent":195,"menu_order":0,"comment_status":"closed","ping_status":"closed","template":"page-templates\/side-menu.php","meta":{"_bbp_topic_count":0,"_bbp_reply_count":0,"_bbp_total_topic_count":0,"_bbp_total_reply_count":0,"_bbp_voice_count":0,"_bbp_anonymous_reply_count":0,"_bbp_topic_count_hidden":0,"_bbp_reply_count_hidden":0,"_bbp_forum_subforum_count":0,"site-sidebar-layout":"default","site-content-layout":"","ast-site-content-layout":"","site-content-style":"default","site-sidebar-style":"default","ast-global-header-display":"","ast-banner-title-visibility":"","ast-main-header-display":"","ast-hfb-above-header-display":"","ast-hfb-below-header-display":"","ast-hfb-mobile-header-display":"","site-post-title":"","ast-breadcrumbs-content":"","ast-featured-img":"","footer-sml-layout":"","theme-transparent-header-meta":"","adv-header-id-meta":"","stick-header-meta":"","header-above-stick-meta":"","header-main-stick-meta":"","header-below-stick-meta":"","astra-migrate-meta-layouts":"default","ast-page-background-enabled":"default","ast-page-background-meta":{"desktop":{"background-color":"var(--ast-global-color-4)","background-image":"","background-repeat":"repeat","background-position":"center center","background-size":"auto","background-attachment":"scroll","background-type":"","background-media":"","overlay-type":"","overlay-color":"","overlay-opacity":"","overlay-gradient":""},"tablet":{"background-color":"","background-image":"","background-repeat":"repeat","background-position":"center center","background-size":"auto","background-attachment":"scroll","background-type":"","background-media":"","overlay-type":"","overlay-color":"","overlay-opacity":"","overlay-gradient":""},"mobile":{"background-color":"","background-image":"","background-repeat":"repeat","background-position":"center center","background-size":"auto","background-attachment":"scroll","background-type":"","background-media":"","overlay-type":"","overlay-color":"","overlay-opacity":"","overlay-gradient":""}},"ast-content-background-meta":{"desktop":{"background-color":"var(--ast-global-color-5)","background-image":"","background-repeat":"repeat","background-position":"center center","background-size":"auto","background-attachment":"scroll","background-type":"","background-media":"","overlay-type":"","overlay-color":"","overlay-opacity":"","overlay-gradient":""},"tablet":{"background-color":"var(--ast-global-color-5)","background-image":"","background-repeat":"repeat","background-position":"center center","background-size":"auto","background-attachment":"scroll","background-type":"","background-media":"","overlay-type":"","overlay-color":"","overlay-opacity":"","overlay-gradient":""},"mobile":{"background-color":"var(--ast-global-color-5)","background-image":"","background-repeat":"repeat","background-position":"center center","background-size":"auto","background-attachment":"scroll","background-type":"","background-media":"","overlay-type":"","overlay-color":"","overlay-opacity":"","overlay-gradient":""}},"footnotes":""},"class_list":["post-3155","page","type-page","status-publish","hentry"],"post_mailing_queue_ids":[],"_links":{"self":[{"href":"https:\/\/agora.xtec.cat\/institutlesmargues\/wp-json\/wp\/v2\/pages\/3155","targetHints":{"allow":["GET"]}}],"collection":[{"href":"https:\/\/agora.xtec.cat\/institutlesmargues\/wp-json\/wp\/v2\/pages"}],"about":[{"href":"https:\/\/agora.xtec.cat\/institutlesmargues\/wp-json\/wp\/v2\/types\/page"}],"author":[{"embeddable":true,"href":"https:\/\/agora.xtec.cat\/institutlesmargues\/wp-json\/wp\/v2\/users\/1"}],"replies":[{"embeddable":true,"href":"https:\/\/agora.xtec.cat\/institutlesmargues\/wp-json\/wp\/v2\/comments?post=3155"}],"version-history":[{"count":7,"href":"https:\/\/agora.xtec.cat\/institutlesmargues\/wp-json\/wp\/v2\/pages\/3155\/revisions"}],"predecessor-version":[{"id":6654,"href":"https:\/\/agora.xtec.cat\/institutlesmargues\/wp-json\/wp\/v2\/pages\/3155\/revisions\/6654"}],"up":[{"embeddable":true,"href":"https:\/\/agora.xtec.cat\/institutlesmargues\/wp-json\/wp\/v2\/pages\/195"}],"wp:attachment":[{"href":"https:\/\/agora.xtec.cat\/institutlesmargues\/wp-json\/wp\/v2\/media?parent=3155"}],"curies":[{"name":"wp","href":"https:\/\/api.w.org\/{rel}","templated":true}]}}