{"id":3133,"date":"2021-02-25T09:34:11","date_gmt":"2021-02-25T08:34:11","guid":{"rendered":"http:\/\/agora.xtec.cat\/institutlesmargues\/?page_id=3133"},"modified":"2021-02-25T09:49:15","modified_gmt":"2021-02-25T08:49:15","slug":"g-suite","status":"publish","type":"page","link":"https:\/\/agora.xtec.cat\/institutlesmargues\/projecte-educatiu\/plataformes-educatives\/g-suite\/","title":{"rendered":"G Suite"},"content":{"rendered":"<p><a href=\"https:\/\/agora.xtec.cat\/institutlesmargues\/wp-content\/uploads\/usu540\/2021\/02\/google-suite-for-education.jpg\"><img loading=\"lazy\" decoding=\"async\" class=\"wp-image-3134 aligncenter\" src=\"https:\/\/agora.xtec.cat\/institutlesmargues\/wp-content\/uploads\/usu540\/2021\/02\/google-suite-for-education.jpg\" alt=\"\" width=\"422\" height=\"250\" srcset=\"https:\/\/agora.xtec.cat\/institutlesmargues\/wp-content\/uploads\/usu540\/2021\/02\/google-suite-for-education.jpg 675w, https:\/\/agora.xtec.cat\/institutlesmargues\/wp-content\/uploads\/usu540\/2021\/02\/google-suite-for-education-300x178.jpg 300w\" sizes=\"auto, (max-width: 422px) 100vw, 422px\" \/><\/a><\/p>\n<p>Utilitzem l&#8217;aplicaci\u00f3 <strong>G Suite for Education<\/strong> (G Suite per a centres educatius): un conjunt d&#8217;eines educatives de Google (Gmail, Classroom, Drive, Sites, Calendari&#8230;) que faciliten l&#8217;aprenentatge i el treball cooperatiu. Tamb\u00e9 faciliten la comunicaci\u00f3 entre professors, alumnes i fam\u00edlies.<\/p>\n<p>Autoritzacions relativa als alumnes d&#8217;\u00fas de serveis i recursos digitals per treballar a l&#8217;aula i crear-los un correu de centre:<\/p>\n<p>&#8211;<a href=\"https:\/\/agora.xtec.cat\/institutlesmargues\/wp-content\/uploads\/usu540\/2021\/02\/Majors-14-anys.pdf\">Majors de 14 anys<\/a><\/p>\n<p>&#8211;<a href=\"https:\/\/agora.xtec.cat\/institutlesmargues\/wp-content\/uploads\/usu540\/2021\/02\/Autoritzaci\u00f3-menors-14.pdf\">Menors de 14 anys<\/a><\/p>\n<p>&nbsp;<\/p>\n","protected":false},"excerpt":{"rendered":"<p>Utilitzem l&#8217;aplicaci\u00f3 G Suite for Education (G Suite per a centres educatius): un conjunt d&#8217;eines educatives de Google (Gmail, Classroom, Drive, Sites, Calendari&#8230;) que faciliten l&#8217;aprenentatge i el treball cooperatiu. Tamb\u00e9 faciliten la comunicaci\u00f3 entre professors, alumnes i fam\u00edlies. Autoritzacions relativa als alumnes d&#8217;\u00fas de serveis i recursos digitals per treballar a l&#8217;aula i crear-los [&hellip;]<\/p>\n","protected":false},"author":1,"featured_media":0,"parent":2320,"menu_order":0,"comment_status":"closed","ping_status":"closed","template":"","meta":{"_bbp_topic_count":0,"_bbp_reply_count":0,"_bbp_total_topic_count":0,"_bbp_total_reply_count":0,"_bbp_voice_count":0,"_bbp_anonymous_reply_count":0,"_bbp_topic_count_hidden":0,"_bbp_reply_count_hidden":0,"_bbp_forum_subforum_count":0,"site-sidebar-layout":"default","site-content-layout":"","ast-site-content-layout":"","site-content-style":"default","site-sidebar-style":"default","ast-global-header-display":"","ast-banner-title-visibility":"","ast-main-header-display":"","ast-hfb-above-header-display":"","ast-hfb-below-header-display":"","ast-hfb-mobile-header-display":"","site-post-title":"","ast-breadcrumbs-content":"","ast-featured-img":"","footer-sml-layout":"","theme-transparent-header-meta":"","adv-header-id-meta":"","stick-header-meta":"","header-above-stick-meta":"","header-main-stick-meta":"","header-below-stick-meta":"","astra-migrate-meta-layouts":"default","ast-page-background-enabled":"default","ast-page-background-meta":{"desktop":{"background-color":"var(--ast-global-color-4)","background-image":"","background-repeat":"repeat","background-position":"center center","background-size":"auto","background-attachment":"scroll","background-type":"","background-media":"","overlay-type":"","overlay-color":"","overlay-opacity":"","overlay-gradient":""},"tablet":{"background-color":"","background-image":"","background-repeat":"repeat","background-position":"center center","background-size":"auto","background-attachment":"scroll","background-type":"","background-media":"","overlay-type":"","overlay-color":"","overlay-opacity":"","overlay-gradient":""},"mobile":{"background-color":"","background-image":"","background-repeat":"repeat","background-position":"center center","background-size":"auto","background-attachment":"scroll","background-type":"","background-media":"","overlay-type":"","overlay-color":"","overlay-opacity":"","overlay-gradient":""}},"ast-content-background-meta":{"desktop":{"background-color":"var(--ast-global-color-5)","background-image":"","background-repeat":"repeat","background-position":"center center","background-size":"auto","background-attachment":"scroll","background-type":"","background-media":"","overlay-type":"","overlay-color":"","overlay-opacity":"","overlay-gradient":""},"tablet":{"background-color":"var(--ast-global-color-5)","background-image":"","background-repeat":"repeat","background-position":"center center","background-size":"auto","background-attachment":"scroll","background-type":"","background-media":"","overlay-type":"","overlay-color":"","overlay-opacity":"","overlay-gradient":""},"mobile":{"background-color":"var(--ast-global-color-5)","background-image":"","background-repeat":"repeat","background-position":"center center","background-size":"auto","background-attachment":"scroll","background-type":"","background-media":"","overlay-type":"","overlay-color":"","overlay-opacity":"","overlay-gradient":""}},"footnotes":""},"class_list":["post-3133","page","type-page","status-publish","hentry"],"post_mailing_queue_ids":[],"_links":{"self":[{"href":"https:\/\/agora.xtec.cat\/institutlesmargues\/wp-json\/wp\/v2\/pages\/3133","targetHints":{"allow":["GET"]}}],"collection":[{"href":"https:\/\/agora.xtec.cat\/institutlesmargues\/wp-json\/wp\/v2\/pages"}],"about":[{"href":"https:\/\/agora.xtec.cat\/institutlesmargues\/wp-json\/wp\/v2\/types\/page"}],"author":[{"embeddable":true,"href":"https:\/\/agora.xtec.cat\/institutlesmargues\/wp-json\/wp\/v2\/users\/1"}],"replies":[{"embeddable":true,"href":"https:\/\/agora.xtec.cat\/institutlesmargues\/wp-json\/wp\/v2\/comments?post=3133"}],"version-history":[{"count":2,"href":"https:\/\/agora.xtec.cat\/institutlesmargues\/wp-json\/wp\/v2\/pages\/3133\/revisions"}],"predecessor-version":[{"id":3142,"href":"https:\/\/agora.xtec.cat\/institutlesmargues\/wp-json\/wp\/v2\/pages\/3133\/revisions\/3142"}],"up":[{"embeddable":true,"href":"https:\/\/agora.xtec.cat\/institutlesmargues\/wp-json\/wp\/v2\/pages\/2320"}],"wp:attachment":[{"href":"https:\/\/agora.xtec.cat\/institutlesmargues\/wp-json\/wp\/v2\/media?parent=3133"}],"curies":[{"name":"wp","href":"https:\/\/api.w.org\/{rel}","templated":true}]}}