{"id":3062,"date":"2023-02-02T14:04:56","date_gmt":"2023-02-02T13:04:56","guid":{"rendered":"http:\/\/agora.xtec.cat\/institutlesmargues\/?page_id=3062"},"modified":"2023-03-02T22:41:30","modified_gmt":"2023-03-02T21:41:30","slug":"practica-esportiva","status":"publish","type":"page","link":"https:\/\/agora.xtec.cat\/institutlesmargues\/projecte-educatiu\/prioritat-educativa\/practica-esportiva\/","title":{"rendered":"Pr\u00e0ctica esportiva i educaci\u00f3 f\u00edsica"},"content":{"rendered":"<p style=\"text-align: justify;\" align=\"justify\"><span style=\"color: #000000;\"><span style=\"font-family: Arial, serif;\"><span lang=\"ca-ES\">A l\u2019Institut les Margues, creiem que\u00a0<\/span><\/span><\/span><span style=\"color: #000000;\"><span style=\"font-family: Arial, serif;\"><span lang=\"ca-ES\"><i>la preparaci\u00f3 per un programa de salut, la pr\u00e0ctica esportiva, con\u00e8ixer i experimentar amb l&#8217;entorn natural i participar en activitats expressives <\/i><\/span><\/span><\/span><span style=\"color: #000000;\"><span style=\"font-family: Arial, serif;\"><span lang=\"ca-ES\">contribueix a la formaci\u00f3 integral de les persones per una pr\u00e0ctica saludable, respectuosa amb un mateix i els altres i transferible a la vida di\u00e0ria.\u00a0<\/span><\/span><\/span><\/p>\n<p style=\"text-align: justify;\" align=\"justify\"><span style=\"color: #000000;\"><span style=\"font-family: Arial, serif;\"><span lang=\"ca-ES\">Per aix\u00f2, la mat\u00e8ria d&#8217;<a href=\"https:\/\/agora.xtec.cat\/institutlesmargues\/wp-content\/uploads\/usu540\/2023\/03\/Educacio-Fisica.docx.pdf\">Educaci\u00f3 F\u00edsica<\/a> es fonamenta en quatre grans blocs que es repeteixen al llarg de l&#8217;etapa:<\/span><\/span><\/span><\/p>\n<p style=\"text-align: justify;\"><b>HIGHWAY TO HEALTH: <\/b><span style=\"font-weight: 400;\">En aquest bloc, es treballaran aspectes relacionats <\/span><span style=\"font-weight: 400;\">amb la salut, l&#8217;alimentaci\u00f3 i cuidar el propi cos (a nivell del treball de for\u00e7a, velocitat, alineaci\u00f3 postural, tonificaci\u00f3, ioga,&#8230;). <\/span><span style=\"font-weight: 400;\">A l\u2019inici de cada curs escolar, l\u2019alumnat realitza unes proves f\u00edsiques per con\u00e8ixer el propi nivell de condici\u00f3 f\u00edsica. S\u2019anoten els resultats al\u00a0 DNI SALUDABLE. A final de curs es tornen a fer i aix\u00ed es pot veure la millora anual. <\/span><span style=\"font-weight: 400;\">A final de l\u2019ESO tindran totes les dades a sobre salut en el seu DNI.<a href=\"https:\/\/agora.xtec.cat\/institutlesmargues\/wp-content\/uploads\/usu540\/2023\/03\/HIGHWAY-1.png\"><img loading=\"lazy\" decoding=\"async\" class=\"aligncenter wp-image-5569\" src=\"https:\/\/agora.xtec.cat\/institutlesmargues\/wp-content\/uploads\/usu540\/2023\/03\/HIGHWAY-1.png\" alt=\"\" width=\"173\" height=\"173\" srcset=\"https:\/\/agora.xtec.cat\/institutlesmargues\/wp-content\/uploads\/usu540\/2023\/03\/HIGHWAY-1.png 303w, https:\/\/agora.xtec.cat\/institutlesmargues\/wp-content\/uploads\/usu540\/2023\/03\/HIGHWAY-1-300x300.png 300w, https:\/\/agora.xtec.cat\/institutlesmargues\/wp-content\/uploads\/usu540\/2023\/03\/HIGHWAY-1-150x150.png 150w\" sizes=\"auto, (max-width: 173px) 100vw, 173px\" \/><\/a> <\/span><\/p>\n<p style=\"text-align: justify;\"><b>ESPORTNET: <\/b><span style=\"font-weight: 400;\">EsportNet es duu a terme a tots els cursos del nostre centre,<\/span><span style=\"font-weight: 400;\">treballant diferents esports.\u00a0<\/span><span style=\"font-weight: 400;\">Els esports que es treballen, s\u00f3n esports poc coneguts,\u00a0<\/span><span style=\"font-weight: 400;\">com Colpbol, Korfbol, Ultimate, Judo,\u2026per tal que l&#8217;alumnat<\/span><span style=\"font-weight: 400;\">parteixin tots\/es de zero.\u00a0<\/span><span style=\"font-weight: 400;\">A cada sessi\u00f3 es treballa un valor concret a trav\u00e9s de jocs esportius. Al final de cada sessi\u00f3 es disputa un partit de l\u2019esport treballat en qu\u00e8 es posa en pr\u00e0ctica el valor escollit i treballat pr\u00e8viament. <\/span><span style=\"font-weight: 400;\">Les sessions compten amb espais de reflexi\u00f3 i els partits que es realitzen es\u00a0 divideixen en: di\u00e0leg\/acords, pr\u00e0ctica i reflexi\u00f3. <\/span><span style=\"font-weight: 400;\">A cada curs tamb\u00e9 es realitza una competici\u00f3 Interescolar amb altres centres de la comarca. Competici\u00f3 d\u2019Atletisme, Jocs cooperatius, Rugby, Korfbol, Colpbol,&#8230;<\/span><\/p>\n<p><a href=\"https:\/\/agora.xtec.cat\/institutlesmargues\/wp-content\/uploads\/usu540\/2023\/03\/ESPORTNET-1.png\"><img loading=\"lazy\" decoding=\"async\" class=\"aligncenter wp-image-5573\" src=\"https:\/\/agora.xtec.cat\/institutlesmargues\/wp-content\/uploads\/usu540\/2023\/03\/ESPORTNET-1.png\" alt=\"\" width=\"172\" height=\"172\" srcset=\"https:\/\/agora.xtec.cat\/institutlesmargues\/wp-content\/uploads\/usu540\/2023\/03\/ESPORTNET-1.png 303w, https:\/\/agora.xtec.cat\/institutlesmargues\/wp-content\/uploads\/usu540\/2023\/03\/ESPORTNET-1-300x300.png 300w, https:\/\/agora.xtec.cat\/institutlesmargues\/wp-content\/uploads\/usu540\/2023\/03\/ESPORTNET-1-150x150.png 150w\" sizes=\"auto, (max-width: 172px) 100vw, 172px\" \/><\/a><\/p>\n<p style=\"text-align: justify;\"><b>&#8220;ELS NOSTRES CIMS\u201d: <\/b><span style=\"font-weight: 400;\">El projecte \u201cels nostres cims\u201d, consisteix en pujar cada\u00a0<\/span><span style=\"font-weight: 400;\">any, un dels 4 cims que veiem des del nostre centre:\u00a0<\/span><span style=\"font-weight: 400;\">Creu de Gurb, Bellmunt, Matagalls i Puigsacalm. <\/span><span style=\"font-weight: 400;\">Gaudim d\u2019un entorn privilegiat i n\u2019hem de ser coneixedors\/es.\u00a0<\/span><span style=\"font-weight: 400;\">Els objectius i els valors del projecte s\u00f3n de gran rellev\u00e0ncia per les nostres vides, ja sigui per les possibilitats de l\u2019espai natural on vivim, per realitzar activitat f\u00edsica en el medi natural o simplement per gaudir i adquirir els beneficis de salut.\u00a0<\/span><span style=\"font-weight: 400;\">Per aix\u00f2, des de la mat\u00e8ria d\u2019Educaci\u00f3 F\u00edsica hem cregut oport\u00fa transferir aquests beneficis a tota la comunitat educativa, d\u2019aquesta manera volem que les fam\u00edlies participin activament en aquest projecte.<\/span><\/p>\n<p><a href=\"https:\/\/agora.xtec.cat\/institutlesmargues\/wp-content\/uploads\/usu540\/2023\/03\/CIMS-2.png\"><img loading=\"lazy\" decoding=\"async\" class=\"aligncenter wp-image-5576\" src=\"https:\/\/agora.xtec.cat\/institutlesmargues\/wp-content\/uploads\/usu540\/2023\/03\/CIMS-2.png\" alt=\"\" width=\"173\" height=\"173\" srcset=\"https:\/\/agora.xtec.cat\/institutlesmargues\/wp-content\/uploads\/usu540\/2023\/03\/CIMS-2.png 303w, https:\/\/agora.xtec.cat\/institutlesmargues\/wp-content\/uploads\/usu540\/2023\/03\/CIMS-2-300x300.png 300w, https:\/\/agora.xtec.cat\/institutlesmargues\/wp-content\/uploads\/usu540\/2023\/03\/CIMS-2-150x150.png 150w\" sizes=\"auto, (max-width: 173px) 100vw, 173px\" \/><\/a><\/p>\n<p style=\"text-align: justify;\"><b>MARGUESTOLTES: <\/b><span style=\"font-weight: 400;\">El repte que es proposa a l\u2019alumnat en aquest bloc, <\/span><span style=\"font-weight: 400;\">\u00e9s preparar una coreografia a partir d\u2019una tem\u00e0tica escollida <\/span><span style=\"font-weight: 400;\">pel grup i representar-la en el concurs de balls i disfresses de carnestoltes del centre. <\/span><span style=\"font-weight: 400;\">Es tracta d\u2019un projecte interdisciplinar de centre, amb un important treball cooperatiu. Des de l\u2019\u00e0rea d\u2019Educaci\u00f3 F\u00edsica, es buscar\u00e0 que l\u2019alumne\/a treballi el seu cos a trav\u00e9s del moviment corporal i que es desinhibeixi a l\u2019hora d\u2019actuar davant dels companys i d\u2019un gran p\u00fablic. <\/span><span style=\"font-weight: 400;\">El projecte inclou un vincle amb el poble i l\u2019escola de prim\u00e0ria, ja que es realitza una rua amb comparses valorades per\u00a0 l\u2019alumnat de 6\u00e8 de Prim\u00e0ria de l\u2019escola St. Marc.<\/span><\/p>\n<p><a href=\"https:\/\/agora.xtec.cat\/institutlesmargues\/wp-content\/uploads\/usu540\/2023\/03\/MARGUESTOLTES-1.png\"><img loading=\"lazy\" decoding=\"async\" class=\"aligncenter wp-image-5575\" src=\"https:\/\/agora.xtec.cat\/institutlesmargues\/wp-content\/uploads\/usu540\/2023\/03\/MARGUESTOLTES-1.png\" alt=\"\" width=\"120\" height=\"173\" srcset=\"https:\/\/agora.xtec.cat\/institutlesmargues\/wp-content\/uploads\/usu540\/2023\/03\/MARGUESTOLTES-1.png 240w, https:\/\/agora.xtec.cat\/institutlesmargues\/wp-content\/uploads\/usu540\/2023\/03\/MARGUESTOLTES-1-208x300.png 208w\" sizes=\"auto, (max-width: 120px) 100vw, 120px\" \/><\/a><\/p>\n<p style=\"text-align: justify;\" align=\"justify\">\n","protected":false},"excerpt":{"rendered":"<p>A l\u2019Institut les Margues, creiem que\u00a0la preparaci\u00f3 per un programa de salut, la pr\u00e0ctica esportiva, con\u00e8ixer i experimentar amb l&#8217;entorn natural i participar en activitats expressives contribueix a la formaci\u00f3 integral de les persones per una pr\u00e0ctica saludable, respectuosa amb un mateix i els altres i transferible a la vida di\u00e0ria.\u00a0 Per aix\u00f2, la mat\u00e8ria [&hellip;]<\/p>\n","protected":false},"author":1,"featured_media":0,"parent":3034,"menu_order":5,"comment_status":"closed","ping_status":"closed","template":"page-templates\/side-menu.php","meta":{"_bbp_topic_count":0,"_bbp_reply_count":0,"_bbp_total_topic_count":0,"_bbp_total_reply_count":0,"_bbp_voice_count":0,"_bbp_anonymous_reply_count":0,"_bbp_topic_count_hidden":0,"_bbp_reply_count_hidden":0,"_bbp_forum_subforum_count":0,"site-sidebar-layout":"default","site-content-layout":"","ast-site-content-layout":"","site-content-style":"default","site-sidebar-style":"default","ast-global-header-display":"","ast-banner-title-visibility":"","ast-main-header-display":"","ast-hfb-above-header-display":"","ast-hfb-below-header-display":"","ast-hfb-mobile-header-display":"","site-post-title":"","ast-breadcrumbs-content":"","ast-featured-img":"","footer-sml-layout":"","theme-transparent-header-meta":"","adv-header-id-meta":"","stick-header-meta":"","header-above-stick-meta":"","header-main-stick-meta":"","header-below-stick-meta":"","astra-migrate-meta-layouts":"default","ast-page-background-enabled":"default","ast-page-background-meta":{"desktop":{"background-color":"var(--ast-global-color-4)","background-image":"","background-repeat":"repeat","background-position":"center center","background-size":"auto","background-attachment":"scroll","background-type":"","background-media":"","overlay-type":"","overlay-color":"","overlay-opacity":"","overlay-gradient":""},"tablet":{"background-color":"","background-image":"","background-repeat":"repeat","background-position":"center center","background-size":"auto","background-attachment":"scroll","background-type":"","background-media":"","overlay-type":"","overlay-color":"","overlay-opacity":"","overlay-gradient":""},"mobile":{"background-color":"","background-image":"","background-repeat":"repeat","background-position":"center center","background-size":"auto","background-attachment":"scroll","background-type":"","background-media":"","overlay-type":"","overlay-color":"","overlay-opacity":"","overlay-gradient":""}},"ast-content-background-meta":{"desktop":{"background-color":"var(--ast-global-color-5)","background-image":"","background-repeat":"repeat","background-position":"center center","background-size":"auto","background-attachment":"scroll","background-type":"","background-media":"","overlay-type":"","overlay-color":"","overlay-opacity":"","overlay-gradient":""},"tablet":{"background-color":"var(--ast-global-color-5)","background-image":"","background-repeat":"repeat","background-position":"center center","background-size":"auto","background-attachment":"scroll","background-type":"","background-media":"","overlay-type":"","overlay-color":"","overlay-opacity":"","overlay-gradient":""},"mobile":{"background-color":"var(--ast-global-color-5)","background-image":"","background-repeat":"repeat","background-position":"center center","background-size":"auto","background-attachment":"scroll","background-type":"","background-media":"","overlay-type":"","overlay-color":"","overlay-opacity":"","overlay-gradient":""}},"footnotes":""},"class_list":["post-3062","page","type-page","status-publish","hentry"],"post_mailing_queue_ids":[],"_links":{"self":[{"href":"https:\/\/agora.xtec.cat\/institutlesmargues\/wp-json\/wp\/v2\/pages\/3062","targetHints":{"allow":["GET"]}}],"collection":[{"href":"https:\/\/agora.xtec.cat\/institutlesmargues\/wp-json\/wp\/v2\/pages"}],"about":[{"href":"https:\/\/agora.xtec.cat\/institutlesmargues\/wp-json\/wp\/v2\/types\/page"}],"author":[{"embeddable":true,"href":"https:\/\/agora.xtec.cat\/institutlesmargues\/wp-json\/wp\/v2\/users\/1"}],"replies":[{"embeddable":true,"href":"https:\/\/agora.xtec.cat\/institutlesmargues\/wp-json\/wp\/v2\/comments?post=3062"}],"version-history":[{"count":2,"href":"https:\/\/agora.xtec.cat\/institutlesmargues\/wp-json\/wp\/v2\/pages\/3062\/revisions"}],"predecessor-version":[{"id":5578,"href":"https:\/\/agora.xtec.cat\/institutlesmargues\/wp-json\/wp\/v2\/pages\/3062\/revisions\/5578"}],"up":[{"embeddable":true,"href":"https:\/\/agora.xtec.cat\/institutlesmargues\/wp-json\/wp\/v2\/pages\/3034"}],"wp:attachment":[{"href":"https:\/\/agora.xtec.cat\/institutlesmargues\/wp-json\/wp\/v2\/media?parent=3062"}],"curies":[{"name":"wp","href":"https:\/\/api.w.org\/{rel}","templated":true}]}}