{"id":2854,"date":"2020-09-02T15:31:33","date_gmt":"2020-09-02T13:31:33","guid":{"rendered":"http:\/\/agora.xtec.cat\/institutlesmargues\/?page_id=2854"},"modified":"2025-02-11T18:38:36","modified_gmt":"2025-02-11T17:38:36","slug":"sortides-amb-pernoctacio","status":"publish","type":"page","link":"https:\/\/agora.xtec.cat\/institutlesmargues\/sortides-amb-pernoctacio\/","title":{"rendered":"Sortides amb pernoctaci\u00f3"},"content":{"rendered":"<p>Cada curs a l\u2019institut Les Margues intentem organitzar, com a m\u00ednim, una sortida amb pernoctaci\u00f3 a cada nivell. Considerem que aquestes sortides ens ajuden a assolir una de les nostres prioritats educatives, garantir l\u2019\u00e8xit educatiu, personal i social de tot el nostre alumnat, ja que aporten molts beneficis:<\/p>\n<div>\n<p>&#8211; representen un aprenentatge profund per\u00f2 allunyat de l\u2019educaci\u00f3 formal<\/p>\n<\/div>\n<div>\n<p>&#8211; els permeten generar vincles emocionals amb els companys molt m\u00e9s intensos que en altres entorns educatius<\/p>\n<\/div>\n<div>\n<p>&#8211; s\u00f3n una experi\u00e8ncia de creixement personal: els permet con\u00e8ixer nous companys, descobrir nous llocs i nous reptes, conviure amb persones fora de l\u2019\u00e0mbit familiar&#8230;<\/p>\n<\/div>\n<div>\n<p>&#8211; s\u00f3n una oportunitat per posar en pr\u00e0ctica diferents valors i habilitats: empatia, solidaritat, autonomia, responsabilitat, capacitat comunicativa&#8230;<\/p>\n<p>&nbsp;<\/p>\n<\/div>\n<table style=\"height: 96px; width: 100%; border-collapse: collapse;\">\n<tbody>\n<tr style=\"height: 32px;\">\n<td style=\"width: 25%; height: 32px;\"><strong style=\"color: #339966; text-align: center; background-color: #f5faf5;\">1r ESO<\/strong><\/td>\n<td style=\"width: 25%; height: 32px;\"><strong style=\"color: #339966; text-align: center; background-color: #f5faf5;\">2n ESO<\/strong><\/td>\n<td style=\"width: 25%; height: 32px;\"><strong style=\"color: #339966; text-align: center; background-color: #f5faf5;\">3r ESO<\/strong><\/td>\n<td style=\"width: 25%; height: 32px;\"><strong style=\"color: #339966; text-align: center; background-color: #f5faf5;\">4t ESO<\/strong><\/td>\n<\/tr>\n<tr style=\"height: 32px;\">\n<td style=\"width: 25%; height: 32px;\">Estada en un camp d&#8217;aprenentatge<\/td>\n<td style=\"width: 25%; height: 32px;\">Intercanvi a Alemanya<\/td>\n<td style=\"width: 25%; height: 32px;\">Esquiada<\/td>\n<td style=\"width: 25%; height: 32px;\">Viatge de Final de curs<\/td>\n<\/tr>\n<tr style=\"height: 32px;\">\n<td style=\"width: 25%; height: 32px;\"><\/td>\n<td style=\"width: 25%; height: 32px;\"><span style=\"background-color: #f9f9f9;\">Estada en un camp d&#8217;aprenentatge<\/span><\/td>\n<td style=\"width: 25%; height: 32px;\">Intercanvi a Alemanya<\/td>\n<td style=\"width: 25%; height: 32px;\"><\/td>\n<\/tr>\n<\/tbody>\n<\/table>\n<p>&nbsp;<\/p>\n","protected":false},"excerpt":{"rendered":"<p>Cada curs a l\u2019institut Les Margues intentem organitzar, com a m\u00ednim, una sortida amb pernoctaci\u00f3 a cada nivell. Considerem que aquestes sortides ens ajuden a assolir una de les nostres prioritats educatives, garantir l\u2019\u00e8xit educatiu, personal i social de tot el nostre alumnat, ja que aporten molts beneficis: &#8211; representen un aprenentatge profund per\u00f2 allunyat [&hellip;]<\/p>\n","protected":false},"author":1,"featured_media":0,"parent":0,"menu_order":0,"comment_status":"closed","ping_status":"closed","template":"","meta":{"_bbp_topic_count":0,"_bbp_reply_count":0,"_bbp_total_topic_count":0,"_bbp_total_reply_count":0,"_bbp_voice_count":0,"_bbp_anonymous_reply_count":0,"_bbp_topic_count_hidden":0,"_bbp_reply_count_hidden":0,"_bbp_forum_subforum_count":0,"site-sidebar-layout":"default","site-content-layout":"","ast-site-content-layout":"","site-content-style":"default","site-sidebar-style":"default","ast-global-header-display":"","ast-banner-title-visibility":"","ast-main-header-display":"","ast-hfb-above-header-display":"","ast-hfb-below-header-display":"","ast-hfb-mobile-header-display":"","site-post-title":"","ast-breadcrumbs-content":"","ast-featured-img":"","footer-sml-layout":"","theme-transparent-header-meta":"","adv-header-id-meta":"","stick-header-meta":"","header-above-stick-meta":"","header-main-stick-meta":"","header-below-stick-meta":"","astra-migrate-meta-layouts":"default","ast-page-background-enabled":"default","ast-page-background-meta":{"desktop":{"background-color":"var(--ast-global-color-4)","background-image":"","background-repeat":"repeat","background-position":"center center","background-size":"auto","background-attachment":"scroll","background-type":"","background-media":"","overlay-type":"","overlay-color":"","overlay-opacity":"","overlay-gradient":""},"tablet":{"background-color":"","background-image":"","background-repeat":"repeat","background-position":"center center","background-size":"auto","background-attachment":"scroll","background-type":"","background-media":"","overlay-type":"","overlay-color":"","overlay-opacity":"","overlay-gradient":""},"mobile":{"background-color":"","background-image":"","background-repeat":"repeat","background-position":"center center","background-size":"auto","background-attachment":"scroll","background-type":"","background-media":"","overlay-type":"","overlay-color":"","overlay-opacity":"","overlay-gradient":""}},"ast-content-background-meta":{"desktop":{"background-color":"var(--ast-global-color-5)","background-image":"","background-repeat":"repeat","background-position":"center center","background-size":"auto","background-attachment":"scroll","background-type":"","background-media":"","overlay-type":"","overlay-color":"","overlay-opacity":"","overlay-gradient":""},"tablet":{"background-color":"var(--ast-global-color-5)","background-image":"","background-repeat":"repeat","background-position":"center center","background-size":"auto","background-attachment":"scroll","background-type":"","background-media":"","overlay-type":"","overlay-color":"","overlay-opacity":"","overlay-gradient":""},"mobile":{"background-color":"var(--ast-global-color-5)","background-image":"","background-repeat":"repeat","background-position":"center center","background-size":"auto","background-attachment":"scroll","background-type":"","background-media":"","overlay-type":"","overlay-color":"","overlay-opacity":"","overlay-gradient":""}},"footnotes":""},"class_list":["post-2854","page","type-page","status-publish","hentry"],"post_mailing_queue_ids":[],"_links":{"self":[{"href":"https:\/\/agora.xtec.cat\/institutlesmargues\/wp-json\/wp\/v2\/pages\/2854","targetHints":{"allow":["GET"]}}],"collection":[{"href":"https:\/\/agora.xtec.cat\/institutlesmargues\/wp-json\/wp\/v2\/pages"}],"about":[{"href":"https:\/\/agora.xtec.cat\/institutlesmargues\/wp-json\/wp\/v2\/types\/page"}],"author":[{"embeddable":true,"href":"https:\/\/agora.xtec.cat\/institutlesmargues\/wp-json\/wp\/v2\/users\/1"}],"replies":[{"embeddable":true,"href":"https:\/\/agora.xtec.cat\/institutlesmargues\/wp-json\/wp\/v2\/comments?post=2854"}],"version-history":[{"count":5,"href":"https:\/\/agora.xtec.cat\/institutlesmargues\/wp-json\/wp\/v2\/pages\/2854\/revisions"}],"predecessor-version":[{"id":6973,"href":"https:\/\/agora.xtec.cat\/institutlesmargues\/wp-json\/wp\/v2\/pages\/2854\/revisions\/6973"}],"wp:attachment":[{"href":"https:\/\/agora.xtec.cat\/institutlesmargues\/wp-json\/wp\/v2\/media?parent=2854"}],"curies":[{"name":"wp","href":"https:\/\/api.w.org\/{rel}","templated":true}]}}