{"id":27,"date":"2014-09-17T16:24:03","date_gmt":"2014-09-17T16:24:03","guid":{"rendered":"http:\/\/agora.xtec.cat\/institutlesmargues\/?page_id=27"},"modified":"2025-03-04T10:49:19","modified_gmt":"2025-03-04T09:49:19","slug":"historia","status":"publish","type":"page","link":"https:\/\/agora.xtec.cat\/institutlesmargues\/linstitut\/historia\/","title":{"rendered":"Descripci\u00f3 del centre"},"content":{"rendered":"<p style=\"text-align: justify;\"><strong>L\u2019institut<\/strong><em><strong> Les Margues<\/strong>\u00a0<\/em>\u00e9s un centre p\u00fablic del qual n&#8217;\u00e9s titular la Generalitat de Catalunya. Va comen\u00e7ar la seva tasca educativa el curs 2006-07, amb la denominaci\u00f3 de <strong>SES de Calldetenes<\/strong>, ocupant de manera provisional una nau industrial adequada per a la tasca educativa, amb dos grups de primer d\u2019ESO. Al curs 2009-2010 va assolir l\u2019oferta de tota l\u2019etapa de l\u2019Educaci\u00f3 Secund\u00e0ria Obligat\u00f2ria. Al mes d\u2019abril de 2014, es va fer el trasllat a l\u2019actual edifici i al juny del 2015, la comunitat educativa va escollir per votaci\u00f3 el nom definitiu de l&#8217;institut: \u201c<strong>Les Margues<\/strong>\u201d. La ra\u00f3 del nom ve que l&#8217;institut est\u00e0 constru\u00eft sobre un tur\u00f3 de margues (roques calc\u00e0ries grisoses-blavoses, molt toves i erosionades), molt t\u00edpiques de la Plana de Vic.<br \/>\nLa inauguraci\u00f3 oficial del centre per la Consellera d\u2019Ensenyament, l\u2019Hble. Sra. Meritxell Ruiz Isern i l\u2019Ill.lm alcalde Sr. Marc Verdaguer Montany\u00e0 va tenir lloc el 29 d\u2019abril de 2016.<\/p>\n<p style=\"text-align: justify;\">Actualment, el centre compta amb <strong>m\u00e9s de trenta professors<\/strong>, una vetlladora, un administratiu i dos conserges. A l\u2019institut hi ha matriculats uns <strong>300 alumnes<\/strong>, amb <strong>una mitjana de dues l\u00ednies per curs a ESO i una l\u00ednia a cada curs de batxillerat<\/strong>. Acull alumnes dels pobles de Calldetenes, Sant Juli\u00e0 de Vilatorta, Tav\u00e8rnoles, Vilanova de Sau i altres pobles de la comarca d&#8217;Osona.\u00a0La major part dels alumnes provenen del les escoles adscrites a l\u2019Institut: <strong>Escola Sant Marc<\/strong> (Calldetenes), <strong>Escola Bellpuig<\/strong> (Sant Juli\u00e0 de Vilatorta) i <strong>Escola Les Roques<\/strong> (Vilanova de Sau).<\/p>\n<p>&nbsp;<\/p>\n","protected":false},"excerpt":{"rendered":"<p>L\u2019institut Les Margues\u00a0\u00e9s un centre p\u00fablic del qual n&#8217;\u00e9s titular la Generalitat de Catalunya. Va comen\u00e7ar la seva tasca educativa el curs 2006-07, amb la denominaci\u00f3 de SES de Calldetenes, ocupant de manera provisional una nau industrial adequada per a la tasca educativa, amb dos grups de primer d\u2019ESO. Al curs 2009-2010 va assolir l\u2019oferta [&hellip;]<\/p>\n","protected":false},"author":1,"featured_media":0,"parent":19,"menu_order":20,"comment_status":"closed","ping_status":"closed","template":"page-templates\/side-menu.php","meta":{"_bbp_topic_count":0,"_bbp_reply_count":0,"_bbp_total_topic_count":0,"_bbp_total_reply_count":0,"_bbp_voice_count":0,"_bbp_anonymous_reply_count":0,"_bbp_topic_count_hidden":0,"_bbp_reply_count_hidden":0,"_bbp_forum_subforum_count":0,"site-sidebar-layout":"default","site-content-layout":"","ast-site-content-layout":"","site-content-style":"default","site-sidebar-style":"default","ast-global-header-display":"","ast-banner-title-visibility":"","ast-main-header-display":"","ast-hfb-above-header-display":"","ast-hfb-below-header-display":"","ast-hfb-mobile-header-display":"","site-post-title":"","ast-breadcrumbs-content":"","ast-featured-img":"","footer-sml-layout":"","theme-transparent-header-meta":"","adv-header-id-meta":"","stick-header-meta":"","header-above-stick-meta":"","header-main-stick-meta":"","header-below-stick-meta":"","astra-migrate-meta-layouts":"default","ast-page-background-enabled":"default","ast-page-background-meta":{"desktop":{"background-color":"var(--ast-global-color-4)","background-image":"","background-repeat":"repeat","background-position":"center center","background-size":"auto","background-attachment":"scroll","background-type":"","background-media":"","overlay-type":"","overlay-color":"","overlay-opacity":"","overlay-gradient":""},"tablet":{"background-color":"","background-image":"","background-repeat":"repeat","background-position":"center center","background-size":"auto","background-attachment":"scroll","background-type":"","background-media":"","overlay-type":"","overlay-color":"","overlay-opacity":"","overlay-gradient":""},"mobile":{"background-color":"","background-image":"","background-repeat":"repeat","background-position":"center center","background-size":"auto","background-attachment":"scroll","background-type":"","background-media":"","overlay-type":"","overlay-color":"","overlay-opacity":"","overlay-gradient":""}},"ast-content-background-meta":{"desktop":{"background-color":"var(--ast-global-color-5)","background-image":"","background-repeat":"repeat","background-position":"center center","background-size":"auto","background-attachment":"scroll","background-type":"","background-media":"","overlay-type":"","overlay-color":"","overlay-opacity":"","overlay-gradient":""},"tablet":{"background-color":"var(--ast-global-color-5)","background-image":"","background-repeat":"repeat","background-position":"center center","background-size":"auto","background-attachment":"scroll","background-type":"","background-media":"","overlay-type":"","overlay-color":"","overlay-opacity":"","overlay-gradient":""},"mobile":{"background-color":"var(--ast-global-color-5)","background-image":"","background-repeat":"repeat","background-position":"center center","background-size":"auto","background-attachment":"scroll","background-type":"","background-media":"","overlay-type":"","overlay-color":"","overlay-opacity":"","overlay-gradient":""}},"footnotes":""},"class_list":["post-27","page","type-page","status-publish","hentry"],"post_mailing_queue_ids":[],"_links":{"self":[{"href":"https:\/\/agora.xtec.cat\/institutlesmargues\/wp-json\/wp\/v2\/pages\/27","targetHints":{"allow":["GET"]}}],"collection":[{"href":"https:\/\/agora.xtec.cat\/institutlesmargues\/wp-json\/wp\/v2\/pages"}],"about":[{"href":"https:\/\/agora.xtec.cat\/institutlesmargues\/wp-json\/wp\/v2\/types\/page"}],"author":[{"embeddable":true,"href":"https:\/\/agora.xtec.cat\/institutlesmargues\/wp-json\/wp\/v2\/users\/1"}],"replies":[{"embeddable":true,"href":"https:\/\/agora.xtec.cat\/institutlesmargues\/wp-json\/wp\/v2\/comments?post=27"}],"version-history":[{"count":7,"href":"https:\/\/agora.xtec.cat\/institutlesmargues\/wp-json\/wp\/v2\/pages\/27\/revisions"}],"predecessor-version":[{"id":7185,"href":"https:\/\/agora.xtec.cat\/institutlesmargues\/wp-json\/wp\/v2\/pages\/27\/revisions\/7185"}],"up":[{"embeddable":true,"href":"https:\/\/agora.xtec.cat\/institutlesmargues\/wp-json\/wp\/v2\/pages\/19"}],"wp:attachment":[{"href":"https:\/\/agora.xtec.cat\/institutlesmargues\/wp-json\/wp\/v2\/media?parent=27"}],"curies":[{"name":"wp","href":"https:\/\/api.w.org\/{rel}","templated":true}]}}