{"id":2395,"date":"2020-02-25T13:23:14","date_gmt":"2020-02-25T12:23:14","guid":{"rendered":"http:\/\/agora.xtec.cat\/institutlesmargues\/?page_id=2395"},"modified":"2022-09-21T10:48:52","modified_gmt":"2022-09-21T08:48:52","slug":"xarxa-de-competencies-basiques","status":"publish","type":"page","link":"https:\/\/agora.xtec.cat\/institutlesmargues\/projecte-educatiu\/xarxa-de-competencies-basiques\/","title":{"rendered":"Xarxa de Compet\u00e8ncies"},"content":{"rendered":"<p><span style=\"font-weight: 400;\">La Xarxa de Compet\u00e8ncies (XdC) \u00e9s una modalitat de formaci\u00f3 i desenvolupament professional docent basat en l\u2019aprenentatge entre iguals i en xarxa, promoguda pel Departament d\u2019Educaci\u00f3, dins el seu pla de formaci\u00f3 permanent. La Xarxa de Compet\u00e8ncies est\u00e0 formada per equips docents de centres d\u2019educaci\u00f3 infantil, prim\u00e0ria, secund\u00e0ria i batxillerat que volen iniciar, mantenir o consolidar processos de reflexi\u00f3-acci\u00f3 en equip i en xarxa per transformar l\u2019escola en un espai que afavoreixi l\u2019aprenentatge i ajudi els docents a millorar el seu desenvolupament professional i als centres a constituir-se en organitzacions que aprenen.<\/span><\/p>\n<p><span style=\"font-weight: 400;\">L\u2019institut <\/span><i><span style=\"font-weight: 400;\">Les Margues<\/span><\/i><span style=\"font-weight: 400;\"> es va incorporar a la xarxa de compet\u00e8ncies b\u00e0siques el curs 2019-2020.<\/span><\/p>\n<p><span style=\"font-weight: 400;\">Durant el curs 2019-2020, el professorat que va formar part de l\u2019equip impulsor de XdC, va treballar i reflexionar sobre la import\u00e0ncia de compartir els <\/span><b>objectius d\u2019aprenentatge<\/b><span style=\"font-weight: 400;\"> amb l\u2019aprenent.<\/span><\/p>\n<p><span style=\"font-weight: 400;\">El curs 2020-2021, vam compartir estrat\u00e8gies i instruments d\u2019avaluaci\u00f3 per ajudar els alumnes a recollir evid\u00e8ncies de l\u2019adquisici\u00f3 d\u2019aprenentatges competencials. Tamb\u00e9 vam posar en pr\u00e0ctica l\u2019\u00fas de les <\/span><b>carpetes d\u2019aprenentatge<\/b><span style=\"font-weight: 400;\">.<\/span><\/p>\n<p><span style=\"font-weight: 400;\">El curs 2021-2022, es va treballar quines estrat\u00e8gies i instruments d\u2019avaluaci\u00f3 s\u00f3n \u00fatils per a la regulaci\u00f3 dels aprenentatges. Tamb\u00e9 es va dur a\u00a0 terme una <\/span><b>pr\u00e0ctica d\u2019observaci\u00f3 entre iguals<\/b><span style=\"font-weight: 400;\"> com a mecanisme de desenvolupament professional docent.<\/span><\/p>\n<p><span style=\"font-weight: 400;\">Aquest curs, 2022-2023, el professorat es centrar\u00e0 en l\u2019<\/span><b>estudi dels vectors del nou curr\u00edculum<\/b><span style=\"font-weight: 400;\"> d\u2019Educaci\u00f3 B\u00e0sica. Aquests posen el focus en aspectes que la societat actual considera clau pel que fa a l\u2019aprenentatge i l\u2019equitat. Les xarxes docents fomentaran la reflexi\u00f3 i la pr\u00e0ctica entorn aquests vectors.<\/span><\/p>\n<p style=\"text-align: justify;\"><br style=\"font-weight: 400;\" \/><img loading=\"lazy\" decoding=\"async\" class=\"alignleft size-full wp-image-4798\" src=\"https:\/\/agora.xtec.cat\/institutlesmargues\/wp-content\/uploads\/usu540\/2022\/09\/Vectors-nou-curriculum.png\" alt=\"\" width=\"709\" height=\"1024\" srcset=\"https:\/\/agora.xtec.cat\/institutlesmargues\/wp-content\/uploads\/usu540\/2022\/09\/Vectors-nou-curriculum.png 709w, https:\/\/agora.xtec.cat\/institutlesmargues\/wp-content\/uploads\/usu540\/2022\/09\/Vectors-nou-curriculum-208x300.png 208w\" sizes=\"auto, (max-width: 709px) 100vw, 709px\" \/><\/p>\n","protected":false},"excerpt":{"rendered":"<p>La Xarxa de Compet\u00e8ncies (XdC) \u00e9s una modalitat de formaci\u00f3 i desenvolupament professional docent basat en l\u2019aprenentatge entre iguals i en xarxa, promoguda pel Departament d\u2019Educaci\u00f3, dins el seu pla de formaci\u00f3 permanent. La Xarxa de Compet\u00e8ncies est\u00e0 formada per equips docents de centres d\u2019educaci\u00f3 infantil, prim\u00e0ria, secund\u00e0ria i batxillerat que volen iniciar, mantenir o [&hellip;]<\/p>\n","protected":false},"author":1,"featured_media":0,"parent":57,"menu_order":0,"comment_status":"closed","ping_status":"closed","template":"","meta":{"_bbp_topic_count":0,"_bbp_reply_count":0,"_bbp_total_topic_count":0,"_bbp_total_reply_count":0,"_bbp_voice_count":0,"_bbp_anonymous_reply_count":0,"_bbp_topic_count_hidden":0,"_bbp_reply_count_hidden":0,"_bbp_forum_subforum_count":0,"site-sidebar-layout":"default","site-content-layout":"","ast-site-content-layout":"","site-content-style":"default","site-sidebar-style":"default","ast-global-header-display":"","ast-banner-title-visibility":"","ast-main-header-display":"","ast-hfb-above-header-display":"","ast-hfb-below-header-display":"","ast-hfb-mobile-header-display":"","site-post-title":"","ast-breadcrumbs-content":"","ast-featured-img":"","footer-sml-layout":"","theme-transparent-header-meta":"","adv-header-id-meta":"","stick-header-meta":"","header-above-stick-meta":"","header-main-stick-meta":"","header-below-stick-meta":"","astra-migrate-meta-layouts":"default","ast-page-background-enabled":"default","ast-page-background-meta":{"desktop":{"background-color":"var(--ast-global-color-4)","background-image":"","background-repeat":"repeat","background-position":"center center","background-size":"auto","background-attachment":"scroll","background-type":"","background-media":"","overlay-type":"","overlay-color":"","overlay-opacity":"","overlay-gradient":""},"tablet":{"background-color":"","background-image":"","background-repeat":"repeat","background-position":"center center","background-size":"auto","background-attachment":"scroll","background-type":"","background-media":"","overlay-type":"","overlay-color":"","overlay-opacity":"","overlay-gradient":""},"mobile":{"background-color":"","background-image":"","background-repeat":"repeat","background-position":"center center","background-size":"auto","background-attachment":"scroll","background-type":"","background-media":"","overlay-type":"","overlay-color":"","overlay-opacity":"","overlay-gradient":""}},"ast-content-background-meta":{"desktop":{"background-color":"var(--ast-global-color-5)","background-image":"","background-repeat":"repeat","background-position":"center center","background-size":"auto","background-attachment":"scroll","background-type":"","background-media":"","overlay-type":"","overlay-color":"","overlay-opacity":"","overlay-gradient":""},"tablet":{"background-color":"var(--ast-global-color-5)","background-image":"","background-repeat":"repeat","background-position":"center center","background-size":"auto","background-attachment":"scroll","background-type":"","background-media":"","overlay-type":"","overlay-color":"","overlay-opacity":"","overlay-gradient":""},"mobile":{"background-color":"var(--ast-global-color-5)","background-image":"","background-repeat":"repeat","background-position":"center center","background-size":"auto","background-attachment":"scroll","background-type":"","background-media":"","overlay-type":"","overlay-color":"","overlay-opacity":"","overlay-gradient":""}},"footnotes":""},"class_list":["post-2395","page","type-page","status-publish","hentry"],"post_mailing_queue_ids":[],"_links":{"self":[{"href":"https:\/\/agora.xtec.cat\/institutlesmargues\/wp-json\/wp\/v2\/pages\/2395","targetHints":{"allow":["GET"]}}],"collection":[{"href":"https:\/\/agora.xtec.cat\/institutlesmargues\/wp-json\/wp\/v2\/pages"}],"about":[{"href":"https:\/\/agora.xtec.cat\/institutlesmargues\/wp-json\/wp\/v2\/types\/page"}],"author":[{"embeddable":true,"href":"https:\/\/agora.xtec.cat\/institutlesmargues\/wp-json\/wp\/v2\/users\/1"}],"replies":[{"embeddable":true,"href":"https:\/\/agora.xtec.cat\/institutlesmargues\/wp-json\/wp\/v2\/comments?post=2395"}],"version-history":[{"count":4,"href":"https:\/\/agora.xtec.cat\/institutlesmargues\/wp-json\/wp\/v2\/pages\/2395\/revisions"}],"predecessor-version":[{"id":4800,"href":"https:\/\/agora.xtec.cat\/institutlesmargues\/wp-json\/wp\/v2\/pages\/2395\/revisions\/4800"}],"up":[{"embeddable":true,"href":"https:\/\/agora.xtec.cat\/institutlesmargues\/wp-json\/wp\/v2\/pages\/57"}],"wp:attachment":[{"href":"https:\/\/agora.xtec.cat\/institutlesmargues\/wp-json\/wp\/v2\/media?parent=2395"}],"curies":[{"name":"wp","href":"https:\/\/api.w.org\/{rel}","templated":true}]}}