{"id":2341,"date":"2020-02-10T19:53:24","date_gmt":"2020-02-10T18:53:24","guid":{"rendered":"http:\/\/agora.xtec.cat\/institutlesmargues\/?page_id=2341"},"modified":"2025-02-11T18:41:41","modified_gmt":"2025-02-11T17:41:41","slug":"xerradesitallers","status":"publish","type":"page","link":"https:\/\/agora.xtec.cat\/institutlesmargues\/xerradesitallers\/","title":{"rendered":"Xerrades i tallers educatius"},"content":{"rendered":"<p style=\"text-align: justify;\">A l&#8217;institut realitzem diverses sortides i tallers\/xerrades al llarg de tota l&#8217;etapa educativa.<\/p>\n<p style=\"text-align: justify;\">Per una banda, els tallers\/xerrades s\u2019han planificat\u00a0 generalment per algunes de les hores de tutoria. Es tracta d\u2019un conjunt d\u2019activitats educatives interrelacionades que es destinen sobretot a l\u2019entrenament i h\u00e0bit de les compet\u00e8ncies seg\u00fcents: aprendre a ser un mateix, aprendre a ser aut\u00f2nom, aprendre a aprendre, aprendre a comunicar-se i aprendre a viure junts.<\/p>\n<p style=\"text-align: justify;\">A m\u00e9s a m\u00e9s tamb\u00e9 s\u2019han programat tallers dedicats a l\u2019orientaci\u00f3 acad\u00e8mica, professional i laboral. En aquests casos es treballar\u00e0 el coneixement d\u2019un mateix, del sistema educatiu i dels entorns professionals.<\/p>\n<p><a href=\"https:\/\/agora.xtec.cat\/institutlesmargues\/wp-content\/uploads\/usu540\/2022\/02\/TALLERS_page-0001-e1645041680322.jpg\"><img loading=\"lazy\" decoding=\"async\" class=\"wp-image-3997 alignleft\" src=\"https:\/\/agora.xtec.cat\/institutlesmargues\/wp-content\/uploads\/usu540\/2022\/02\/TALLERS_page-0001-e1645041680322-300x180.jpg\" alt=\"\" width=\"663\" height=\"397\" srcset=\"https:\/\/agora.xtec.cat\/institutlesmargues\/wp-content\/uploads\/usu540\/2022\/02\/TALLERS_page-0001-e1645041680322-300x180.jpg 300w, https:\/\/agora.xtec.cat\/institutlesmargues\/wp-content\/uploads\/usu540\/2022\/02\/TALLERS_page-0001-e1645041680322-1024x615.jpg 1024w, https:\/\/agora.xtec.cat\/institutlesmargues\/wp-content\/uploads\/usu540\/2022\/02\/TALLERS_page-0001-e1645041680322-768x461.jpg 768w, https:\/\/agora.xtec.cat\/institutlesmargues\/wp-content\/uploads\/usu540\/2022\/02\/TALLERS_page-0001-e1645041680322.jpg 1428w\" sizes=\"auto, (max-width: 663px) 100vw, 663px\" \/><\/a><\/p>\n<p>&nbsp;<\/p>\n<p>&nbsp;<\/p>\n<p>&nbsp;<\/p>\n<p>&nbsp;<\/p>\n<p>&nbsp;<\/p>\n<p>&nbsp;<\/p>\n<p>&nbsp;<\/p>\n<p>&nbsp;<\/p>\n<p>&nbsp;<\/p>\n<p>&nbsp;<\/p>\n<p style=\"text-align: justify;\">Tots els tallers i\/o xerrades s\u00f3n realitzats per experts professionals en el m\u00f3n de la psicologia i l&#8217;adolesc\u00e8ncia i alguns d&#8217;ells s\u00f3n realitzats pels Mossos d&#8217;Esquadra.<\/p>\n<p style=\"text-align: justify;\">El centre est\u00e0 adherit al programa \u201cSalut i escola\u201d. Aix\u00ed doncs, durant tot el curs, l\u2019institut disposa d\u2019una hora setmanal d\u2019una infermera, la qual at\u00e9n consultes dels alumnes i tamb\u00e9 \u00e9s l\u2019encarregada de conduir alguns dels tallers programats relacionats amb la salut.<\/p>\n","protected":false},"excerpt":{"rendered":"<p>A l&#8217;institut realitzem diverses sortides i tallers\/xerrades al llarg de tota l&#8217;etapa educativa. Per una banda, els tallers\/xerrades s\u2019han planificat\u00a0 generalment per algunes de les hores de tutoria. Es tracta d\u2019un conjunt d\u2019activitats educatives interrelacionades que es destinen sobretot a l\u2019entrenament i h\u00e0bit de les compet\u00e8ncies seg\u00fcents: aprendre a ser un mateix, aprendre a ser [&hellip;]<\/p>\n","protected":false},"author":1,"featured_media":0,"parent":0,"menu_order":0,"comment_status":"closed","ping_status":"closed","template":"","meta":{"_bbp_topic_count":0,"_bbp_reply_count":0,"_bbp_total_topic_count":0,"_bbp_total_reply_count":0,"_bbp_voice_count":0,"_bbp_anonymous_reply_count":0,"_bbp_topic_count_hidden":0,"_bbp_reply_count_hidden":0,"_bbp_forum_subforum_count":0,"site-sidebar-layout":"default","site-content-layout":"","ast-site-content-layout":"","site-content-style":"default","site-sidebar-style":"default","ast-global-header-display":"","ast-banner-title-visibility":"","ast-main-header-display":"","ast-hfb-above-header-display":"","ast-hfb-below-header-display":"","ast-hfb-mobile-header-display":"","site-post-title":"","ast-breadcrumbs-content":"","ast-featured-img":"","footer-sml-layout":"","theme-transparent-header-meta":"","adv-header-id-meta":"","stick-header-meta":"","header-above-stick-meta":"","header-main-stick-meta":"","header-below-stick-meta":"","astra-migrate-meta-layouts":"default","ast-page-background-enabled":"default","ast-page-background-meta":{"desktop":{"background-color":"var(--ast-global-color-4)","background-image":"","background-repeat":"repeat","background-position":"center center","background-size":"auto","background-attachment":"scroll","background-type":"","background-media":"","overlay-type":"","overlay-color":"","overlay-opacity":"","overlay-gradient":""},"tablet":{"background-color":"","background-image":"","background-repeat":"repeat","background-position":"center center","background-size":"auto","background-attachment":"scroll","background-type":"","background-media":"","overlay-type":"","overlay-color":"","overlay-opacity":"","overlay-gradient":""},"mobile":{"background-color":"","background-image":"","background-repeat":"repeat","background-position":"center center","background-size":"auto","background-attachment":"scroll","background-type":"","background-media":"","overlay-type":"","overlay-color":"","overlay-opacity":"","overlay-gradient":""}},"ast-content-background-meta":{"desktop":{"background-color":"var(--ast-global-color-5)","background-image":"","background-repeat":"repeat","background-position":"center center","background-size":"auto","background-attachment":"scroll","background-type":"","background-media":"","overlay-type":"","overlay-color":"","overlay-opacity":"","overlay-gradient":""},"tablet":{"background-color":"var(--ast-global-color-5)","background-image":"","background-repeat":"repeat","background-position":"center center","background-size":"auto","background-attachment":"scroll","background-type":"","background-media":"","overlay-type":"","overlay-color":"","overlay-opacity":"","overlay-gradient":""},"mobile":{"background-color":"var(--ast-global-color-5)","background-image":"","background-repeat":"repeat","background-position":"center center","background-size":"auto","background-attachment":"scroll","background-type":"","background-media":"","overlay-type":"","overlay-color":"","overlay-opacity":"","overlay-gradient":""}},"footnotes":""},"class_list":["post-2341","page","type-page","status-publish","hentry"],"post_mailing_queue_ids":[],"_links":{"self":[{"href":"https:\/\/agora.xtec.cat\/institutlesmargues\/wp-json\/wp\/v2\/pages\/2341","targetHints":{"allow":["GET"]}}],"collection":[{"href":"https:\/\/agora.xtec.cat\/institutlesmargues\/wp-json\/wp\/v2\/pages"}],"about":[{"href":"https:\/\/agora.xtec.cat\/institutlesmargues\/wp-json\/wp\/v2\/types\/page"}],"author":[{"embeddable":true,"href":"https:\/\/agora.xtec.cat\/institutlesmargues\/wp-json\/wp\/v2\/users\/1"}],"replies":[{"embeddable":true,"href":"https:\/\/agora.xtec.cat\/institutlesmargues\/wp-json\/wp\/v2\/comments?post=2341"}],"version-history":[{"count":4,"href":"https:\/\/agora.xtec.cat\/institutlesmargues\/wp-json\/wp\/v2\/pages\/2341\/revisions"}],"predecessor-version":[{"id":7067,"href":"https:\/\/agora.xtec.cat\/institutlesmargues\/wp-json\/wp\/v2\/pages\/2341\/revisions\/7067"}],"wp:attachment":[{"href":"https:\/\/agora.xtec.cat\/institutlesmargues\/wp-json\/wp\/v2\/media?parent=2341"}],"curies":[{"name":"wp","href":"https:\/\/api.w.org\/{rel}","templated":true}]}}