{"id":2334,"date":"2020-02-10T19:31:57","date_gmt":"2020-02-10T18:31:57","guid":{"rendered":"http:\/\/agora.xtec.cat\/institutlesmargues\/?page_id=2334"},"modified":"2022-03-17T16:13:35","modified_gmt":"2022-03-17T15:13:35","slug":"etwinning-2","status":"publish","type":"page","link":"https:\/\/agora.xtec.cat\/institutlesmargues\/projecte-educatiu\/etwinning-2\/","title":{"rendered":"eTwinning"},"content":{"rendered":"<p style=\"text-align: justify;\">eTwinning \u00e9s la major xarxa social europea de docents i centres escolars. L\u2019objectiu d\u2019eTwinning \u00e9s promoure i facilitar el contacte, l\u2019intercanvi d\u2019idees i el treball en col\u00b7laboraci\u00f3 entre professorat i alumnat dels pa\u00efsos que hi participen, a trav\u00e9s de les TIC. A m\u00e9s d\u2019oferir oportunitats d\u2019interacci\u00f3 i de formaci\u00f3, docents i alumnes dels dos centres escolars de diferents pa\u00efsos europeus poden desenvolupar projectes de col\u00b7laboraci\u00f3 a trav\u00e9s d\u2019Internet sobre qualsevol tema de l\u2019\u00e0mbit escolar acordat pels participants.<\/p>\n<p>El programa eTwinning \u00e9s una iniciativa de la Comissi\u00f3 Europea que va comen\u00e7ar l\u2019any 2005 com una part fonamental del programa\u00a0<em>e-Learning.\u00a0<\/em>El 2007 s\u2019integra al Programa d\u2019Aprenentatge Permanent. \u00c9s una acci\u00f3 descentralitzada i, per tant, no necess\u00e0riament coordinada per les Ag\u00e8ncies Nacionals del Programa d\u2019Aprenentatge Permanent. Amb el llan\u00e7ament de programa Erasmus+ el gener del 2014, eTwinning passa a formar part d\u2019Erasmus+, el programa de la Uni\u00f3 Europea en mat\u00e8ria d\u2019educaci\u00f3, formaci\u00f3, joventut i esport. eTwinning adquireix aix\u00ed un paper m\u00e9s rellevant del que ha tingut fins ara, i es converteix en la plataforma online de refer\u00e8ncia per a l\u2019acci\u00f3 KA2 (Cooperaci\u00f3 per a la innovaci\u00f3 i l\u2019intercanvi de bones pr\u00e0ctiques). Des del seu naixement, eTwinning experimenta un creixement constant. Per veure el nombre de participants actual, pots acudir al portal del Servei Central de Suport,\u00a0<a href=\"http:\/\/www.etwinning.net\/\" target=\"_blank\" rel=\"noopener noreferrer\">http:\/\/www.etwinning.net<\/a>.<\/p>\n<p>Projectes en els quals s&#8217;ha participat \u00faltimament:<\/p>\n<ol>\n<li><strong>Catalunya &#8211; Norway<\/strong>: intercanviem aspectes culturals de les dues nacions, aprenem una mica de Noruec i ensenyem una mica de Catal\u00e0. <a href=\"https:\/\/live.etwinning.net\/projects\/project\/307022\">https:\/\/live.etwinning.net\/projects\/project\/307022<\/a><\/li>\n<li><strong>Where does our food come from?<\/strong>: investiguem com es produeixen els aliments d&#8217;origen animal i com influencia la seva producci\u00f3 a la comarca d&#8217;Osona. Intercanviem els coneixements amb alumnes de l&#8217;institut Vikesa, a la regi\u00f3 de Vikesa, Noruega. <a href=\"https:\/\/live.etwinning.net\/projects\/project\/298262\">https:\/\/live.etwinning.net\/projects\/project\/298262<\/a><\/li>\n<\/ol>\n<p><a href=\"https:\/\/agora.xtec.cat\/institutlesmargues\/wp-content\/uploads\/usu540\/2020\/02\/etwinning.png\"><img loading=\"lazy\" decoding=\"async\" class=\"alignnone size-full wp-image-2335\" src=\"https:\/\/agora.xtec.cat\/institutlesmargues\/wp-content\/uploads\/usu540\/2020\/02\/etwinning.png\" alt=\"\" width=\"410\" height=\"123\" srcset=\"https:\/\/agora.xtec.cat\/institutlesmargues\/wp-content\/uploads\/usu540\/2020\/02\/etwinning.png 410w, https:\/\/agora.xtec.cat\/institutlesmargues\/wp-content\/uploads\/usu540\/2020\/02\/etwinning-300x90.png 300w\" sizes=\"auto, (max-width: 410px) 100vw, 410px\" \/><\/a><\/p>\n","protected":false},"excerpt":{"rendered":"<p>eTwinning \u00e9s la major xarxa social europea de docents i centres escolars. L\u2019objectiu d\u2019eTwinning \u00e9s promoure i facilitar el contacte, l\u2019intercanvi d\u2019idees i el treball en col\u00b7laboraci\u00f3 entre professorat i alumnat dels pa\u00efsos que hi participen, a trav\u00e9s de les TIC. A m\u00e9s d\u2019oferir oportunitats d\u2019interacci\u00f3 i de formaci\u00f3, docents i alumnes dels dos centres [&hellip;]<\/p>\n","protected":false},"author":1,"featured_media":0,"parent":57,"menu_order":0,"comment_status":"closed","ping_status":"closed","template":"","meta":{"_bbp_topic_count":0,"_bbp_reply_count":0,"_bbp_total_topic_count":0,"_bbp_total_reply_count":0,"_bbp_voice_count":0,"_bbp_anonymous_reply_count":0,"_bbp_topic_count_hidden":0,"_bbp_reply_count_hidden":0,"_bbp_forum_subforum_count":0,"site-sidebar-layout":"default","site-content-layout":"","ast-site-content-layout":"","site-content-style":"default","site-sidebar-style":"default","ast-global-header-display":"","ast-banner-title-visibility":"","ast-main-header-display":"","ast-hfb-above-header-display":"","ast-hfb-below-header-display":"","ast-hfb-mobile-header-display":"","site-post-title":"","ast-breadcrumbs-content":"","ast-featured-img":"","footer-sml-layout":"","theme-transparent-header-meta":"","adv-header-id-meta":"","stick-header-meta":"","header-above-stick-meta":"","header-main-stick-meta":"","header-below-stick-meta":"","astra-migrate-meta-layouts":"default","ast-page-background-enabled":"default","ast-page-background-meta":{"desktop":{"background-color":"var(--ast-global-color-4)","background-image":"","background-repeat":"repeat","background-position":"center center","background-size":"auto","background-attachment":"scroll","background-type":"","background-media":"","overlay-type":"","overlay-color":"","overlay-opacity":"","overlay-gradient":""},"tablet":{"background-color":"","background-image":"","background-repeat":"repeat","background-position":"center center","background-size":"auto","background-attachment":"scroll","background-type":"","background-media":"","overlay-type":"","overlay-color":"","overlay-opacity":"","overlay-gradient":""},"mobile":{"background-color":"","background-image":"","background-repeat":"repeat","background-position":"center center","background-size":"auto","background-attachment":"scroll","background-type":"","background-media":"","overlay-type":"","overlay-color":"","overlay-opacity":"","overlay-gradient":""}},"ast-content-background-meta":{"desktop":{"background-color":"var(--ast-global-color-5)","background-image":"","background-repeat":"repeat","background-position":"center center","background-size":"auto","background-attachment":"scroll","background-type":"","background-media":"","overlay-type":"","overlay-color":"","overlay-opacity":"","overlay-gradient":""},"tablet":{"background-color":"var(--ast-global-color-5)","background-image":"","background-repeat":"repeat","background-position":"center center","background-size":"auto","background-attachment":"scroll","background-type":"","background-media":"","overlay-type":"","overlay-color":"","overlay-opacity":"","overlay-gradient":""},"mobile":{"background-color":"var(--ast-global-color-5)","background-image":"","background-repeat":"repeat","background-position":"center center","background-size":"auto","background-attachment":"scroll","background-type":"","background-media":"","overlay-type":"","overlay-color":"","overlay-opacity":"","overlay-gradient":""}},"footnotes":""},"class_list":["post-2334","page","type-page","status-publish","hentry"],"post_mailing_queue_ids":[],"_links":{"self":[{"href":"https:\/\/agora.xtec.cat\/institutlesmargues\/wp-json\/wp\/v2\/pages\/2334","targetHints":{"allow":["GET"]}}],"collection":[{"href":"https:\/\/agora.xtec.cat\/institutlesmargues\/wp-json\/wp\/v2\/pages"}],"about":[{"href":"https:\/\/agora.xtec.cat\/institutlesmargues\/wp-json\/wp\/v2\/types\/page"}],"author":[{"embeddable":true,"href":"https:\/\/agora.xtec.cat\/institutlesmargues\/wp-json\/wp\/v2\/users\/1"}],"replies":[{"embeddable":true,"href":"https:\/\/agora.xtec.cat\/institutlesmargues\/wp-json\/wp\/v2\/comments?post=2334"}],"version-history":[{"count":3,"href":"https:\/\/agora.xtec.cat\/institutlesmargues\/wp-json\/wp\/v2\/pages\/2334\/revisions"}],"predecessor-version":[{"id":4291,"href":"https:\/\/agora.xtec.cat\/institutlesmargues\/wp-json\/wp\/v2\/pages\/2334\/revisions\/4291"}],"up":[{"embeddable":true,"href":"https:\/\/agora.xtec.cat\/institutlesmargues\/wp-json\/wp\/v2\/pages\/57"}],"wp:attachment":[{"href":"https:\/\/agora.xtec.cat\/institutlesmargues\/wp-json\/wp\/v2\/media?parent=2334"}],"curies":[{"name":"wp","href":"https:\/\/api.w.org\/{rel}","templated":true}]}}