{"id":2307,"date":"2020-02-10T18:35:44","date_gmt":"2020-02-10T17:35:44","guid":{"rendered":"http:\/\/agora.xtec.cat\/institutlesmargues\/?page_id=2307"},"modified":"2020-02-11T18:37:42","modified_gmt":"2020-02-11T17:37:42","slug":"xerrades-per-a-families","status":"publish","type":"page","link":"https:\/\/agora.xtec.cat\/institutlesmargues\/afa\/xerrades-per-a-families\/","title":{"rendered":"Xerrades per a fam\u00edlies"},"content":{"rendered":"<p>Durant el curs escolar s&#8217;ofereixen diverses xerrades que poden ser de l&#8217;inter\u00e8s de les fam\u00edlies del nostre alumnat.<\/p>\n<table style=\"width: 596px;\">\n<tbody>\n<tr>\n<td style=\"width: 293.6px;\">TEMA DE LA XERRADA<\/td>\n<td style=\"width: 296px;\">PONENT<\/td>\n<\/tr>\n<tr>\n<td style=\"width: 293.6px;\">Assetjament escolar (Bullying)<\/td>\n<td style=\"width: 296px;\">Centre de Psicoter\u00e0pia Breu i Estrat\u00e8gica d&#8217;Osona.<\/td>\n<\/tr>\n<tr>\n<td style=\"width: 293.6px;\">Internet Segura<\/td>\n<td style=\"width: 296px;\">Mossos d\u2019Esquadra<\/td>\n<\/tr>\n<tr>\n<td style=\"width: 293.6px;\">&#8220;Vols tenir \u00e8xit? Nom\u00e9s cal que siguis tu&#8221;.<\/td>\n<td style=\"width: 296px;\">Merc\u00e8 Punt\u00ed<\/td>\n<\/tr>\n<\/tbody>\n<\/table>\n","protected":false},"excerpt":{"rendered":"<p>Durant el curs escolar s&#8217;ofereixen diverses xerrades que poden ser de l&#8217;inter\u00e8s de les fam\u00edlies del nostre alumnat. TEMA DE LA XERRADA PONENT Assetjament escolar (Bullying) Centre de Psicoter\u00e0pia Breu i Estrat\u00e8gica d&#8217;Osona. Internet Segura Mossos d\u2019Esquadra &#8220;Vols tenir \u00e8xit? Nom\u00e9s cal que siguis tu&#8221;. Merc\u00e8 Punt\u00ed<\/p>\n","protected":false},"author":1,"featured_media":0,"parent":2345,"menu_order":0,"comment_status":"closed","ping_status":"closed","template":"","meta":{"_bbp_topic_count":0,"_bbp_reply_count":0,"_bbp_total_topic_count":0,"_bbp_total_reply_count":0,"_bbp_voice_count":0,"_bbp_anonymous_reply_count":0,"_bbp_topic_count_hidden":0,"_bbp_reply_count_hidden":0,"_bbp_forum_subforum_count":0,"site-sidebar-layout":"default","site-content-layout":"","ast-site-content-layout":"","site-content-style":"default","site-sidebar-style":"default","ast-global-header-display":"","ast-banner-title-visibility":"","ast-main-header-display":"","ast-hfb-above-header-display":"","ast-hfb-below-header-display":"","ast-hfb-mobile-header-display":"","site-post-title":"","ast-breadcrumbs-content":"","ast-featured-img":"","footer-sml-layout":"","theme-transparent-header-meta":"","adv-header-id-meta":"","stick-header-meta":"","header-above-stick-meta":"","header-main-stick-meta":"","header-below-stick-meta":"","astra-migrate-meta-layouts":"default","ast-page-background-enabled":"default","ast-page-background-meta":{"desktop":{"background-color":"var(--ast-global-color-4)","background-image":"","background-repeat":"repeat","background-position":"center center","background-size":"auto","background-attachment":"scroll","background-type":"","background-media":"","overlay-type":"","overlay-color":"","overlay-opacity":"","overlay-gradient":""},"tablet":{"background-color":"","background-image":"","background-repeat":"repeat","background-position":"center center","background-size":"auto","background-attachment":"scroll","background-type":"","background-media":"","overlay-type":"","overlay-color":"","overlay-opacity":"","overlay-gradient":""},"mobile":{"background-color":"","background-image":"","background-repeat":"repeat","background-position":"center center","background-size":"auto","background-attachment":"scroll","background-type":"","background-media":"","overlay-type":"","overlay-color":"","overlay-opacity":"","overlay-gradient":""}},"ast-content-background-meta":{"desktop":{"background-color":"var(--ast-global-color-5)","background-image":"","background-repeat":"repeat","background-position":"center center","background-size":"auto","background-attachment":"scroll","background-type":"","background-media":"","overlay-type":"","overlay-color":"","overlay-opacity":"","overlay-gradient":""},"tablet":{"background-color":"var(--ast-global-color-5)","background-image":"","background-repeat":"repeat","background-position":"center center","background-size":"auto","background-attachment":"scroll","background-type":"","background-media":"","overlay-type":"","overlay-color":"","overlay-opacity":"","overlay-gradient":""},"mobile":{"background-color":"var(--ast-global-color-5)","background-image":"","background-repeat":"repeat","background-position":"center center","background-size":"auto","background-attachment":"scroll","background-type":"","background-media":"","overlay-type":"","overlay-color":"","overlay-opacity":"","overlay-gradient":""}},"footnotes":""},"class_list":["post-2307","page","type-page","status-publish","hentry"],"post_mailing_queue_ids":[],"_links":{"self":[{"href":"https:\/\/agora.xtec.cat\/institutlesmargues\/wp-json\/wp\/v2\/pages\/2307","targetHints":{"allow":["GET"]}}],"collection":[{"href":"https:\/\/agora.xtec.cat\/institutlesmargues\/wp-json\/wp\/v2\/pages"}],"about":[{"href":"https:\/\/agora.xtec.cat\/institutlesmargues\/wp-json\/wp\/v2\/types\/page"}],"author":[{"embeddable":true,"href":"https:\/\/agora.xtec.cat\/institutlesmargues\/wp-json\/wp\/v2\/users\/1"}],"replies":[{"embeddable":true,"href":"https:\/\/agora.xtec.cat\/institutlesmargues\/wp-json\/wp\/v2\/comments?post=2307"}],"version-history":[{"count":1,"href":"https:\/\/agora.xtec.cat\/institutlesmargues\/wp-json\/wp\/v2\/pages\/2307\/revisions"}],"predecessor-version":[{"id":2308,"href":"https:\/\/agora.xtec.cat\/institutlesmargues\/wp-json\/wp\/v2\/pages\/2307\/revisions\/2308"}],"up":[{"embeddable":true,"href":"https:\/\/agora.xtec.cat\/institutlesmargues\/wp-json\/wp\/v2\/pages\/2345"}],"wp:attachment":[{"href":"https:\/\/agora.xtec.cat\/institutlesmargues\/wp-json\/wp\/v2\/media?parent=2307"}],"curies":[{"name":"wp","href":"https:\/\/api.w.org\/{rel}","templated":true}]}}