{"id":21,"date":"2014-09-17T16:14:14","date_gmt":"2014-09-17T16:14:14","guid":{"rendered":"http:\/\/agora.xtec.cat\/institutlesmargues\/?page_id=21"},"modified":"2025-02-21T15:48:49","modified_gmt":"2025-02-21T14:48:49","slug":"on-som","status":"publish","type":"page","link":"https:\/\/agora.xtec.cat\/institutlesmargues\/linstitut\/on-som\/","title":{"rendered":"On som"},"content":{"rendered":"<p style=\"color: #666666;\"><strong>Institut Les Margues<\/strong><br \/>\n<span class=\"street-address\">Av. Francesc Maci\u00e0, 14<\/span><br \/>\n<span class=\"postal-code\">08506 Calldetenes<br \/>\n<\/span>Tel: 93.886.71.16<br \/>\n<a href=\"mailto:a8063837@xtec.cat\">a8063837@xtec.cat<\/a><a href=\"http:\/\/agora.xtec.cat\/institutlesmargues\/intranet\/index.php?module=contingut&amp;func=view&amp;pid=5\"><strong><br \/>\n<\/strong><\/a><\/p>\n<p><iframe loading=\"lazy\" style=\"border: 0;\" src=\"https:\/\/www.google.com\/maps\/embed?pb=!1m18!1m12!1m3!1d5937.091534266002!2d2.2890937382806436!3d41.92412250228983!2m3!1f0!2f0!3f0!3m2!1i1024!2i768!4f13.1!3m3!1m2!1s0x12a527c5b47934f1%3A0xfdb6ea7c44a54c99!2sAvinguda+de+Francesc+Maci%C3%A0%2C+14%2C+08506+Calldetenes%2C+Barcelona!5e0!3m2!1sca!2ses!4v1473840576065\" width=\"600\" height=\"450\" frameborder=\"0\" allowfullscreen=\"allowfullscreen\"><\/iframe><\/p>\n<p><strong>Com arribar-hi:<br \/>\n<\/strong><\/p>\n<ul>\n<li>Per bus: <strong><a href=\"http:\/\/www.sagales.com\/uploads\/21e2bcf7bd4b8a3632040b815830fde4b268a30c.pdf\" target=\"_blank\" rel=\"noopener noreferrer\">L-4 Calldetenes &#8211; Cl\u00ednica de Vic<\/a><\/strong><\/li>\n<\/ul>\n<p><strong>Escoles adscrites a l&#8217;institut:<br \/>\n<\/strong>Escola Sant Marc (Calldetenes), Escola Bellpuig (Sant Juli\u00e0 de Vilatorta), Escola Les roques (Vilanova de Sau).<\/p>\n<p><strong>Correus electr\u00f2nics de contacte<\/strong><\/p>\n<p><strong style=\"font-size: medium; font-family: inherit; line-height: 1.6;\">Centre<\/strong><\/p>\n<ul>\n<li><span style=\"font-size: medium;\">Bustia General: <a href=\"mailto:a8063837@xtec.cat\">a8063837<\/a><a href=\"mailto:institutlesmargues@xtec.cat\">@xtec.cat<\/a><\/span><\/li>\n<\/ul>\n<p>&nbsp;<\/p>\n","protected":false},"excerpt":{"rendered":"<p>Institut Les Margues Av. Francesc Maci\u00e0, 14 08506 Calldetenes Tel: 93.886.71.16 a8063837@xtec.cat Com arribar-hi: Per bus: L-4 Calldetenes &#8211; Cl\u00ednica de Vic Escoles adscrites a l&#8217;institut: Escola Sant Marc (Calldetenes), Escola Bellpuig (Sant Juli\u00e0 de Vilatorta), Escola Les roques (Vilanova de Sau). Correus electr\u00f2nics de contacte Centre Bustia General: a8063837@xtec.cat &nbsp;<\/p>\n","protected":false},"author":1,"featured_media":0,"parent":19,"menu_order":10,"comment_status":"closed","ping_status":"closed","template":"page-templates\/side-menu.php","meta":{"_bbp_topic_count":0,"_bbp_reply_count":0,"_bbp_total_topic_count":0,"_bbp_total_reply_count":0,"_bbp_voice_count":0,"_bbp_anonymous_reply_count":0,"_bbp_topic_count_hidden":0,"_bbp_reply_count_hidden":0,"_bbp_forum_subforum_count":0,"site-sidebar-layout":"default","site-content-layout":"","ast-site-content-layout":"","site-content-style":"default","site-sidebar-style":"default","ast-global-header-display":"","ast-banner-title-visibility":"","ast-main-header-display":"","ast-hfb-above-header-display":"","ast-hfb-below-header-display":"","ast-hfb-mobile-header-display":"","site-post-title":"","ast-breadcrumbs-content":"","ast-featured-img":"","footer-sml-layout":"","theme-transparent-header-meta":"","adv-header-id-meta":"","stick-header-meta":"","header-above-stick-meta":"","header-main-stick-meta":"","header-below-stick-meta":"","astra-migrate-meta-layouts":"default","ast-page-background-enabled":"default","ast-page-background-meta":{"desktop":{"background-color":"var(--ast-global-color-4)","background-image":"","background-repeat":"repeat","background-position":"center center","background-size":"auto","background-attachment":"scroll","background-type":"","background-media":"","overlay-type":"","overlay-color":"","overlay-opacity":"","overlay-gradient":""},"tablet":{"background-color":"","background-image":"","background-repeat":"repeat","background-position":"center center","background-size":"auto","background-attachment":"scroll","background-type":"","background-media":"","overlay-type":"","overlay-color":"","overlay-opacity":"","overlay-gradient":""},"mobile":{"background-color":"","background-image":"","background-repeat":"repeat","background-position":"center center","background-size":"auto","background-attachment":"scroll","background-type":"","background-media":"","overlay-type":"","overlay-color":"","overlay-opacity":"","overlay-gradient":""}},"ast-content-background-meta":{"desktop":{"background-color":"var(--ast-global-color-5)","background-image":"","background-repeat":"repeat","background-position":"center center","background-size":"auto","background-attachment":"scroll","background-type":"","background-media":"","overlay-type":"","overlay-color":"","overlay-opacity":"","overlay-gradient":""},"tablet":{"background-color":"var(--ast-global-color-5)","background-image":"","background-repeat":"repeat","background-position":"center center","background-size":"auto","background-attachment":"scroll","background-type":"","background-media":"","overlay-type":"","overlay-color":"","overlay-opacity":"","overlay-gradient":""},"mobile":{"background-color":"var(--ast-global-color-5)","background-image":"","background-repeat":"repeat","background-position":"center center","background-size":"auto","background-attachment":"scroll","background-type":"","background-media":"","overlay-type":"","overlay-color":"","overlay-opacity":"","overlay-gradient":""}},"footnotes":""},"class_list":["post-21","page","type-page","status-publish","hentry"],"post_mailing_queue_ids":[],"_links":{"self":[{"href":"https:\/\/agora.xtec.cat\/institutlesmargues\/wp-json\/wp\/v2\/pages\/21","targetHints":{"allow":["GET"]}}],"collection":[{"href":"https:\/\/agora.xtec.cat\/institutlesmargues\/wp-json\/wp\/v2\/pages"}],"about":[{"href":"https:\/\/agora.xtec.cat\/institutlesmargues\/wp-json\/wp\/v2\/types\/page"}],"author":[{"embeddable":true,"href":"https:\/\/agora.xtec.cat\/institutlesmargues\/wp-json\/wp\/v2\/users\/1"}],"replies":[{"embeddable":true,"href":"https:\/\/agora.xtec.cat\/institutlesmargues\/wp-json\/wp\/v2\/comments?post=21"}],"version-history":[{"count":5,"href":"https:\/\/agora.xtec.cat\/institutlesmargues\/wp-json\/wp\/v2\/pages\/21\/revisions"}],"predecessor-version":[{"id":7148,"href":"https:\/\/agora.xtec.cat\/institutlesmargues\/wp-json\/wp\/v2\/pages\/21\/revisions\/7148"}],"up":[{"embeddable":true,"href":"https:\/\/agora.xtec.cat\/institutlesmargues\/wp-json\/wp\/v2\/pages\/19"}],"wp:attachment":[{"href":"https:\/\/agora.xtec.cat\/institutlesmargues\/wp-json\/wp\/v2\/media?parent=21"}],"curies":[{"name":"wp","href":"https:\/\/api.w.org\/{rel}","templated":true}]}}