{"id":1911,"date":"2018-10-23T10:45:54","date_gmt":"2018-10-23T08:45:54","guid":{"rendered":"http:\/\/agora.xtec.cat\/institutlesmargues\/?page_id=1911"},"modified":"2025-04-02T11:51:58","modified_gmt":"2025-04-02T09:51:58","slug":"menu-interactiu-triptics-videos","status":"publish","type":"page","link":"https:\/\/agora.xtec.cat\/institutlesmargues\/el-centre\/menu-interactiu-triptics-videos\/","title":{"rendered":"Tr\u00edptics i v\u00eddeos informatius"},"content":{"rendered":"<p>1. Tr\u00edptic informatiu de l&#8217;ESO a l&#8217;institut Les Margues:<\/p>\n<div><a href=\"https:\/\/agora.xtec.cat\/institutlesmargues\/wp-content\/uploads\/usu540\/2025\/03\/ESO-1.png\"><img loading=\"lazy\" decoding=\"async\" class=\"alignleft wp-image-7210 size-full\" src=\"https:\/\/agora.xtec.cat\/institutlesmargues\/wp-content\/uploads\/usu540\/2025\/03\/ESO-1.png\" alt=\"\" width=\"2036\" height=\"1460\" srcset=\"https:\/\/agora.xtec.cat\/institutlesmargues\/wp-content\/uploads\/usu540\/2025\/03\/ESO-1.png 2036w, https:\/\/agora.xtec.cat\/institutlesmargues\/wp-content\/uploads\/usu540\/2025\/03\/ESO-1-300x215.png 300w, https:\/\/agora.xtec.cat\/institutlesmargues\/wp-content\/uploads\/usu540\/2025\/03\/ESO-1-1024x734.png 1024w, https:\/\/agora.xtec.cat\/institutlesmargues\/wp-content\/uploads\/usu540\/2025\/03\/ESO-1-768x551.png 768w, https:\/\/agora.xtec.cat\/institutlesmargues\/wp-content\/uploads\/usu540\/2025\/03\/ESO-1-1536x1101.png 1536w\" sizes=\"auto, (max-width: 2036px) 100vw, 2036px\" \/><\/a><\/div>\n<div><\/div>\n<div><\/div>\n<div><\/div>\n<div><\/div>\n<div><\/div>\n<div><\/div>\n<div><\/div>\n<div>\n<p>&nbsp;<\/p>\n<p>&nbsp;<\/p>\n<p>&nbsp;<\/p>\n<p>&nbsp;<\/p>\n<p>&nbsp;<\/p>\n<p>&nbsp;<\/p>\n<p>&nbsp;<\/p>\n<p>&nbsp;<\/p>\n<p><a href=\"https:\/\/agora.xtec.cat\/institutlesmargues\/wp-content\/uploads\/usu540\/2025\/03\/ESO-2.png\"><img loading=\"lazy\" decoding=\"async\" class=\"alignleft size-full wp-image-7211\" src=\"https:\/\/agora.xtec.cat\/institutlesmargues\/wp-content\/uploads\/usu540\/2025\/03\/ESO-2.png\" alt=\"\" width=\"2032\" height=\"1462\" srcset=\"https:\/\/agora.xtec.cat\/institutlesmargues\/wp-content\/uploads\/usu540\/2025\/03\/ESO-2.png 2032w, https:\/\/agora.xtec.cat\/institutlesmargues\/wp-content\/uploads\/usu540\/2025\/03\/ESO-2-300x216.png 300w, https:\/\/agora.xtec.cat\/institutlesmargues\/wp-content\/uploads\/usu540\/2025\/03\/ESO-2-1024x737.png 1024w, https:\/\/agora.xtec.cat\/institutlesmargues\/wp-content\/uploads\/usu540\/2025\/03\/ESO-2-768x553.png 768w, https:\/\/agora.xtec.cat\/institutlesmargues\/wp-content\/uploads\/usu540\/2025\/03\/ESO-2-1536x1105.png 1536w\" sizes=\"auto, (max-width: 2032px) 100vw, 2032px\" \/><\/a><\/p>\n<p>3. Tr\u00edptic informatiu del Batxillerat a l&#8217;institut Les Margues:<\/p>\n<p><a href=\"https:\/\/agora.xtec.cat\/institutlesmargues\/wp-content\/uploads\/usu540\/2025\/03\/BATX-1.png\"><img loading=\"lazy\" decoding=\"async\" class=\"alignleft size-full wp-image-7212\" src=\"https:\/\/agora.xtec.cat\/institutlesmargues\/wp-content\/uploads\/usu540\/2025\/03\/BATX-1.png\" alt=\"\" width=\"1968\" height=\"1392\" srcset=\"https:\/\/agora.xtec.cat\/institutlesmargues\/wp-content\/uploads\/usu540\/2025\/03\/BATX-1.png 1968w, https:\/\/agora.xtec.cat\/institutlesmargues\/wp-content\/uploads\/usu540\/2025\/03\/BATX-1-300x212.png 300w, https:\/\/agora.xtec.cat\/institutlesmargues\/wp-content\/uploads\/usu540\/2025\/03\/BATX-1-1024x724.png 1024w, https:\/\/agora.xtec.cat\/institutlesmargues\/wp-content\/uploads\/usu540\/2025\/03\/BATX-1-768x543.png 768w, https:\/\/agora.xtec.cat\/institutlesmargues\/wp-content\/uploads\/usu540\/2025\/03\/BATX-1-1536x1086.png 1536w\" sizes=\"auto, (max-width: 1968px) 100vw, 1968px\" \/><\/a><\/p>\n<p>&nbsp;<\/p>\n<p>&nbsp;<\/p>\n<p>&nbsp;<\/p>\n<\/div>\n<div><\/div>\n<div><strong><em>\u00a0 \u00a0 \u00a0 \u00a0 <\/em><\/strong><\/div>\n<div><a href=\"https:\/\/agora.xtec.cat\/institutlesmargues\/wp-content\/uploads\/usu540\/2025\/03\/BATX-2.png\"><img loading=\"lazy\" decoding=\"async\" class=\"alignleft size-full wp-image-7213\" src=\"https:\/\/agora.xtec.cat\/institutlesmargues\/wp-content\/uploads\/usu540\/2025\/03\/BATX-2.png\" alt=\"\" width=\"1970\" height=\"1390\" srcset=\"https:\/\/agora.xtec.cat\/institutlesmargues\/wp-content\/uploads\/usu540\/2025\/03\/BATX-2.png 1970w, https:\/\/agora.xtec.cat\/institutlesmargues\/wp-content\/uploads\/usu540\/2025\/03\/BATX-2-300x212.png 300w, https:\/\/agora.xtec.cat\/institutlesmargues\/wp-content\/uploads\/usu540\/2025\/03\/BATX-2-1024x723.png 1024w, https:\/\/agora.xtec.cat\/institutlesmargues\/wp-content\/uploads\/usu540\/2025\/03\/BATX-2-768x542.png 768w, https:\/\/agora.xtec.cat\/institutlesmargues\/wp-content\/uploads\/usu540\/2025\/03\/BATX-2-1536x1084.png 1536w\" sizes=\"auto, (max-width: 1970px) 100vw, 1970px\" \/><\/a><\/div>\n<div><\/div>\n<div><\/div>\n<div><\/div>\n<div><\/div>\n<div><\/div>\n<div><\/div>\n<div><\/div>\n<div><\/div>\n<div><\/div>\n<div><\/div>\n<div><\/div>\n<div><\/div>\n<div>3. V\u00eddeo de Les Margues 2025:<\/div>\n<div><\/div>\n<div><a href=\"https:\/\/youtu.be\/NHKN0U7T3zU\" target=\"_blank\" rel=\"noopener\">Les Margues 2025<\/a><\/div>\n<div><\/div>\n<div><\/div>\n<div>4. El batxillerat a Les Margues:<\/div>\n<div><\/div>\n<div><a href=\"https:\/\/www.youtube.com\/watch?v=cwMrquDbHkk\"><span data-offset-key=\"61ql8-1-0\">https:\/\/youtu.be\/cwMrquDbHkk<\/span><\/a><\/div>\n<div><\/div>\n<div><\/div>\n<div>5. Portes Obertes Les Margues 2025:<\/div>\n<div><\/div>\n<div><\/div>\n<div><a href=\"https:\/\/youtu.be\/W4eRed6oTnU\" target=\"_blank\" rel=\"noopener\">https:\/\/youtu.be\/W4eRed6oTnU<\/a><\/div>\n<div><\/div>\n<div><\/div>\n<div>6. V\u00eddeos d&#8217;anys anteriors. Tots es poden trobar en el nostre canal de <a href=\"https:\/\/www.youtube.com\/@institutlesmargues8530\" target=\"_blank\" rel=\"noopener\">Youtube<\/a>:<\/div>\n<div><\/div>\n<div>\n<div><a href=\"https:\/\/youtu.be\/kT1H7RlrCYs\" target=\"_blank\" rel=\"noopener\"><em><strong>LES MARGUES: UN M\u00d3N NOU (2021)<\/strong><\/em><\/a><\/div>\n<div><strong><em>\u00a0 \u00a0 \u00a0 \u00a0 \u00a0 \u00a0 \u00a0 \u00a0 \u00a0 \u00a0 \u00a0 \u00a0 \u00a0 \u00a0 \u00a0 \u00a0 \u00a0 \u00a0 \u00a0 \u00a0 \u00a0 \u00a0 \u00a0 \u00a0 \u00a0 \u00a0 \u00a0 \u00a0 \u00a0 \u00a0 \u00a0 \u00a0 \u00a0 \u00a0 \u00a0 \u00a0 \u00a0 \u00a0 \u00a0 \u00a0 \u00a0 \u00a0 \u00a0 \u00a0 \u00a0 \u00a0 \u00a0 \u00a0 \u00a0 \u00a0 \u00a0 \u00a0 \u00a0 \u00a0 \u00a0 \u00a0 \u00a0 \u00a0 \u00a0 \u00a0 \u00a0 \u00a0 \u00a0 \u00a0 \u00a0 \u00a0 \u00a0 \u00a0 \u00a0<\/em><\/strong><\/div>\n<\/div>\n<div><a href=\"https:\/\/youtu.be\/7IGygtGOZ7I?si=p3DaCiMbcsvrkhKE\" target=\"_blank\" rel=\"noopener\"><em><strong>EL PAS DE L&#8217;ESCOLA A L&#8217;INSTITUT (2022)<\/strong><\/em><\/a><\/div>\n<div><\/div>\n<div><a href=\"https:\/\/youtu.be\/Oyvun6a10d8\" target=\"_blank\" rel=\"noopener\"><em><strong>EDUCACI\u00d3 EN VALORS (2022)<\/strong><\/em><\/a><\/div>\n<div><\/div>\n<div><a href=\"https:\/\/youtu.be\/pY1uBvrZ0Jk\" target=\"_blank\" rel=\"noopener\"><strong><em>PARLEM DEL BATXILLERAT A L&#8217;INSTITUT LES MARGUES (2021)<\/em><\/strong><\/a><\/div>\n<div><\/div>\n<div>\n<div><a href=\"https:\/\/youtu.be\/Sxw0LwL-sUY\" target=\"_blank\" rel=\"noopener\"><strong><em>PORTES OBERTES BATXILLERAT A L&#8217;INSTITUT LES MARGUES (2022)<\/em><\/strong><\/a><\/div>\n<\/div>\n<div><\/div>\n<div><a href=\"https:\/\/youtu.be\/oiGxlFf-6w8?si=2pk7T1qJ00xC2ieU\" target=\"_blank\" rel=\"noopener\"><em><strong>MARGUESTOLTES (2024)<\/strong><\/em><\/a><\/div>\n<div><\/div>\n<div><a href=\"https:\/\/youtu.be\/stLqHyfmD00?si=XTZJnOmqSZpA3xNM\" target=\"_blank\" rel=\"noopener\"><em><strong>MARGUESTOLTES (2023)<\/strong><\/em> \u00a0 \u00a0<\/a><\/div>\n<div>\n<div><\/div>\n<\/div>\n<div><\/div>\n","protected":false},"excerpt":{"rendered":"<p>1. Tr\u00edptic informatiu de l&#8217;ESO a l&#8217;institut Les Margues: &nbsp; &nbsp; &nbsp; &nbsp; &nbsp; &nbsp; &nbsp; &nbsp; 3. Tr\u00edptic informatiu del Batxillerat a l&#8217;institut Les Margues: &nbsp; &nbsp; &nbsp; \u00a0 \u00a0 \u00a0 \u00a0 3. V\u00eddeo de Les Margues 2025: Les Margues 2025 4. El batxillerat a Les Margues: https:\/\/youtu.be\/cwMrquDbHkk 5. Portes Obertes Les Margues 2025: [&hellip;]<\/p>\n","protected":false},"author":1,"featured_media":0,"parent":7024,"menu_order":0,"comment_status":"closed","ping_status":"closed","template":"","meta":{"_bbp_topic_count":0,"_bbp_reply_count":0,"_bbp_total_topic_count":0,"_bbp_total_reply_count":0,"_bbp_voice_count":0,"_bbp_anonymous_reply_count":0,"_bbp_topic_count_hidden":0,"_bbp_reply_count_hidden":0,"_bbp_forum_subforum_count":0,"site-sidebar-layout":"default","site-content-layout":"","ast-site-content-layout":"","site-content-style":"default","site-sidebar-style":"default","ast-global-header-display":"","ast-banner-title-visibility":"","ast-main-header-display":"","ast-hfb-above-header-display":"","ast-hfb-below-header-display":"","ast-hfb-mobile-header-display":"","site-post-title":"","ast-breadcrumbs-content":"","ast-featured-img":"","footer-sml-layout":"","theme-transparent-header-meta":"","adv-header-id-meta":"","stick-header-meta":"","header-above-stick-meta":"","header-main-stick-meta":"","header-below-stick-meta":"","astra-migrate-meta-layouts":"default","ast-page-background-enabled":"default","ast-page-background-meta":{"desktop":{"background-color":"var(--ast-global-color-4)","background-image":"","background-repeat":"repeat","background-position":"center center","background-size":"auto","background-attachment":"scroll","background-type":"","background-media":"","overlay-type":"","overlay-color":"","overlay-opacity":"","overlay-gradient":""},"tablet":{"background-color":"","background-image":"","background-repeat":"repeat","background-position":"center center","background-size":"auto","background-attachment":"scroll","background-type":"","background-media":"","overlay-type":"","overlay-color":"","overlay-opacity":"","overlay-gradient":""},"mobile":{"background-color":"","background-image":"","background-repeat":"repeat","background-position":"center center","background-size":"auto","background-attachment":"scroll","background-type":"","background-media":"","overlay-type":"","overlay-color":"","overlay-opacity":"","overlay-gradient":""}},"ast-content-background-meta":{"desktop":{"background-color":"var(--ast-global-color-5)","background-image":"","background-repeat":"repeat","background-position":"center center","background-size":"auto","background-attachment":"scroll","background-type":"","background-media":"","overlay-type":"","overlay-color":"","overlay-opacity":"","overlay-gradient":""},"tablet":{"background-color":"var(--ast-global-color-5)","background-image":"","background-repeat":"repeat","background-position":"center center","background-size":"auto","background-attachment":"scroll","background-type":"","background-media":"","overlay-type":"","overlay-color":"","overlay-opacity":"","overlay-gradient":""},"mobile":{"background-color":"var(--ast-global-color-5)","background-image":"","background-repeat":"repeat","background-position":"center center","background-size":"auto","background-attachment":"scroll","background-type":"","background-media":"","overlay-type":"","overlay-color":"","overlay-opacity":"","overlay-gradient":""}},"footnotes":""},"class_list":["post-1911","page","type-page","status-publish","hentry"],"post_mailing_queue_ids":[],"_links":{"self":[{"href":"https:\/\/agora.xtec.cat\/institutlesmargues\/wp-json\/wp\/v2\/pages\/1911","targetHints":{"allow":["GET"]}}],"collection":[{"href":"https:\/\/agora.xtec.cat\/institutlesmargues\/wp-json\/wp\/v2\/pages"}],"about":[{"href":"https:\/\/agora.xtec.cat\/institutlesmargues\/wp-json\/wp\/v2\/types\/page"}],"author":[{"embeddable":true,"href":"https:\/\/agora.xtec.cat\/institutlesmargues\/wp-json\/wp\/v2\/users\/1"}],"replies":[{"embeddable":true,"href":"https:\/\/agora.xtec.cat\/institutlesmargues\/wp-json\/wp\/v2\/comments?post=1911"}],"version-history":[{"count":7,"href":"https:\/\/agora.xtec.cat\/institutlesmargues\/wp-json\/wp\/v2\/pages\/1911\/revisions"}],"predecessor-version":[{"id":7258,"href":"https:\/\/agora.xtec.cat\/institutlesmargues\/wp-json\/wp\/v2\/pages\/1911\/revisions\/7258"}],"up":[{"embeddable":true,"href":"https:\/\/agora.xtec.cat\/institutlesmargues\/wp-json\/wp\/v2\/pages\/7024"}],"wp:attachment":[{"href":"https:\/\/agora.xtec.cat\/institutlesmargues\/wp-json\/wp\/v2\/media?parent=1911"}],"curies":[{"name":"wp","href":"https:\/\/api.w.org\/{rel}","templated":true}]}}