{"id":1768,"date":"2018-03-06T18:40:39","date_gmt":"2018-03-06T17:40:39","guid":{"rendered":"http:\/\/agora.xtec.cat\/institutlesmargues\/?page_id=1768"},"modified":"2022-11-08T12:10:23","modified_gmt":"2022-11-08T11:10:23","slug":"perfil-del-contractant","status":"publish","type":"page","link":"https:\/\/agora.xtec.cat\/institutlesmargues\/serveis\/perfil-del-contractant\/","title":{"rendered":"Perfil del contractant"},"content":{"rendered":"<p><strong>CONTRACTACI\u00d3 DEL SERVEI DE NETEJA (licitaci\u00f3 pel contracte de l\u2019any 2023)<\/strong><\/p>\n<p>El dia 20\/10\/2022, s\u2019inicia el proc\u00e9s de licitaci\u00f3 del nou contracte de neteja. En trobareu totes les dades i la documentaci\u00f3 corresponent a l&#8217;enlla\u00e7 seg\u00fcent (adre\u00e7a del perfil del contractant del Departament d&#8217;Educaci\u00f3):<\/p>\n<p><a href=\"https:\/\/contractaciopublica.gencat.cat\/ecofin_pscp\/AppJava\/notice.pscp?reqCode=viewCn&amp;idDoc=110123475\">https:\/\/contractaciopublica.gencat.cat\/ecofin_pscp\/AppJava\/notice.pscp?reqCode=viewCn&amp;idDoc=110123475<\/a><\/p>\n<p>&nbsp;<\/p>\n<p>Termini de presentaci\u00f3 d\u2019ofertes: <strong>07\/11\/22 a les 14:00 h<\/strong>.<\/p>\n<p>En aquest mateix enlla\u00e7, podreu fer el seguiment del proc\u00e9s de licitaci\u00f3 fins a l&#8217;adjudicaci\u00f3 i la formalitzaci\u00f3 del nou contracte.<\/p>\n<p>&nbsp;<\/p>\n<hr \/>\n<p><strong>CONTRACTACI\u00d3 DEL SERVEI DE NETEJA (licitaci\u00f3 pel contracte de l&#8217;any 2021)<\/strong><\/p>\n<p>Inici del proc\u00e9s de licitaci\u00f3 del nou contracte de neteja. En trobareu totes les dades i la documentaci\u00f3 a:<\/p>\n<p><a href=\"https:\/\/contractaciopublica.gencat.cat\/ecofin_pscp\/AppJava\/notice.pscp?reqCode=viewCn&amp;idDoc=70344962&amp;lawType=\" target=\"_blank\" rel=\"noopener noreferrer\" data-saferedirecturl=\"https:\/\/www.google.com\/url?q=https:\/\/contractaciopublica.gencat.cat\/ecofin_pscp\/AppJava\/notice.pscp?reqCode%3DviewCn%26idDoc%3D70344962%26lawType%3D&amp;source=gmail&amp;ust=1603643738721000&amp;usg=AFQjCNFNSXVuUlZIDgQLhMaqiQxC65JG2w\">https:\/\/<wbr \/>contractaciopublica.gencat.<wbr \/>cat\/ecofin_pscp\/AppJava\/<wbr \/>notice.pscp?reqCode=viewCn&amp;<wbr \/>idDoc=70344962&amp;lawType=<\/a><\/p>\n<p>Termini de presentaci\u00f3 d&#8217;ofertes:11\/11\/20 12:00 h<\/p>\n<p>En aquest mateix enlla\u00e7, podreu fer el seguiment del proc\u00e9s de licitaci\u00f3 fins a l&#8217;adjudicaci\u00f3 i la formalitzaci\u00f3 del nou contracte.<\/p>\n<hr \/>\n<p><strong>CONTRACTACI\u00d3 DEL SERVEI DE NETEJA (CURS 2018-2019)<\/strong><\/p>\n<p><strong>Terminis del procediment obert (simplificat) per a la contractaci\u00f3 del servei de neteja per al curs 2018-2019<\/strong><\/p>\n<table>\n<tbody>\n<tr>\n<td width=\"36\"><strong>\u00a0<\/strong><\/td>\n<td width=\"349\"><strong>Descripci\u00f3<\/strong><\/td>\n<td width=\"192\"><strong>Calendari<\/strong><\/td>\n<\/tr>\n<tr>\n<td width=\"36\"><strong>1<\/strong><\/td>\n<td width=\"349\"><strong>Resoluci\u00f3 d\u2019inici i aprovaci\u00f3 de l\u2019expedient (document adjunt)<\/strong><\/td>\n<td width=\"192\"><strong>6 de mar\u00e7 del 2018<\/strong><\/td>\n<\/tr>\n<tr>\n<td width=\"36\"><strong>2<\/strong><\/td>\n<td width=\"349\"><strong>Presentaci\u00f3 de propostes (tal com estableix l\u2019anunci de licitaci\u00f3)<\/strong><\/td>\n<td width=\"192\"><strong>Des del 7 de mar\u00e7 del 2018 a les 9:00h fins\u00a0\u00a0a les 14:00h del 21 de mar\u00e7 (15 dies naturals)<\/strong><\/td>\n<\/tr>\n<\/tbody>\n<\/table>\n<p style=\"font-weight: 400;\"><strong>En documents adjunts, trobareu el <a href=\"http:\/\/agora.xtec.cat\/institutlesmargues\/wp-content\/uploads\/usu540\/2018\/03\/plec-de-cl\u00e0usules-administratives-particulars.pdf\">Plec de cl\u00e0usules administratives particulars<\/a>, el <a href=\"http:\/\/agora.xtec.cat\/institutlesmargues\/wp-content\/uploads\/usu540\/2018\/03\/plec-de-prescripcions-t\u00e8cniques.pdf\">Plec de prescripcions t\u00e8cniques <\/a>i el <a href=\"http:\/\/agora.xtec.cat\/institutlesmargues\/wp-content\/uploads\/usu540\/2018\/03\/licitaci\u00f3-expedient-1_2018.pdf\">document de licitaci\u00f3 de l&#8217;expedient.<\/a><\/strong><\/p>\n<p style=\"font-weight: 400;\"><strong>M\u00e9s endavant, quan acabi el termini de presentaci\u00f3 de propostes i s&#8217;hagin obert els sobres A i B, es procedir\u00e0 a publicar la data i l&#8217;hora d&#8217;obertura p\u00fablica del sobre C al web del centre (perfil del contractant).<\/strong><\/p>\n<p style=\"font-weight: 400;\"><strong><span style=\"color: #ff0000;\">Actualitzaci\u00f3 a 22 de mar\u00e7 de 2018<\/span><\/strong><\/p>\n<p style=\"font-weight: 400;\"><strong>Un cop s&#8217;ha procedit a l&#8217;obertura dels sobres A i B es posa en coneixement de qualsevol persona interessada que l&#8217;obertura i lectura p\u00fablica del sobre C tindr\u00e0 lloc divendres 23 de mar\u00e7 de 2018 a les 10:15 h.<\/strong><\/p>\n<p style=\"font-weight: 400;\"><strong><span style=\"color: #ff0000;\">Actualitzaci\u00f3 a 7 de maig de 2018<\/span><\/strong><\/p>\n<p style=\"font-weight: 400;\">En data 7 de maig de 2018, es fa p\u00fablica la resoluci\u00f3 d&#8217;adjudicaci\u00f3 del contracte de serveis de neteja, juntament amb l&#8217;informe t\u00e8cnic i el quadre de puntuacions. En breu, es procedir\u00e0 a la signatura del contracte.<\/p>\n<p style=\"font-weight: 400;\"><a href=\"http:\/\/agora.xtec.cat\/institutlesmargues\/wp-content\/uploads\/usu540\/2018\/03\/1-Resoluci\u00f3-contracte-de-neteja.pdf\" target=\"_blank\" rel=\"noopener noreferrer\">1 Resoluci\u00f3 contracte de neteja<\/a><\/p>\n<p style=\"font-weight: 400;\"><a style=\"font-family: inherit; font-size: 1em;\" href=\"http:\/\/agora.xtec.cat\/institutlesmargues\/wp-content\/uploads\/usu540\/2018\/03\/2-informe-t\u00e8cnic-sense-signatures.pdf\" target=\"_blank\" rel=\"noopener noreferrer\">2 informe t\u00e8cnic sense signatures<\/a><\/p>\n<p style=\"font-weight: 400;\"><a href=\"http:\/\/agora.xtec.cat\/institutlesmargues\/wp-content\/uploads\/usu540\/2018\/03\/3-Quadre-de-puntuacions.pdf\" target=\"_blank\" rel=\"noopener noreferrer\">3 Quadre de puntuacions<\/a><\/p>\n<p style=\"font-weight: 400;\"><strong><span style=\"color: #ff0000;\">Actualitzaci\u00f3 a 4 de juny\u00a0de 2018<\/span><\/strong><\/p>\n<div><span style=\"font-family: arial, helvetica, sans-serif;\">Es fa p\u00fablica la <a href=\"http:\/\/agora.xtec.cat\/institutlesmargues\/wp-content\/uploads\/usu540\/2018\/06\/contracte-administratiu-neteja.pdf\" target=\"_blank\" rel=\"noopener noreferrer\">signatura del contracte de Servei de neteja<\/a> general del centre Institut Les Margues, despr\u00e9s d&#8217;haver-se formalitzat el dia 18 de maig de 2018.<\/span><\/div>\n<div><\/div>\n<div><span style=\"font-family: arial, helvetica, sans-serif;\"> L&#8217;empresa adjudicat\u00e0ria \u00e9s NETPUNTNET SCP (amb CIF J64061534), per un import anual de\u00a0<span lang=\"CA\">22.048,68 <\/span><span lang=\"CA\">euros, IVA excl\u00f2s (26.678,90 euros, IVA incl\u00f2s).<\/span><\/span><\/div>\n<div><\/div>\n","protected":false},"excerpt":{"rendered":"<p>CONTRACTACI\u00d3 DEL SERVEI DE NETEJA (licitaci\u00f3 pel contracte de l\u2019any 2023) El dia 20\/10\/2022, s\u2019inicia el proc\u00e9s de licitaci\u00f3 del nou contracte de neteja. En trobareu totes les dades i la documentaci\u00f3 corresponent a l&#8217;enlla\u00e7 seg\u00fcent (adre\u00e7a del perfil del contractant del Departament d&#8217;Educaci\u00f3): https:\/\/contractaciopublica.gencat.cat\/ecofin_pscp\/AppJava\/notice.pscp?reqCode=viewCn&amp;idDoc=110123475 &nbsp; Termini de presentaci\u00f3 d\u2019ofertes: 07\/11\/22 a les 14:00 h. [&hellip;]<\/p>\n","protected":false},"author":1,"featured_media":0,"parent":63,"menu_order":0,"comment_status":"closed","ping_status":"closed","template":"","meta":{"_bbp_topic_count":0,"_bbp_reply_count":0,"_bbp_total_topic_count":0,"_bbp_total_reply_count":0,"_bbp_voice_count":0,"_bbp_anonymous_reply_count":0,"_bbp_topic_count_hidden":0,"_bbp_reply_count_hidden":0,"_bbp_forum_subforum_count":0,"site-sidebar-layout":"default","site-content-layout":"","ast-site-content-layout":"","site-content-style":"default","site-sidebar-style":"default","ast-global-header-display":"","ast-banner-title-visibility":"","ast-main-header-display":"","ast-hfb-above-header-display":"","ast-hfb-below-header-display":"","ast-hfb-mobile-header-display":"","site-post-title":"","ast-breadcrumbs-content":"","ast-featured-img":"","footer-sml-layout":"","theme-transparent-header-meta":"","adv-header-id-meta":"","stick-header-meta":"","header-above-stick-meta":"","header-main-stick-meta":"","header-below-stick-meta":"","astra-migrate-meta-layouts":"default","ast-page-background-enabled":"default","ast-page-background-meta":{"desktop":{"background-color":"var(--ast-global-color-4)","background-image":"","background-repeat":"repeat","background-position":"center center","background-size":"auto","background-attachment":"scroll","background-type":"","background-media":"","overlay-type":"","overlay-color":"","overlay-opacity":"","overlay-gradient":""},"tablet":{"background-color":"","background-image":"","background-repeat":"repeat","background-position":"center center","background-size":"auto","background-attachment":"scroll","background-type":"","background-media":"","overlay-type":"","overlay-color":"","overlay-opacity":"","overlay-gradient":""},"mobile":{"background-color":"","background-image":"","background-repeat":"repeat","background-position":"center center","background-size":"auto","background-attachment":"scroll","background-type":"","background-media":"","overlay-type":"","overlay-color":"","overlay-opacity":"","overlay-gradient":""}},"ast-content-background-meta":{"desktop":{"background-color":"var(--ast-global-color-5)","background-image":"","background-repeat":"repeat","background-position":"center center","background-size":"auto","background-attachment":"scroll","background-type":"","background-media":"","overlay-type":"","overlay-color":"","overlay-opacity":"","overlay-gradient":""},"tablet":{"background-color":"var(--ast-global-color-5)","background-image":"","background-repeat":"repeat","background-position":"center center","background-size":"auto","background-attachment":"scroll","background-type":"","background-media":"","overlay-type":"","overlay-color":"","overlay-opacity":"","overlay-gradient":""},"mobile":{"background-color":"var(--ast-global-color-5)","background-image":"","background-repeat":"repeat","background-position":"center center","background-size":"auto","background-attachment":"scroll","background-type":"","background-media":"","overlay-type":"","overlay-color":"","overlay-opacity":"","overlay-gradient":""}},"footnotes":""},"class_list":["post-1768","page","type-page","status-publish","hentry"],"post_mailing_queue_ids":[],"_links":{"self":[{"href":"https:\/\/agora.xtec.cat\/institutlesmargues\/wp-json\/wp\/v2\/pages\/1768","targetHints":{"allow":["GET"]}}],"collection":[{"href":"https:\/\/agora.xtec.cat\/institutlesmargues\/wp-json\/wp\/v2\/pages"}],"about":[{"href":"https:\/\/agora.xtec.cat\/institutlesmargues\/wp-json\/wp\/v2\/types\/page"}],"author":[{"embeddable":true,"href":"https:\/\/agora.xtec.cat\/institutlesmargues\/wp-json\/wp\/v2\/users\/1"}],"replies":[{"embeddable":true,"href":"https:\/\/agora.xtec.cat\/institutlesmargues\/wp-json\/wp\/v2\/comments?post=1768"}],"version-history":[{"count":4,"href":"https:\/\/agora.xtec.cat\/institutlesmargues\/wp-json\/wp\/v2\/pages\/1768\/revisions"}],"predecessor-version":[{"id":5025,"href":"https:\/\/agora.xtec.cat\/institutlesmargues\/wp-json\/wp\/v2\/pages\/1768\/revisions\/5025"}],"up":[{"embeddable":true,"href":"https:\/\/agora.xtec.cat\/institutlesmargues\/wp-json\/wp\/v2\/pages\/63"}],"wp:attachment":[{"href":"https:\/\/agora.xtec.cat\/institutlesmargues\/wp-json\/wp\/v2\/media?parent=1768"}],"curies":[{"name":"wp","href":"https:\/\/api.w.org\/{rel}","templated":true}]}}