{"id":1752,"date":"2018-03-05T14:12:38","date_gmt":"2018-03-05T13:12:38","guid":{"rendered":"http:\/\/agora.xtec.cat\/institutlesmargues\/?page_id=1752"},"modified":"2018-03-05T14:16:55","modified_gmt":"2018-03-05T13:16:55","slug":"proves-cangur","status":"publish","type":"page","link":"https:\/\/agora.xtec.cat\/institutlesmargues\/projecte-educatiu\/proves-cangur\/","title":{"rendered":"Proves Cangur"},"content":{"rendered":"<p>Des de l\u2019any 1996 es realitza a Catalunya les proves Cangur, una activitat impulsada per l\u2019associaci\u00f3 internacional <a href=\"http:\/\/www.aksf.org\/index.fr.xhtml\" target=\"_blank\" rel=\"noopener noreferrer\">Le Kangourou sans Fronti\u00e8res<\/a>, de la qual n\u2019\u00e9s membre la <a href=\"http:\/\/blogs.iec.cat\/scm\/\" target=\"_blank\" rel=\"noopener noreferrer\">Societat Catalana de Matem\u00e0tiques<\/a> (SCM) que, per aquesta ra\u00f3, \u00e9s l\u2019entitat titular del Cangur en llengua catalana, amb la voluntat d\u2019estimular i motivar una \u00e0mplia majoria de l\u2019alumnat.<\/p>\n<h6>Quin objectiu t\u00e9?<\/h6>\n<p>Amb un format de concurs individual, l\u2019objectiu aut\u00e8ntic del Cangur \u00e9s que l\u2019alumnat participi i dediqui una estona especial a divertir-se tot resolent els reptes plantejats. Els problemes es basen m\u00e9s en el raonament i l\u2019enginy que en coneixements matem\u00e0tics espec\u00edfics.<span id=\"more-11874\"><\/span><\/p>\n<h6>A qui va adre\u00e7ada?<\/h6>\n<p>Aquesta prova, al nostre territori, havia estat adre\u00e7ada inicialment als cursos finals d<strong>\u2019ESO <\/strong>i al<strong> Batxillerat<\/strong>, per\u00f2 ja en els darrers cursos es van incorporar els de<strong> 5\u00e8 <\/strong>i<strong> 6\u00e8 <\/strong>de<strong> prim\u00e0ria<\/strong> i els primeres d\u2019ESO. Per fer-nos una idea de l\u2019abast del Cangur a Catalunya podem dir que a la darrera edici\u00f3 van participar 102 324 alumnes, 26 969 des quals van ser de prim\u00e0ria.<\/p>\n<h6>Com \u00e9s la prova?<\/h6>\n<p>La prova consta de 20\/30 problemes de resposta tancada, amb tres nivells de dificultat i cinc opcions de resposta per a cada problema. S\u2019han de contestar en una hora\/ hora i quart segons sigui EP\/ES.<\/p>\n<h6>Quan es fa?<\/h6>\n<p>A Catalunya tots el centres fan la prova el mateix dia, per\u00f2 cada centre la pot organitzar com vagi millor a les seves caracter\u00edstiques; tot i que la prova ha de comen\u00e7ar entre les 9 i les 12 del mat\u00ed. En acabar es recolliran els fulls d\u2019enunciats i no es podran retornar a cada participant fins l\u2019endem\u00e0.\u00a0Per a 4t d\u2019ESO i la secund\u00e0ria postobligat\u00f2ria la comissi\u00f3 Cangur proposa una organitzaci\u00f3 en seus en qu\u00e8 s\u2019agrupen alumnes de diversos centres.<\/p>\n","protected":false},"excerpt":{"rendered":"<p>Des de l\u2019any 1996 es realitza a Catalunya les proves Cangur, una activitat impulsada per l\u2019associaci\u00f3 internacional Le Kangourou sans Fronti\u00e8res, de la qual n\u2019\u00e9s membre la Societat Catalana de Matem\u00e0tiques (SCM) que, per aquesta ra\u00f3, \u00e9s l\u2019entitat titular del Cangur en llengua catalana, amb la voluntat d\u2019estimular i motivar una \u00e0mplia majoria de l\u2019alumnat. [&hellip;]<\/p>\n","protected":false},"author":1,"featured_media":0,"parent":57,"menu_order":0,"comment_status":"closed","ping_status":"closed","template":"","meta":{"_bbp_topic_count":0,"_bbp_reply_count":0,"_bbp_total_topic_count":0,"_bbp_total_reply_count":0,"_bbp_voice_count":0,"_bbp_anonymous_reply_count":0,"_bbp_topic_count_hidden":0,"_bbp_reply_count_hidden":0,"_bbp_forum_subforum_count":0,"site-sidebar-layout":"default","site-content-layout":"","ast-site-content-layout":"","site-content-style":"default","site-sidebar-style":"default","ast-global-header-display":"","ast-banner-title-visibility":"","ast-main-header-display":"","ast-hfb-above-header-display":"","ast-hfb-below-header-display":"","ast-hfb-mobile-header-display":"","site-post-title":"","ast-breadcrumbs-content":"","ast-featured-img":"","footer-sml-layout":"","theme-transparent-header-meta":"","adv-header-id-meta":"","stick-header-meta":"","header-above-stick-meta":"","header-main-stick-meta":"","header-below-stick-meta":"","astra-migrate-meta-layouts":"default","ast-page-background-enabled":"default","ast-page-background-meta":{"desktop":{"background-color":"var(--ast-global-color-4)","background-image":"","background-repeat":"repeat","background-position":"center center","background-size":"auto","background-attachment":"scroll","background-type":"","background-media":"","overlay-type":"","overlay-color":"","overlay-opacity":"","overlay-gradient":""},"tablet":{"background-color":"","background-image":"","background-repeat":"repeat","background-position":"center center","background-size":"auto","background-attachment":"scroll","background-type":"","background-media":"","overlay-type":"","overlay-color":"","overlay-opacity":"","overlay-gradient":""},"mobile":{"background-color":"","background-image":"","background-repeat":"repeat","background-position":"center center","background-size":"auto","background-attachment":"scroll","background-type":"","background-media":"","overlay-type":"","overlay-color":"","overlay-opacity":"","overlay-gradient":""}},"ast-content-background-meta":{"desktop":{"background-color":"var(--ast-global-color-5)","background-image":"","background-repeat":"repeat","background-position":"center center","background-size":"auto","background-attachment":"scroll","background-type":"","background-media":"","overlay-type":"","overlay-color":"","overlay-opacity":"","overlay-gradient":""},"tablet":{"background-color":"var(--ast-global-color-5)","background-image":"","background-repeat":"repeat","background-position":"center center","background-size":"auto","background-attachment":"scroll","background-type":"","background-media":"","overlay-type":"","overlay-color":"","overlay-opacity":"","overlay-gradient":""},"mobile":{"background-color":"var(--ast-global-color-5)","background-image":"","background-repeat":"repeat","background-position":"center center","background-size":"auto","background-attachment":"scroll","background-type":"","background-media":"","overlay-type":"","overlay-color":"","overlay-opacity":"","overlay-gradient":""}},"footnotes":""},"class_list":["post-1752","page","type-page","status-publish","hentry"],"post_mailing_queue_ids":[],"_links":{"self":[{"href":"https:\/\/agora.xtec.cat\/institutlesmargues\/wp-json\/wp\/v2\/pages\/1752","targetHints":{"allow":["GET"]}}],"collection":[{"href":"https:\/\/agora.xtec.cat\/institutlesmargues\/wp-json\/wp\/v2\/pages"}],"about":[{"href":"https:\/\/agora.xtec.cat\/institutlesmargues\/wp-json\/wp\/v2\/types\/page"}],"author":[{"embeddable":true,"href":"https:\/\/agora.xtec.cat\/institutlesmargues\/wp-json\/wp\/v2\/users\/1"}],"replies":[{"embeddable":true,"href":"https:\/\/agora.xtec.cat\/institutlesmargues\/wp-json\/wp\/v2\/comments?post=1752"}],"version-history":[{"count":2,"href":"https:\/\/agora.xtec.cat\/institutlesmargues\/wp-json\/wp\/v2\/pages\/1752\/revisions"}],"predecessor-version":[{"id":1754,"href":"https:\/\/agora.xtec.cat\/institutlesmargues\/wp-json\/wp\/v2\/pages\/1752\/revisions\/1754"}],"up":[{"embeddable":true,"href":"https:\/\/agora.xtec.cat\/institutlesmargues\/wp-json\/wp\/v2\/pages\/57"}],"wp:attachment":[{"href":"https:\/\/agora.xtec.cat\/institutlesmargues\/wp-json\/wp\/v2\/media?parent=1752"}],"curies":[{"name":"wp","href":"https:\/\/api.w.org\/{rel}","templated":true}]}}