{"id":1734,"date":"2018-02-26T14:25:40","date_gmt":"2018-02-26T13:25:40","guid":{"rendered":"http:\/\/agora.xtec.cat\/institutlesmargues\/?page_id=1734"},"modified":"2025-02-11T18:27:42","modified_gmt":"2025-02-11T17:27:42","slug":"llibres-de-text","status":"publish","type":"page","link":"https:\/\/agora.xtec.cat\/institutlesmargues\/serveis\/llibres-de-text\/","title":{"rendered":"Reutilitzaci\u00f3 i compra de llibres de text"},"content":{"rendered":"<p><span dir=\"ltr\"><span style=\"font-family: verdana, sans-serif;\">Aquest curs continuem oferint el Projecte de Reutilitzaci\u00f3 de llibres amb IDDINK i el seu sistema d&#8217;ecoBooks. Els avantatges d&#8217;aquest sistema s\u00f3n:<br \/>\n\u2022 Estalvi del\u00a0<strong>60<\/strong><strong dir=\"ltr\">%<\/strong>\u00a0respecte al PVP en l&#8217;adquisici\u00f3 dels llibres reutilitzables (ecoBooks).<br \/>\n\u2022 Comanda unificada amb sistema flexible: es pot triar qu\u00e8 comprar: llibres nous, reutilitzables, de lectura, quotes, dossiers, material de papereria, etc.<br \/>\n\u2022 Les comandes es lliuraran a domicili a partir de la tercera setmana de juliol.<br \/>\n<\/span><\/span><\/p>\n<p><span dir=\"ltr\"><span style=\"font-family: verdana, sans-serif;\">Contacte amb IDDINK:<\/span><\/span><\/p>\n<p><span style=\"font-family: verdana, sans-serif;\">p\u00e0gina web:\u00a0<a href=\"https:\/\/eur03.safelinks.protection.outlook.com\/?url=http%3A%2F%2Fwww.iddink.cat%2F&amp;data=05%7C01%7Craquel.fernandez%40iddinkgroup.es%7Cd6ea83a6eabb46bcf74808db60ff6743%7C4d5a48993bae4dc59ea0ba540b354430%7C0%7C0%7C638210422294431040%7CUnknown%7CTWFpbGZsb3d8eyJWIjoiMC4wLjAwMDAiLCJQIjoiV2luMzIiLCJBTiI6Ik1haWwiLCJXVCI6Mn0%3D%7C3000%7C%7C%7C&amp;sdata=dG%2F4D1bMO2hIdetkUg9F4hQmd6ZUmdzLAnrJypgDUNg%3D&amp;reserved=0\" target=\"_blank\" rel=\"noopener noreferrer\" data-saferedirecturl=\"https:\/\/www.google.com\/url?q=https:\/\/eur03.safelinks.protection.outlook.com\/?url%3Dhttp%253A%252F%252Fwww.iddink.cat%252F%26data%3D05%257C01%257Craquel.fernandez%2540iddinkgroup.es%257Cd6ea83a6eabb46bcf74808db60ff6743%257C4d5a48993bae4dc59ea0ba540b354430%257C0%257C0%257C638210422294431040%257CUnknown%257CTWFpbGZsb3d8eyJWIjoiMC4wLjAwMDAiLCJQIjoiV2luMzIiLCJBTiI6Ik1haWwiLCJXVCI6Mn0%253D%257C3000%257C%257C%257C%26sdata%3DdG%252F4D1bMO2hIdetkUg9F4hQmd6ZUmdzLAnrJypgDUNg%253D%26reserved%3D0&amp;source=gmail&amp;ust=1687418647091000&amp;usg=AOvVaw2ZQ_7WGbpOvnAJ07_ehay0\">www.iddink.cat<\/a><\/span><\/p>\n<p><span style=\"font-family: verdana, sans-serif;\">tel: 93 238 88 33<\/span><\/p>\n<p><span style=\"font-family: verdana, sans-serif;\">e-mail:\u00a0<a href=\"mailto:info@iddink.cat\" target=\"_blank\" rel=\"noopener noreferrer\"><span dir=\"ltr\">info@iddink.cat<\/span><\/a><\/span><\/p>\n<p><span style=\"font-family: verdana, sans-serif;\">Les comandes abans del 21 de juliol s&#8217;estalviaran 3\u202f\u20ac de despeses de gesti\u00f3.<br \/>\nUn any m\u00e9s us animem a utilitzar aquest sistema que redueix els costos mediambientals i aconsegueix un gran estalvi econ\u00f2mic.<br \/>\nVols saber-ne m\u00e9s?<\/span><\/p>\n<p><span dir=\"ltr\"><a href=\"http:\/\/microsites.iddink.es\/216_institut_les_margues\" target=\"_blank\" rel=\"noopener noreferrer\" data-saferedirecturl=\"https:\/\/www.google.com\/url?q=http:\/\/microsites.iddink.es\/216_institut_les_margues&amp;source=gmail&amp;ust=1687418647091000&amp;usg=AOvVaw3lC5fZrjyr7JCEd7iX9jgU\"><span style=\"font-family: verdana, sans-serif;\">http:\/\/microsites.iddink.es\/<wbr \/>216_institut_les_margues<\/span><\/a><\/span><\/p>\n<p>L&#8217;AFA \u00e9s l&#8217;encarregada de la gesti\u00f3 dels llibres de text.<\/p>\n<p><span style=\"font-weight: 400;\">Per tal de comprar-los o llogar-los podeu escollir una d\u2019aquestes dues opcions:\u00a0<\/span><\/p>\n<p style=\"text-align: justify;\"><span style=\"font-weight: 400;\">&#8211;<\/span> <b>Compra o lloguer a trav\u00e9s de l\u2019empresa IDDINK<\/b><span style=\"font-weight: 400;\">, amb qui l\u2019AFA t\u00e9 signat un contracte per facilitar la reutilitzaci\u00f3 de llibres al centre. Aquest sistema \u00e9s c\u00f2mode, f\u00e0cil i econ\u00f2mic per vosaltres i contribueix alhora a la protecci\u00f3 del medi ambient. La quota de l\u2019AFA es paga a trav\u00e9s de la mateixa plataforma en el mateix tr\u00e0mit que la compra dels llibres. En cas de tenir dos o m\u00e9s fills escolaritzats al centre, l\u2019import de la quota pagat de m\u00e9s es retornar\u00e0 autom\u00e0ticament al mateix compte corrent on s\u2019ha fet el c\u00e0rrec dels llibres passades tres setmanes des de la data en qu\u00e8 es faci la compra. Pensem que \u00e9s una millora important respecte el curs anterior, ja que s\u2019agilitzar\u00e0 molt la gesti\u00f3. Teniu tota la informaci\u00f3 clicant <a href=\"https:\/\/agora.xtec.cat\/institutlesmargues\/wp-content\/uploads\/usu540\/2023\/06\/216-2023-CAT-COM-COMPRAR-ecoBooks-estandard-sin-VP-1.pdf\" target=\"_blank\" rel=\"noopener\"><strong>aqu\u00ed<\/strong><\/a>.<\/span><\/p>\n<p><span style=\"font-weight: 400;\">&#8211;<\/span> <b>Compra a trav\u00e9s de qualsevol altra via<\/b><span style=\"font-weight: 400;\">. Les fam\u00edlies que optin per aquesta opci\u00f3 caldr\u00e0 que ingressin l\u2019import de la quota de l\u2019AFA al seg\u00fcent n\u00famero de compte corrent (ES09 0182 8765 5702 0002 4028) i que envi\u00efn el resguard de pagament a l\u2019adre\u00e7a electr\u00f2nica <\/span><strong>afainstitutlesmargues@gmail.com<\/strong><span style=\"font-weight: 400;\">.<\/span><\/p>\n<p><span style=\"font-weight: 400;\">Com veureu, totes dues opcions impliquen el pagament de la quota de l\u2019AFA perqu\u00e8 el vostre fill\/a tingui tots els materials i comenci el curs escolar amb normalitat. Aix\u00ed, no es lliurar\u00e0 la clau de l\u2019armariet a cap alumne que no hagi pagat la quota.\u00a0\u00a0<\/span><\/p>\n<p><span style=\"font-weight: 400;\">L\u2019import de la quota de l\u2019AFA pel curs 2023-2024 \u00e9s el seg\u00fcent:\u00a0<\/span><\/p>\n<ul>\n<li style=\"font-weight: 400;\"><span style=\"font-weight: 400;\">Per una fam\u00edlia amb un fill escolaritzat ser\u00e0 de 30,00\u20ac, amb dos fills ser\u00e0 de 40,00\u20ac i amb tres de 50,00\u20ac.<\/span><\/li>\n<\/ul>\n<p><span style=\"font-weight: 400;\">Per a qualsevol aclariment, no quedeu de contactar-nos\u00a0 a <\/span><span style=\"font-weight: 400;\">afainstitutlesmargues<\/span><span style=\"font-weight: 400;\">@gmail.com\u00a0<\/span><\/p>\n","protected":false},"excerpt":{"rendered":"<p>Aquest curs continuem oferint el Projecte de Reutilitzaci\u00f3 de llibres amb IDDINK i el seu sistema d&#8217;ecoBooks. Els avantatges d&#8217;aquest sistema s\u00f3n: \u2022 Estalvi del\u00a060%\u00a0respecte al PVP en l&#8217;adquisici\u00f3 dels llibres reutilitzables (ecoBooks). \u2022 Comanda unificada amb sistema flexible: es pot triar qu\u00e8 comprar: llibres nous, reutilitzables, de lectura, quotes, dossiers, material de papereria, etc. [&hellip;]<\/p>\n","protected":false},"author":1,"featured_media":0,"parent":63,"menu_order":6,"comment_status":"closed","ping_status":"closed","template":"page-templates\/side-menu.php","meta":{"_bbp_topic_count":0,"_bbp_reply_count":0,"_bbp_total_topic_count":0,"_bbp_total_reply_count":0,"_bbp_voice_count":0,"_bbp_anonymous_reply_count":0,"_bbp_topic_count_hidden":0,"_bbp_reply_count_hidden":0,"_bbp_forum_subforum_count":0,"site-sidebar-layout":"default","site-content-layout":"","ast-site-content-layout":"","site-content-style":"default","site-sidebar-style":"default","ast-global-header-display":"","ast-banner-title-visibility":"","ast-main-header-display":"","ast-hfb-above-header-display":"","ast-hfb-below-header-display":"","ast-hfb-mobile-header-display":"","site-post-title":"","ast-breadcrumbs-content":"","ast-featured-img":"","footer-sml-layout":"","theme-transparent-header-meta":"","adv-header-id-meta":"","stick-header-meta":"","header-above-stick-meta":"","header-main-stick-meta":"","header-below-stick-meta":"","astra-migrate-meta-layouts":"default","ast-page-background-enabled":"default","ast-page-background-meta":{"desktop":{"background-color":"var(--ast-global-color-4)","background-image":"","background-repeat":"repeat","background-position":"center center","background-size":"auto","background-attachment":"scroll","background-type":"","background-media":"","overlay-type":"","overlay-color":"","overlay-opacity":"","overlay-gradient":""},"tablet":{"background-color":"","background-image":"","background-repeat":"repeat","background-position":"center center","background-size":"auto","background-attachment":"scroll","background-type":"","background-media":"","overlay-type":"","overlay-color":"","overlay-opacity":"","overlay-gradient":""},"mobile":{"background-color":"","background-image":"","background-repeat":"repeat","background-position":"center center","background-size":"auto","background-attachment":"scroll","background-type":"","background-media":"","overlay-type":"","overlay-color":"","overlay-opacity":"","overlay-gradient":""}},"ast-content-background-meta":{"desktop":{"background-color":"var(--ast-global-color-5)","background-image":"","background-repeat":"repeat","background-position":"center center","background-size":"auto","background-attachment":"scroll","background-type":"","background-media":"","overlay-type":"","overlay-color":"","overlay-opacity":"","overlay-gradient":""},"tablet":{"background-color":"var(--ast-global-color-5)","background-image":"","background-repeat":"repeat","background-position":"center center","background-size":"auto","background-attachment":"scroll","background-type":"","background-media":"","overlay-type":"","overlay-color":"","overlay-opacity":"","overlay-gradient":""},"mobile":{"background-color":"var(--ast-global-color-5)","background-image":"","background-repeat":"repeat","background-position":"center center","background-size":"auto","background-attachment":"scroll","background-type":"","background-media":"","overlay-type":"","overlay-color":"","overlay-opacity":"","overlay-gradient":""}},"footnotes":""},"class_list":["post-1734","page","type-page","status-publish","hentry"],"post_mailing_queue_ids":[],"_links":{"self":[{"href":"https:\/\/agora.xtec.cat\/institutlesmargues\/wp-json\/wp\/v2\/pages\/1734","targetHints":{"allow":["GET"]}}],"collection":[{"href":"https:\/\/agora.xtec.cat\/institutlesmargues\/wp-json\/wp\/v2\/pages"}],"about":[{"href":"https:\/\/agora.xtec.cat\/institutlesmargues\/wp-json\/wp\/v2\/types\/page"}],"author":[{"embeddable":true,"href":"https:\/\/agora.xtec.cat\/institutlesmargues\/wp-json\/wp\/v2\/users\/1"}],"replies":[{"embeddable":true,"href":"https:\/\/agora.xtec.cat\/institutlesmargues\/wp-json\/wp\/v2\/comments?post=1734"}],"version-history":[{"count":5,"href":"https:\/\/agora.xtec.cat\/institutlesmargues\/wp-json\/wp\/v2\/pages\/1734\/revisions"}],"predecessor-version":[{"id":7065,"href":"https:\/\/agora.xtec.cat\/institutlesmargues\/wp-json\/wp\/v2\/pages\/1734\/revisions\/7065"}],"up":[{"embeddable":true,"href":"https:\/\/agora.xtec.cat\/institutlesmargues\/wp-json\/wp\/v2\/pages\/63"}],"wp:attachment":[{"href":"https:\/\/agora.xtec.cat\/institutlesmargues\/wp-json\/wp\/v2\/media?parent=1734"}],"curies":[{"name":"wp","href":"https:\/\/api.w.org\/{rel}","templated":true}]}}