{"id":1677,"date":"2023-09-06T08:00:35","date_gmt":"2023-09-06T06:00:35","guid":{"rendered":"http:\/\/agora.xtec.cat\/institutlesmargues\/?page_id=1677"},"modified":"2025-10-03T09:45:59","modified_gmt":"2025-10-03T07:45:59","slug":"tutories","status":"publish","type":"page","link":"https:\/\/agora.xtec.cat\/institutlesmargues\/linstitut\/organigrama\/tutories\/","title":{"rendered":"Tutories"},"content":{"rendered":"<p>&nbsp;<\/p>\n<table style=\"width: 101.1%; height: 394px;\">\n<tbody>\n<tr style=\"height: 32px;\">\n<td style=\"width: 9.47987%; height: 32px;\"><strong>GRUP<\/strong><\/td>\n<td style=\"width: 13.0034%; height: 32px;\"><strong>TUTOR\/A<\/strong><\/td>\n<td style=\"width: 26.8456%; height: 32px;\"><strong>COTUTOR\/A<\/strong><\/td>\n<\/tr>\n<tr style=\"height: 32px;\">\n<td style=\"width: 9.47987%; height: 32px;\">1r ESO A<\/td>\n<td style=\"width: 13.0034%; height: 32px;\">Loredana Szabo<\/td>\n<td style=\"width: 26.8456%; height: 32px;\">Gusm\u00e0 P\u00e9rez<\/td>\n<\/tr>\n<tr style=\"height: 11px;\">\n<td style=\"width: 9.47987%; height: 11px;\">1r ESO B<\/td>\n<td style=\"width: 13.0034%; height: 11px;\">Laura Cesari<\/td>\n<td style=\"width: 26.8456%; height: 11px;\">M. Rosa \u00c1lvarez<\/td>\n<\/tr>\n<tr style=\"height: 32px;\">\n<td style=\"width: 9.47987%; height: 32px;\">2n ESO A<\/td>\n<td style=\"width: 13.0034%; height: 32px;\">Susagna Crosas<\/td>\n<td style=\"width: 26.8456%; height: 32px;\">David Say\u00f3s<\/td>\n<\/tr>\n<tr style=\"height: 32px;\">\n<td style=\"width: 9.47987%; height: 32px;\">2n ESO B<\/td>\n<td style=\"width: 13.0034%; height: 32px;\">Mois\u00e8s Mir<\/td>\n<td style=\"width: 26.8456%; height: 32px;\">Marina Ferrer<\/td>\n<\/tr>\n<tr style=\"height: 32px;\">\n<td style=\"width: 9.47987%; height: 32px;\">3r ESO A<\/td>\n<td style=\"width: 13.0034%; height: 32px;\">Mart\u00ed Garcia<\/td>\n<td style=\"width: 26.8456%; height: 32px;\">Ainhoa Mart\u00ednez<\/td>\n<\/tr>\n<tr style=\"height: 32px;\">\n<td style=\"width: 9.47987%; height: 31px;\">3r ESO B<\/td>\n<td style=\"width: 13.0034%; height: 31px;\">N\u00faria Morat\u00f3<\/td>\n<td style=\"width: 26.8456%; height: 31px;\">Cl\u00e0udia Jim\u00e9nez<\/td>\n<\/tr>\n<tr style=\"height: 32px;\">\n<td style=\"width: 9.47987%; height: 32px;\">4t ESO A<\/td>\n<td style=\"width: 13.0034%; height: 32px;\">Marina Roig<\/td>\n<td style=\"width: 26.8456%; height: 32px;\">B\u00e0rbara Verg\u00e9s \/ Anna Vil\u00e0<\/td>\n<\/tr>\n<tr style=\"height: 32px;\">\n<td style=\"width: 9.47987%; height: 32px;\">4t ESO B<\/td>\n<td style=\"width: 13.0034%; height: 32px;\">Remei Cano<\/td>\n<td style=\"width: 26.8456%; height: 32px;\">B\u00e0rbara Verg\u00e9s \/ Anna Vil\u00e0<\/td>\n<\/tr>\n<tr style=\"height: 32px;\">\n<td style=\"width: 9.47987%; height: 32px;\">PDC<\/td>\n<td style=\"width: 13.0034%; height: 32px;\">Albert Soler<\/td>\n<td style=\"width: 26.8456%; height: 32px;\"><\/td>\n<\/tr>\n<tr style=\"height: 32px;\">\n<td style=\"width: 9.47987%; height: 32px;\">1r Batx<\/td>\n<td style=\"width: 13.0034%; height: 32px;\">Laura Zamora<\/td>\n<td style=\"width: 26.8456%; height: 32px;\">Lourdes Baena<\/td>\n<\/tr>\n<tr style=\"height: 32px;\">\n<td style=\"width: 9.47987%; height: 32px;\">2n Batx<\/td>\n<td style=\"width: 13.0034%; height: 32px;\">Lourdes Baena<\/td>\n<td style=\"width: 26.8456%; height: 32px;\"><\/td>\n<\/tr>\n<\/tbody>\n<\/table>\n<p>&nbsp;<\/p>\n","protected":false},"excerpt":{"rendered":"<p>&nbsp; GRUP TUTOR\/A COTUTOR\/A 1r ESO A Loredana Szabo Gusm\u00e0 P\u00e9rez 1r ESO B Laura Cesari M. Rosa \u00c1lvarez 2n ESO A Susagna Crosas David Say\u00f3s 2n ESO B Mois\u00e8s Mir Marina Ferrer 3r ESO A Mart\u00ed Garcia Ainhoa Mart\u00ednez 3r ESO B N\u00faria Morat\u00f3 Cl\u00e0udia Jim\u00e9nez 4t ESO A Marina Roig B\u00e0rbara Verg\u00e9s \/ [&hellip;]<\/p>\n","protected":false},"author":1,"featured_media":0,"parent":46,"menu_order":0,"comment_status":"closed","ping_status":"closed","template":"page-templates\/side-menu.php","meta":{"_bbp_topic_count":0,"_bbp_reply_count":0,"_bbp_total_topic_count":0,"_bbp_total_reply_count":0,"_bbp_voice_count":0,"_bbp_anonymous_reply_count":0,"_bbp_topic_count_hidden":0,"_bbp_reply_count_hidden":0,"_bbp_forum_subforum_count":0,"site-sidebar-layout":"default","site-content-layout":"","ast-site-content-layout":"","site-content-style":"default","site-sidebar-style":"default","ast-global-header-display":"","ast-banner-title-visibility":"","ast-main-header-display":"","ast-hfb-above-header-display":"","ast-hfb-below-header-display":"","ast-hfb-mobile-header-display":"","site-post-title":"","ast-breadcrumbs-content":"","ast-featured-img":"","footer-sml-layout":"","theme-transparent-header-meta":"","adv-header-id-meta":"","stick-header-meta":"","header-above-stick-meta":"","header-main-stick-meta":"","header-below-stick-meta":"","astra-migrate-meta-layouts":"default","ast-page-background-enabled":"default","ast-page-background-meta":{"desktop":{"background-color":"var(--ast-global-color-4)","background-image":"","background-repeat":"repeat","background-position":"center center","background-size":"auto","background-attachment":"scroll","background-type":"","background-media":"","overlay-type":"","overlay-color":"","overlay-opacity":"","overlay-gradient":""},"tablet":{"background-color":"","background-image":"","background-repeat":"repeat","background-position":"center center","background-size":"auto","background-attachment":"scroll","background-type":"","background-media":"","overlay-type":"","overlay-color":"","overlay-opacity":"","overlay-gradient":""},"mobile":{"background-color":"","background-image":"","background-repeat":"repeat","background-position":"center center","background-size":"auto","background-attachment":"scroll","background-type":"","background-media":"","overlay-type":"","overlay-color":"","overlay-opacity":"","overlay-gradient":""}},"ast-content-background-meta":{"desktop":{"background-color":"var(--ast-global-color-5)","background-image":"","background-repeat":"repeat","background-position":"center center","background-size":"auto","background-attachment":"scroll","background-type":"","background-media":"","overlay-type":"","overlay-color":"","overlay-opacity":"","overlay-gradient":""},"tablet":{"background-color":"var(--ast-global-color-5)","background-image":"","background-repeat":"repeat","background-position":"center center","background-size":"auto","background-attachment":"scroll","background-type":"","background-media":"","overlay-type":"","overlay-color":"","overlay-opacity":"","overlay-gradient":""},"mobile":{"background-color":"var(--ast-global-color-5)","background-image":"","background-repeat":"repeat","background-position":"center center","background-size":"auto","background-attachment":"scroll","background-type":"","background-media":"","overlay-type":"","overlay-color":"","overlay-opacity":"","overlay-gradient":""}},"footnotes":""},"class_list":["post-1677","page","type-page","status-publish","hentry"],"post_mailing_queue_ids":[],"_links":{"self":[{"href":"https:\/\/agora.xtec.cat\/institutlesmargues\/wp-json\/wp\/v2\/pages\/1677","targetHints":{"allow":["GET"]}}],"collection":[{"href":"https:\/\/agora.xtec.cat\/institutlesmargues\/wp-json\/wp\/v2\/pages"}],"about":[{"href":"https:\/\/agora.xtec.cat\/institutlesmargues\/wp-json\/wp\/v2\/types\/page"}],"author":[{"embeddable":true,"href":"https:\/\/agora.xtec.cat\/institutlesmargues\/wp-json\/wp\/v2\/users\/1"}],"replies":[{"embeddable":true,"href":"https:\/\/agora.xtec.cat\/institutlesmargues\/wp-json\/wp\/v2\/comments?post=1677"}],"version-history":[{"count":7,"href":"https:\/\/agora.xtec.cat\/institutlesmargues\/wp-json\/wp\/v2\/pages\/1677\/revisions"}],"predecessor-version":[{"id":7512,"href":"https:\/\/agora.xtec.cat\/institutlesmargues\/wp-json\/wp\/v2\/pages\/1677\/revisions\/7512"}],"up":[{"embeddable":true,"href":"https:\/\/agora.xtec.cat\/institutlesmargues\/wp-json\/wp\/v2\/pages\/46"}],"wp:attachment":[{"href":"https:\/\/agora.xtec.cat\/institutlesmargues\/wp-json\/wp\/v2\/media?parent=1677"}],"curies":[{"name":"wp","href":"https:\/\/api.w.org\/{rel}","templated":true}]}}