{"id":1660,"date":"2017-12-04T14:17:05","date_gmt":"2017-12-04T13:17:05","guid":{"rendered":"http:\/\/agora.xtec.cat\/institutlesmargues\/?page_id=1660"},"modified":"2025-02-27T09:39:59","modified_gmt":"2025-02-27T08:39:59","slug":"equip-directiu","status":"publish","type":"page","link":"https:\/\/agora.xtec.cat\/institutlesmargues\/linstitut\/organigrama\/equip-directiu\/","title":{"rendered":"Equip Directiu"},"content":{"rendered":"<p>EQUIP DIRECTIU<\/p>\n<table style=\"width: 116.101%; height: 84px;\">\n<tbody>\n<tr style=\"height: 10px;\">\n<td style=\"width: 28.7729%; height: 10px;\">Directora<\/td>\n<td style=\"width: 28.4909%; height: 10px;\">N\u00faria Saborit Coll<\/td>\n<td style=\"width: 41.4669%; height: 10px;\">\n<div>Llicenciada en Filologia Anglesa (UB)<\/div>\n<div>Postgrau en Direcci\u00f3 de Centres Educatius<\/div>\n<div>Docent des de l&#8217;any 2005<\/div>\n<\/td>\n<\/tr>\n<tr style=\"height: 32px;\">\n<td style=\"width: 28.7729%; height: 10px;\">Cap d&#8217;Estudis<\/td>\n<td style=\"width: 28.4909%; height: 10px;\">Montse Safont Rafart<\/td>\n<td style=\"width: 41.4669%; height: 10px;\">\n<div>Llicenciada en Filologia Anglesa (UAB)<\/div>\n<div>Postgrau en Traducci\u00f3 Audiovisual<\/div>\n<div>Docent des de l&#8217;any 2009<\/div>\n<\/td>\n<\/tr>\n<tr style=\"height: 32px;\">\n<td style=\"width: 28.7729%; height: 32px;\">Secretari<\/td>\n<td style=\"width: 28.4909%; height: 32px;\">Albert Soler Collell<\/td>\n<td style=\"width: 41.4669%; height: 32px;\">\n<div>Llicenciat en Ci\u00e8ncies de l&#8217;Activitat F\u00edsica i de l&#8217;Esport<\/div>\n<div>(Universitat de Vic).<\/div>\n<div>Docent des de l&#8217;any 2014<\/div>\n<\/td>\n<\/tr>\n<tr style=\"height: 32px;\">\n<td style=\"width: 28.7729%; height: 32px;\">Coordinadora Pedag\u00f2gica<\/td>\n<td style=\"width: 28.4909%; height: 32px;\">Sara Aligu\u00e9 Ca\u00f1izares<\/td>\n<td style=\"width: 41.4669%; height: 32px;\"><\/td>\n<\/tr>\n<\/tbody>\n<\/table>\n","protected":false},"excerpt":{"rendered":"<p>EQUIP DIRECTIU Directora N\u00faria Saborit Coll Llicenciada en Filologia Anglesa (UB) Postgrau en Direcci\u00f3 de Centres Educatius Docent des de l&#8217;any 2005 Cap d&#8217;Estudis Montse Safont Rafart Llicenciada en Filologia Anglesa (UAB) Postgrau en Traducci\u00f3 Audiovisual Docent des de l&#8217;any 2009 Secretari Albert Soler Collell Llicenciat en Ci\u00e8ncies de l&#8217;Activitat F\u00edsica i de l&#8217;Esport (Universitat [&hellip;]<\/p>\n","protected":false},"author":1,"featured_media":0,"parent":46,"menu_order":0,"comment_status":"closed","ping_status":"closed","template":"page-templates\/side-menu.php","meta":{"_bbp_topic_count":0,"_bbp_reply_count":0,"_bbp_total_topic_count":0,"_bbp_total_reply_count":0,"_bbp_voice_count":0,"_bbp_anonymous_reply_count":0,"_bbp_topic_count_hidden":0,"_bbp_reply_count_hidden":0,"_bbp_forum_subforum_count":0,"site-sidebar-layout":"default","site-content-layout":"","ast-site-content-layout":"","site-content-style":"default","site-sidebar-style":"default","ast-global-header-display":"","ast-banner-title-visibility":"","ast-main-header-display":"","ast-hfb-above-header-display":"","ast-hfb-below-header-display":"","ast-hfb-mobile-header-display":"","site-post-title":"","ast-breadcrumbs-content":"","ast-featured-img":"","footer-sml-layout":"","theme-transparent-header-meta":"","adv-header-id-meta":"","stick-header-meta":"","header-above-stick-meta":"","header-main-stick-meta":"","header-below-stick-meta":"","astra-migrate-meta-layouts":"default","ast-page-background-enabled":"default","ast-page-background-meta":{"desktop":{"background-color":"var(--ast-global-color-4)","background-image":"","background-repeat":"repeat","background-position":"center center","background-size":"auto","background-attachment":"scroll","background-type":"","background-media":"","overlay-type":"","overlay-color":"","overlay-opacity":"","overlay-gradient":""},"tablet":{"background-color":"","background-image":"","background-repeat":"repeat","background-position":"center center","background-size":"auto","background-attachment":"scroll","background-type":"","background-media":"","overlay-type":"","overlay-color":"","overlay-opacity":"","overlay-gradient":""},"mobile":{"background-color":"","background-image":"","background-repeat":"repeat","background-position":"center center","background-size":"auto","background-attachment":"scroll","background-type":"","background-media":"","overlay-type":"","overlay-color":"","overlay-opacity":"","overlay-gradient":""}},"ast-content-background-meta":{"desktop":{"background-color":"var(--ast-global-color-5)","background-image":"","background-repeat":"repeat","background-position":"center center","background-size":"auto","background-attachment":"scroll","background-type":"","background-media":"","overlay-type":"","overlay-color":"","overlay-opacity":"","overlay-gradient":""},"tablet":{"background-color":"var(--ast-global-color-5)","background-image":"","background-repeat":"repeat","background-position":"center center","background-size":"auto","background-attachment":"scroll","background-type":"","background-media":"","overlay-type":"","overlay-color":"","overlay-opacity":"","overlay-gradient":""},"mobile":{"background-color":"var(--ast-global-color-5)","background-image":"","background-repeat":"repeat","background-position":"center center","background-size":"auto","background-attachment":"scroll","background-type":"","background-media":"","overlay-type":"","overlay-color":"","overlay-opacity":"","overlay-gradient":""}},"footnotes":""},"class_list":["post-1660","page","type-page","status-publish","hentry"],"post_mailing_queue_ids":[],"_links":{"self":[{"href":"https:\/\/agora.xtec.cat\/institutlesmargues\/wp-json\/wp\/v2\/pages\/1660","targetHints":{"allow":["GET"]}}],"collection":[{"href":"https:\/\/agora.xtec.cat\/institutlesmargues\/wp-json\/wp\/v2\/pages"}],"about":[{"href":"https:\/\/agora.xtec.cat\/institutlesmargues\/wp-json\/wp\/v2\/types\/page"}],"author":[{"embeddable":true,"href":"https:\/\/agora.xtec.cat\/institutlesmargues\/wp-json\/wp\/v2\/users\/1"}],"replies":[{"embeddable":true,"href":"https:\/\/agora.xtec.cat\/institutlesmargues\/wp-json\/wp\/v2\/comments?post=1660"}],"version-history":[{"count":6,"href":"https:\/\/agora.xtec.cat\/institutlesmargues\/wp-json\/wp\/v2\/pages\/1660\/revisions"}],"predecessor-version":[{"id":7161,"href":"https:\/\/agora.xtec.cat\/institutlesmargues\/wp-json\/wp\/v2\/pages\/1660\/revisions\/7161"}],"up":[{"embeddable":true,"href":"https:\/\/agora.xtec.cat\/institutlesmargues\/wp-json\/wp\/v2\/pages\/46"}],"wp:attachment":[{"href":"https:\/\/agora.xtec.cat\/institutlesmargues\/wp-json\/wp\/v2\/media?parent=1660"}],"curies":[{"name":"wp","href":"https:\/\/api.w.org\/{rel}","templated":true}]}}