{"id":1374,"date":"2017-01-09T13:12:32","date_gmt":"2017-01-09T12:12:32","guid":{"rendered":"http:\/\/agora.xtec.cat\/institutlesmargues\/?page_id=1374"},"modified":"2018-10-23T10:51:25","modified_gmt":"2018-10-23T08:51:25","slug":"projecte-cristal%c2%b7litzacio","status":"publish","type":"page","link":"https:\/\/agora.xtec.cat\/institutlesmargues\/projecte-educatiu\/projecte-cristal%c2%b7litzacio\/","title":{"rendered":"Projecte Cristal\u00b7litzaci\u00f3"},"content":{"rendered":"<p><a href=\"http:\/\/agora.xtec.cat\/institutlesmargues\/wp-content\/uploads\/usu540\/2017\/05\/P1060015red.jpg\"><img loading=\"lazy\" decoding=\"async\" class=\"alignnone wp-image-1560\" src=\"http:\/\/agora.xtec.cat\/institutlesmargues\/wp-content\/uploads\/usu540\/2017\/05\/P1060015red.jpg\" alt=\"\" width=\"492\" height=\"369\" srcset=\"https:\/\/agora.xtec.cat\/institutlesmargues\/wp-content\/uploads\/usu540\/2017\/05\/P1060015red.jpg 640w, https:\/\/agora.xtec.cat\/institutlesmargues\/wp-content\/uploads\/usu540\/2017\/05\/P1060015red-300x225.jpg 300w, https:\/\/agora.xtec.cat\/institutlesmargues\/wp-content\/uploads\/usu540\/2017\/05\/P1060015red-200x150.jpg 200w\" sizes=\"auto, (max-width: 492px) 100vw, 492px\" \/><\/a><\/p>\n<p>El Concurs de Cristal\u00b7litzaci\u00f3 a l&#8217;Escola \u00e9s una iniciativa de les universitats de Barcelona (UB), Aut\u00f2noma de Barcelona (UAB) i Rovira i Virgili (URV).<\/p>\n<p>En aquest projecte de divulgaci\u00f3 cient\u00edfica, els professors de secund\u00e0ria rebran una formaci\u00f3 en cristal\u00b7lografia a les universitats i despr\u00e9s traslladaran la seva experi\u00e8ncia a l\u2019aula perqu\u00e8 els alumnes aprenguin a obtenir cristalls. Finalment, s\u2019organitzar\u00e0 una jornada que seguir\u00e0 el format d\u2019un congr\u00e9s cient\u00edfic en qu\u00e8 els estudiants, per grups, hauran d\u2019exposar la feina feta i un jurat escollir\u00e0 els treballs guanyadors.<\/p>\n<p>El concurs comporta tres etapes: una sessi\u00f3 de formaci\u00f3 del professorat, una de treball dels alumnes als centres, i una de presentaci\u00f3 dels resultats davant un jurat. Els millors seran premiats tenint en compte aspectes cristal\u00b7logr\u00e0fics i del pla de treball i de presentaci\u00f3.<\/p>\n<p><a href=\"http:\/\/agora.xtec.cat\/institutlesmargues\/wp-content\/uploads\/usu540\/2017\/01\/cristalls.jpg\"><img loading=\"lazy\" decoding=\"async\" class=\"alignnone size-full wp-image-1819\" src=\"http:\/\/agora.xtec.cat\/institutlesmargues\/wp-content\/uploads\/usu540\/2017\/01\/cristalls.jpg\" alt=\"\" width=\"448\" height=\"336\" srcset=\"https:\/\/agora.xtec.cat\/institutlesmargues\/wp-content\/uploads\/usu540\/2017\/01\/cristalls.jpg 448w, https:\/\/agora.xtec.cat\/institutlesmargues\/wp-content\/uploads\/usu540\/2017\/01\/cristalls-300x225.jpg 300w, https:\/\/agora.xtec.cat\/institutlesmargues\/wp-content\/uploads\/usu540\/2017\/01\/cristalls-200x150.jpg 200w\" sizes=\"auto, (max-width: 448px) 100vw, 448px\" \/><\/a><\/p>\n","protected":false},"excerpt":{"rendered":"<p>El Concurs de Cristal\u00b7litzaci\u00f3 a l&#8217;Escola \u00e9s una iniciativa de les universitats de Barcelona (UB), Aut\u00f2noma de Barcelona (UAB) i Rovira i Virgili (URV). En aquest projecte de divulgaci\u00f3 cient\u00edfica, els professors de secund\u00e0ria rebran una formaci\u00f3 en cristal\u00b7lografia a les universitats i despr\u00e9s traslladaran la seva experi\u00e8ncia a l\u2019aula perqu\u00e8 els alumnes aprenguin a [&hellip;]<\/p>\n","protected":false},"author":1,"featured_media":0,"parent":57,"menu_order":0,"comment_status":"closed","ping_status":"closed","template":"","meta":{"_bbp_topic_count":0,"_bbp_reply_count":0,"_bbp_total_topic_count":0,"_bbp_total_reply_count":0,"_bbp_voice_count":0,"_bbp_anonymous_reply_count":0,"_bbp_topic_count_hidden":0,"_bbp_reply_count_hidden":0,"_bbp_forum_subforum_count":0,"site-sidebar-layout":"default","site-content-layout":"","ast-site-content-layout":"","site-content-style":"default","site-sidebar-style":"default","ast-global-header-display":"","ast-banner-title-visibility":"","ast-main-header-display":"","ast-hfb-above-header-display":"","ast-hfb-below-header-display":"","ast-hfb-mobile-header-display":"","site-post-title":"","ast-breadcrumbs-content":"","ast-featured-img":"","footer-sml-layout":"","theme-transparent-header-meta":"","adv-header-id-meta":"","stick-header-meta":"","header-above-stick-meta":"","header-main-stick-meta":"","header-below-stick-meta":"","astra-migrate-meta-layouts":"default","ast-page-background-enabled":"default","ast-page-background-meta":{"desktop":{"background-color":"var(--ast-global-color-4)","background-image":"","background-repeat":"repeat","background-position":"center center","background-size":"auto","background-attachment":"scroll","background-type":"","background-media":"","overlay-type":"","overlay-color":"","overlay-opacity":"","overlay-gradient":""},"tablet":{"background-color":"","background-image":"","background-repeat":"repeat","background-position":"center center","background-size":"auto","background-attachment":"scroll","background-type":"","background-media":"","overlay-type":"","overlay-color":"","overlay-opacity":"","overlay-gradient":""},"mobile":{"background-color":"","background-image":"","background-repeat":"repeat","background-position":"center center","background-size":"auto","background-attachment":"scroll","background-type":"","background-media":"","overlay-type":"","overlay-color":"","overlay-opacity":"","overlay-gradient":""}},"ast-content-background-meta":{"desktop":{"background-color":"var(--ast-global-color-5)","background-image":"","background-repeat":"repeat","background-position":"center center","background-size":"auto","background-attachment":"scroll","background-type":"","background-media":"","overlay-type":"","overlay-color":"","overlay-opacity":"","overlay-gradient":""},"tablet":{"background-color":"var(--ast-global-color-5)","background-image":"","background-repeat":"repeat","background-position":"center center","background-size":"auto","background-attachment":"scroll","background-type":"","background-media":"","overlay-type":"","overlay-color":"","overlay-opacity":"","overlay-gradient":""},"mobile":{"background-color":"var(--ast-global-color-5)","background-image":"","background-repeat":"repeat","background-position":"center center","background-size":"auto","background-attachment":"scroll","background-type":"","background-media":"","overlay-type":"","overlay-color":"","overlay-opacity":"","overlay-gradient":""}},"footnotes":""},"class_list":["post-1374","page","type-page","status-publish","hentry"],"post_mailing_queue_ids":[],"_links":{"self":[{"href":"https:\/\/agora.xtec.cat\/institutlesmargues\/wp-json\/wp\/v2\/pages\/1374","targetHints":{"allow":["GET"]}}],"collection":[{"href":"https:\/\/agora.xtec.cat\/institutlesmargues\/wp-json\/wp\/v2\/pages"}],"about":[{"href":"https:\/\/agora.xtec.cat\/institutlesmargues\/wp-json\/wp\/v2\/types\/page"}],"author":[{"embeddable":true,"href":"https:\/\/agora.xtec.cat\/institutlesmargues\/wp-json\/wp\/v2\/users\/1"}],"replies":[{"embeddable":true,"href":"https:\/\/agora.xtec.cat\/institutlesmargues\/wp-json\/wp\/v2\/comments?post=1374"}],"version-history":[{"count":3,"href":"https:\/\/agora.xtec.cat\/institutlesmargues\/wp-json\/wp\/v2\/pages\/1374\/revisions"}],"predecessor-version":[{"id":1820,"href":"https:\/\/agora.xtec.cat\/institutlesmargues\/wp-json\/wp\/v2\/pages\/1374\/revisions\/1820"}],"up":[{"embeddable":true,"href":"https:\/\/agora.xtec.cat\/institutlesmargues\/wp-json\/wp\/v2\/pages\/57"}],"wp:attachment":[{"href":"https:\/\/agora.xtec.cat\/institutlesmargues\/wp-json\/wp\/v2\/media?parent=1374"}],"curies":[{"name":"wp","href":"https:\/\/api.w.org\/{rel}","templated":true}]}}