{"id":711,"date":"2020-06-27T17:34:04","date_gmt":"2020-06-27T15:34:04","guid":{"rendered":"https:\/\/agora.xtec.cat\/institutlasureda\/?page_id=711"},"modified":"2025-09-12T09:25:18","modified_gmt":"2025-09-12T07:25:18","slug":"pla-desports","status":"publish","type":"page","link":"https:\/\/agora.xtec.cat\/institutlasureda\/pla-desports\/","title":{"rendered":"Pla d&#8217;esports 2025-2026"},"content":{"rendered":"\n<p>Aqu\u00ed teniu el fullet\u00f3 amb la proposta d\u2019activitats esportives del Pla d\u2019Esports 2025-2026.<\/p>\n\n\n\n<p>Recordeu que la pr\u00e0ctica esportiva aporta benestar f\u00edsic i emocional als nostres alumnes, fomenta valors com el treball en equip i l\u2019esfor\u00e7, i contribueix a crear h\u00e0bits saludables que tamb\u00e9 beneficien les fam\u00edlies i la comunitat educativa.<\/p>\n\n\n\n<p>Queden poques places disponibles, us animem a participar-hi!<\/p>\n\n\n\n<figure class=\"wp-block-image size-large\"><a href=\"https:\/\/agora.xtec.cat\/institutlasureda\/wp-content\/uploads\/usu2113\/2025\/09\/1-3.png\"><img loading=\"lazy\" decoding=\"async\" width=\"1024\" height=\"724\" src=\"https:\/\/agora.xtec.cat\/institutlasureda\/wp-content\/uploads\/usu2113\/2025\/09\/1-3-1024x724.png\" alt=\"\" class=\"wp-image-4529\" srcset=\"https:\/\/agora.xtec.cat\/institutlasureda\/wp-content\/uploads\/usu2113\/2025\/09\/1-3-1024x724.png 1024w, https:\/\/agora.xtec.cat\/institutlasureda\/wp-content\/uploads\/usu2113\/2025\/09\/1-3-300x212.png 300w, https:\/\/agora.xtec.cat\/institutlasureda\/wp-content\/uploads\/usu2113\/2025\/09\/1-3-768x543.png 768w, https:\/\/agora.xtec.cat\/institutlasureda\/wp-content\/uploads\/usu2113\/2025\/09\/1-3-1536x1086.png 1536w, https:\/\/agora.xtec.cat\/institutlasureda\/wp-content\/uploads\/usu2113\/2025\/09\/1-3.png 2000w\" sizes=\"auto, (max-width: 1024px) 100vw, 1024px\" \/><\/a><\/figure>\n\n\n\n<figure class=\"wp-block-image size-large\"><a href=\"https:\/\/agora.xtec.cat\/institutlasureda\/wp-content\/uploads\/usu2113\/2025\/09\/2-1.png\"><img loading=\"lazy\" decoding=\"async\" width=\"1024\" height=\"724\" src=\"https:\/\/agora.xtec.cat\/institutlasureda\/wp-content\/uploads\/usu2113\/2025\/09\/2-1-1024x724.png\" alt=\"\" class=\"wp-image-4530\" srcset=\"https:\/\/agora.xtec.cat\/institutlasureda\/wp-content\/uploads\/usu2113\/2025\/09\/2-1-1024x724.png 1024w, https:\/\/agora.xtec.cat\/institutlasureda\/wp-content\/uploads\/usu2113\/2025\/09\/2-1-300x212.png 300w, https:\/\/agora.xtec.cat\/institutlasureda\/wp-content\/uploads\/usu2113\/2025\/09\/2-1-768x543.png 768w, https:\/\/agora.xtec.cat\/institutlasureda\/wp-content\/uploads\/usu2113\/2025\/09\/2-1-1536x1086.png 1536w, https:\/\/agora.xtec.cat\/institutlasureda\/wp-content\/uploads\/usu2113\/2025\/09\/2-1.png 2000w\" sizes=\"auto, (max-width: 1024px) 100vw, 1024px\" \/><\/a><\/figure>\n\n\n\n<p>Fes la teva inscripci\u00f3 aqu\u00ed!<\/p>\n\n\n\n<div class=\"wp-block-buttons is-layout-flex wp-block-buttons-is-layout-flex\">\n<div class=\"wp-block-button has-custom-width wp-block-button__width-50 has-custom-font-size is-style-fill has-medium-font-size\"><a class=\"wp-block-button__link wp-element-button\" href=\"https:\/\/docs.google.com\/forms\/d\/e\/1FAIpQLSf4bh1shF3Il6AFLXpWZHAs8Joz_cyUo5f6JkAunJ0TNNF4Kw\/viewform?usp=send_form\" style=\"padding-top:var(--wp--preset--spacing--40);padding-bottom:var(--wp--preset--spacing--40)\" target=\"_blank\" rel=\"noreferrer noopener\">Inscripci\u00f3 al Pla d&#8217;esports<\/a><\/div>\n<\/div>\n\n\n\n<p>Per obtenir m\u00e9s informaci\u00f3, pots accedir a la p\u00e0gina web de l&#8217;entitat organitzadora.<\/p>\n\n\n\n<div class=\"wp-block-buttons is-layout-flex wp-block-buttons-is-layout-flex\">\n<div class=\"wp-block-button has-custom-font-size has-medium-font-size\"><a class=\"wp-block-button__link wp-element-button\" href=\"https:\/\/insbaixemporda.cat\/pla-esports-25-26\/\" style=\"padding-top:var(--wp--preset--spacing--40);padding-bottom:var(--wp--preset--spacing--40)\" target=\"_blank\" rel=\"noreferrer noopener\">M\u00e9s informaci\u00f3 sobre el Pla d&#8217;Esports<\/a><\/div>\n<\/div>\n","protected":false},"excerpt":{"rendered":"<p>Aqu\u00ed teniu el fullet\u00f3 amb la proposta d\u2019activitats esportives del Pla d\u2019Esports 2025-2026. Recordeu que la pr\u00e0ctica esportiva aporta benestar f\u00edsic i emocional als nostres alumnes, fomenta valors com el treball en equip i l\u2019esfor\u00e7, i contribueix a crear h\u00e0bits saludables que tamb\u00e9 beneficien les fam\u00edlies i la comunitat educativa. Queden poques places disponibles, us [&hellip;]<\/p>\n","protected":false},"author":3,"featured_media":4529,"parent":0,"menu_order":0,"comment_status":"closed","ping_status":"closed","template":"","meta":{"_bbp_topic_count":0,"_bbp_reply_count":0,"_bbp_total_topic_count":0,"_bbp_total_reply_count":0,"_bbp_voice_count":0,"_bbp_anonymous_reply_count":0,"_bbp_topic_count_hidden":0,"_bbp_reply_count_hidden":0,"_bbp_forum_subforum_count":0,"site-sidebar-layout":"default","site-content-layout":"","ast-site-content-layout":"default","site-content-style":"default","site-sidebar-style":"default","ast-global-header-display":"","ast-banner-title-visibility":"","ast-main-header-display":"","ast-hfb-above-header-display":"","ast-hfb-below-header-display":"","ast-hfb-mobile-header-display":"","site-post-title":"","ast-breadcrumbs-content":"","ast-featured-img":"","footer-sml-layout":"","theme-transparent-header-meta":"","adv-header-id-meta":"","stick-header-meta":"","header-above-stick-meta":"","header-main-stick-meta":"","header-below-stick-meta":"","astra-migrate-meta-layouts":"set","ast-page-background-enabled":"default","ast-page-background-meta":{"desktop":{"background-color":"var(--ast-global-color-4)","background-image":"","background-repeat":"repeat","background-position":"center center","background-size":"auto","background-attachment":"scroll","background-type":"","background-media":"","overlay-type":"","overlay-color":"","overlay-opacity":"","overlay-gradient":""},"tablet":{"background-color":"","background-image":"","background-repeat":"repeat","background-position":"center center","background-size":"auto","background-attachment":"scroll","background-type":"","background-media":"","overlay-type":"","overlay-color":"","overlay-opacity":"","overlay-gradient":""},"mobile":{"background-color":"","background-image":"","background-repeat":"repeat","background-position":"center center","background-size":"auto","background-attachment":"scroll","background-type":"","background-media":"","overlay-type":"","overlay-color":"","overlay-opacity":"","overlay-gradient":""}},"ast-content-background-meta":{"desktop":{"background-color":"var(--ast-global-color-5)","background-image":"","background-repeat":"repeat","background-position":"center center","background-size":"auto","background-attachment":"scroll","background-type":"","background-media":"","overlay-type":"","overlay-color":"","overlay-opacity":"","overlay-gradient":""},"tablet":{"background-color":"var(--ast-global-color-5)","background-image":"","background-repeat":"repeat","background-position":"center center","background-size":"auto","background-attachment":"scroll","background-type":"","background-media":"","overlay-type":"","overlay-color":"","overlay-opacity":"","overlay-gradient":""},"mobile":{"background-color":"var(--ast-global-color-5)","background-image":"","background-repeat":"repeat","background-position":"center center","background-size":"auto","background-attachment":"scroll","background-type":"","background-media":"","overlay-type":"","overlay-color":"","overlay-opacity":"","overlay-gradient":""}},"footnotes":""},"class_list":["post-711","page","type-page","status-publish","has-post-thumbnail","hentry"],"post_mailing_queue_ids":[],"_links":{"self":[{"href":"https:\/\/agora.xtec.cat\/institutlasureda\/wp-json\/wp\/v2\/pages\/711","targetHints":{"allow":["GET"]}}],"collection":[{"href":"https:\/\/agora.xtec.cat\/institutlasureda\/wp-json\/wp\/v2\/pages"}],"about":[{"href":"https:\/\/agora.xtec.cat\/institutlasureda\/wp-json\/wp\/v2\/types\/page"}],"author":[{"embeddable":true,"href":"https:\/\/agora.xtec.cat\/institutlasureda\/wp-json\/wp\/v2\/users\/3"}],"replies":[{"embeddable":true,"href":"https:\/\/agora.xtec.cat\/institutlasureda\/wp-json\/wp\/v2\/comments?post=711"}],"version-history":[{"count":6,"href":"https:\/\/agora.xtec.cat\/institutlasureda\/wp-json\/wp\/v2\/pages\/711\/revisions"}],"predecessor-version":[{"id":4534,"href":"https:\/\/agora.xtec.cat\/institutlasureda\/wp-json\/wp\/v2\/pages\/711\/revisions\/4534"}],"wp:featuredmedia":[{"embeddable":true,"href":"https:\/\/agora.xtec.cat\/institutlasureda\/wp-json\/wp\/v2\/media\/4529"}],"wp:attachment":[{"href":"https:\/\/agora.xtec.cat\/institutlasureda\/wp-json\/wp\/v2\/media?parent=711"}],"curies":[{"name":"wp","href":"https:\/\/api.w.org\/{rel}","templated":true}]}}