{"id":650,"date":"2020-05-08T22:28:46","date_gmt":"2020-05-08T20:28:46","guid":{"rendered":"https:\/\/agora.xtec.cat\/institutlasureda\/?page_id=650"},"modified":"2026-04-29T10:56:02","modified_gmt":"2026-04-29T08:56:02","slug":"preinscripcio-i-matricula","status":"publish","type":"page","link":"https:\/\/agora.xtec.cat\/institutlasureda\/secretaria\/preinscripcio-i-matricula\/","title":{"rendered":"Preinscripci\u00f3 i matr\u00edcula per al curs 2026-2027"},"content":{"rendered":"<p>El<b> codi del nostre<\/b>\u00a0<strong>centre<\/strong> \u00e9s el <strong>17010840<\/strong><\/p>\n<div class=\"row\">\n<div class=\"columns small-12 large-2\"><img decoding=\"async\" src=\"https:\/\/img.icons8.com\/color\/120\/000000\/complaint.png\" \/><\/div>\n<div class=\"columns small-12 large-10\">\n<h2>Preinscripci\u00f3 i matr\u00edcula<\/h2>\n<p>El Departament d&#8217;Educaci\u00f3 i Formaci\u00f3 Professional ha preparat un web amb tota la informaci\u00f3 sobre el proc\u00e9s de preinscripci\u00f3 i matr\u00edcula a l&#8217;ESO. Les dates de preinscripci\u00f3 per al curs 2026-27 seran del 6 al 18 de mar\u00e7 (ambd\u00f3s inclosos).<\/p>\n<p><a href=\"https:\/\/preinscripcio.gencat.cat\/ca\/estudis\/eso\/inici\/\">Consulta i fes la preinscripci\u00f3 des d&#8217;aqu\u00ed<\/a><\/p>\n<p><a href=\"https:\/\/open.spotify.com\/episode\/68NbPV5gOjJjDwwWDGgsIN?si=Usu6Id6JQFenOLA2Z7SLkw&amp;nd=1&amp;dlsi=7a150ec6d85443a9a\/pindoles-multimedia\/\" target=\"_blank\" rel=\"noopener\">Podcast explicatiu <\/a>\u00a0de les dates clau per a la preinscripci\u00f3.<\/p>\n<p><a href=\"https:\/\/preinscripcio.gencat.cat\/ca\/estudis\/eso\/preinscriute\/sollicitud\/\">Video explicatiu<\/a> de com fer la preinscripci\u00f3.<\/p>\n<p><img decoding=\"async\" src=\"https:\/\/img.icons8.com\/color\/120\/000000\/complaint.png\" \/><\/p>\n<\/div>\n<div class=\"columns small-12 large-10\">\n<h2>Qu\u00e8 em cal per emplenar la sol\u00b7licitud?<\/h2>\n<p><strong>\u00a0Sol\u00b7licitud electr\u00f2nica: <\/strong>Mitjan\u00e7ant certificat digital: DNI electr\u00f2nic, Cl@ve, IdCat&#8230;\u00a0 \u00a0 \u00a0 \u00a0 \u00a0 \u00a0 \u00a0 \u00a0 \u00a0 \u00a0 \u00a0 \u00a0 \u00a0 \u00a0 \u00a0 \u00a0 <strong>\u00a0<\/strong><\/p>\n<p><strong>Sol\u00b7licitud en suport inform\u00e0tic: <\/strong>Caldr\u00e0 identificar l&#8217;alumne\/a amb el seu n\u00fam. d&#8217;identificaci\u00f3 (IDALU) i\u00a0 \u00a0emplenar el formulari.<\/p>\n<p>A l&#8217;enviar-la es far\u00e0 l&#8217;intercanvi de dades amb les administracions implicades. La documentaci\u00f3 d&#8217;identificaci\u00f3 i filiaci\u00f3 o s&#8217;ha d&#8217;adjuntar escanejada\u00a0 o fotografiada (veure apartat &#8220;Quina documentaci\u00f3 has\u00a0 d&#8217;adjuntar a la sol\u00b7licitud&#8221;?)<\/p>\n<\/div>\n<\/div>\n<div class=\"row\">\n<div>\u00a0<\/div>\n<div>\n<div class=\"row\">\n<div class=\"columns small-12 large-2\"><img decoding=\"async\" src=\"https:\/\/img.icons8.com\/color\/120\/000000\/collectibles.png\" \/><\/div>\n<div class=\"columns small-12 large-10\">\n<h2>Quina documentaci\u00f3 has d&#8217;adjuntar a la sol\u00b7licitud?<\/h2>\n<p>Si s&#8217;ha presentat la sol\u00b7licitud mitjan\u00e7ant el formulari electr\u00f2nic i s&#8217;ha indicat el n\u00famero identificador del RALC de l&#8217;alumne\/a, no cal adjuntar cap documentaci\u00f3 identificativa.<\/p>\n<ul>\n<li><strong>DNI\/NIE\/Passaport<\/strong> vigent de l\u2019alumne\/a. Tamb\u00e9 del pare, o de la mare o dels tutors legals.<\/li>\n<li><strong>L<\/strong><strong>libre de fam\u00edlia: p\u00e0gina<\/strong>\u00a0on surten el nom, els cognoms i la data de naixement de l\u2019alumne\/a.<\/li>\n<li><strong>TIS<\/strong>\u00a0(targeta d\u2019identificaci\u00f3 sanit\u00e0ria) de l\u2019alumne\/a.<\/li>\n<li><strong>Vacunes: <\/strong>p\u00e0gines del llibre de salut on surten les vacunes de l\u2019alumne\/a o b\u00e9 un certificat m\u00e8dic oficial en el cas de no tenir les vacunes administrades.<\/li>\n<\/ul>\n<div style=\"text-align: right;\">\u00a0<\/div>\n<\/div>\n<\/div>\n<\/div>\n<div>\u00a0<\/div>\n<div>\n<div class=\"row\">\n<div class=\"columns small-12 large-10\">\n<div class=\"row\">\n<div class=\"columns small-12 large-2\"><img decoding=\"async\" src=\"https:\/\/img.icons8.com\/color\/120\/000000\/group-task.png\" \/><\/div>\n<div class=\"columns small-12 large-10\">\n<h2>Et podem ajudar?<\/h2>\n<p>Qu\u00e8 \u00e9s l\u2019IDALU? \u00c9s l\u2019identificador de l\u2019alumne\/a que l\u2019acompanya durant tota la seva escolaritzaci\u00f3. \u00c9s un n\u00famero que el podeu trobar a l\u2019informe de qualificacions dels vostres fills i filles (de qualsevol etapa educativa).<\/p>\n<p><a href=\"http:\/\/educacio.gencat.cat\/ca\/tramits\/tramits-temes\/identificador-alumne?moda=1\">Consulta l&#8217;Idalu<\/a><\/p>\n<\/div>\n<\/div>\n<div>\u00a0<\/div>\n<div>\u00a0<\/div>\n<\/div>\n<div>\u00a0<\/div>\n<div>\u00a0<\/div>\n<div>\u00a0<\/div>\n<\/div>\n<\/div>\n<div class=\"columns small-12 large-2\"><img decoding=\"async\" src=\"https:\/\/img.icons8.com\/color\/120\/000000\/planner.png\" \/><\/div>\n<div class=\"columns small-12 large-10\">\n<h2>Calendari i terminis<\/h2>\n<p>El Departament d&#8217;Educaci\u00f3 i Formaci\u00f3 Professional ha preparat un web amb els terminis actualitzats.<\/p>\n<p><a href=\"https:\/\/preinscripcio.gencat.cat\/ca\/estudis\/eso\/informat\/calendari\/\">Terminis<\/a><\/p>\n<ul>\n<li>Publicaci\u00f3 de l&#8217;oferta inicial:\u00a0 <strong>3 de mar\u00e7 de 2026<\/strong><\/li>\n<li>Presentaci\u00f3 i\/o modificaci\u00f3 de sol\u00b7licituds telem\u00e0tiques i suport inform\u00e0tic:\u00a0 <strong>del 6 al 18 de mar\u00e7 de 2026 (ambd\u00f3s inclosos).<\/strong><\/li>\n<li>\n<div>Presentaci\u00f3 de documentaci\u00f3:\u00a0<span style=\"color: #000000;\"><strong> fins al 19 de mar\u00e7 de 2026<\/strong><\/span><\/div>\n<\/li>\n<li>\n<div>Llista de sol\u00b7licituds amb la puntuaci\u00f3 provisional:\u00a0 \u00a0<strong>15 d\u2019abril de 2026<\/strong><\/div>\n<\/li>\n<li>\n<div>Presentaci\u00f3 de reclamacions a la llista amb la puntuaci\u00f3 provisional:\u00a0 \u00a0<span style=\"color: #ff0000;\"><strong><span style=\"color: #000000;\">del 15 al 20 d\u2019abril de 2026<\/span><\/strong><\/span><\/div>\n<\/li>\n<li>\n<div>Publicaci\u00f3 de la llista amb la puntuaci\u00f3 un cop resoltes les reclamacions:\u00a0 <strong>23 d&#8217;abril de 2026<\/strong><\/div>\n<\/li>\n<li>\n<div>Sorteig del n\u00famero de desempat: <strong>\u00a0 28 d&#8217;abril de 2026<\/strong><\/div>\n<\/li>\n<li>\n<div>Publicaci\u00f3 de la llista ordenada:\u00a0 \u00a0<strong>29 d&#8217;abril de 2026<\/strong><\/div>\n<\/li>\n<li><span style=\"color: #000000;\">Publicaci\u00f3 de la llista d&#8217;admesos i la llista d&#8217;espera:<b>\u00a0 \u00a010 de juny de 2026<\/b><\/span><\/li>\n<\/ul>\n<\/div>\n<\/div>\n<div class=\"row\">\n<div class=\"columns small-12 large-2\"><img decoding=\"async\" src=\"https:\/\/img.icons8.com\/color\/120\/000000\/task-completed.png\" \/><\/div>\n<div class=\"columns small-12 large-10\">\n<h2>Matr\u00edcula<\/h2>\n<div class=\"columns small-12 large-10\">\n<ul>\n<li><span style=\"color: #000000;\"><strong><span style=\"font-family: inherit; font-size: 1em;\">D<\/span><\/strong><strong style=\"font-family: inherit; font-size: 1em;\">el 22 al 30 de juny de 2026, ambd\u00f3s inclosos\u00a0<\/strong><\/span><\/li>\n<\/ul>\n<\/div>\n<div style=\"text-align: right;\">\u00a0<\/div>\n<\/div>\n<\/div>\n<h2 class=\"basic_title col-sm-12 pd-10\">L&#8217;adscripci\u00f3 de centre<\/h2>\n<p>L&#8217;adscripci\u00f3 t\u00e9 com a objectiu garantir la continu\u00eftat dels estudis obligatoris quan els alumnes passen de l&#8217;educaci\u00f3 prim\u00e0ria a la secund\u00e0ria. Les escoles d&#8217;educaci\u00f3 prim\u00e0ria tenen adscrits un o m\u00e9s centres d&#8217;educaci\u00f3 secund\u00e0ria obligat\u00f2ria (ESO).<br \/>L&#8217;adscripci\u00f3 de centre \u00e9s determinant a l&#8217;hora d&#8217;obtenir pla\u00e7a. D&#8217;aquesta manera, totes les sol\u00b7licituds de preinscripci\u00f3 en un institut d&#8217;alumnes que hagin estudiat la prim\u00e0ria en una escola adscrita s&#8217;intentaran assignar per davant de les que provinguin d&#8217;altres centres no adscrits, amb independ\u00e8ncia de la puntuaci\u00f3 per criteris.<\/p>\n<p>Els centres adscrits a l&#8217;<strong>Institut La Sureda (17010840) <\/strong>s\u00f3n els seg\u00fcents:<\/p>\n<table style=\"border-collapse: collapse; width: 48.3332%;\">\n<tbody>\n<tr>\n<td style=\"width: 8.99528%;\">17000263<\/td>\n<td style=\"width: 29.418%;\">Escola Doctor Arruga<\/td>\n<td style=\"width: 7.46303%;\">Begur<\/td>\n<\/tr>\n<tr>\n<td style=\"width: 8.99528%;\">17004876<\/td>\n<td style=\"width: 29.418%;\">Escola l&#8217;Olivar Vell<\/td>\n<td style=\"width: 7.46303%;\">Begur<\/td>\n<\/tr>\n<tr>\n<td style=\"width: 8.99528%;\">17002259<\/td>\n<td style=\"width: 29.418%;\">Escola Torres Jonama<\/td>\n<td style=\"width: 7.46303%;\">Mont-ras<\/td>\n<\/tr>\n<tr>\n<td style=\"width: 8.99528%;\">17006782<\/td>\n<td style=\"width: 29.418%;\">Escola Carrilet<\/td>\n<td style=\"width: 7.46303%;\">Palafrugell<\/td>\n<\/tr>\n<tr>\n<td style=\"width: 8.99528%;\">17002491<\/td>\n<td style=\"width: 29.418%;\">Escola Barcel\u00f3 i Matas<\/td>\n<td style=\"width: 7.46303%;\">Palafrugell<\/td>\n<\/tr>\n<tr>\n<td style=\"width: 8.99528%;\">17008523<\/td>\n<td style=\"width: 29.418%;\">Escola Pi Verd<\/td>\n<td style=\"width: 7.46303%;\">Palafrugell<\/td>\n<\/tr>\n<tr>\n<td style=\"width: 8.99528%;\">17002481<\/td>\n<td style=\"width: 29.418%;\">Escola Torres Jonama<\/td>\n<td style=\"width: 7.46303%;\">Palafrugell<\/td>\n<\/tr>\n<tr>\n<td style=\"width: 8.99528%;\">17002651<\/td>\n<td style=\"width: 29.418%;\">Escola Quermany<\/td>\n<td style=\"width: 7.46303%;\">Pals<\/td>\n<\/tr>\n<\/tbody>\n<\/table>\n<h3><strong>Criteris espec\u00edfics de prioritat<\/strong><\/h3>\n<ul>\n<li>Per tenir germans matriculats al centre: 50 punts<\/li>\n<li>Per proximitat del domicili familiar o del lloc de treball dels pares o tutors: 30, 20, 15 o 10 punts<\/li>\n<li>Per la renda anual de la unitat familiar: 15 punts<\/li>\n<\/ul>\n<h3><strong>Criteris complementaris<\/strong><\/h3>\n<ul>\n<li>Per tenir pares o tutors treballant al centre: 10 punts<\/li>\n<li>Per formar part d\u2019una fam\u00edlia nombrosa: 10 punts<\/li>\n<li>Per formar part d\u2019una fam\u00edlia monoparental: 10 punts<\/li>\n<li>Per haver nascut per part m\u00faltiple (bessons): 10 punts<\/li>\n<li>Perqu\u00e8 l\u2019alumne\/a estigui en situaci\u00f3 d\u2019acolliment familiar: 10 punts<\/li>\n<li>Quan l\u2019alumne\/a o alg\u00fa del seu nucli familiar pateix discapacitat superior o igual al 33 %: 15 punts<\/li>\n<li>Per tenir la condici\u00f3 de v\u00edctima de viol\u00e8ncia de g\u00e8nere o de terrorisme: 10 punts<\/li>\n<\/ul>\n\n\n<p><\/p>\n\n\n\n<p>Recordeu que la documentaci\u00f3 acreditativa dels criteris prioritaris&nbsp;i complementaris s&#8217;ha d&#8217;adjuntar amb la sol\u00b7licitud de preinscripci\u00f3 dins el per\u00edode establert.<\/p>\n\n\n\n<p>Per a qualsevol dubte:<\/p>\n\n\n\n<ul class=\"wp-block-list\">\n<li>Truqueu al <strong>972903976 <\/strong>de dilluns a divendres de 8.00 a 14.30h<\/li>\n\n\n\n<li>Escriviu un missatge a:&nbsp; <strong>secretaria@inslasureda.cat<\/strong><\/li>\n<\/ul>\n\n\n\n<p>Preinscripci\u00f3 2026\/2027<\/p>\n\n\n\n<p><\/p>\n\n\n\n<p><a href=\"https:\/\/drive.google.com\/file\/d\/14t_l6Vx5KXiMxg5UVRpAM1oipRRKuMUI\/view?usp=sharing\" target=\"_blank\" rel=\"noreferrer noopener\">Llista de sol\u00b7licituds amb la puntuaci\u00f3 provisional<\/a><\/p>\n\n\n\n<p><a href=\"https:\/\/drive.google.com\/file\/d\/1we9JeqLRfp6LZeaz3H45Pd_6ZuCajZG7\/view?usp=drive_link\">Publicaci\u00f3 de la llista de sol\u00b7licituds que han demanat el centre i l&#8217;ensenyament en primera petici\u00f3 amb la puntuaci\u00f3 resoltes les reclamacions a 23\/04\/2026<\/a><\/p>\n\n\n\n<p><a href=\"https:\/\/drive.google.com\/file\/d\/1wYjyMKV_RvtCgZe9JCEUyo3ZkWHnADVo\/view?usp=drive_link\">Publicaci\u00f3 de la llista de sol\u00b7licituds que han demanat al centre i l&#8217;ensenyament en primera petici\u00f3 ordenada a 29\/04\/2026<\/a><\/p>\n\n\n\n<p>Llista d&#8217;admesos <\/p>\n\n\n\n<p><\/p>\n\n\n\n<p><\/p>\n","protected":false},"excerpt":{"rendered":"<p>El codi del nostre\u00a0centre \u00e9s el 17010840 Preinscripci\u00f3 i matr\u00edcula El Departament d&#8217;Educaci\u00f3 i Formaci\u00f3 Professional ha preparat un web amb tota la informaci\u00f3 sobre el proc\u00e9s de preinscripci\u00f3 i matr\u00edcula a l&#8217;ESO. Les dates de preinscripci\u00f3 per al curs 2026-27 seran del 6 al 18 de mar\u00e7 (ambd\u00f3s inclosos). Consulta i fes la preinscripci\u00f3 [&hellip;]<\/p>\n","protected":false},"author":3,"featured_media":4162,"parent":81,"menu_order":0,"comment_status":"closed","ping_status":"closed","template":"","meta":{"_bbp_topic_count":0,"_bbp_reply_count":0,"_bbp_total_topic_count":0,"_bbp_total_reply_count":0,"_bbp_voice_count":0,"_bbp_anonymous_reply_count":0,"_bbp_topic_count_hidden":0,"_bbp_reply_count_hidden":0,"_bbp_forum_subforum_count":0,"site-sidebar-layout":"default","site-content-layout":"","ast-site-content-layout":"default","site-content-style":"default","site-sidebar-style":"default","ast-global-header-display":"","ast-banner-title-visibility":"","ast-main-header-display":"","ast-hfb-above-header-display":"","ast-hfb-below-header-display":"","ast-hfb-mobile-header-display":"","site-post-title":"","ast-breadcrumbs-content":"","ast-featured-img":"","footer-sml-layout":"","theme-transparent-header-meta":"","adv-header-id-meta":"","stick-header-meta":"","header-above-stick-meta":"","header-main-stick-meta":"","header-below-stick-meta":"","astra-migrate-meta-layouts":"set","ast-page-background-enabled":"default","ast-page-background-meta":{"desktop":{"background-color":"var(--ast-global-color-4)","background-image":"","background-repeat":"repeat","background-position":"center center","background-size":"auto","background-attachment":"scroll","background-type":"","background-media":"","overlay-type":"","overlay-color":"","overlay-opacity":"","overlay-gradient":""},"tablet":{"background-color":"","background-image":"","background-repeat":"repeat","background-position":"center center","background-size":"auto","background-attachment":"scroll","background-type":"","background-media":"","overlay-type":"","overlay-color":"","overlay-opacity":"","overlay-gradient":""},"mobile":{"background-color":"","background-image":"","background-repeat":"repeat","background-position":"center center","background-size":"auto","background-attachment":"scroll","background-type":"","background-media":"","overlay-type":"","overlay-color":"","overlay-opacity":"","overlay-gradient":""}},"ast-content-background-meta":{"desktop":{"background-color":"var(--ast-global-color-5)","background-image":"","background-repeat":"repeat","background-position":"center center","background-size":"auto","background-attachment":"scroll","background-type":"","background-media":"","overlay-type":"","overlay-color":"","overlay-opacity":"","overlay-gradient":""},"tablet":{"background-color":"var(--ast-global-color-5)","background-image":"","background-repeat":"repeat","background-position":"center center","background-size":"auto","background-attachment":"scroll","background-type":"","background-media":"","overlay-type":"","overlay-color":"","overlay-opacity":"","overlay-gradient":""},"mobile":{"background-color":"var(--ast-global-color-5)","background-image":"","background-repeat":"repeat","background-position":"center center","background-size":"auto","background-attachment":"scroll","background-type":"","background-media":"","overlay-type":"","overlay-color":"","overlay-opacity":"","overlay-gradient":""}},"footnotes":""},"class_list":["post-650","page","type-page","status-publish","has-post-thumbnail","hentry"],"post_mailing_queue_ids":[],"_links":{"self":[{"href":"https:\/\/agora.xtec.cat\/institutlasureda\/wp-json\/wp\/v2\/pages\/650","targetHints":{"allow":["GET"]}}],"collection":[{"href":"https:\/\/agora.xtec.cat\/institutlasureda\/wp-json\/wp\/v2\/pages"}],"about":[{"href":"https:\/\/agora.xtec.cat\/institutlasureda\/wp-json\/wp\/v2\/types\/page"}],"author":[{"embeddable":true,"href":"https:\/\/agora.xtec.cat\/institutlasureda\/wp-json\/wp\/v2\/users\/3"}],"replies":[{"embeddable":true,"href":"https:\/\/agora.xtec.cat\/institutlasureda\/wp-json\/wp\/v2\/comments?post=650"}],"version-history":[{"count":6,"href":"https:\/\/agora.xtec.cat\/institutlasureda\/wp-json\/wp\/v2\/pages\/650\/revisions"}],"predecessor-version":[{"id":4901,"href":"https:\/\/agora.xtec.cat\/institutlasureda\/wp-json\/wp\/v2\/pages\/650\/revisions\/4901"}],"up":[{"embeddable":true,"href":"https:\/\/agora.xtec.cat\/institutlasureda\/wp-json\/wp\/v2\/pages\/81"}],"wp:featuredmedia":[{"embeddable":true,"href":"https:\/\/agora.xtec.cat\/institutlasureda\/wp-json\/wp\/v2\/media\/4162"}],"wp:attachment":[{"href":"https:\/\/agora.xtec.cat\/institutlasureda\/wp-json\/wp\/v2\/media?parent=650"}],"curies":[{"name":"wp","href":"https:\/\/api.w.org\/{rel}","templated":true}]}}