{"id":65,"date":"2014-09-18T10:12:22","date_gmt":"2014-09-18T10:12:22","guid":{"rendered":"http:\/\/agora.xtec.cat\/institutlasureda\/?page_id=65"},"modified":"2025-03-19T15:01:21","modified_gmt":"2025-03-19T14:01:21","slug":"serveis-digitals","status":"publish","type":"page","link":"https:\/\/agora.xtec.cat\/institutlasureda\/serveis-digitals\/","title":{"rendered":"Estrat\u00e8gia digital de centre"},"content":{"rendered":"<p class=\"CDt4Ke zfr3Q\" dir=\"ltr\">En el Projecte educatiu del Centre es detallen els aspectes relatius a la tecnologia digital. L&#8217; Ins La Sureda\u00a0 fa una aposta per la digitalitzaci\u00f3. Aix\u00ed, tot l&#8217;alumnat i professorat disposa d&#8217;un usuari corporatiu que els permet tenir serveis com s\u00f3n el correu electr\u00f2nic o l&#8217;emmagatzematge al n\u00favol. Amb aquests usuaris es realitza tota la comunicaci\u00f3 del centre. D&#8217;altra banda des del nostre institut vetllem i us encoratgem a fer \u00fas de les tecnologies digitals. En el seg\u00fcent enlla\u00e7 trobareu tota la informaci\u00f3 pel que fa a la nostra estrat\u00e8gia digital.<\/p>\n<p><a href=\"https:\/\/sites.google.com\/xtec.cat\/edc-ins-la-sureda\/presentaci%C3%B3-de-ledc?authuser=0\">Estrat\u00e8gia digital de centre<\/a><\/p>\n<table style=\"border-collapse: collapse; width: 100%;\">\n<tbody>\n<tr>\n<td style=\"width: 25%;\"><a href=\"https:\/\/agora.xtec.cat\/institutlasureda\/wp-content\/uploads\/usu2113\/2024\/02\/Orientacions-generals.pdf\">Orientacions generals de l&#8217;\u00fas d&#8217;eines digitals<\/a><\/td>\n<td style=\"width: 25%;\"><a href=\"https:\/\/agora.xtec.cat\/institutlasureda\/wp-content\/uploads\/usu2113\/2024\/02\/Acompanyament-digital-secundaria.pdf\">Acompanyament digital secund\u00e0ria<\/a><\/td>\n<td style=\"width: 33.3333%;\"><a href=\"https:\/\/agora.xtec.cat\/institutlasureda\/wp-content\/uploads\/usu2113\/2024\/02\/Acompanyament-digital-etapa-postobligatoria-i-adulta.pdf\">Acompanyament digital etapa post obligat\u00f2ria i adulta<\/a><\/td>\n<td style=\"width: 25%;\"><a href=\"https:\/\/view.genial.ly\/66040dd480b7f0001412c30e\/interactive-content-benestar-digital\">Benestar digital<\/a><\/td>\n<\/tr>\n<\/tbody>\n<\/table>\n<table style=\"border-collapse: collapse; width: 100%;\">\n<tbody>\n<tr>\n<td style=\"width: 20%;\"><a href=\"https:\/\/docs.google.com\/presentation\/d\/18wi5XUNDI3lhnhUxl0dBAn-b9zSuWx8yxjg2TK6pzaw\/edit?usp=sharing\">Funcionament iEduca i Classroom<\/a><\/td>\n<td style=\"width: 20%;\"><a href=\"https:\/\/somconnexio.coop\/educacio\/arriba-el-repte-sense-mobil-per-a-families\/?utm_source=email&amp;utm_medium=referral&amp;utm_campaign=difusioreptesensemobil&amp;utm_content=articleguiarepte\" target=\"_blank\" rel=\"noopener\">Guia per aconseguir una relaci\u00f3 m\u00e9s sana amb el m\u00f2bil, en fam\u00edlia<\/a><\/td>\n<td style=\"width: 20%;\"><\/td>\n<td style=\"width: 20%;\"><\/td>\n<td style=\"width: 20%;\"><\/td>\n<\/tr>\n<\/tbody>\n<\/table>\n","protected":false},"excerpt":{"rendered":"<p>En el Projecte educatiu del Centre es detallen els aspectes relatius a la tecnologia digital. L&#8217; Ins La Sureda\u00a0 fa una aposta per la digitalitzaci\u00f3. Aix\u00ed, tot l&#8217;alumnat i professorat disposa d&#8217;un usuari corporatiu que els permet tenir serveis com s\u00f3n el correu electr\u00f2nic o l&#8217;emmagatzematge al n\u00favol. Amb aquests usuaris es realitza tota la [&hellip;]<\/p>\n","protected":false},"author":1,"featured_media":0,"parent":0,"menu_order":10,"comment_status":"closed","ping_status":"closed","template":"page-templates\/side-menu.php","meta":{"_bbp_topic_count":0,"_bbp_reply_count":0,"_bbp_total_topic_count":0,"_bbp_total_reply_count":0,"_bbp_voice_count":0,"_bbp_anonymous_reply_count":0,"_bbp_topic_count_hidden":0,"_bbp_reply_count_hidden":0,"_bbp_forum_subforum_count":0,"site-sidebar-layout":"default","site-content-layout":"","ast-site-content-layout":"","site-content-style":"default","site-sidebar-style":"default","ast-global-header-display":"","ast-banner-title-visibility":"","ast-main-header-display":"","ast-hfb-above-header-display":"","ast-hfb-below-header-display":"","ast-hfb-mobile-header-display":"","site-post-title":"","ast-breadcrumbs-content":"","ast-featured-img":"","footer-sml-layout":"","theme-transparent-header-meta":"","adv-header-id-meta":"","stick-header-meta":"","header-above-stick-meta":"","header-main-stick-meta":"","header-below-stick-meta":"","astra-migrate-meta-layouts":"default","ast-page-background-enabled":"default","ast-page-background-meta":{"desktop":{"background-color":"var(--ast-global-color-4)","background-image":"","background-repeat":"repeat","background-position":"center center","background-size":"auto","background-attachment":"scroll","background-type":"","background-media":"","overlay-type":"","overlay-color":"","overlay-opacity":"","overlay-gradient":""},"tablet":{"background-color":"","background-image":"","background-repeat":"repeat","background-position":"center center","background-size":"auto","background-attachment":"scroll","background-type":"","background-media":"","overlay-type":"","overlay-color":"","overlay-opacity":"","overlay-gradient":""},"mobile":{"background-color":"","background-image":"","background-repeat":"repeat","background-position":"center center","background-size":"auto","background-attachment":"scroll","background-type":"","background-media":"","overlay-type":"","overlay-color":"","overlay-opacity":"","overlay-gradient":""}},"ast-content-background-meta":{"desktop":{"background-color":"var(--ast-global-color-5)","background-image":"","background-repeat":"repeat","background-position":"center center","background-size":"auto","background-attachment":"scroll","background-type":"","background-media":"","overlay-type":"","overlay-color":"","overlay-opacity":"","overlay-gradient":""},"tablet":{"background-color":"var(--ast-global-color-5)","background-image":"","background-repeat":"repeat","background-position":"center center","background-size":"auto","background-attachment":"scroll","background-type":"","background-media":"","overlay-type":"","overlay-color":"","overlay-opacity":"","overlay-gradient":""},"mobile":{"background-color":"var(--ast-global-color-5)","background-image":"","background-repeat":"repeat","background-position":"center center","background-size":"auto","background-attachment":"scroll","background-type":"","background-media":"","overlay-type":"","overlay-color":"","overlay-opacity":"","overlay-gradient":""}},"footnotes":""},"class_list":["post-65","page","type-page","status-publish","hentry"],"post_mailing_queue_ids":[],"_links":{"self":[{"href":"https:\/\/agora.xtec.cat\/institutlasureda\/wp-json\/wp\/v2\/pages\/65","targetHints":{"allow":["GET"]}}],"collection":[{"href":"https:\/\/agora.xtec.cat\/institutlasureda\/wp-json\/wp\/v2\/pages"}],"about":[{"href":"https:\/\/agora.xtec.cat\/institutlasureda\/wp-json\/wp\/v2\/types\/page"}],"author":[{"embeddable":true,"href":"https:\/\/agora.xtec.cat\/institutlasureda\/wp-json\/wp\/v2\/users\/1"}],"replies":[{"embeddable":true,"href":"https:\/\/agora.xtec.cat\/institutlasureda\/wp-json\/wp\/v2\/comments?post=65"}],"version-history":[{"count":6,"href":"https:\/\/agora.xtec.cat\/institutlasureda\/wp-json\/wp\/v2\/pages\/65\/revisions"}],"predecessor-version":[{"id":4222,"href":"https:\/\/agora.xtec.cat\/institutlasureda\/wp-json\/wp\/v2\/pages\/65\/revisions\/4222"}],"wp:attachment":[{"href":"https:\/\/agora.xtec.cat\/institutlasureda\/wp-json\/wp\/v2\/media?parent=65"}],"curies":[{"name":"wp","href":"https:\/\/api.w.org\/{rel}","templated":true}]}}