{"id":551,"date":"2020-03-16T23:33:34","date_gmt":"2020-03-16T22:33:34","guid":{"rendered":"https:\/\/agora.xtec.cat\/institutlasureda\/?page_id=551"},"modified":"2025-10-14T15:58:03","modified_gmt":"2025-10-14T13:58:03","slug":"projectes","status":"publish","type":"page","link":"https:\/\/agora.xtec.cat\/institutlasureda\/projectes\/","title":{"rendered":"Projectes, programes i serveis"},"content":{"rendered":"\n<p class=\"has-black-color has-ast-global-color-0-background-color has-text-color has-background has-link-color has-large-font-size wp-elements-fd43614073fd4af6c4326edff36304c7\"><strong>Projectes<\/strong><\/p>\n\n\n\n<p>A l&#8217;institut La Sureda desenvolupem <strong>projectes propis<\/strong>, participem en programes d&#8217;innovaci\u00f3 pedag\u00f2gica, i tamb\u00e9 d&#8217;altres de l&#8217;\u00e0mbit social, municipal i de la salut.<\/p>\n\n\n\n<div class=\"wp-block-media-text is-stacked-on-mobile\"><figure class=\"wp-block-media-text__media\"><img loading=\"lazy\" decoding=\"async\" width=\"553\" height=\"388\" src=\"https:\/\/agora.xtec.cat\/institutlasureda\/wp-content\/uploads\/usu2113\/2025\/09\/coeducat-1.png\" alt=\"\" class=\"wp-image-4535 size-full\" srcset=\"https:\/\/agora.xtec.cat\/institutlasureda\/wp-content\/uploads\/usu2113\/2025\/09\/coeducat-1.png 553w, https:\/\/agora.xtec.cat\/institutlasureda\/wp-content\/uploads\/usu2113\/2025\/09\/coeducat-1-300x210.png 300w\" sizes=\"auto, (max-width: 553px) 100vw, 553px\" \/><\/figure><div class=\"wp-block-media-text__content\">\n<p><strong>Comissi\u00f3 de co-educaci\u00f3<\/strong>: Treballem la perspectiva de g\u00e8nere, el feminisme i el respecte a la diversitat.&nbsp; Organitzem activitats i participem dels actes i celebracions que es fan a Palafrugell en col\u00b7laboraci\u00f3 amb entitats municipals.<\/p>\n\n\n\n<div class=\"wp-block-buttons is-layout-flex wp-block-buttons-is-layout-flex\">\n<div class=\"wp-block-button\"><a class=\"wp-block-button__link wp-element-button\" href=\"https:\/\/sites.google.com\/inslasureda.cat\/coeducat-lasureda\/coeducat\">M\u00e9s informaci\u00f3<\/a><\/div>\n<\/div>\n<\/div><\/div>\n\n\n\n<div class=\"wp-block-media-text has-media-on-the-right is-stacked-on-mobile\"><div class=\"wp-block-media-text__content\">\n<p><b>Escoles verdes i sostenibilitat: <\/b>Els delegats i delegades verds treballen per assolir els objectius de sostenibilitat i respecte al medi ambient.<\/p>\n\n\n\n<div class=\"wp-block-buttons is-layout-flex wp-block-buttons-is-layout-flex\">\n<div class=\"wp-block-button\"><a class=\"wp-block-button__link wp-element-button\" href=\"https:\/\/sites.google.com\/xtec.cat\/sostenibilitatlasureda\/inici\">M\u00e9s informaci\u00f3<\/a><\/div>\n<\/div>\n<\/div><figure class=\"wp-block-media-text__media\"><img loading=\"lazy\" decoding=\"async\" width=\"274\" height=\"254\" src=\"https:\/\/agora.xtec.cat\/institutlasureda\/wp-content\/uploads\/usu2113\/2025\/09\/xarxa-escoles-verdes.jpg\" alt=\"\" class=\"wp-image-4537 size-full\"\/><\/figure><\/div>\n\n\n\n<div class=\"wp-block-media-text is-stacked-on-mobile\"><figure class=\"wp-block-media-text__media\"><img loading=\"lazy\" decoding=\"async\" width=\"800\" height=\"800\" src=\"https:\/\/agora.xtec.cat\/institutlasureda\/wp-content\/uploads\/usu2113\/2025\/09\/projecte-escoltam.png\" alt=\"\" class=\"wp-image-4539 size-full\" srcset=\"https:\/\/agora.xtec.cat\/institutlasureda\/wp-content\/uploads\/usu2113\/2025\/09\/projecte-escoltam.png 800w, https:\/\/agora.xtec.cat\/institutlasureda\/wp-content\/uploads\/usu2113\/2025\/09\/projecte-escoltam-300x300.png 300w, https:\/\/agora.xtec.cat\/institutlasureda\/wp-content\/uploads\/usu2113\/2025\/09\/projecte-escoltam-150x150.png 150w, https:\/\/agora.xtec.cat\/institutlasureda\/wp-content\/uploads\/usu2113\/2025\/09\/projecte-escoltam-768x768.png 768w\" sizes=\"auto, (max-width: 800px) 100vw, 800px\" \/><\/figure><div class=\"wp-block-media-text__content\">\n<p><strong>Projecte escolta\u2019m.<\/strong> Les tutories tenen un paper essencial en el funcionament de l&#8217;institut. Amb aquest projecte, el tutor o tutora fa un seguiment personalitzat de l&#8217;alumnat del grup a trav\u00e9s de tutories en petit grup o individualitzades en horari lectiu de l&#8217;alumnat.<\/p>\n<\/div><\/div>\n\n\n\n<div class=\"wp-block-media-text has-media-on-the-right is-stacked-on-mobile\"><div class=\"wp-block-media-text__content\">\n<p><strong>Projecte Aules Netes<\/strong> \u00e9s un concurs per fomentar que l\u2019alumnat redueixi els residus generats i que mantingui l\u2019aula en bones condicions. Alguns centres l\u2019estan aplicant i nosaltres portem a terme la nostra versi\u00f3.<\/p>\n<\/div><figure class=\"wp-block-media-text__media\"><img loading=\"lazy\" decoding=\"async\" width=\"800\" height=\"800\" src=\"https:\/\/agora.xtec.cat\/institutlasureda\/wp-content\/uploads\/usu2113\/2025\/09\/projecte-escoltam-1.png\" alt=\"\" class=\"wp-image-4540 size-full\" srcset=\"https:\/\/agora.xtec.cat\/institutlasureda\/wp-content\/uploads\/usu2113\/2025\/09\/projecte-escoltam-1.png 800w, https:\/\/agora.xtec.cat\/institutlasureda\/wp-content\/uploads\/usu2113\/2025\/09\/projecte-escoltam-1-300x300.png 300w, https:\/\/agora.xtec.cat\/institutlasureda\/wp-content\/uploads\/usu2113\/2025\/09\/projecte-escoltam-1-150x150.png 150w, https:\/\/agora.xtec.cat\/institutlasureda\/wp-content\/uploads\/usu2113\/2025\/09\/projecte-escoltam-1-768x768.png 768w\" sizes=\"auto, (max-width: 800px) 100vw, 800px\" \/><\/figure><\/div>\n\n\n\n<div class=\"wp-block-media-text is-stacked-on-mobile\"><figure class=\"wp-block-media-text__media\"><img loading=\"lazy\" decoding=\"async\" width=\"263\" height=\"262\" src=\"https:\/\/agora.xtec.cat\/institutlasureda\/wp-content\/uploads\/usu2113\/2025\/09\/salut-i-escola.png\" alt=\"\" class=\"wp-image-4541 size-full\" srcset=\"https:\/\/agora.xtec.cat\/institutlasureda\/wp-content\/uploads\/usu2113\/2025\/09\/salut-i-escola.png 263w, https:\/\/agora.xtec.cat\/institutlasureda\/wp-content\/uploads\/usu2113\/2025\/09\/salut-i-escola-150x150.png 150w\" sizes=\"auto, (max-width: 263px) 100vw, 263px\" \/><\/figure><div class=\"wp-block-media-text__content\">\n<p><strong>Salut i escola <\/strong>\u00e9s un programa impulsat pel Departament d\u2019Educaci\u00f3 i el Departament de Salut t\u00e9 la finalitat de millorar la salut dels adolescents mitjan\u00e7ant accions que promocionen h\u00e0bits saludables,&nbsp; prevenen&nbsp; situacions de risc, i ajuden a detectar preco\u00e7ment&nbsp; problemes relacionats amb la salut.<\/p>\n<\/div><\/div>\n\n\n\n<div class=\"wp-block-media-text has-media-on-the-right is-stacked-on-mobile\"><div class=\"wp-block-media-text__content\">\n<p><strong>El projecte \u201cSigues tu\u201d<\/strong> \u00e9s un projecte de DipSalut per treballar les habilitats per la vida i que s\u2019inclou dins el Pla d\u2019acci\u00f3 tutorial.<\/p>\n\n\n\n<div class=\"wp-block-buttons is-layout-flex wp-block-buttons-is-layout-flex\">\n<div class=\"wp-block-button\"><a class=\"wp-block-button__link wp-element-button\" href=\"https:\/\/www.siguestu.cat\/\">M\u00e9s informaci\u00f3<\/a><\/div>\n<\/div>\n<\/div><figure class=\"wp-block-media-text__media\"><img loading=\"lazy\" decoding=\"async\" width=\"230\" height=\"201\" src=\"https:\/\/agora.xtec.cat\/institutlasureda\/wp-content\/uploads\/usu2113\/2025\/09\/sigues-tu-1.png\" alt=\"\" class=\"wp-image-4551 size-full\"\/><\/figure><\/div>\n\n\n\n<div class=\"wp-block-media-text is-stacked-on-mobile\"><figure class=\"wp-block-media-text__media\"><img loading=\"lazy\" decoding=\"async\" width=\"254\" height=\"246\" src=\"https:\/\/agora.xtec.cat\/institutlasureda\/wp-content\/uploads\/usu2113\/2025\/09\/ciutat-educadora.png\" alt=\"\" class=\"wp-image-4544 size-full\"\/><\/figure><div class=\"wp-block-media-text__content\">\n<p><strong>Consell municipal d&#8217;adolescents<\/strong>&nbsp;\u00e9s un projecte de l\u2019ajuntament que des del centre recolzem i en refor\u00e7arem la participaci\u00f3 del nostre alumnat.<\/p>\n\n\n\n<div class=\"wp-block-buttons is-layout-flex wp-block-buttons-is-layout-flex\">\n<div class=\"wp-block-button\"><a class=\"wp-block-button__link wp-element-button\" href=\"https:\/\/www.palafrugell.cat\/l-ajuntament\/organs-de-participacio\/consell-d-adolescents\">M\u00e9s informaci\u00f3 <\/a><\/div>\n<\/div>\n<\/div><\/div>\n\n\n\n<div class=\"wp-block-media-text has-media-on-the-right is-stacked-on-mobile\"><div class=\"wp-block-media-text__content\">\n<p><strong>PalaRob\u00f2tica<\/strong> \u00e9s un projecte municipal per fomentar la rob\u00f2tica als centres escolars, hi participen les escoles i instituts del municipi. Hem dissenyat una optativa espec\u00edfica per participar-hi.<\/p>\n\n\n\n<div class=\"wp-block-buttons is-layout-flex wp-block-buttons-is-layout-flex\">\n<div class=\"wp-block-button\"><a class=\"wp-block-button__link wp-element-button\" href=\"https:\/\/sites.google.com\/xtec.cat\/palarobtica\/inici\">M\u00e9s informaci\u00f3<\/a><\/div>\n<\/div>\n<\/div><figure class=\"wp-block-media-text__media\"><img loading=\"lazy\" decoding=\"async\" width=\"320\" height=\"180\" src=\"https:\/\/agora.xtec.cat\/institutlasureda\/wp-content\/uploads\/usu2113\/2025\/09\/pala-robotica.jpg\" alt=\"\" class=\"wp-image-4545 size-full\" srcset=\"https:\/\/agora.xtec.cat\/institutlasureda\/wp-content\/uploads\/usu2113\/2025\/09\/pala-robotica.jpg 320w, https:\/\/agora.xtec.cat\/institutlasureda\/wp-content\/uploads\/usu2113\/2025\/09\/pala-robotica-300x169.jpg 300w\" sizes=\"auto, (max-width: 320px) 100vw, 320px\" \/><\/figure><\/div>\n\n\n\n<div class=\"wp-block-media-text is-stacked-on-mobile\"><figure class=\"wp-block-media-text__media\"><img loading=\"lazy\" decoding=\"async\" width=\"800\" height=\"800\" src=\"https:\/\/agora.xtec.cat\/institutlasureda\/wp-content\/uploads\/usu2113\/2025\/09\/projecte-escoltam-2.png\" alt=\"\" class=\"wp-image-4546 size-full\" srcset=\"https:\/\/agora.xtec.cat\/institutlasureda\/wp-content\/uploads\/usu2113\/2025\/09\/projecte-escoltam-2.png 800w, https:\/\/agora.xtec.cat\/institutlasureda\/wp-content\/uploads\/usu2113\/2025\/09\/projecte-escoltam-2-300x300.png 300w, https:\/\/agora.xtec.cat\/institutlasureda\/wp-content\/uploads\/usu2113\/2025\/09\/projecte-escoltam-2-150x150.png 150w, https:\/\/agora.xtec.cat\/institutlasureda\/wp-content\/uploads\/usu2113\/2025\/09\/projecte-escoltam-2-768x768.png 768w\" sizes=\"auto, (max-width: 800px) 100vw, 800px\" \/><\/figure><div class=\"wp-block-media-text__content\">\n<p><strong>Pla lector. <\/strong>Cada dia es dedica mitja hora a llegir a classe alguna de les lectures proposades a la caixa de llibres de l\u2019aula o que es porten de casa. \u00c9s un projecte per fomentar el gust per la lectura.<\/p>\n<\/div><\/div>\n\n\n\n<div class=\"wp-block-media-text has-media-on-the-right is-stacked-on-mobile\"><div class=\"wp-block-media-text__content\">\n<p><strong>Consell de delegats\/des.&nbsp;<\/strong>Els representants de les diferents tutories es reuneixen mensualment amb direcci\u00f3 per tractar temes de funcionament de centre.<\/p>\n<\/div><figure class=\"wp-block-media-text__media\"><img loading=\"lazy\" decoding=\"async\" width=\"800\" height=\"800\" src=\"https:\/\/agora.xtec.cat\/institutlasureda\/wp-content\/uploads\/usu2113\/2025\/09\/projecte-escoltam-3.png\" alt=\"\" class=\"wp-image-4549 size-full\" srcset=\"https:\/\/agora.xtec.cat\/institutlasureda\/wp-content\/uploads\/usu2113\/2025\/09\/projecte-escoltam-3.png 800w, https:\/\/agora.xtec.cat\/institutlasureda\/wp-content\/uploads\/usu2113\/2025\/09\/projecte-escoltam-3-300x300.png 300w, https:\/\/agora.xtec.cat\/institutlasureda\/wp-content\/uploads\/usu2113\/2025\/09\/projecte-escoltam-3-150x150.png 150w, https:\/\/agora.xtec.cat\/institutlasureda\/wp-content\/uploads\/usu2113\/2025\/09\/projecte-escoltam-3-768x768.png 768w\" sizes=\"auto, (max-width: 800px) 100vw, 800px\" \/><\/figure><\/div>\n\n\n\n<p class=\"has-ast-global-color-0-background-color has-background has-large-font-size\"><strong>Programes d&#8217;innovaci\u00f3 pedag\u00f2gica<\/strong><\/p>\n\n\n\n<div class=\"wp-block-buttons is-layout-flex wp-block-buttons-is-layout-flex\">\n<div class=\"wp-block-button has-custom-width wp-block-button__width-50\"><a class=\"wp-block-button__link wp-element-button\" href=\"https:\/\/agora.xtec.cat\/institutlasureda\/categoria\/steamcat\/\" style=\"padding-top:var(--wp--preset--spacing--40);padding-bottom:var(--wp--preset--spacing--40)\">Comunitat de pr\u00e0ctiques SteamCat<\/a><\/div>\n\n\n\n<div class=\"wp-block-button has-custom-width wp-block-button__width-50\"><a class=\"wp-block-button__link wp-element-button\" href=\"https:\/\/agora.xtec.cat\/institutlasureda\/categoria\/steamcat\/\" style=\"padding-top:var(--wp--preset--spacing--40);padding-bottom:var(--wp--preset--spacing--40)\">Xarxa de compet\u00e8ncies<\/a><\/div>\n<\/div>\n\n\n\n<div class=\"wp-block-buttons is-layout-flex wp-block-buttons-is-layout-flex\">\n<div class=\"wp-block-button has-custom-width wp-block-button__width-50\"><a class=\"wp-block-button__link wp-element-button\" href=\"https:\/\/agora.xtec.cat\/institutlasureda\/programes-dinnovacio-pedagogica\/mufps\/\" style=\"padding-top:var(--wp--preset--spacing--40);padding-bottom:var(--wp--preset--spacing--40)\">Programa MUFPS<\/a><\/div>\n\n\n\n<div class=\"wp-block-button has-custom-width wp-block-button__width-50\"><a class=\"wp-block-button__link wp-element-button\" href=\"https:\/\/agora.xtec.cat\/institutlasureda\/programes-dinnovacio-pedagogica\/mufps\/\" style=\"padding-top:var(--wp--preset--spacing--40);padding-bottom:var(--wp--preset--spacing--40)\">Xarxa de compet\u00e8ncia lectora<\/a><\/div>\n<\/div>\n\n\n\n<div class=\"wp-block-buttons is-layout-flex wp-block-buttons-is-layout-flex\">\n<div class=\"wp-block-button has-custom-width wp-block-button__width-50\"><a class=\"wp-block-button__link wp-element-button\" style=\"padding-top:var(--wp--preset--spacing--40);padding-bottom:var(--wp--preset--spacing--40)\">Xarxa de compet\u00e8ncies\u00a0<\/a><\/div>\n<\/div>\n\n\n\n<p><\/p>\n","protected":false},"excerpt":{"rendered":"<p>Projectes A l&#8217;institut La Sureda desenvolupem projectes propis, participem en programes d&#8217;innovaci\u00f3 pedag\u00f2gica, i tamb\u00e9 d&#8217;altres de l&#8217;\u00e0mbit social, municipal i de la salut. Projecte escolta\u2019m. Les tutories tenen un paper essencial en el funcionament de l&#8217;institut. Amb aquest projecte, el tutor o tutora fa un seguiment personalitzat de l&#8217;alumnat del grup a trav\u00e9s de [&hellip;]<\/p>\n","protected":false},"author":1,"featured_media":0,"parent":0,"menu_order":0,"comment_status":"closed","ping_status":"closed","template":"","meta":{"_bbp_topic_count":0,"_bbp_reply_count":0,"_bbp_total_topic_count":0,"_bbp_total_reply_count":0,"_bbp_voice_count":0,"_bbp_anonymous_reply_count":0,"_bbp_topic_count_hidden":0,"_bbp_reply_count_hidden":0,"_bbp_forum_subforum_count":0,"site-sidebar-layout":"default","site-content-layout":"","ast-site-content-layout":"default","site-content-style":"default","site-sidebar-style":"default","ast-global-header-display":"","ast-banner-title-visibility":"","ast-main-header-display":"","ast-hfb-above-header-display":"","ast-hfb-below-header-display":"","ast-hfb-mobile-header-display":"","site-post-title":"","ast-breadcrumbs-content":"","ast-featured-img":"","footer-sml-layout":"","theme-transparent-header-meta":"","adv-header-id-meta":"","stick-header-meta":"","header-above-stick-meta":"","header-main-stick-meta":"","header-below-stick-meta":"","astra-migrate-meta-layouts":"set","ast-page-background-enabled":"default","ast-page-background-meta":{"desktop":{"background-color":"var(--ast-global-color-4)","background-image":"","background-repeat":"repeat","background-position":"center center","background-size":"auto","background-attachment":"scroll","background-type":"","background-media":"","overlay-type":"","overlay-color":"","overlay-opacity":"","overlay-gradient":""},"tablet":{"background-color":"","background-image":"","background-repeat":"repeat","background-position":"center center","background-size":"auto","background-attachment":"scroll","background-type":"","background-media":"","overlay-type":"","overlay-color":"","overlay-opacity":"","overlay-gradient":""},"mobile":{"background-color":"","background-image":"","background-repeat":"repeat","background-position":"center center","background-size":"auto","background-attachment":"scroll","background-type":"","background-media":"","overlay-type":"","overlay-color":"","overlay-opacity":"","overlay-gradient":""}},"ast-content-background-meta":{"desktop":{"background-color":"var(--ast-global-color-5)","background-image":"","background-repeat":"repeat","background-position":"center center","background-size":"auto","background-attachment":"scroll","background-type":"","background-media":"","overlay-type":"","overlay-color":"","overlay-opacity":"","overlay-gradient":""},"tablet":{"background-color":"var(--ast-global-color-5)","background-image":"","background-repeat":"repeat","background-position":"center center","background-size":"auto","background-attachment":"scroll","background-type":"","background-media":"","overlay-type":"","overlay-color":"","overlay-opacity":"","overlay-gradient":""},"mobile":{"background-color":"var(--ast-global-color-5)","background-image":"","background-repeat":"repeat","background-position":"center center","background-size":"auto","background-attachment":"scroll","background-type":"","background-media":"","overlay-type":"","overlay-color":"","overlay-opacity":"","overlay-gradient":""}},"footnotes":""},"class_list":["post-551","page","type-page","status-publish","hentry"],"post_mailing_queue_ids":[],"_links":{"self":[{"href":"https:\/\/agora.xtec.cat\/institutlasureda\/wp-json\/wp\/v2\/pages\/551","targetHints":{"allow":["GET"]}}],"collection":[{"href":"https:\/\/agora.xtec.cat\/institutlasureda\/wp-json\/wp\/v2\/pages"}],"about":[{"href":"https:\/\/agora.xtec.cat\/institutlasureda\/wp-json\/wp\/v2\/types\/page"}],"author":[{"embeddable":true,"href":"https:\/\/agora.xtec.cat\/institutlasureda\/wp-json\/wp\/v2\/users\/1"}],"replies":[{"embeddable":true,"href":"https:\/\/agora.xtec.cat\/institutlasureda\/wp-json\/wp\/v2\/comments?post=551"}],"version-history":[{"count":6,"href":"https:\/\/agora.xtec.cat\/institutlasureda\/wp-json\/wp\/v2\/pages\/551\/revisions"}],"predecessor-version":[{"id":4604,"href":"https:\/\/agora.xtec.cat\/institutlasureda\/wp-json\/wp\/v2\/pages\/551\/revisions\/4604"}],"wp:attachment":[{"href":"https:\/\/agora.xtec.cat\/institutlasureda\/wp-json\/wp\/v2\/media?parent=551"}],"curies":[{"name":"wp","href":"https:\/\/api.w.org\/{rel}","templated":true}]}}