{"id":49,"date":"2014-09-17T16:55:55","date_gmt":"2014-09-17T16:55:55","guid":{"rendered":"http:\/\/agora.xtec.cat\/institutlasureda\/?page_id=49"},"modified":"2025-02-04T10:04:55","modified_gmt":"2025-02-04T09:04:55","slug":"normes-dorganitzacio-i-funcionament","status":"publish","type":"page","link":"https:\/\/agora.xtec.cat\/institutlasureda\/linstitut\/normes-dorganitzacio-i-funcionament\/","title":{"rendered":"Normes i funcionament"},"content":{"rendered":"<p style=\"text-align: justify;\">Les NOFCs del centre formen el document que recull els acords i decisions d\u2019organitzaci\u00f3 i funcionament de centre adoptades per tal que es pugui fer una feina i gesti\u00f3 educativa que permeti assolir els objectius del PEC i de la PGA. Cada curs acad\u00e8mic es revisaran les NOFCs i s\u2019aprovaran en un claustre. Aquest document recull l\u2019estructura organitzativa de govern i de coordinaci\u00f3 del centre, la concreci\u00f3 de les previsions del PEC per orientar l\u2019organitzaci\u00f3 pedag\u00f2gica, el retiment de comptes al consell Escolar amb relaci\u00f3 a la gesti\u00f3 del PEC, el procediment d\u2019aprovaci\u00f3, revisi\u00f3 i actualitzaci\u00f3 del PEC, els mecanismes que han d\u2019afavorir i facilitar el treball en equip del personal del centre, les concrecions que escaiguin sobre la participaci\u00f3 en el centre dels sectors de la comunitat escolar i sobre l\u2019intercanvi d\u2019informaci\u00f3 entre el centre i les fam\u00edlies, col\u00b7lectivament i individualment, aix\u00ed com els mecanismes de publicitat necessaris perqu\u00e8 les fam\u00edlies puguin exercir el seu dret a ser informades, l\u2019aplicaci\u00f3 de mesures per a la promoci\u00f3 de la conviv\u00e8ncia i dels mecanismes de mediaci\u00f3, aix\u00ed com la definici\u00f3 de les irregularitats en qu\u00e8 pot inc\u00f3rrer l\u2019alumnat quan no siguin greument perjudicials per a la conviv\u00e8ncia i l\u2019establiment de les mesures correctores i finalment la resta d\u2019elements necessaris per a l\u2019organitzaci\u00f3 i el funcionament dels centres.<\/p>\n<p style=\"text-align: justify;\">Un dels punts que volem destacar de les NOFC de l\u2019Institut La Sureda \u00e9s el de l\u2019\u00fas del m\u00f2bil. Som un centre lliure de m\u00f2bils i a mesura que anem ampliant els nivells educatius es debatr\u00e0 amb la comunitat educativa el possible \u00fas pedag\u00f2gic dels dispositius m\u00f2bils de l\u2019alumnat. Pel que fa a la comunicaci\u00f3 amb les fam\u00edlies s\u00ed que es promour\u00e0 la comunicaci\u00f3 via m\u00f2bil a trav\u00e9s de l\u2019aplicaci\u00f3 de missatgeria instant\u00e0nia utilitzada al centre.<\/p>\n<p><a href=\"https:\/\/docs.google.com\/document\/d\/1wJNkrmmIYYAaW8KZ4GyX6c2EDntxeEaHQCCizuYKAwI\/edit?tab=t.0#heading=h.axr8e36tkny8\">NOFC_(Normes d&#8217;organitzaci\u00f3 i funcionament de centre)<\/a><\/p>\n","protected":false},"excerpt":{"rendered":"<p>Les NOFCs del centre formen el document que recull els acords i decisions d\u2019organitzaci\u00f3 i funcionament de centre adoptades per tal que es pugui fer una feina i gesti\u00f3 educativa que permeti assolir els objectius del PEC i de la PGA. Cada curs acad\u00e8mic es revisaran les NOFCs i s\u2019aprovaran en un claustre. Aquest document [&hellip;]<\/p>\n","protected":false},"author":1,"featured_media":0,"parent":19,"menu_order":60,"comment_status":"closed","ping_status":"closed","template":"page-templates\/side-menu.php","meta":{"_bbp_topic_count":0,"_bbp_reply_count":0,"_bbp_total_topic_count":0,"_bbp_total_reply_count":0,"_bbp_voice_count":0,"_bbp_anonymous_reply_count":0,"_bbp_topic_count_hidden":0,"_bbp_reply_count_hidden":0,"_bbp_forum_subforum_count":0,"site-sidebar-layout":"default","site-content-layout":"","ast-site-content-layout":"","site-content-style":"default","site-sidebar-style":"default","ast-global-header-display":"","ast-banner-title-visibility":"","ast-main-header-display":"","ast-hfb-above-header-display":"","ast-hfb-below-header-display":"","ast-hfb-mobile-header-display":"","site-post-title":"","ast-breadcrumbs-content":"","ast-featured-img":"","footer-sml-layout":"","theme-transparent-header-meta":"","adv-header-id-meta":"","stick-header-meta":"","header-above-stick-meta":"","header-main-stick-meta":"","header-below-stick-meta":"","astra-migrate-meta-layouts":"default","ast-page-background-enabled":"default","ast-page-background-meta":{"desktop":{"background-color":"var(--ast-global-color-4)","background-image":"","background-repeat":"repeat","background-position":"center center","background-size":"auto","background-attachment":"scroll","background-type":"","background-media":"","overlay-type":"","overlay-color":"","overlay-opacity":"","overlay-gradient":""},"tablet":{"background-color":"","background-image":"","background-repeat":"repeat","background-position":"center center","background-size":"auto","background-attachment":"scroll","background-type":"","background-media":"","overlay-type":"","overlay-color":"","overlay-opacity":"","overlay-gradient":""},"mobile":{"background-color":"","background-image":"","background-repeat":"repeat","background-position":"center center","background-size":"auto","background-attachment":"scroll","background-type":"","background-media":"","overlay-type":"","overlay-color":"","overlay-opacity":"","overlay-gradient":""}},"ast-content-background-meta":{"desktop":{"background-color":"var(--ast-global-color-5)","background-image":"","background-repeat":"repeat","background-position":"center center","background-size":"auto","background-attachment":"scroll","background-type":"","background-media":"","overlay-type":"","overlay-color":"","overlay-opacity":"","overlay-gradient":""},"tablet":{"background-color":"var(--ast-global-color-5)","background-image":"","background-repeat":"repeat","background-position":"center center","background-size":"auto","background-attachment":"scroll","background-type":"","background-media":"","overlay-type":"","overlay-color":"","overlay-opacity":"","overlay-gradient":""},"mobile":{"background-color":"var(--ast-global-color-5)","background-image":"","background-repeat":"repeat","background-position":"center center","background-size":"auto","background-attachment":"scroll","background-type":"","background-media":"","overlay-type":"","overlay-color":"","overlay-opacity":"","overlay-gradient":""}},"footnotes":""},"class_list":["post-49","page","type-page","status-publish","hentry"],"post_mailing_queue_ids":[],"_links":{"self":[{"href":"https:\/\/agora.xtec.cat\/institutlasureda\/wp-json\/wp\/v2\/pages\/49","targetHints":{"allow":["GET"]}}],"collection":[{"href":"https:\/\/agora.xtec.cat\/institutlasureda\/wp-json\/wp\/v2\/pages"}],"about":[{"href":"https:\/\/agora.xtec.cat\/institutlasureda\/wp-json\/wp\/v2\/types\/page"}],"author":[{"embeddable":true,"href":"https:\/\/agora.xtec.cat\/institutlasureda\/wp-json\/wp\/v2\/users\/1"}],"replies":[{"embeddable":true,"href":"https:\/\/agora.xtec.cat\/institutlasureda\/wp-json\/wp\/v2\/comments?post=49"}],"version-history":[{"count":6,"href":"https:\/\/agora.xtec.cat\/institutlasureda\/wp-json\/wp\/v2\/pages\/49\/revisions"}],"predecessor-version":[{"id":4062,"href":"https:\/\/agora.xtec.cat\/institutlasureda\/wp-json\/wp\/v2\/pages\/49\/revisions\/4062"}],"up":[{"embeddable":true,"href":"https:\/\/agora.xtec.cat\/institutlasureda\/wp-json\/wp\/v2\/pages\/19"}],"wp:attachment":[{"href":"https:\/\/agora.xtec.cat\/institutlasureda\/wp-json\/wp\/v2\/media?parent=49"}],"curies":[{"name":"wp","href":"https:\/\/api.w.org\/{rel}","templated":true}]}}