{"id":4612,"date":"2025-10-14T16:17:35","date_gmt":"2025-10-14T14:17:35","guid":{"rendered":"https:\/\/agora.xtec.cat\/institutlasureda\/?page_id=4612"},"modified":"2025-10-14T16:17:35","modified_gmt":"2025-10-14T14:17:35","slug":"steamcat","status":"publish","type":"page","link":"https:\/\/agora.xtec.cat\/institutlasureda\/projectes\/steamcat\/","title":{"rendered":"SteamCat"},"content":{"rendered":"\n<p>L\u2019Institut La Sureda forma part del programa d\u2019innovaci\u00f3 pedag\u00f2gica STEAMcat que consisteix en l\u2019acompanyament dels centres mitjan\u00e7ant assessorament, formacions i recursos en aquesta metodologia i la concreci\u00f3 d\u2019objectius per part del centre en la l\u00ednia dels del projecte general.\u00a0<\/p>\n\n\n\n<p><strong>Per\u00f2 qu\u00e8 vol dir STEAM?<\/strong>&nbsp;\ud83e\udd14 STEAM fa refer\u00e8ncia a un model pedag\u00f2gic amb un enfocament multidisciplinari que integra les disciplines de la&nbsp;<strong>ci\u00e8ncia, tecnologia, enginyeria, arts i matem\u00e0tiques<\/strong>.&nbsp;<\/p>\n\n\n\n<p>Dins el programa, treballem i plantegem actuacions per aconseguir els seg\u00fcents&nbsp;<strong>objectius<\/strong>:<\/p>\n\n\n\n<ol class=\"wp-block-list\">\n<li> Fomentar el gust per la ci\u00e8ncia i la tecnologia de l\u2019alumnat d\u2019ESO, en especial el de les noies i l\u2019alumnat desafavorit, tot fent \u00fas de metodologies transversals.\u00a0<\/li>\n\n\n\n<li>Millorar el pensament cr\u00edtic de l\u2019alumnat al llarg de l\u2019etapa d\u2019ESO a partir de les mat\u00e8ries STEAM.\u00a0<\/li>\n<\/ol>\n\n\n\n<p>Treballant en aquesta direcci\u00f3, potenciem la cerca de referents diversos en l\u2019\u00e0mbit cientificotecnol\u00f2gic i impulsem la participaci\u00f3 de tot l\u2019alumnat en les activitats complement\u00e0ries d\u2019aquest \u00e0mbit organitzades dins i fora del centre. Tamb\u00e9, hem comen\u00e7at a incorporar activitats que activin el pensament cr\u00edtic de l\u2019alumnat al nostre dia a dia a l\u2019aula. Per exemple, hem introdu\u00eft debats de pensament cr\u00edtic sobre les tem\u00e0tiques treballades dins els projectes trimestrals interdisciplinaris que realitzem.<\/p>\n\n\n\n<p>En aquest apartat, podreu veure una mostra del que anem fent al centre! \ud83e\udd17<\/p>\n","protected":false},"excerpt":{"rendered":"<p>L\u2019Institut La Sureda forma part del programa d\u2019innovaci\u00f3 pedag\u00f2gica STEAMcat que consisteix en l\u2019acompanyament dels centres mitjan\u00e7ant assessorament, formacions i recursos en aquesta metodologia i la concreci\u00f3 d\u2019objectius per part del centre en la l\u00ednia dels del projecte general.\u00a0 Per\u00f2 qu\u00e8 vol dir STEAM?&nbsp;\ud83e\udd14 STEAM fa refer\u00e8ncia a un model pedag\u00f2gic amb un enfocament multidisciplinari [&hellip;]<\/p>\n","protected":false},"author":49,"featured_media":0,"parent":551,"menu_order":0,"comment_status":"closed","ping_status":"close","template":"","meta":{"_bbp_topic_count":0,"_bbp_reply_count":0,"_bbp_total_topic_count":0,"_bbp_total_reply_count":0,"_bbp_voice_count":0,"_bbp_anonymous_reply_count":0,"_bbp_topic_count_hidden":0,"_bbp_reply_count_hidden":0,"_bbp_forum_subforum_count":0,"site-sidebar-layout":"default","site-content-layout":"","ast-site-content-layout":"default","site-content-style":"default","site-sidebar-style":"default","ast-global-header-display":"","ast-banner-title-visibility":"","ast-main-header-display":"","ast-hfb-above-header-display":"","ast-hfb-below-header-display":"","ast-hfb-mobile-header-display":"","site-post-title":"","ast-breadcrumbs-content":"","ast-featured-img":"","footer-sml-layout":"","theme-transparent-header-meta":"","adv-header-id-meta":"","stick-header-meta":"","header-above-stick-meta":"","header-main-stick-meta":"","header-below-stick-meta":"","astra-migrate-meta-layouts":"set","ast-page-background-enabled":"default","ast-page-background-meta":{"desktop":{"background-color":"var(--ast-global-color-4)","background-image":"","background-repeat":"repeat","background-position":"center center","background-size":"auto","background-attachment":"scroll","background-type":"","background-media":"","overlay-type":"","overlay-color":"","overlay-opacity":"","overlay-gradient":""},"tablet":{"background-color":"","background-image":"","background-repeat":"repeat","background-position":"center center","background-size":"auto","background-attachment":"scroll","background-type":"","background-media":"","overlay-type":"","overlay-color":"","overlay-opacity":"","overlay-gradient":""},"mobile":{"background-color":"","background-image":"","background-repeat":"repeat","background-position":"center center","background-size":"auto","background-attachment":"scroll","background-type":"","background-media":"","overlay-type":"","overlay-color":"","overlay-opacity":"","overlay-gradient":""}},"ast-content-background-meta":{"desktop":{"background-color":"var(--ast-global-color-5)","background-image":"","background-repeat":"repeat","background-position":"center center","background-size":"auto","background-attachment":"scroll","background-type":"","background-media":"","overlay-type":"","overlay-color":"","overlay-opacity":"","overlay-gradient":""},"tablet":{"background-color":"var(--ast-global-color-5)","background-image":"","background-repeat":"repeat","background-position":"center center","background-size":"auto","background-attachment":"scroll","background-type":"","background-media":"","overlay-type":"","overlay-color":"","overlay-opacity":"","overlay-gradient":""},"mobile":{"background-color":"var(--ast-global-color-5)","background-image":"","background-repeat":"repeat","background-position":"center center","background-size":"auto","background-attachment":"scroll","background-type":"","background-media":"","overlay-type":"","overlay-color":"","overlay-opacity":"","overlay-gradient":""}},"footnotes":""},"class_list":["post-4612","page","type-page","status-publish","hentry"],"post_mailing_queue_ids":[],"_links":{"self":[{"href":"https:\/\/agora.xtec.cat\/institutlasureda\/wp-json\/wp\/v2\/pages\/4612","targetHints":{"allow":["GET"]}}],"collection":[{"href":"https:\/\/agora.xtec.cat\/institutlasureda\/wp-json\/wp\/v2\/pages"}],"about":[{"href":"https:\/\/agora.xtec.cat\/institutlasureda\/wp-json\/wp\/v2\/types\/page"}],"author":[{"embeddable":true,"href":"https:\/\/agora.xtec.cat\/institutlasureda\/wp-json\/wp\/v2\/users\/49"}],"replies":[{"embeddable":true,"href":"https:\/\/agora.xtec.cat\/institutlasureda\/wp-json\/wp\/v2\/comments?post=4612"}],"version-history":[{"count":1,"href":"https:\/\/agora.xtec.cat\/institutlasureda\/wp-json\/wp\/v2\/pages\/4612\/revisions"}],"predecessor-version":[{"id":4613,"href":"https:\/\/agora.xtec.cat\/institutlasureda\/wp-json\/wp\/v2\/pages\/4612\/revisions\/4613"}],"up":[{"embeddable":true,"href":"https:\/\/agora.xtec.cat\/institutlasureda\/wp-json\/wp\/v2\/pages\/551"}],"wp:attachment":[{"href":"https:\/\/agora.xtec.cat\/institutlasureda\/wp-json\/wp\/v2\/media?parent=4612"}],"curies":[{"name":"wp","href":"https:\/\/api.w.org\/{rel}","templated":true}]}}