{"id":4555,"date":"2025-09-17T13:29:33","date_gmt":"2025-09-17T11:29:33","guid":{"rendered":"https:\/\/agora.xtec.cat\/institutlasureda\/?page_id=4555"},"modified":"2025-09-17T13:29:35","modified_gmt":"2025-09-17T11:29:35","slug":"i-despres-de-leso-que","status":"publish","type":"page","link":"https:\/\/agora.xtec.cat\/institutlasureda\/i-despres-de-leso-que\/","title":{"rendered":"I despr\u00e9s de l&#8217;ESO, qu\u00e8?"},"content":{"rendered":"\n<p>Acabar l\u2019ESO \u00e9s un moment clau ple de noves oportunitats. En aquest apartat trobar\u00e0s informaci\u00f3 sobre les diferents opcions formatives que tens al teu abast.<\/p>\n\n\n\n<p>L\u2019objectiu \u00e9s ajudar-te a con\u00e8ixer les possibilitats i orientar-te perqu\u00e8 puguis escollir el cam\u00ed que millor s\u2019adapti als teus interessos i projectes de futur.<\/p>\n\n\n\n<div class=\"wp-block-buttons is-layout-flex wp-block-buttons-is-layout-flex\">\n<div class=\"wp-block-button\"><a class=\"wp-block-button__link wp-element-button\" href=\"https:\/\/www.fpbaixemporda.com\/\" style=\"padding-top:var(--wp--preset--spacing--40);padding-bottom:var(--wp--preset--spacing--40)\">Formaci\u00f3 professional al Baix Empord\u00e0<\/a><\/div>\n<\/div>\n\n\n\n<div data-wp-interactive=\"core\/file\" class=\"wp-block-file\"><object data-wp-bind--hidden=\"!state.hasPdfPreview\" hidden class=\"wp-block-file__embed\" data=\"https:\/\/agora.xtec.cat\/institutlasureda\/wp-content\/uploads\/usu2113\/2025\/09\/CERTIFICATS-DE-PROFESSIONALITAT.pdf\" type=\"application\/pdf\" style=\"width:100%;height:440px\" aria-label=\"Incrustaci\u00f3 del fitxer CERTIFICATS DE PROFESSIONALITAT.\"><\/object><a id=\"wp-block-file--media-c9825ebd-026c-4463-9059-a1e9fb3557df\" href=\"https:\/\/agora.xtec.cat\/institutlasureda\/wp-content\/uploads\/usu2113\/2025\/09\/CERTIFICATS-DE-PROFESSIONALITAT.pdf\">CERTIFICATS DE PROFESSIONALITAT<\/a><a href=\"https:\/\/agora.xtec.cat\/institutlasureda\/wp-content\/uploads\/usu2113\/2025\/09\/CERTIFICATS-DE-PROFESSIONALITAT.pdf\" class=\"wp-block-file__button wp-element-button\" download aria-describedby=\"wp-block-file--media-c9825ebd-026c-4463-9059-a1e9fb3557df\">Baixa<\/a><\/div>\n\n\n\n<div data-wp-interactive=\"core\/file\" class=\"wp-block-file\"><object data-wp-bind--hidden=\"!state.hasPdfPreview\" hidden class=\"wp-block-file__embed\" data=\"https:\/\/agora.xtec.cat\/institutlasureda\/wp-content\/uploads\/usu2113\/2025\/09\/FORMACIO-PROFESSIONALITZADORA.pdf\" type=\"application\/pdf\" style=\"width:100%;height:600px\" aria-label=\"Incrustaci\u00f3 del fitxer FORMACIO PROFESSIONALITZADORA.\"><\/object><a id=\"wp-block-file--media-6ac23b56-033c-47e9-b177-ed7a4625bf5a\" href=\"https:\/\/agora.xtec.cat\/institutlasureda\/wp-content\/uploads\/usu2113\/2025\/09\/FORMACIO-PROFESSIONALITZADORA.pdf\">FORMACIO PROFESSIONALITZADORA<\/a><a href=\"https:\/\/agora.xtec.cat\/institutlasureda\/wp-content\/uploads\/usu2113\/2025\/09\/FORMACIO-PROFESSIONALITZADORA.pdf\" class=\"wp-block-file__button wp-element-button\" download aria-describedby=\"wp-block-file--media-6ac23b56-033c-47e9-b177-ed7a4625bf5a\">Baixa<\/a><\/div>\n","protected":false},"excerpt":{"rendered":"<p>Acabar l\u2019ESO \u00e9s un moment clau ple de noves oportunitats. En aquest apartat trobar\u00e0s informaci\u00f3 sobre les diferents opcions formatives que tens al teu abast. L\u2019objectiu \u00e9s ajudar-te a con\u00e8ixer les possibilitats i orientar-te perqu\u00e8 puguis escollir el cam\u00ed que millor s\u2019adapti als teus interessos i projectes de futur.<\/p>\n","protected":false},"author":49,"featured_media":0,"parent":0,"menu_order":0,"comment_status":"closed","ping_status":"close","template":"","meta":{"_bbp_topic_count":0,"_bbp_reply_count":0,"_bbp_total_topic_count":0,"_bbp_total_reply_count":0,"_bbp_voice_count":0,"_bbp_anonymous_reply_count":0,"_bbp_topic_count_hidden":0,"_bbp_reply_count_hidden":0,"_bbp_forum_subforum_count":0,"site-sidebar-layout":"default","site-content-layout":"","ast-site-content-layout":"default","site-content-style":"default","site-sidebar-style":"default","ast-global-header-display":"","ast-banner-title-visibility":"","ast-main-header-display":"","ast-hfb-above-header-display":"","ast-hfb-below-header-display":"","ast-hfb-mobile-header-display":"","site-post-title":"","ast-breadcrumbs-content":"","ast-featured-img":"","footer-sml-layout":"","theme-transparent-header-meta":"","adv-header-id-meta":"","stick-header-meta":"","header-above-stick-meta":"","header-main-stick-meta":"","header-below-stick-meta":"","astra-migrate-meta-layouts":"set","ast-page-background-enabled":"default","ast-page-background-meta":{"desktop":{"background-color":"var(--ast-global-color-4)","background-image":"","background-repeat":"repeat","background-position":"center center","background-size":"auto","background-attachment":"scroll","background-type":"","background-media":"","overlay-type":"","overlay-color":"","overlay-opacity":"","overlay-gradient":""},"tablet":{"background-color":"","background-image":"","background-repeat":"repeat","background-position":"center center","background-size":"auto","background-attachment":"scroll","background-type":"","background-media":"","overlay-type":"","overlay-color":"","overlay-opacity":"","overlay-gradient":""},"mobile":{"background-color":"","background-image":"","background-repeat":"repeat","background-position":"center center","background-size":"auto","background-attachment":"scroll","background-type":"","background-media":"","overlay-type":"","overlay-color":"","overlay-opacity":"","overlay-gradient":""}},"ast-content-background-meta":{"desktop":{"background-color":"var(--ast-global-color-5)","background-image":"","background-repeat":"repeat","background-position":"center center","background-size":"auto","background-attachment":"scroll","background-type":"","background-media":"","overlay-type":"","overlay-color":"","overlay-opacity":"","overlay-gradient":""},"tablet":{"background-color":"var(--ast-global-color-5)","background-image":"","background-repeat":"repeat","background-position":"center center","background-size":"auto","background-attachment":"scroll","background-type":"","background-media":"","overlay-type":"","overlay-color":"","overlay-opacity":"","overlay-gradient":""},"mobile":{"background-color":"var(--ast-global-color-5)","background-image":"","background-repeat":"repeat","background-position":"center center","background-size":"auto","background-attachment":"scroll","background-type":"","background-media":"","overlay-type":"","overlay-color":"","overlay-opacity":"","overlay-gradient":""}},"footnotes":""},"class_list":["post-4555","page","type-page","status-publish","hentry"],"post_mailing_queue_ids":[],"_links":{"self":[{"href":"https:\/\/agora.xtec.cat\/institutlasureda\/wp-json\/wp\/v2\/pages\/4555","targetHints":{"allow":["GET"]}}],"collection":[{"href":"https:\/\/agora.xtec.cat\/institutlasureda\/wp-json\/wp\/v2\/pages"}],"about":[{"href":"https:\/\/agora.xtec.cat\/institutlasureda\/wp-json\/wp\/v2\/types\/page"}],"author":[{"embeddable":true,"href":"https:\/\/agora.xtec.cat\/institutlasureda\/wp-json\/wp\/v2\/users\/49"}],"replies":[{"embeddable":true,"href":"https:\/\/agora.xtec.cat\/institutlasureda\/wp-json\/wp\/v2\/comments?post=4555"}],"version-history":[{"count":1,"href":"https:\/\/agora.xtec.cat\/institutlasureda\/wp-json\/wp\/v2\/pages\/4555\/revisions"}],"predecessor-version":[{"id":4562,"href":"https:\/\/agora.xtec.cat\/institutlasureda\/wp-json\/wp\/v2\/pages\/4555\/revisions\/4562"}],"wp:attachment":[{"href":"https:\/\/agora.xtec.cat\/institutlasureda\/wp-json\/wp\/v2\/media?parent=4555"}],"curies":[{"name":"wp","href":"https:\/\/api.w.org\/{rel}","templated":true}]}}